{"id":17230,"date":"2017-04-26T11:51:45","date_gmt":"2017-04-26T09:51:45","guid":{"rendered":"https:\/\/www1.kkl.si\/?page_id=17230"},"modified":"2024-09-24T10:03:14","modified_gmt":"2024-09-24T08:03:14","slug":"contact","status":"publish","type":"page","link":"https:\/\/www1.kkl.si\/en\/contact\/","title":{"rendered":"CONTACT"},"content":{"rendered":"<div id=\"pl-17230\"  class=\"panel-layout\" ><div id=\"pg-17230-0\"  class=\"panel-grid panel-no-style\" ><div id=\"pgc-17230-0-0\"  class=\"panel-grid-cell\" ><div id=\"panel-17230-0-0-0\" class=\"so-panel widget widget_sow-editor panel-first-child panel-last-child\" data-index=\"0\" ><div\n\t\t\t\n\t\t\tclass=\"so-widget-sow-editor so-widget-sow-editor-base\"\n\t\t\t\n\t\t>\n<div class=\"siteorigin-widget-tinymce textwidget\">\n\t<p><span style=\"font-size: 28px; color: #981824;\"><span style=\"font-size: 18pt;\"><i class=\"fas fa-map\"><\/i> Address of the public institution (seat)<\/span><br \/>\n<\/span><\/p>\n<p><a href=\"https:\/\/www1.kkl.si\/wp-content\/uploads\/2020\/08\/foto_knjiznica_2016_DSC_0010_popr_splet.jpg\"><img loading=\"lazy\" decoding=\"async\" class=\"slika alignright wp-image-1857 size-thumbnail\" src=\"https:\/\/www1.kkl.si\/wp-content\/uploads\/2020\/08\/foto_knjiznica_2016_DSC_0010_popr_splet-150x150.jpg\" alt=\"\" width=\"150\" height=\"150\" \/><\/a>Library - Cultural Center Lendava<br \/>\nKnji\u017enica \u2013 Kulturni center Lendava<br \/>\nLendvai K\u00f6nyvt\u00e1r \u00e9s Kultur\u00e1lis K\u00f6zpont<\/p>\n<p>Glavna ulica 12<br \/>\n9220 Lendava \u2013 Lendva<br \/>\nSlovenia<\/p>\n<hr \/>\n<p><span style=\"font-size: 18pt; color: #981824;\"><i class=\"fas fa-phone-square\"><\/i> Phone number of the institution: <\/span><\/p>\n<p>+386 (0)2 575 13 53 (Library)<\/p>\n<hr \/>\n<p><span style=\"font-size: 18pt; color: #981824;\"><i class=\"fas fa-fax\"><\/i> Fax of the institution <\/span><\/p>\n<p>+386 (0)2 577 1403<\/p>\n<hr \/>\n<p><span style=\"font-size: 18pt; color: #981824;\"><i class=\"fas fa-envelope\"><\/i> Main e-mail address of the institution: <\/span><\/p>\n<p><a href=\"mailto:info@kkl.si\">info@kkl.si<\/a><\/p>\n<hr \/>\n<p><span style=\"font-size: 18pt; color: #981824;\"><i class=\"fas fa-globe\"><\/i> The institute's main website: <\/span><\/p>\n<p><a href=\"http:\/\/www.kkl.si\">www.kkl.si<\/a><\/p>\n<p>Map:<\/p>\n<p><iframe loading=\"lazy\" src=\"https:\/\/www.google.com\/maps\/d\/embed?mid=1wD7Vl5A-thXMmhQHY1TuwxfpT4k\" width=\"100%\" height=\"300px\" frameborder=\"0\" data-mce-fragment=\"1\"><\/iframe><\/p>\n<\/div>\n<\/div><\/div><\/div><div id=\"pgc-17230-0-1\"  class=\"panel-grid-cell\" ><div id=\"panel-17230-0-1-0\" class=\"so-panel widget widget_sow-editor panel-first-child panel-last-child\" data-index=\"1\" ><div\n\t\t\t\n\t\t\tclass=\"so-widget-sow-editor so-widget-sow-editor-base\"\n\t\t\t\n\t\t>\n<div class=\"siteorigin-widget-tinymce textwidget\">\n\t<p><span style=\"font-size: 28px;\"><span style=\"font-size: 18pt;\"><i class=\"fas fa-map\"><\/i> Address of the Theater and Concert Hall Lendava<\/span><br \/>\n<\/span><\/p>\n<p><em><a href=\"https:\/\/www1.kkl.si\/wp-content\/uploads\/2020\/05\/gledaliska1_szinhazterem_foto_albert_halasz-scaled.jpg\"><img loading=\"lazy\" decoding=\"async\" class=\"slika alignright wp-image-1467 size-thumbnail\" src=\"https:\/\/www1.kkl.si\/wp-content\/uploads\/2020\/05\/gledaliska1_szinhazterem_foto_albert_halasz-scaled-150x150.jpg\" alt=\"\" width=\"150\" height=\"150\" \/><\/a>Knji\u017enica \u2013 Kulturni center Lendava<\/em><br \/>\n<em>Notranja organizacijska enota za umetnost, kulturo, gledali\u0161ko dejavnost in dejavnost kulturnega kreativnega sektorja<\/em><\/p>\n<p><em>Library - Cultural Center Lendava<\/em><br \/>\n<em>Internal Organisational Unit for Arts, Culture, Theatre and Cultural Creative Sector Activities<\/em><\/p>\n<p>Trg Gy\u00f6rgya Zale 1 (Zala Gy\u00f6rgy Square 1)<br \/>\n9220 Lendava \u2013 Lendva<br \/>\nSlovenia<\/p>\n<hr \/>\n<p><span style=\"font-size: 18pt;\"><i class=\"fas fa-phone-square\"><\/i> Phone<\/span><\/p>\n<p>+386 (0)2 577 60 20<br \/>\n+386 (0)2 577 60 22<br \/>\n+386 (0)2 577 60 24 (Box Office)<\/p>\n<hr \/>\n<p><span style=\"font-size: 18pt;\"><i class=\"fas fa-envelope\"><\/i> E-mail <\/span><\/p>\n<p><a href=\"mailto:gledalisce@kkl.si\">gledalisce@kkl.si<\/a><\/p>\n<hr \/>\n<p><span style=\"font-size: 18pt;\"><i class=\"fas fa-globe\"><\/i> Website<\/span><\/p>\n<p><a href=\"http:\/\/www.kkl.si\">www1.kkl.si<\/a><\/p>\n<hr \/>\n<p><span style=\"font-size: 28px;\"><span style=\"font-size: 18pt;\"><i class=\"fab fa-facebook sivo\"><\/i> Facebook page<\/span><br \/>\n<\/span><\/p>\n<p><a href=\"https:\/\/www.facebook.com\/gkdlendava\">https:\/\/www.facebook.com\/gkdlendava<\/a><\/p>\n<\/div>\n<\/div><\/div><\/div><\/div><div id=\"pg-17230-1\"  class=\"panel-grid panel-no-style\" ><div id=\"pgc-17230-1-0\"  class=\"panel-grid-cell\" ><div id=\"panel-17230-1-0-0\" class=\"so-panel widget widget_sow-editor panel-first-child panel-last-child\" data-index=\"2\" ><div\n\t\t\t\n\t\t\tclass=\"so-widget-sow-editor so-widget-sow-editor-base\"\n\t\t\t\n\t\t>\n<div class=\"siteorigin-widget-tinymce textwidget\">\n\t<hr \/>\n<p><span style=\"font-size: 18pt;\"><i class=\"fas fa-user\"><\/i> <strong>Employees: <\/strong><\/span><\/p>\n<div>\n<table style=\"width: 100%;\">\n<tbody>\n<tr>\n<td style=\"width: 40%;\"><\/td>\n<td style=\"width: 30%;\"><strong>E-mail<\/strong><\/td>\n<td style=\"width: 30%;\"><strong>Phone<\/strong><\/td>\n<\/tr>\n<tr>\n<td><strong>dr. Judit Z\u00e1gorec-Csuka<\/strong><br \/>\nDirector<\/td>\n<td><a href=\"mailto:judit.zagorec-csuka@kkl.si\">judit.zagorec-csuka@kkl.si<\/a><\/td>\n<td>+386 (0)2 574 25 80<\/td>\n<\/tr>\n<tr>\n<td><strong>Sanja Bogdan Horvat<br \/>\n<\/strong>Coordinator and Organizer<\/td>\n<td><a href=\"mailto:sanja.bogdan.horvat@kkl.si\">sanja.bogdan.horvat@kkl.si<\/a><\/td>\n<td>+386 (0)2 577 60 22<\/td>\n<\/tr>\n<tr>\n<td><strong>Gordana \u0160krilec<\/strong><br \/>\nIndependent Professional Coworker<\/td>\n<td><a href=\"mailto:gordana.skrilec@kkl.si\">gordana.skrilec@kkl.si<\/a><\/td>\n<td>+386 (0)2 577 60 30<\/td>\n<\/tr>\n<tr>\n<td><strong>Nikolaj Ba\u017eika<\/strong><br \/>\nLighting Master<\/td>\n<td><a href=\"mailto:nikolaj.bazika@kkl.si\">nikolaj.bazika@kkl.si<\/a><\/td>\n<td>+386 (0)2 577 60 26<\/td>\n<\/tr>\n<tr>\n<td><strong>Ludvik G\u00f6nc<\/strong><br \/>\nSound Technician<\/td>\n<td><a href=\"mailto:ludvik.gonc@kkl.si\">ludvik.gonc@kkl.si<\/a><\/td>\n<td>+386 (0)2 577 60 26<\/td>\n<\/tr>\n<tr>\n<td><strong>Tanja Horvat<br \/>\n<\/strong>Cashier<strong><br \/>\n<\/strong><\/td>\n<td><a href=\"mailto:tanja.horvat@kkl.si\">tanja.horvat@kkl.si<\/a><\/td>\n<td>+386 (0)2 577 60 24 (Box Office)<\/td>\n<\/tr>\n<\/tbody>\n<\/table>\n<\/div>\n<p>&nbsp;<\/p>\n<p><span style=\"font-size: 18pt;\"><i class=\"fas fa-coffee\"><\/i> <strong>Caf\u00e9<\/strong><\/span><\/p>\n<div>\n<table>\n<tbody>\n<tr>\n<td style=\"width: 40%;\"><strong>Address<\/strong><\/td>\n<td style=\"width: 30%;\"><strong>Mobile phone<br \/>\n<\/strong><\/td>\n<td style=\"width: 30%;\"><strong>Phone<\/strong><\/td>\n<\/tr>\n<tr>\n<td><strong><span class=\"st\">Caf\u00e9<br \/>\n<\/span><\/strong><span class=\"st\">Trg Gy\u00f6rgya Zale 1, 9220 Lendava<\/span><\/td>\n<td>\/<\/td>\n<td>+386 (0)2 577 60 28<\/td>\n<\/tr>\n<\/tbody>\n<\/table>\n<\/div>\n<p>&nbsp;<\/p>\n<p><span style=\"font-size: 18pt;\"><i class=\"fas fa-info-circle\"><\/i> <strong>Public Library - Cultural Center Lendava<\/strong><\/span><\/p>\n<ul>\n<li><a href=\"https:\/\/www.kkl.si\/katalog-informacij-javnega-znacaja\/\">Catalog of public information (in Slovenian language)<\/a><\/li>\n<li><a href=\"https:\/\/www.kkl.si\/svet-javnega-zavoda-knjiznica-kulturni-center-lendava\/\">Council of the Public Institution Library - Cultural Center Lendava (in Slovenian language)<\/a><\/li>\n<li><a href=\"https:\/\/www1.kkl.si\/sl\/logo-kkc-lendava\/\">The logo of KKC Lendava<\/a><\/li>\n<\/ul>\n<\/div>\n<\/div><\/div><\/div><\/div><\/div>","protected":false},"excerpt":{"rendered":"<p>Address of the public institution (seat) Library &#8211; Cultural Center Lendava Knji\u017enica \u2013 Kulturni center Lendava Lendvai K\u00f6nyvt\u00e1r \u00e9s Kultur\u00e1lis K\u00f6zpont Glavna ulica 12 9220 Lendava \u2013 Lendva Slovenia Phone number of the institution: +386 (0)2 575 13 53 (Library) Fax of the institution +386 (0)2 577 1403 Main e-mail address of the institution: info@kkl.si [&hellip;]<\/p>\n","protected":false},"author":2,"featured_media":0,"parent":0,"menu_order":0,"comment_status":"closed","ping_status":"closed","template":"","meta":{"footnotes":""},"class_list":["post-17230","page","type-page","status-publish","hentry","post"],"_links":{"self":[{"href":"https:\/\/www1.kkl.si\/en\/wp-json\/wp\/v2\/pages\/17230","targetHints":{"allow":["GET"]}}],"collection":[{"href":"https:\/\/www1.kkl.si\/en\/wp-json\/wp\/v2\/pages"}],"about":[{"href":"https:\/\/www1.kkl.si\/en\/wp-json\/wp\/v2\/types\/page"}],"author":[{"embeddable":true,"href":"https:\/\/www1.kkl.si\/en\/wp-json\/wp\/v2\/users\/2"}],"replies":[{"embeddable":true,"href":"https:\/\/www1.kkl.si\/en\/wp-json\/wp\/v2\/comments?post=17230"}],"version-history":[{"count":13,"href":"https:\/\/www1.kkl.si\/en\/wp-json\/wp\/v2\/pages\/17230\/revisions"}],"predecessor-version":[{"id":19241,"href":"https:\/\/www1.kkl.si\/en\/wp-json\/wp\/v2\/pages\/17230\/revisions\/19241"}],"wp:attachment":[{"href":"https:\/\/www1.kkl.si\/en\/wp-json\/wp\/v2\/media?parent=17230"}],"curies":[{"name":"wp","href":"https:\/\/api.w.org\/{rel}","templated":true}]}}