{"id":10118,"date":"2022-11-26T10:05:31","date_gmt":"2022-11-26T09:05:31","guid":{"rendered":"https:\/\/www1.kkl.si\/?page_id=10118"},"modified":"2022-12-08T09:12:20","modified_gmt":"2022-12-08T08:12:20","slug":"a-vadak-ura-the-covenant","status":"publish","type":"page","link":"https:\/\/www1.kkl.si\/hu\/a-vadak-ura-the-covenant\/","title":{"rendered":"A Vadak Ura \u2013 The Covenant"},"content":{"rendered":"<div class=\"opis\"><strong><img loading=\"lazy\" decoding=\"async\" class=\"wp-image-1592 alignright\" title=\"Fizet\u0151s rendezv\u00e9ny\" src=\"https:\/\/www1.kkl.si\/wp-content\/uploads\/\/2020\/07\/spored_simb_placljiva-1.svg\" sizes=\"auto, (max-width: 30px) 100vw, 30px\" srcset=\"https:\/\/www1.kkl.si\/wp-content\/uploads\/\/2020\/07\/spored_simb_placljiva-1.svg 150w, https:\/\/www1.kkl.si\/wp-content\/uploads\/\/2020\/07\/spored_simb_placljiva-1.svg 400w, https:\/\/www1.kkl.si\/wp-content\/uploads\/\/2020\/07\/spored_simb_placljiva-1.svg 1500w, https:\/\/www1.kkl.si\/wp-content\/uploads\/\/2020\/07\/spored_simb_placljiva-1.svg 100w\" alt=\"placljiva\" width=\"30\" height=\"30\" \/><\/strong><strong><img loading=\"lazy\" decoding=\"async\" class=\"wp-image-1584 alignright\" title=\"Magyar b\u00e9rlet\" src=\"https:\/\/www1.kkl.si\/wp-content\/uploads\/\/2020\/07\/spored_simb_abonma_hu-1.svg\" sizes=\"auto, (max-width: 30px) 100vw, 30px\" srcset=\"https:\/\/www1.kkl.si\/wp-content\/uploads\/\/2020\/07\/spored_simb_abonma_hu-1.svg 150w, https:\/\/www1.kkl.si\/wp-content\/uploads\/\/2020\/07\/spored_simb_abonma_hu-1.svg 400w, https:\/\/www1.kkl.si\/wp-content\/uploads\/\/2020\/07\/spored_simb_abonma_hu-1.svg 1500w, https:\/\/www1.kkl.si\/wp-content\/uploads\/\/2020\/07\/spored_simb_abonma_hu-1.svg 100w\" alt=\"abonma_hu\" width=\"30\" height=\"30\" \/><\/strong><i class=\"fas fa-clock\"><\/i> <strong>2022. december 8. cs\u00fct\u00f6rt\u00f6k, 18.00<\/strong> | Lendvai Sz\u00ednh\u00e1z- \u00e9s Hangversenyterem<br \/>\n<i class=\"fas fa-chevron-circle-right\"><\/i> <strong>musical<br \/>\n<\/strong><i class=\"fas fa-ticket-alt\"><\/i> Bel\u00e9p\u0151d\u00edj: <strong>25 \u20ac<br \/>\n<\/strong><i class=\"fas fa-ticket-alt\"><\/i> Bel\u00e9p\u0151d\u00edj b\u00e9rlettulajdonosoknak: <strong>20 \u20ac<br \/>\n<\/strong>Bel\u00e9p\u0151jegyek Lendv\u00e1n, a B\u00e1nffy K\u00f6zpontban v\u00e1s\u00e1rolhat\u00f3k (F\u0151 utca 32., <i class=\"fas fa-phone-alt\"><\/i> (0)2 577 66 60)<strong>.<br \/>\n<\/strong>Szervez\u0151: <a href=\"https:\/\/www.mnmi-zkmn.si\/\">MNMI-ZKMN<\/a><\/div>\n<p><a href=\"https:\/\/www1.kkl.si\/wp-content\/uploads\/2022\/11\/Vadak_ura_plakat.jpg\" data-lbwps-width=\"2121\" data-lbwps-height=\"3000\" data-lbwps-srcsmall=\"https:\/\/www1.kkl.si\/wp-content\/uploads\/2022\/11\/Vadak_ura_plakat.jpg\"><img loading=\"lazy\" decoding=\"async\" class=\"slika wp-image-10043 size-medium alignright\" src=\"https:\/\/www1.kkl.si\/wp-content\/uploads\/2022\/11\/Vadak_ura_plakat-scaled-283x400.jpg\" alt=\"\" width=\"283\" height=\"400\" srcset=\"https:\/\/www1.kkl.si\/wp-content\/uploads\/2022\/11\/Vadak_ura_plakat-scaled-283x400.jpg 283w, https:\/\/www1.kkl.si\/wp-content\/uploads\/2022\/11\/Vadak_ura_plakat-scaled-1061x1500.jpg 1061w, https:\/\/www1.kkl.si\/wp-content\/uploads\/2022\/11\/Vadak_ura_plakat-scaled.jpg 1810w\" sizes=\"auto, (max-width: 283px) 100vw, 283px\" \/><\/a>\u00cdr\u00f3: Egressy Zolt\u00e1n<br \/>\nDalsz\u00f6veg: M\u00fcller P\u00e9ter Szi\u00e1mi<br \/>\nZeneszerz\u0151: Sebesty\u00e9n \u00c1ron<br \/>\nRendez\u0151: Pataki Andr\u00e1s<br \/>\nKreat\u00edv \u00f6tletgazda: Vona Tibor<\/p>\n<p>A f\u00e9ny- \u00e9s sz\u00ednpomp\u00e1s Nikola Tesla musical ut\u00e1n, amelyet tavaly mutattak be az alkot\u00f3k v\u00e1rosunkban, a TBG Productions ism\u00e9t Lendv\u00e1ra l\u00e1togat, ez\u00fattal az \u00e1llatok birodalm\u00e1ba rep\u00edtik a kicsiket \u00e9s nagyokat.<\/p>\n<p>Egy kicsit az Oroszl\u00e1nkir\u00e1ly \u00e9s a\u00a0Dzsungel k\u00f6nyve nyomdokain, l\u00e1tv\u00e1nyos jelmezekkel, f\u00fclbem\u00e1sz\u00f3 dallamokkal, v\u00e9rpezsd\u00edt\u0151 koreogr\u00e1fi\u00e1kkal \u00e9s fantasztikus vizualit\u00e1ssal kalauzolja a Tesla alkot\u00f3inak \u00faj, eg\u00e9sz est\u00e9s musicalje a\u00a0n\u00e9z\u0151t az \u00e1llatok \u2013 nem is annyira \u00e1llati, ink\u00e1bb felt\u0171n\u0151en emberi, szeretetre \u00e9s elfogad\u00e1sra \u00e9hez\u0151 \u2013 vil\u00e1g\u00e1ba.<\/p>\n<p>A Tesla alkot\u00f3inak \u00faj eg\u00e9sz est\u00e9s musicalje k\u00f6vetve a nagy klasszikus csal\u00e1di musicalek \u00e9rt\u00e9kteremt\u0151 hagyom\u00e1nyait l\u00e1tv\u00e1nyos jelmezkavalk\u00e1dban (Zs\u00e9li Csilla), hihetetlen\u00fcl dinamikus dalokkal \u00e9s koreogr\u00e1fi\u00e1kkal (Re-Production, Benk\u0151 D\u00e1vid, Benk\u0151-Morvai Veronika), valamint a t\u00e9rben elhelyezett 90 nm-es LED-falak \u00e1ltal k\u00edn\u00e1lt 21. sz\u00e1zadi vizualit\u00e1ssal, \u00e9leth\u0171 anim\u00e1ci\u00f3kkal (Forward Productions) mutatja be a \u201eNYOLC KL\u00c1N\u201d \u00e1ltal vezetett nagyerd\u0151 \u00e9let\u00e9t, t\u00f6rt\u00e9net\u00fcnkben megjelen\u00edtve az \u201eER\u0150SEK\u201d kl\u00e1njait, k\u00f6zt\u00fck a \u201eFarkasok Sz\u00f6vets\u00e9g\u00e9t\u201d, a \u201eR\u00f3k\u00e1k Nemzets\u00e9g\u00e9t\u201d, \u00e9s a \u201eMedv\u00e9k Kl\u00e1nj\u00e1t\u201d, kik hol erej\u00fckkel, hol pedig s\u00e1rmjukkal vagy ravaszs\u00e1gukkal, &#8211; ki, ki a maga k\u00e9pess\u00e9g\u00e9vel &#8211; k\u00fczdenek a v\u00e1gyott hatalom el\u00e9r\u00e9s\u00e9\u00e9rt.<\/p>\n<p>A produkci\u00f3 l\u00e9trehoz\u00e1s\u00e1ban strat\u00e9giai egy\u00fcttm\u0171k\u00f6d\u0151 partnere a TBG Productionnak a Soproni Pet\u0151fi Sz\u00ednh\u00e1z, f\u0151 t\u00e1mogat\u00f3 a Magyar Term\u00e9szettudom\u00e1nyi M\u00fazeum, valamint nem utols\u00f3 sorban a Re-Production.<\/p>\n<p><em>Az el\u0151ad\u00e1st megtekinthetik gyerekek is.<br \/>\n<\/em><\/p>\n<p><a href=\"https:\/\/www1.kkl.si\/wp-content\/uploads\/2022\/11\/vad1_kicsi_crop.jpg\" data-lbwps-width=\"1200\" data-lbwps-height=\"522\" data-lbwps-srcsmall=\"https:\/\/www1.kkl.si\/wp-content\/uploads\/2022\/11\/vad1_kicsi_crop-400x174.jpg\"><img loading=\"lazy\" decoding=\"async\" class=\"alignnone wp-image-10101 size-large\" src=\"https:\/\/www1.kkl.si\/wp-content\/uploads\/2022\/11\/vad1_kicsi_crop.jpg\" alt=\"\" width=\"1200\" height=\"522\" srcset=\"https:\/\/www1.kkl.si\/wp-content\/uploads\/2022\/11\/vad1_kicsi_crop.jpg 1200w, https:\/\/www1.kkl.si\/wp-content\/uploads\/2022\/11\/vad1_kicsi_crop-400x174.jpg 400w\" sizes=\"auto, (max-width: 1200px) 100vw, 1200px\" \/><\/a><\/p>\n<p>M\u0170 SZEREPOSZT\u00c1SA<\/p>\n<p>Agyar, a vaddiszn\u00f3vez\u00e9r fia: Pes\u00e1k \u00c1d\u00e1m, \u00d3dor Krist\u00f3f, Papp Attila<br \/>\nAzuka, az afrikai varacskosdiszn\u00f3 l\u00e1ny: B\u00e9kefi Vikt\u00f3ria, Fekete Kov\u00e1cs Veronika, Magyar Vikt\u00f3ria<br \/>\nAgonisz \u00farfi, az \u00fajgazdag vadorz\u00f3: Rag\u00e1ny Misa, S\u00e1nta L\u00e1szl\u00f3, Szab\u00f3 M\u00e1t\u00e9<br \/>\nBalk\u00f3 a farkasvez\u00e9r: Szab\u00f3 M\u00e1t\u00e9, Mikola Gerg\u0151, Kov\u00e1cs \u00c1ron<br \/>\nHektor a medvez\u00e9r: Szentm\u00e1rtoni Norman, Savanyu Gergely, Kov\u00e1cs \u00c1ron<br \/>\nSzerafina, a r\u00f3ka\u00farn\u0151: F\u00fcredi Nikolett, Simon Bogl\u00e1rka, Kisfaludy Zs\u00f3fia<br \/>\nAlfr\u00e9d a vaddiszn\u00f3 vez\u00e9r, Agyar apja: Makrai P\u00e1l, K\u00f3sa Zsolt<br \/>\nGuszt\u00e1v, Agonisz \u00farfi seg\u00e9dje: S\u00e1nta L\u00e1szl\u00f3, Savanyu Gergely, K\u00f3sa Zsolt<br \/>\nWanda, az or\u00e1kulum \u00f3bagoly: Falusi Mariann, F\u00e9s\u0171s Nelly, Janza Kata<br \/>\nKafa, Hektor medvez\u00e9r fia: Patonai Zsolt, Imre Sebastian, Budai M\u00e1rton, Krist\u00f3f D\u00e1niel, Czegl\u00e9di \u00c1kos<br \/>\nB\u00f3dog, Balk\u00f3 farkasvez\u00e9r fia: Patonai Zsolt, Imre Sebastian, Budai M\u00e1rton, Krist\u00f3f D\u00e1niel, Czegl\u00e9di \u00c1kos<br \/>\nMira, a r\u00f3ka\u00farn\u0151 l\u00e1nya: Fekete Kov\u00e1cs Veronika, G\u00e1bor Anita<\/p>\n<p>&nbsp;<\/p>\n<p><strong>A\u00a0Vadak Ura \u2013 The Covenant c\u00edm\u0171 musical-show 2022. december 8-\u00e1n este 18.00 \u00f3rai kezdettel k\u00e1pr\u00e1ztatja el a\u00a0n\u00e9z\u0151ket a\u00a0Lendvai Sz\u00ednh\u00e1z- \u00e9s Hangversenyteremben. <\/strong><\/p>\n<p><strong>\u00a0<\/strong><strong>Jegyek kaphat\u00f3k a B\u00e1nffy K\u00f6zpontban. <br \/>\n<\/strong><strong>A jegyek \u00e1ra 25,00 eur\u00f3, b\u00e9rleteseknek 20,00 eur\u00f3.<\/strong><\/p>\n<hr \/>\n<p>VIDE\u00d3AJ\u00c1NL\u00d3<\/p>\n<p><iframe loading=\"lazy\" src=\"\/\/www.youtube.com\/embed\/BCU5rXb24KY\" width=\"560\" height=\"314\" allowfullscreen=\"allowfullscreen\" data-mce-fragment=\"1\"><\/iframe><\/p>\n<p><i class=\"fas fa-link\"><\/i> <a href=\"https:\/\/www.tbgprod.hu\/event\/8\">https:\/\/www.tbgprod.hu\/event\/8<\/a><\/p>\n","protected":false},"excerpt":{"rendered":"<p>2022. december 8. cs\u00fct\u00f6rt\u00f6k, 18.00 | Lendvai Sz\u00ednh\u00e1z- \u00e9s Hangversenyterem musical Bel\u00e9p\u0151d\u00edj: 25 \u20ac Bel\u00e9p\u0151d\u00edj b\u00e9rlettulajdonosoknak: 20 \u20ac Bel\u00e9p\u0151jegyek Lendv\u00e1n, a B\u00e1nffy K\u00f6zpontban v\u00e1s\u00e1rolhat\u00f3k (F\u0151 utca 32., (0)2 577 66 60). Szervez\u0151: MNMI-ZKMN \u00cdr\u00f3: Egressy Zolt\u00e1n Dalsz\u00f6veg: M\u00fcller P\u00e9ter Szi\u00e1mi Zeneszerz\u0151: Sebesty\u00e9n \u00c1ron Rendez\u0151: Pataki Andr\u00e1s Kreat\u00edv \u00f6tletgazda: Vona Tibor A f\u00e9ny- \u00e9s sz\u00ednpomp\u00e1s Nikola [&hellip;]<\/p>\n","protected":false},"author":2,"featured_media":0,"parent":0,"menu_order":0,"comment_status":"closed","ping_status":"closed","template":"","meta":{"footnotes":""},"class_list":["post-10118","page","type-page","status-publish","hentry","post"],"_links":{"self":[{"href":"https:\/\/www1.kkl.si\/hu\/wp-json\/wp\/v2\/pages\/10118","targetHints":{"allow":["GET"]}}],"collection":[{"href":"https:\/\/www1.kkl.si\/hu\/wp-json\/wp\/v2\/pages"}],"about":[{"href":"https:\/\/www1.kkl.si\/hu\/wp-json\/wp\/v2\/types\/page"}],"author":[{"embeddable":true,"href":"https:\/\/www1.kkl.si\/hu\/wp-json\/wp\/v2\/users\/2"}],"replies":[{"embeddable":true,"href":"https:\/\/www1.kkl.si\/hu\/wp-json\/wp\/v2\/comments?post=10118"}],"version-history":[{"count":23,"href":"https:\/\/www1.kkl.si\/hu\/wp-json\/wp\/v2\/pages\/10118\/revisions"}],"predecessor-version":[{"id":10604,"href":"https:\/\/www1.kkl.si\/hu\/wp-json\/wp\/v2\/pages\/10118\/revisions\/10604"}],"wp:attachment":[{"href":"https:\/\/www1.kkl.si\/hu\/wp-json\/wp\/v2\/media?parent=10118"}],"curies":[{"name":"wp","href":"https:\/\/api.w.org\/{rel}","templated":true}]}}