{"id":10244,"date":"2022-11-26T18:45:18","date_gmt":"2022-11-26T17:45:18","guid":{"rendered":"https:\/\/www1.kkl.si\/?page_id=10244"},"modified":"2023-12-12T11:27:06","modified_gmt":"2023-12-12T10:27:06","slug":"szloven-balettmuveszek-egyesulete-dbus-unnepi-balett","status":"publish","type":"page","link":"https:\/\/www1.kkl.si\/hu\/szloven-balettmuveszek-egyesulete-dbus-unnepi-balett\/","title":{"rendered":"Szlov\u00e9n Balettm\u0171v\u00e9szek Egyes\u00fclete (DBUS): \u00dcnnepi balett"},"content":{"rendered":"<div class=\"opis\"><img loading=\"lazy\" decoding=\"async\" class=\"alignright\" title=\"Ingyenes rendezv\u00e9ny\" src=\"https:\/\/www1.kkl.si\/wp-content\/uploads\/\/2020\/07\/spored_simb_brezplacna-1.svg\" alt=\"brezplacna\" width=\"30\" height=\"30\" \/><i class=\"fas fa-clock\"><\/i> <strong>2022. december 4. vas\u00e1rnap, 19.00<\/strong> | Lendvai Sz\u00ednh\u00e1z- \u00e9s Hangversenyterem<br \/>\n<i class=\"fas fa-chevron-circle-right\"><\/i> <strong>balett<\/strong><br \/>\nSzervez\u0151: <a href=\"https:\/\/www.kkl.si\/\">Knji\u017enica \u2013 Kulturni center Lendava \u2013 Lendvai K\u00f6nyvt\u00e1r \u00e9s Kultur\u00e1lis K\u00f6zpont<\/a>, <a href=\"https:\/\/www.dbus.si\/\">Dru\u0161tvo baletnih umetnikov Slovenije<\/a><\/p>\n<p><i class=\"fas fa-info-circle\"><\/i>\u00a0<strong>A bel\u00e9p\u00e9s d\u00edjtalan.<\/strong> Az ingyenes jegyek \u00e1tvehet\u0151k a Lendvai Sz\u00ednh\u00e1z- \u00e9s Hangversenyterem p\u00e9nzt\u00e1r\u00e1n.<\/p>\n<\/div>\n<p>Az \u00fcnnepek el\u0151tti g\u00e1la balettkoncert a legszebb \u00e9s legismertebb klasszikus balettek legszebb \u00e9s legcs\u00e1b\u00edt\u00f3bb szeren\u00e1djait, valamint n\u00e9h\u00e1ny neoklasszikus \u00e9s kort\u00e1rs koreogr\u00e1fi\u00e1t mutat be, amelyek eredetis\u00e9g\u00fckben egyszer\u0171en l\u00e9legzetel\u00e1ll\u00edt\u00f3ak. A romantikus Hatty\u00fak tava c\u00edm\u0171 balett h\u00edres duettjeit (pas de de deux), a k\u00f6zkedvelt Don Quijote-t, a Talisman-t, A kal\u00f3z, a K\u00f3rus \u00e9s a Shavrin, a Carmen duettj\u00e9t \u00e9s m\u00e1s, kiemelked\u0151, modernebb alkot\u00e1sokat \u00e9lvezheti a k\u00f6z\u00f6ns\u00e9g.<\/p>\n<p>A fell\u00e9p\u0151k a kiv\u00e1l\u00f3 szlov\u00e9n \u00e9s k\u00fclf\u00f6ldi balett-t\u00e1ncosok: Asami Nakashima, Beatrice Bartolomei, Nina Kramberger, Emilie Tassinari, Satomi Netsu, Petar \u0110or\u010devski, Filip Juri\u010d, Yuya Omaki, Toma\u017e Golub \u00e9s Sini\u0161a Bukinac.<\/p>\n<p>Szervez\u00e9s \u00e9s kivitelez\u00e9s: <a href=\"https:\/\/www.dbus.si\/\">Dru\u0161tvo baletnih umetnikov Slovenije\/Szlov\u00e9n Balettm\u0171v\u00e9szek Egyes\u00fclete<\/a><\/p>\n\n\t\t<style type=\"text\/css\">\n\t\t\t#gallery-1 {\n\t\t\t\tmargin: auto;\n\t\t\t}\n\t\t\t#gallery-1 .gallery-item {\n\t\t\t\tfloat: left;\n\t\t\t\tmargin-top: 10px;\n\t\t\t\ttext-align: center;\n\t\t\t\twidth: 50%;\n\t\t\t}\n\t\t\t#gallery-1 img {\n\t\t\t\tborder: 2px solid #cfcfcf;\n\t\t\t}\n\t\t\t#gallery-1 .gallery-caption {\n\t\t\t\tmargin-left: 0;\n\t\t\t}\n\t\t\t\/* see gallery_shortcode() in wp-includes\/media.php *\/\n\t\t<\/style>\n\t\t<div id='gallery-1' class='gallery galleryid-10244 gallery-columns-2 gallery-size-medium'><dl class='gallery-item'>\n\t\t\t<dt class='gallery-icon landscape'>\n\t\t\t\t<a href='https:\/\/www1.kkl.si\/wp-content\/uploads\/2022\/11\/Balet_-december_foto_Mirjana_Srot1.jpg'><img loading=\"lazy\" decoding=\"async\" width=\"400\" height=\"257\" src=\"https:\/\/www1.kkl.si\/wp-content\/uploads\/2022\/11\/Balet_-december_foto_Mirjana_Srot1-400x257.jpg\" class=\"attachment-medium size-medium\" alt=\"\" aria-describedby=\"gallery-1-10076\" srcset=\"https:\/\/www1.kkl.si\/wp-content\/uploads\/2022\/11\/Balet_-december_foto_Mirjana_Srot1-400x257.jpg 400w, https:\/\/www1.kkl.si\/wp-content\/uploads\/2022\/11\/Balet_-december_foto_Mirjana_Srot1-1500x965.jpg 1500w, https:\/\/www1.kkl.si\/wp-content\/uploads\/2022\/11\/Balet_-december_foto_Mirjana_Srot1.jpg 2000w\" sizes=\"auto, (max-width: 400px) 100vw, 400px\" \/><\/a>\n\t\t\t<\/dt>\n\t\t\t\t<dd class='wp-caption-text gallery-caption' id='gallery-1-10076'>\n\t\t\t\tFot\u00f3: Mirjana \u0160rot\n\t\t\t\t<\/dd><\/dl><dl class='gallery-item'>\n\t\t\t<dt class='gallery-icon landscape'>\n\t\t\t\t<a href='https:\/\/www1.kkl.si\/wp-content\/uploads\/2022\/11\/Balet_-december_foto_Mirjana_Srot2.jpg'><img loading=\"lazy\" decoding=\"async\" width=\"400\" height=\"267\" src=\"https:\/\/www1.kkl.si\/wp-content\/uploads\/2022\/11\/Balet_-december_foto_Mirjana_Srot2-400x267.jpg\" class=\"attachment-medium size-medium\" alt=\"\" aria-describedby=\"gallery-1-10078\" srcset=\"https:\/\/www1.kkl.si\/wp-content\/uploads\/2022\/11\/Balet_-december_foto_Mirjana_Srot2-400x267.jpg 400w, https:\/\/www1.kkl.si\/wp-content\/uploads\/2022\/11\/Balet_-december_foto_Mirjana_Srot2-1500x1000.jpg 1500w, https:\/\/www1.kkl.si\/wp-content\/uploads\/2022\/11\/Balet_-december_foto_Mirjana_Srot2.jpg 2000w\" sizes=\"auto, (max-width: 400px) 100vw, 400px\" \/><\/a>\n\t\t\t<\/dt>\n\t\t\t\t<dd class='wp-caption-text gallery-caption' id='gallery-1-10078'>\n\t\t\t\tFot\u00f3: Mirjana \u0160rot\n\t\t\t\t<\/dd><\/dl><br style=\"clear: both\" \/>\n\t\t<\/div>\n\n<p><em>A rendezv\u00e9nyt a Szlov\u00e9n Kultur\u00e1lis Miniszt\u00e9rium t\u00e1mogatja.<\/em><\/p>\n<p><a href=\"https:\/\/www1.kkl.si\/wp-content\/uploads\/2022\/11\/plakat_70cm_december-GKDLend_2022_DVOJ.jpg\" data-lbwps-width=\"2143\" data-lbwps-height=\"3000\" data-lbwps-srcsmall=\"https:\/\/www1.kkl.si\/wp-content\/uploads\/2022\/11\/plakat_70cm_december-GKDLend_2022_DVOJ.jpg\"><img loading=\"lazy\" decoding=\"async\" class=\"slika alignnone wp-image-10282 size-large\" src=\"https:\/\/www1.kkl.si\/wp-content\/uploads\/2022\/11\/plakat_70cm_december-GKDLend_2022_DVOJ-scaled-1072x1500.jpg\" alt=\"\" width=\"1072\" height=\"1500\" srcset=\"https:\/\/www1.kkl.si\/wp-content\/uploads\/2022\/11\/plakat_70cm_december-GKDLend_2022_DVOJ-scaled-1072x1500.jpg 1072w, https:\/\/www1.kkl.si\/wp-content\/uploads\/2022\/11\/plakat_70cm_december-GKDLend_2022_DVOJ-scaled-286x400.jpg 286w, https:\/\/www1.kkl.si\/wp-content\/uploads\/2022\/11\/plakat_70cm_december-GKDLend_2022_DVOJ-scaled.jpg 1829w\" sizes=\"auto, (max-width: 1072px) 100vw, 1072px\" \/><\/a><\/p>\n","protected":false},"excerpt":{"rendered":"<p>2022. december 4. vas\u00e1rnap, 19.00 | Lendvai Sz\u00ednh\u00e1z- \u00e9s Hangversenyterem balett Szervez\u0151: Knji\u017enica \u2013 Kulturni center Lendava \u2013 Lendvai K\u00f6nyvt\u00e1r \u00e9s Kultur\u00e1lis K\u00f6zpont, Dru\u0161tvo baletnih umetnikov Slovenije \u00a0A bel\u00e9p\u00e9s d\u00edjtalan. Az ingyenes jegyek \u00e1tvehet\u0151k a Lendvai Sz\u00ednh\u00e1z- \u00e9s Hangversenyterem p\u00e9nzt\u00e1r\u00e1n. Az \u00fcnnepek el\u0151tti g\u00e1la balettkoncert a legszebb \u00e9s legismertebb klasszikus balettek legszebb \u00e9s legcs\u00e1b\u00edt\u00f3bb szeren\u00e1djait, [&hellip;]<\/p>\n","protected":false},"author":2,"featured_media":10281,"parent":0,"menu_order":0,"comment_status":"closed","ping_status":"closed","template":"","meta":{"footnotes":""},"class_list":["post-10244","page","type-page","status-publish","has-post-thumbnail","hentry","post","post-with-thumbnail","post-with-thumbnail-icon"],"_links":{"self":[{"href":"https:\/\/www1.kkl.si\/hu\/wp-json\/wp\/v2\/pages\/10244","targetHints":{"allow":["GET"]}}],"collection":[{"href":"https:\/\/www1.kkl.si\/hu\/wp-json\/wp\/v2\/pages"}],"about":[{"href":"https:\/\/www1.kkl.si\/hu\/wp-json\/wp\/v2\/types\/page"}],"author":[{"embeddable":true,"href":"https:\/\/www1.kkl.si\/hu\/wp-json\/wp\/v2\/users\/2"}],"replies":[{"embeddable":true,"href":"https:\/\/www1.kkl.si\/hu\/wp-json\/wp\/v2\/comments?post=10244"}],"version-history":[{"count":8,"href":"https:\/\/www1.kkl.si\/hu\/wp-json\/wp\/v2\/pages\/10244\/revisions"}],"predecessor-version":[{"id":15631,"href":"https:\/\/www1.kkl.si\/hu\/wp-json\/wp\/v2\/pages\/10244\/revisions\/15631"}],"wp:featuredmedia":[{"embeddable":true,"href":"https:\/\/www1.kkl.si\/hu\/wp-json\/wp\/v2\/media\/10281"}],"wp:attachment":[{"href":"https:\/\/www1.kkl.si\/hu\/wp-json\/wp\/v2\/media?parent=10244"}],"curies":[{"name":"wp","href":"https:\/\/api.w.org\/{rel}","templated":true}]}}