{"id":10386,"date":"2022-12-02T10:23:34","date_gmt":"2022-12-02T09:23:34","guid":{"rendered":"https:\/\/www1.kkl.si\/?page_id=10386"},"modified":"2022-12-05T07:37:58","modified_gmt":"2022-12-05T06:37:58","slug":"regiseggyujtok-xvii-nemzetkozi-talalkozoja-lendvan","status":"publish","type":"page","link":"https:\/\/www1.kkl.si\/hu\/regiseggyujtok-xvii-nemzetkozi-talalkozoja-lendvan\/","title":{"rendered":"R\u00e9gis\u00e9ggy\u0171jt\u0151k XVII. nemzetk\u00f6zi tal\u00e1lkoz\u00f3ja Lendv\u00e1n"},"content":{"rendered":"<div class=\"opis\"><img loading=\"lazy\" decoding=\"async\" class=\"wp-image-1588 alignright\" title=\"Ingyenes rendezv\u00e9ny\" src=\"https:\/\/www1.kkl.si\/wp-content\/uploads\/\/2020\/07\/spored_simb_brezplacna-1.svg\" sizes=\"auto, (max-width: 30px) 100vw, 30px\" srcset=\"https:\/\/www1.kkl.si\/wp-content\/uploads\/\/2020\/07\/spored_simb_brezplacna-1.svg 150w, https:\/\/www1.kkl.si\/wp-content\/uploads\/\/2020\/07\/spored_simb_brezplacna-1.svg 400w, https:\/\/www1.kkl.si\/wp-content\/uploads\/\/2020\/07\/spored_simb_brezplacna-1.svg 1500w, https:\/\/www1.kkl.si\/wp-content\/uploads\/\/2020\/07\/spored_simb_brezplacna-1.svg 100w\" alt=\"brezplacna\" width=\"30\" height=\"30\" \/><i class=\"fas fa-clock\"><\/i> <strong>2022. december 3. szombat, 9.00\u201313.00<\/strong> | a Lendvai Sz\u00ednh\u00e1z- \u00e9s Hangversenyterem el\u0151csarnoka<br \/>\n<i class=\"fas fa-chevron-circle-right\"><\/i> <strong>v\u00e1s\u00e1r \u00e9s ki\u00e1ll\u00edt\u00e1s<\/strong><br \/>\nSzervez\u0151: <a href=\"https:\/\/www.facebook.com\/Lindva.drustvozbirateljevPomurja\/\">Dru\u0161tvo zbirateljev Pomurja \u2013 Lindva \u2013 Muravid\u00e9ki r\u00e9gis\u00e9ggy\u0171jt\u00f6k egyes\u00fclete<\/a><\/div>\n<div class=\"\" dir=\"auto\">\n<div id=\"jsc_c_8r\" class=\"x1iorvi4 x1pi30zi x1l90r2v x1swvt13\" data-ad-comet-preview=\"message\" data-ad-preview=\"message\">\n<div class=\"x78zum5 xdt5ytf xz62fqu x16ldp7u\">\n<div class=\"xu06os2 x1ok221b\">\n<div class=\"x11i5rnm xat24cr x1mh8g0r x1vvkbs xdj266r x126k92a\">\n<p>Szeretettel megh\u00edvjuk \u00d6n\u00f6ket az r\u00e9gis\u00e9ggy\u0171jt\u0151k tal\u00e1lkoz\u00f3j\u00e1ra, akik nem ismernek infl\u00e1ci\u00f3t, recesszi\u00f3t, stagn\u00e1l\u00e1st\u2026<br \/>\nDecember harmadika a megfelel\u0151 id\u0151pont arra, hogy befektess\u00fcnk abba, amit \u0151seink az unok\u00e1inkra hagytak r\u00e1nk.<\/p>\n<p><\/p>\n<div dir=\"auto\">\n\n\t\t<style type=\"text\/css\">\n\t\t\t#gallery-1 {\n\t\t\t\tmargin: auto;\n\t\t\t}\n\t\t\t#gallery-1 .gallery-item {\n\t\t\t\tfloat: left;\n\t\t\t\tmargin-top: 10px;\n\t\t\t\ttext-align: center;\n\t\t\t\twidth: 50%;\n\t\t\t}\n\t\t\t#gallery-1 img {\n\t\t\t\tborder: 2px solid #cfcfcf;\n\t\t\t}\n\t\t\t#gallery-1 .gallery-caption {\n\t\t\t\tmargin-left: 0;\n\t\t\t}\n\t\t\t\/* see gallery_shortcode() in wp-includes\/media.php *\/\n\t\t<\/style>\n\t\t<div id='gallery-1' class='gallery galleryid-10386 gallery-columns-2 gallery-size-medium'><dl class='gallery-item'>\n\t\t\t<dt class='gallery-icon portrait'>\n\t\t\t\t<a href='https:\/\/www1.kkl.si\/wp-content\/uploads\/2022\/12\/zbiratelji_2022dec_str1.jpg'><img loading=\"lazy\" decoding=\"async\" width=\"282\" height=\"400\" src=\"https:\/\/www1.kkl.si\/wp-content\/uploads\/2022\/12\/zbiratelji_2022dec_str1-282x400.jpg\" class=\"attachment-medium size-medium\" alt=\"\" srcset=\"https:\/\/www1.kkl.si\/wp-content\/uploads\/2022\/12\/zbiratelji_2022dec_str1-282x400.jpg 282w, https:\/\/www1.kkl.si\/wp-content\/uploads\/2022\/12\/zbiratelji_2022dec_str1.jpg 677w\" sizes=\"auto, (max-width: 282px) 100vw, 282px\" \/><\/a>\n\t\t\t<\/dt><\/dl><dl class='gallery-item'>\n\t\t\t<dt class='gallery-icon portrait'>\n\t\t\t\t<a href='https:\/\/www1.kkl.si\/wp-content\/uploads\/2022\/12\/zbiratelji_2022dec_str2.jpg'><img loading=\"lazy\" decoding=\"async\" width=\"283\" height=\"400\" src=\"https:\/\/www1.kkl.si\/wp-content\/uploads\/2022\/12\/zbiratelji_2022dec_str2-283x400.jpg\" class=\"attachment-medium size-medium\" alt=\"\" srcset=\"https:\/\/www1.kkl.si\/wp-content\/uploads\/2022\/12\/zbiratelji_2022dec_str2-283x400.jpg 283w, https:\/\/www1.kkl.si\/wp-content\/uploads\/2022\/12\/zbiratelji_2022dec_str2.jpg 678w\" sizes=\"auto, (max-width: 283px) 100vw, 283px\" \/><\/a>\n\t\t\t<\/dt><\/dl><br style=\"clear: both\" \/>\n\t\t<\/div>\n\n<div dir=\"auto\">\n<p>A KI\u00c1LL\u00cdT\u00c1SON BEMUTATOTT T\u00c1RGYR\u00d3L<\/p>\n<p><strong>EGY M\u00c9RLEG A R\u00d3MAI P\u00c9NZKERESKED\u0150K IDEJ\u00c9B\u0150L<\/strong><\/p>\n<p>Amikor J\u00e9zus Krisztus id\u0151sz\u00e1mit\u00e1sunk szerint 33-ban szam\u00e1ron lovagolt be Jeruzs\u00e1lembe, el\u0151sz\u00f6r a k\u00f6zeli templomban felbor\u00edtotta a zsid\u00f3 p\u00e9nzkeresked\u0151k asztalait a t\u00f6megek \u00f6r\u00f6m\u00e9re, \u00e9s ezzel a zsid\u00f3 hit kereszt\u00e9nys\u00e9gg\u00e9 \u201creform\u00e1l\u00e1s\u00e1nak\u201d egyik aktus\u00e1t hozta el, amely eg\u00e9szen a renesz\u00e1nszig nem engedte meg, hogy a h\u00edv\u0151k a p\u00e9nzk\u00f6lcs\u00f6nz\u00e9sb\u0151l \u00e9s a cserekereskedelemb\u0151l hasznot h\u00fazzanak. A fenti k\u00e9pen l\u00e1that\u00f3 m\u00e9rlegek szint\u00e9n n\u00e9lk\u00fcl\u00f6zhetetlen tartoz\u00e9kai voltak ezeknek az asztaloknak a m\u00e9rlegel\u00e9shez \u00e9s p\u00e9nzv\u00e1lt\u00e1shoz.<\/p>\n<p>A r\u00f3maiak, akik abban az id\u0151ben az eg\u00e9sz F\u00f6ldk\u00f6zi-tenger t\u00e9rs\u00e9g\u00e9t uralt\u00e1k, eg\u00e9sz fenn\u00e1ll\u00e1suk alatt szab\u00e1lyozott p\u00e9nzrendszerrel rendelkeztek, amely el\u0151\u00edrt s\u00falyokat, f\u00e9mtisztas\u00e1gokat \u00e9s \u00e9rt\u00e9keket tartalmazott az \u00e1ltaluk vert, forgalomban l\u00e9v\u0151 \u00e9rm\u00e9kre vonatkoz\u00f3an. A k\u00f6zigazgat\u00e1si hat\u00f3s\u00e1gok \u00e1ltal enged\u00e9lyezett \u00e9s megpecs\u00e9telt \u00f3lomgy\u0171r\u0171k egy adott \u00e9rt\u00e9k\u0171 \u00e9rme s\u00faly\u00e1nak feleltek meg. Ez az \u00e9rme eredetis\u00e9g\u00e9nek igazol\u00e1sa volt, mivel a hamis\u00edtv\u00e1nyok m\u00e1r akkor is r\u00e9m\u00e1lomnak sz\u00e1m\u00edtottak a keresked\u0151k \u00e9s a lakoss\u00e1g sz\u00e1m\u00e1ra. Amint l\u00e1that\u00f3, a m\u00e9rleg egyik oldal\u00e1n egy sestercse van a m\u00e9rlegen, amely az els\u0151 sz\u00e1zadban k\u00f6r\u00fclbel\u00fcl 27,50 grammot nyomott, \u00e9s amelynek s\u00falya megfelelt a m\u00e9rleg m\u00e1sik oldal\u00e1n l\u00e9v\u0151 kamp\u00f3n l\u00f3g\u00f3 gy\u0171r\u0171 s\u00faly\u00e1nak. Az ilyen m\u00e9rlegeket p\u00e9nzv\u00e1lt\u00e1sra is haszn\u00e1lt\u00e1k a hat\u00e1rvid\u00e9keken, ahol a kereskedelem sor\u00e1n kapcsolatba ker\u00fcltek m\u00e1s civiliz\u00e1lt n\u00e9pek (g\u00f6r\u00f6g\u00f6k, perzs\u00e1k, ill\u00edrek stb.) p\u00e9nz\u00e9vel.<\/p>\n<p>A mai Szlov\u00e9nia ter\u00fclet\u00e9n a kelta t\u00f6rzsek (a Noriki Karinti\u00e1ban, a Tavriski K\u00f6z\u00e9p-Szlov\u00e9ni\u00e1ban, a Boii a Prekmurje ter\u00fclet\u00e9n) vertek p\u00e9nzt k\u00fcl\u00f6nb\u00f6z\u0151 \u00f6tv\u00f6zetekb\u0151l, amelyek s\u00falya \u00e9s m\u00e9rete v\u00e1ltoz\u00f3 volt (az eml\u00edtett t\u00f6rzsekn\u00e9l az ez\u00fcst tetradrachm\u00e1k s\u00falya 8,5 \u00e9s 17 gramm k\u00f6z\u00f6tt v\u00e1ltozott).<\/p>\n<p>A fenti k\u00e9pen l\u00e1that\u00f3 m\u00e9rlegeket, amelyek teljes eg\u00e9sz\u00e9ben fennmaradtak egy r\u00e9gm\u00faltb\u00f3l sz\u00e1rmaz\u00f3 s\u00edrleletk\u00e9nt, t\u00f6bbek k\u00f6z\u00f6tt a r\u00f3maiak \u00e9s az \u0151slakosok k\u00f6z\u00f6tti kereskedelem sor\u00e1n a s\u00falyok ellen\u0151rz\u00e9s\u00e9re \u00e9s az \u00e9rt\u00e9kek kisz\u00e1m\u00edt\u00e1s\u00e1ra haszn\u00e1lt\u00e1k. Nemesf\u00e9mek \u00e9s m\u00e1s \u00e9rt\u00e9kes t\u00e1rgyak, p\u00e9ld\u00e1ul gy\u0171r\u0171k, f\u00fclbeval\u00f3k \u00e9s hasonl\u00f3k m\u00e9r\u00e9s\u00e9re is haszn\u00e1lt\u00e1k. Ez egyike azon kev\u00e9s teljesen megmaradt \u00e9p\u00fcleteknek Eur\u00f3p\u00e1ban, amely a t\u00e9rs\u00e9g\u00fcnk gazdag kultur\u00e1lis \u00f6r\u00f6ks\u00e9g\u00e9nek egy darabj\u00e1t k\u00e9pviseli.<\/p>\n<p>Koren Fran, a Lindva \u2013 Muravid\u00e9ki r\u00e9gis\u00e9ggy\u0171jt\u00f6k egyes\u00fclet\u00e9nek eln\u00f6ke<\/p>\n<\/div>\n<\/div>\n<\/div>\n<\/div>\n<\/div>\n<\/div>\n<\/div>\n","protected":false},"excerpt":{"rendered":"<p>2022. december 3. szombat, 9.00\u201313.00 | a Lendvai Sz\u00ednh\u00e1z- \u00e9s Hangversenyterem el\u0151csarnoka v\u00e1s\u00e1r \u00e9s ki\u00e1ll\u00edt\u00e1s Szervez\u0151: Dru\u0161tvo zbirateljev Pomurja \u2013 Lindva \u2013 Muravid\u00e9ki r\u00e9gis\u00e9ggy\u0171jt\u00f6k egyes\u00fclete Szeretettel megh\u00edvjuk \u00d6n\u00f6ket az r\u00e9gis\u00e9ggy\u0171jt\u0151k tal\u00e1lkoz\u00f3j\u00e1ra, akik nem ismernek infl\u00e1ci\u00f3t, recesszi\u00f3t, stagn\u00e1l\u00e1st\u2026 December harmadika a megfelel\u0151 id\u0151pont arra, hogy befektess\u00fcnk abba, amit \u0151seink az unok\u00e1inkra hagytak r\u00e1nk. A KI\u00c1LL\u00cdT\u00c1SON BEMUTATOTT [&hellip;]<\/p>\n","protected":false},"author":2,"featured_media":10361,"parent":0,"menu_order":0,"comment_status":"closed","ping_status":"closed","template":"","meta":{"footnotes":""},"class_list":["post-10386","page","type-page","status-publish","has-post-thumbnail","hentry","post","post-with-thumbnail","post-with-thumbnail-icon"],"_links":{"self":[{"href":"https:\/\/www1.kkl.si\/hu\/wp-json\/wp\/v2\/pages\/10386","targetHints":{"allow":["GET"]}}],"collection":[{"href":"https:\/\/www1.kkl.si\/hu\/wp-json\/wp\/v2\/pages"}],"about":[{"href":"https:\/\/www1.kkl.si\/hu\/wp-json\/wp\/v2\/types\/page"}],"author":[{"embeddable":true,"href":"https:\/\/www1.kkl.si\/hu\/wp-json\/wp\/v2\/users\/2"}],"replies":[{"embeddable":true,"href":"https:\/\/www1.kkl.si\/hu\/wp-json\/wp\/v2\/comments?post=10386"}],"version-history":[{"count":5,"href":"https:\/\/www1.kkl.si\/hu\/wp-json\/wp\/v2\/pages\/10386\/revisions"}],"predecessor-version":[{"id":10482,"href":"https:\/\/www1.kkl.si\/hu\/wp-json\/wp\/v2\/pages\/10386\/revisions\/10482"}],"wp:featuredmedia":[{"embeddable":true,"href":"https:\/\/www1.kkl.si\/hu\/wp-json\/wp\/v2\/media\/10361"}],"wp:attachment":[{"href":"https:\/\/www1.kkl.si\/hu\/wp-json\/wp\/v2\/media?parent=10386"}],"curies":[{"name":"wp","href":"https:\/\/api.w.org\/{rel}","templated":true}]}}