{"id":10568,"date":"2022-12-06T18:52:00","date_gmt":"2022-12-06T17:52:00","guid":{"rendered":"https:\/\/www1.kkl.si\/?page_id=10568"},"modified":"2022-12-09T09:00:33","modified_gmt":"2022-12-09T08:00:33","slug":"silence-slovar-norosti-az-orultseg-szotara","status":"publish","type":"page","link":"https:\/\/www1.kkl.si\/hu\/silence-slovar-norosti-az-orultseg-szotara\/","title":{"rendered":"Silence: Vocabulary of Madness (Az \u0151r\u00fclts\u00e9g sz\u00f3t\u00e1ra)"},"content":{"rendered":"<div class=\"opis\"><img loading=\"lazy\" decoding=\"async\" class=\"wp-image-1588 alignright\" title=\"Ingyenes rendezv\u00e9ny\" src=\"https:\/\/www1.kkl.si\/wp-content\/uploads\/\/2020\/07\/spored_simb_brezplacna-1.svg\" sizes=\"auto, (max-width: 30px) 100vw, 30px\" srcset=\"https:\/\/www1.kkl.si\/wp-content\/uploads\/\/2020\/07\/spored_simb_brezplacna-1.svg 150w, https:\/\/www1.kkl.si\/wp-content\/uploads\/\/2020\/07\/spored_simb_brezplacna-1.svg 400w, https:\/\/www1.kkl.si\/wp-content\/uploads\/\/2020\/07\/spored_simb_brezplacna-1.svg 1500w, https:\/\/www1.kkl.si\/wp-content\/uploads\/\/2020\/07\/spored_simb_brezplacna-1.svg 100w\" alt=\"brezplacna\" width=\"30\" height=\"30\" \/><i class=\"fas fa-clock\"><\/i> <strong>2022. december 11. vas\u00e1rnap, 19.00<\/strong> | Lendvai Sz\u00ednh\u00e1z- \u00e9s Hangversenyterem<br \/>\n<i class=\"fas fa-chevron-circle-right\"><\/i> <strong>koncert<\/strong><strong><br \/>\n<\/strong>Szervez\u0151: <a href=\"https:\/\/www.kkl.si\/\">Knji\u017enica \u2013 Kulturni center Lendava \u2013 Lendvai K\u00f6nyvt\u00e1r \u00e9s Kultur\u00e1lis K\u00f6zpont<\/a><\/p>\n<p><i class=\"fas fa-info-circle\"><\/i> <strong>A bel\u00e9p\u00e9s d\u00edjtalan.<\/strong> Az ingyenes jegyek \u00e1tvehet\u0151k a Lendvai Sz\u00ednh\u00e1z- \u00e9s Hangversenyterem p\u00e9nzt\u00e1r\u00e1n.<\/p>\n<\/div>\n<p>LE\u00cdR\u00c1S<\/p>\n<div id=\"attachment_10509\" style=\"width: 410px\" class=\"wp-caption alignright\"><a href=\"https:\/\/www1.kkl.si\/wp-content\/uploads\/2022\/12\/Silence_Borut_Peterlin_splet.jpg\" data-lbwps-width=\"2362\" data-lbwps-height=\"1417\" data-lbwps-srcsmall=\"https:\/\/www1.kkl.si\/wp-content\/uploads\/2022\/12\/Silence_Borut_Peterlin_splet-400x240.jpg\" data-lbwps-caption=\"Foto: Borut Peterlin\"><img loading=\"lazy\" decoding=\"async\" aria-describedby=\"caption-attachment-10509\" class=\"size-medium wp-image-10509\" src=\"https:\/\/www1.kkl.si\/wp-content\/uploads\/2022\/12\/Silence_Borut_Peterlin_splet-400x240.jpg\" alt=\"\" width=\"400\" height=\"240\" srcset=\"https:\/\/www1.kkl.si\/wp-content\/uploads\/2022\/12\/Silence_Borut_Peterlin_splet-400x240.jpg 400w, https:\/\/www1.kkl.si\/wp-content\/uploads\/2022\/12\/Silence_Borut_Peterlin_splet-1500x900.jpg 1500w\" sizes=\"auto, (max-width: 400px) 100vw, 400px\" \/><\/a><p id=\"caption-attachment-10509\" class=\"wp-caption-text\">Fot\u00f3: Borut Peterlin<\/p><\/div>\n<p>Akira Kurosawa v\u00e9lem\u00e9nye volt, hogy egy \u0151r\u00fclt vil\u00e1gban csak az \u0151r\u00fcltek j\u00f3zanok. Ez\u00e9rt &#8211; megel\u0151z\u0151, eg\u00e9szs\u00e9g\u00fcgyi okokb\u00f3l &#8211; az \u0151r\u00fclet r\u00f6vid tanfolyam\u00e1ra h\u00edvjuk \u00d6n\u00f6ket. A Duet Silence december 11-\u00e9n mutatja be a Lendvai Sz\u00ednh\u00e1z \u00e9s Hangversenyteremben a \u00bbVocabulary of Madness\u00ab c\u00edm\u0171 album\u00e1t, amely a du\u00f3 t\u00edz \u00e9v ut\u00e1n az els\u0151 st\u00fadi\u00f3albuma. A du\u00f3 a teljes \u00faj album\u00e1t egy r\u00e9gebbi m\u0171vekb\u0151l \u00e1ll\u00f3 v\u00e1logat\u00e1sban mutatja be.<\/p>\n<p>Primo\u017e Hladnik (klaviat\u00fara)<br \/>\nBoris Benko (hang)<br \/>\nIgor Vi\u0107enti\u0107 (zongora)<br \/>\nJure Vlahovi\u010d (hangos\u00edt\u00e1s)<\/p>\n<hr \/>\n<p>VIDE\u00d3<\/p>\n<p><iframe loading=\"lazy\" src=\"\/\/www.youtube.com\/embed\/AVBQ0Mu2020\" width=\"560\" height=\"314\" allowfullscreen=\"allowfullscreen\"><\/iframe><\/p>\n<p><iframe loading=\"lazy\" src=\"\/\/www.youtube.com\/embed\/9T_3sWh0N9M\" width=\"560\" height=\"314\" allowfullscreen=\"allowfullscreen\" data-mce-fragment=\"1\"><\/iframe><\/p>\n<p><iframe loading=\"lazy\" src=\"\/\/www.youtube.com\/embed\/FBVQJ-52i0c\" width=\"560\" height=\"314\" allowfullscreen=\"allowfullscreen\" data-mce-fragment=\"1\"><\/iframe><\/p>\n<p><iframe loading=\"lazy\" src=\"\/\/www.youtube.com\/embed\/pxB-CSeWhxo\" width=\"560\" height=\"314\" allowfullscreen=\"allowfullscreen\" data-mce-fragment=\"1\"><\/iframe><\/p>\n<p><iframe loading=\"lazy\" src=\"\/\/www.youtube.com\/embed\/O4fwcxlx0ys\" width=\"560\" height=\"314\" allowfullscreen=\"allowfullscreen\" data-mce-fragment=\"1\"><\/iframe><\/p>\n<p><iframe loading=\"lazy\" src=\"\/\/www.youtube.com\/embed\/K0kVBEGMlv4\" width=\"560\" height=\"314\" allowfullscreen=\"allowfullscreen\" data-mce-fragment=\"1\"><\/iframe><\/p>\n<p><iframe loading=\"lazy\" src=\"\/\/www.youtube.com\/embed\/GbFbplxvAN8\" width=\"560\" height=\"314\" allowfullscreen=\"allowfullscreen\" data-mce-fragment=\"1\"><\/iframe><\/p>\n<p>Hivatalos honlap:<br \/>\n<i class=\"fas fa-link\"><\/i> <a href=\"https:\/\/www.silence-zone.org\/\">https:\/\/www.silence-zone.org\/<\/a><br \/>\n<i class=\"fab fa-youtube\"><\/i> <a href=\"https:\/\/www.youtube.com\/user\/FinalMinutesChannel\/videos\">https:\/\/www.youtube.com\/user\/FinalMinutesChannel\/videos<\/a><\/p>\n<hr \/>\n<p><em>A rendezv\u00e9ny bemutat\u00e1s\u00e1t a Szlov\u00e9n Kultur\u00e1lis Miniszt\u00e9rium t\u00e1mogatja.<\/em><\/p>\n<p><a href=\"https:\/\/www1.kkl.si\/wp-content\/uploads\/2022\/11\/plakat_70cm_december-GKDLend_2022_DVOJ.jpg\" data-lbwps-width=\"2143\" data-lbwps-height=\"3000\" data-lbwps-srcsmall=\"https:\/\/www1.kkl.si\/wp-content\/uploads\/2022\/11\/plakat_70cm_december-GKDLend_2022_DVOJ.jpg\"><img loading=\"lazy\" decoding=\"async\" class=\"slika alignnone wp-image-10282 size-large\" src=\"https:\/\/www1.kkl.si\/wp-content\/uploads\/2022\/11\/plakat_70cm_december-GKDLend_2022_DVOJ-scaled-1072x1500.jpg\" alt=\"\" width=\"1072\" height=\"1500\" srcset=\"https:\/\/www1.kkl.si\/wp-content\/uploads\/2022\/11\/plakat_70cm_december-GKDLend_2022_DVOJ-scaled-1072x1500.jpg 1072w, https:\/\/www1.kkl.si\/wp-content\/uploads\/2022\/11\/plakat_70cm_december-GKDLend_2022_DVOJ-scaled-286x400.jpg 286w, https:\/\/www1.kkl.si\/wp-content\/uploads\/2022\/11\/plakat_70cm_december-GKDLend_2022_DVOJ-scaled.jpg 1829w\" sizes=\"auto, (max-width: 1072px) 100vw, 1072px\" \/><\/a><\/p>\n","protected":false},"excerpt":{"rendered":"<p>2022. december 11. vas\u00e1rnap, 19.00 | Lendvai Sz\u00ednh\u00e1z- \u00e9s Hangversenyterem koncert Szervez\u0151: Knji\u017enica \u2013 Kulturni center Lendava \u2013 Lendvai K\u00f6nyvt\u00e1r \u00e9s Kultur\u00e1lis K\u00f6zpont A bel\u00e9p\u00e9s d\u00edjtalan. Az ingyenes jegyek \u00e1tvehet\u0151k a Lendvai Sz\u00ednh\u00e1z- \u00e9s Hangversenyterem p\u00e9nzt\u00e1r\u00e1n. LE\u00cdR\u00c1S Akira Kurosawa v\u00e9lem\u00e9nye volt, hogy egy \u0151r\u00fclt vil\u00e1gban csak az \u0151r\u00fcltek j\u00f3zanok. Ez\u00e9rt &#8211; megel\u0151z\u0151, eg\u00e9szs\u00e9g\u00fcgyi okokb\u00f3l &#8211; [&hellip;]<\/p>\n","protected":false},"author":2,"featured_media":10510,"parent":0,"menu_order":0,"comment_status":"closed","ping_status":"closed","template":"","meta":{"footnotes":""},"class_list":["post-10568","page","type-page","status-publish","has-post-thumbnail","hentry","post","post-with-thumbnail","post-with-thumbnail-icon"],"_links":{"self":[{"href":"https:\/\/www1.kkl.si\/hu\/wp-json\/wp\/v2\/pages\/10568","targetHints":{"allow":["GET"]}}],"collection":[{"href":"https:\/\/www1.kkl.si\/hu\/wp-json\/wp\/v2\/pages"}],"about":[{"href":"https:\/\/www1.kkl.si\/hu\/wp-json\/wp\/v2\/types\/page"}],"author":[{"embeddable":true,"href":"https:\/\/www1.kkl.si\/hu\/wp-json\/wp\/v2\/users\/2"}],"replies":[{"embeddable":true,"href":"https:\/\/www1.kkl.si\/hu\/wp-json\/wp\/v2\/comments?post=10568"}],"version-history":[{"count":3,"href":"https:\/\/www1.kkl.si\/hu\/wp-json\/wp\/v2\/pages\/10568\/revisions"}],"predecessor-version":[{"id":10647,"href":"https:\/\/www1.kkl.si\/hu\/wp-json\/wp\/v2\/pages\/10568\/revisions\/10647"}],"wp:featuredmedia":[{"embeddable":true,"href":"https:\/\/www1.kkl.si\/hu\/wp-json\/wp\/v2\/media\/10510"}],"wp:attachment":[{"href":"https:\/\/www1.kkl.si\/hu\/wp-json\/wp\/v2\/media?parent=10568"}],"curies":[{"name":"wp","href":"https:\/\/api.w.org\/{rel}","templated":true}]}}