{"id":10869,"date":"2022-12-16T10:45:04","date_gmt":"2022-12-16T09:45:04","guid":{"rendered":"https:\/\/www1.kkl.si\/?page_id=10869"},"modified":"2023-12-12T11:32:19","modified_gmt":"2023-12-12T10:32:19","slug":"musor-2023-01","status":"publish","type":"page","link":"https:\/\/www1.kkl.si\/hu\/musor-2023-01\/","title":{"rendered":"M\u0170SOR: 2023. janu\u00e1r"},"content":{"rendered":"<p><strong>2023.<\/strong> <a href=\"https:\/\/www1.kkl.si\/hu\/musor-2023-01\/\">janu\u00e1r<\/a> | <a href=\"https:\/\/www1.kkl.si\/hu\/musor-2023-02\/\">febru\u00e1r<\/a> | <a href=\"https:\/\/www1.kkl.si\/hu\/musor-2023-03\/\">m\u00e1rcius<\/a> | <a href=\"https:\/\/www1.kkl.si\/hu\/musor-2023-04\/\">\u00e1prilis<\/a> | <a href=\"https:\/\/www1.kkl.si\/hu\/musor-2023-05\/\">m\u00e1jus<\/a> | <a href=\"https:\/\/www1.kkl.si\/hu\/musor-2023-06\/\">j\u00fanius<\/a> | <a href=\"https:\/\/www1.kkl.si\/hu\/musor-2023-07\/\">j\u00falius<\/a> | <a href=\"https:\/\/www1.kkl.si\/hu\/musor-2023-08\/\">augusztus<\/a> | <a href=\"https:\/\/www1.kkl.si\/hu\/musor-2023-09\/\">szeptember<\/a> | <a href=\"https:\/\/www1.kkl.si\/hu\/musor-2023-10\/\">okt\u00f3ber<\/a> | <a href=\"https:\/\/www1.kkl.si\/hu\/musor-2023-11\/\">november<\/a> | <a href=\"https:\/\/www1.kkl.si\/hu\/musor-2023-12\/\">december<\/a> | <a href=\"https:\/\/www1.kkl.si\/hu\/a-musor-archivuma\/\">ARCH\u00cdVUM<\/a><\/p>\n<table id=\"spored-legenda\" cellspacing=\"0\" cellpadding=\"5\">\n<tbody>\n<tr>\n<td><strong>JELMAGYAR\u00c1ZAT<br \/>\n<\/strong><\/td>\n<td style=\"vertical-align: middle;\"><img loading=\"lazy\" decoding=\"async\" class=\"alignnone wp-image-1586\" title=\"Szlov\u00e9n b\u00e9rlet\" src=\"https:\/\/www1.kkl.si\/wp-content\/uploads\/\/2020\/07\/spored_simb_abonma_si-1.svg\" alt=\"abonma_si\" width=\"30\" height=\"30\" \/><\/td>\n<td>Szlov\u00e9n<br \/>\nb\u00e9rlet<\/td>\n<td style=\"vertical-align: middle;\"><img loading=\"lazy\" decoding=\"async\" class=\"alignnone wp-image-1584\" title=\"Magyar b\u00e9rlet\" src=\"https:\/\/www1.kkl.si\/wp-content\/uploads\/\/2020\/07\/spored_simb_abonma_hu-1.svg\" alt=\"abonma_hu\" width=\"30\" height=\"30\" srcset=\"https:\/\/www1.kkl.si\/wp-content\/uploads\/\/2020\/07\/spored_simb_abonma_hu-1.svg 150w, https:\/\/www1.kkl.si\/wp-content\/uploads\/\/2020\/07\/spored_simb_abonma_hu-1.svg 400w, https:\/\/www1.kkl.si\/wp-content\/uploads\/\/2020\/07\/spored_simb_abonma_hu-1.svg 1500w, https:\/\/www1.kkl.si\/wp-content\/uploads\/\/2020\/07\/spored_simb_abonma_hu-1.svg 100w\" sizes=\"auto, (max-width: 30px) 100vw, 30px\" \/><\/td>\n<td>Magyar<br \/>\nb\u00e9rlet<\/td>\n<td style=\"vertical-align: middle;\"><img loading=\"lazy\" decoding=\"async\" class=\"alignnone wp-image-1594\" title=\"Z\u00e1rtk\u00f6r\u0171 rendezv\u00e9ny\" src=\"https:\/\/www1.kkl.si\/wp-content\/uploads\/\/2020\/07\/spored_simb_zakljucena-1.svg\" alt=\"zakljucena\" width=\"30\" height=\"30\" srcset=\"https:\/\/www1.kkl.si\/wp-content\/uploads\/\/2020\/07\/spored_simb_zakljucena-1.svg 150w, https:\/\/www1.kkl.si\/wp-content\/uploads\/\/2020\/07\/spored_simb_zakljucena-1.svg 400w, https:\/\/www1.kkl.si\/wp-content\/uploads\/\/2020\/07\/spored_simb_zakljucena-1.svg 1500w, https:\/\/www1.kkl.si\/wp-content\/uploads\/\/2020\/07\/spored_simb_zakljucena-1.svg 100w\" sizes=\"auto, (max-width: 30px) 100vw, 30px\" \/><\/td>\n<td>Z\u00e1rtk\u00f6r\u0171<br \/>\nrendezv\u00e9ny<\/td>\n<td style=\"vertical-align: middle;\"><img loading=\"lazy\" decoding=\"async\" class=\"alignnone wp-image-1588\" title=\"Ingyenes rendezv\u00e9ny\" src=\"https:\/\/www1.kkl.si\/wp-content\/uploads\/\/2020\/07\/spored_simb_brezplacna-1.svg\" alt=\"brezplacna\" width=\"30\" height=\"30\" srcset=\"https:\/\/www1.kkl.si\/wp-content\/uploads\/\/2020\/07\/spored_simb_brezplacna-1.svg 150w, https:\/\/www1.kkl.si\/wp-content\/uploads\/\/2020\/07\/spored_simb_brezplacna-1.svg 400w, https:\/\/www1.kkl.si\/wp-content\/uploads\/\/2020\/07\/spored_simb_brezplacna-1.svg 1500w, https:\/\/www1.kkl.si\/wp-content\/uploads\/\/2020\/07\/spored_simb_brezplacna-1.svg 100w\" sizes=\"auto, (max-width: 30px) 100vw, 30px\" \/><\/td>\n<td>Ingyenes<br \/>\nrendezv\u00e9ny<\/td>\n<td style=\"vertical-align: middle;\"><img loading=\"lazy\" decoding=\"async\" class=\"alignnone wp-image-1592\" title=\"Fizet\u0151s rendezv\u00e9ny\" src=\"https:\/\/www1.kkl.si\/wp-content\/uploads\/\/2020\/07\/spored_simb_placljiva-1.svg\" alt=\"placljiva\" width=\"30\" height=\"30\" srcset=\"https:\/\/www1.kkl.si\/wp-content\/uploads\/\/2020\/07\/spored_simb_placljiva-1.svg 150w, https:\/\/www1.kkl.si\/wp-content\/uploads\/\/2020\/07\/spored_simb_placljiva-1.svg 400w, https:\/\/www1.kkl.si\/wp-content\/uploads\/\/2020\/07\/spored_simb_placljiva-1.svg 1500w, https:\/\/www1.kkl.si\/wp-content\/uploads\/\/2020\/07\/spored_simb_placljiva-1.svg 100w\" sizes=\"auto, (max-width: 30px) 100vw, 30px\" \/><\/td>\n<td>Fizet\u0151s<br \/>\nrendezv\u00e9ny<\/td>\n<td style=\"vertical-align: middle;\"><img loading=\"lazy\" decoding=\"async\" class=\"alignnone wp-image-1590\" title=\"\u00dajdons\u00e1g, v\u00e1ltoz\u00e1s\" src=\"https:\/\/www1.kkl.si\/wp-content\/uploads\/\/2020\/07\/spored_simb_novost-1.svg\" alt=\"novost\" width=\"30\" height=\"30\" srcset=\"https:\/\/www1.kkl.si\/wp-content\/uploads\/\/2020\/07\/spored_simb_novost-1.svg 150w, https:\/\/www1.kkl.si\/wp-content\/uploads\/\/2020\/07\/spored_simb_novost-1.svg 400w, https:\/\/www1.kkl.si\/wp-content\/uploads\/\/2020\/07\/spored_simb_novost-1.svg 1500w, https:\/\/www1.kkl.si\/wp-content\/uploads\/\/2020\/07\/spored_simb_novost-1.svg 100w\" sizes=\"auto, (max-width: 30px) 100vw, 30px\" \/><\/td>\n<td>\u00dajdons\u00e1g,<br \/>\nv\u00e1ltoz\u00e1s<\/td>\n<\/tr>\n<\/tbody>\n<\/table>\n<table id=\"sporedtabela\" class=\"tablesorter\" style=\"width: 100%;\">\n<thead>\n<tr>\n<th style=\"width: 9.97506%;\">NAP<\/th>\n<th class=\"sortless\" style=\"text-align: left; width: 90%;\">RENDEZV\u00c9NY<\/th>\n<\/tr>\n<\/thead>\n<tbody>\n<tr>\n<td style=\"width: 9.97506%;\">\n<p style=\"text-align: center;\"><span style=\"font-size: 24pt;\"><strong>6.<br \/>\n<\/strong><\/span><\/p>\n<p style=\"text-align: center;\">p\u00e9ntek<\/p>\n<\/td>\n<td style=\"width: 90%;\">\n<p><i class=\"fas fa-clock\"><\/i>\u00a0<strong>17.00<\/strong> | a Lendvai Sz\u00ednh\u00e1z- \u00e9s Hangversenyterem el\u0151csarnoka<a href=\"https:\/\/www1.kkl.si\/wp-content\/uploads\/2022\/12\/Razstava_Likovna_dela_ZKD_2023.jpg\" data-lbwps-width=\"1061\" data-lbwps-height=\"1500\" data-lbwps-srcsmall=\"https:\/\/www1.kkl.si\/wp-content\/uploads\/2022\/12\/Razstava_Likovna_dela_ZKD_2023-283x400.jpg\"><img loading=\"lazy\" decoding=\"async\" class=\"slika alignright wp-image-10948 size-thumbnail\" src=\"https:\/\/www1.kkl.si\/wp-content\/uploads\/2022\/12\/Razstava_Likovna_dela_ZKD_2023-150x150.jpg\" alt=\"\" width=\"150\" height=\"150\" \/><\/a><img loading=\"lazy\" decoding=\"async\" class=\"wp-image-1588 alignright\" title=\"Ingyenes rendezv\u00e9ny\" src=\"https:\/\/www1.kkl.si\/wp-content\/uploads\/\/2020\/07\/spored_simb_brezplacna-1.svg\" alt=\"brezplacna\" width=\"30\" height=\"30\" srcset=\"https:\/\/www1.kkl.si\/wp-content\/uploads\/\/2020\/07\/spored_simb_brezplacna-1.svg 150w, https:\/\/www1.kkl.si\/wp-content\/uploads\/\/2020\/07\/spored_simb_brezplacna-1.svg 400w, https:\/\/www1.kkl.si\/wp-content\/uploads\/\/2020\/07\/spored_simb_brezplacna-1.svg 1500w, https:\/\/www1.kkl.si\/wp-content\/uploads\/\/2020\/07\/spored_simb_brezplacna-1.svg 100w\" sizes=\"auto, (max-width: 30px) 100vw, 30px\" \/><br \/>\n<strong>ki\u00e1ll\u00edt\u00e1s<br \/>\n<\/strong><\/p>\n<p><span style=\"font-size: 24pt;\"><strong>A KKSz Lendva 2022-es \u00e9vi m\u0171helymunk\u00e1n k\u00e9sz\u00fclt alkot\u00e1sok ki\u00e1ll\u00edt\u00e1sa<\/strong><\/span><\/p>\n<p><span style=\"font-size: 10pt;\">Szervez\u0151: <a href=\"http:\/\/www.zkd-lendava.com\/\">Zveza kulturnih dru\u0161tev Lendava &#8211; Kult\u00faregyes\u00fcletek K\u00f6zs\u00e9gi Sz\u00f6vets\u00e9ge Lendva<\/a><\/span><\/p>\n<\/td>\n<\/tr>\n<tr>\n<td style=\"width: 9.97506%; text-align: center;\">\n<p style=\"text-align: center;\"><strong><span style=\"font-size: 24pt;\">12.<\/span><br \/>\n<\/strong><\/p>\n<p>cs\u00fct\u00f6rt\u00f6k<\/td>\n<td style=\"width: 90%;\">\n<p><a href=\"https:\/\/www1.kkl.si\/wp-content\/uploads\/2023\/01\/szunyogh_sandor_megivo_2022.jpg\" data-lbwps-width=\"1772\" data-lbwps-height=\"1242\" data-lbwps-srcsmall=\"https:\/\/www1.kkl.si\/wp-content\/uploads\/2023\/01\/szunyogh_sandor_megivo_2022-400x280.jpg\"><img loading=\"lazy\" decoding=\"async\" class=\"slika wp-image-11055 size-thumbnail alignright\" src=\"https:\/\/www1.kkl.si\/wp-content\/uploads\/2023\/01\/szunyogh_sandor_megivo_2022-150x150.jpg\" alt=\"\" width=\"150\" height=\"150\" \/><\/a><i class=\"fas fa-clock\"><\/i>\u00a0<strong>17.00<\/strong> | Lendvai Zsinag\u00f3ga <img loading=\"lazy\" decoding=\"async\" class=\"wp-image-1588 alignright\" title=\"Ingyenes rendezv\u00e9ny\" src=\"https:\/\/www1.kkl.si\/wp-content\/uploads\/\/2020\/07\/spored_simb_brezplacna-1.svg\" alt=\"brezplacna\" width=\"30\" height=\"30\" srcset=\"https:\/\/www1.kkl.si\/wp-content\/uploads\/\/2020\/07\/spored_simb_brezplacna-1.svg 150w, https:\/\/www1.kkl.si\/wp-content\/uploads\/\/2020\/07\/spored_simb_brezplacna-1.svg 400w, https:\/\/www1.kkl.si\/wp-content\/uploads\/\/2020\/07\/spored_simb_brezplacna-1.svg 1500w, https:\/\/www1.kkl.si\/wp-content\/uploads\/\/2020\/07\/spored_simb_brezplacna-1.svg 100w\" sizes=\"auto, (max-width: 30px) 100vw, 30px\" \/><br \/>\n<strong>kultur\u00e1lis rendezv\u00e9ny<br \/>\n<\/strong><\/p>\n<p><span style=\"font-size: 24pt;\"><a href=\"https:\/\/www1.kkl.si\/sl\/spominski-dan-sandorja-szunyogha-z-naslovom-ha-elnemulok-viharok-viszik-tovabb-hangomat\/\"><strong>Sz\u00fanyogh S\u00e1ndor-eml\u00e9knap \u2013 \u201c\u2026ha eln\u00e9mulok, viharok viszik tov\u00e1bb hangomat\u2026\u201d<\/strong><\/a><\/span><\/p>\n<p><span style=\"font-size: 10pt;\">Szervez\u0151: <a href=\"https:\/\/www.mnmi-zkmn.si\/\">MNMI-ZKMN<\/a><\/span><\/p>\n<\/td>\n<\/tr>\n<tr>\n<td style=\"width: 9.97506%;\">\n<p style=\"text-align: center;\"><strong><span style=\"font-size: 24pt;\">14.<\/span><br \/>\n<\/strong><\/p>\n<p style=\"text-align: center;\">szombat<\/p>\n<\/td>\n<td style=\"width: 90%;\">\n<p><i class=\"fas fa-clock\"><\/i>\u00a0<strong>19.00<\/strong> | Lendvai Sz\u00ednh\u00e1z- \u00e9s Hangversenyterem<a href=\"https:\/\/www1.kkl.si\/wp-content\/uploads\/2023\/01\/plakat_B1_nikoli_ni_prepozno_2022.jpg\" data-lbwps-width=\"2100\" data-lbwps-height=\"3000\" data-lbwps-srcsmall=\"https:\/\/www1.kkl.si\/wp-content\/uploads\/2023\/01\/plakat_B1_nikoli_ni_prepozno_2022.jpg\"><img loading=\"lazy\" decoding=\"async\" class=\"slika alignright wp-image-10974 size-thumbnail\" src=\"https:\/\/www1.kkl.si\/wp-content\/uploads\/2023\/01\/plakat_B1_nikoli_ni_prepozno_2022-scaled-150x150.jpg\" alt=\"\" width=\"150\" height=\"150\" \/><\/a> <img loading=\"lazy\" decoding=\"async\" class=\"wp-image-1588 alignright\" title=\"Ingyenes rendezv\u00e9ny\" src=\"https:\/\/www1.kkl.si\/wp-content\/uploads\/\/2020\/07\/spored_simb_brezplacna-1.svg\" alt=\"brezplacna\" width=\"30\" height=\"30\" srcset=\"https:\/\/www1.kkl.si\/wp-content\/uploads\/\/2020\/07\/spored_simb_brezplacna-1.svg 150w, https:\/\/www1.kkl.si\/wp-content\/uploads\/\/2020\/07\/spored_simb_brezplacna-1.svg 400w, https:\/\/www1.kkl.si\/wp-content\/uploads\/\/2020\/07\/spored_simb_brezplacna-1.svg 1500w, https:\/\/www1.kkl.si\/wp-content\/uploads\/\/2020\/07\/spored_simb_brezplacna-1.svg 100w\" sizes=\"auto, (max-width: 30px) 100vw, 30px\" \/><br \/>\n<strong>monokom\u00e9dia<br \/>\n<\/strong><\/p>\n<p>SiTi teater:<br \/>\n<span style=\"font-size: 24pt;\"><strong>Nikoli ni prepozno<\/strong><\/span><\/p>\n<p><strong>Mojce Fatur<\/strong> szlov\u00e9n nyelv\u0171 monokom\u00e9di\u00e1ja<\/p>\n<p><i class=\"fas fa-info-circle\"><\/i> <strong>A bel\u00e9p\u00e9s d\u00edjtalan.<\/strong> Az ingyenes jegyek \u00e1tvehet\u0151k a Lendvai Sz\u00ednh\u00e1z- \u00e9s Hangversenyterem p\u00e9nzt\u00e1r\u00e1n.<br \/>\n<em>A rendezv\u00e9ny bemutat\u00e1s\u00e1t a Szlov\u00e9n Kultur\u00e1lis Miniszt\u00e9rium t\u00e1mogatja.<\/em><\/p>\n<p><span style=\"font-size: 10pt;\">Szervez\u0151: <a href=\"https:\/\/www.kkl.si\/\">Knji\u017enica \u2013 Kulturni center Lendava \u2013 Lendvai K\u00f6nyvt\u00e1r \u00e9s Kultur\u00e1lis K\u00f6zpont<\/a><\/span><\/p>\n<\/td>\n<\/tr>\n<tr>\n<td style=\"width: 9.97506%;\">\n<p style=\"text-align: center;\"><strong><span style=\"font-size: 24pt;\">21.<\/span><br \/>\n<\/strong><\/p>\n<p style=\"text-align: center;\">szombat<\/p>\n<\/td>\n<td style=\"width: 90%;\">\n<p><a href=\"https:\/\/www1.kkl.si\/wp-content\/uploads\/2023\/01\/magyar_kultura_napja_2023.jpg\" data-lbwps-width=\"1772\" data-lbwps-height=\"1021\" data-lbwps-srcsmall=\"https:\/\/www1.kkl.si\/wp-content\/uploads\/2023\/01\/magyar_kultura_napja_2023-400x230.jpg\"><img loading=\"lazy\" decoding=\"async\" class=\"alignright size-thumbnail wp-image-11068\" src=\"https:\/\/www1.kkl.si\/wp-content\/uploads\/2023\/01\/magyar_kultura_napja_2023-e1673771304232-150x150.jpg\" alt=\"\" width=\"150\" height=\"150\" \/><\/a><i class=\"fas fa-clock\"><\/i>\u00a0<strong>18.00<\/strong> | Lendvai Sz\u00ednh\u00e1z- \u00e9s Hangversenyterem<img loading=\"lazy\" decoding=\"async\" class=\"wp-image-1588 alignright\" title=\"Ingyenes rendezv\u00e9ny\" src=\"https:\/\/www1.kkl.si\/wp-content\/uploads\/\/2020\/07\/spored_simb_brezplacna-1.svg\" alt=\"brezplacna\" width=\"30\" height=\"30\" srcset=\"https:\/\/www1.kkl.si\/wp-content\/uploads\/\/2020\/07\/spored_simb_brezplacna-1.svg 150w, https:\/\/www1.kkl.si\/wp-content\/uploads\/\/2020\/07\/spored_simb_brezplacna-1.svg 400w, https:\/\/www1.kkl.si\/wp-content\/uploads\/\/2020\/07\/spored_simb_brezplacna-1.svg 1500w, https:\/\/www1.kkl.si\/wp-content\/uploads\/\/2020\/07\/spored_simb_brezplacna-1.svg 100w\" sizes=\"auto, (max-width: 30px) 100vw, 30px\" \/><br \/>\n<strong>kultur\u00e1lis rendezv\u00e9ny<br \/>\n<\/strong><\/p>\n<p><strong><span style=\"font-size: 24pt;\"><a href=\"https:\/\/www1.kkl.si\/sl\/dan-madzarske-kulture-2023\/\">A Magyar Kult\u00fara Napja 2023<\/a><\/span><br \/>\n<\/strong>a m\u0171sor keret\u00e9ben kiosztj\u00e1k a 2023. \u00e9vi Zala Gy\u00f6rgy kultur\u00e1lis d\u00edjakat<\/p>\n<p><span style=\"font-size: 10pt;\">Szervez\u0151: <a href=\"https:\/\/www.mnmi-zkmn.si\/\">MNMI-ZKMN<\/a><\/span><\/p>\n<\/td>\n<\/tr>\n<tr style=\"width: 100px;\">\n<td style=\"width: 9.97506%;\">\n<p style=\"text-align: center;\"><span style=\"font-size: 24pt;\"><strong>22.<br \/>\n<\/strong><\/span><\/p>\n<p style=\"text-align: center;\">vas\u00e1rnap<\/p>\n<\/td>\n<td style=\"width: 90%;\">\n<p><i class=\"fas fa-clock\"><\/i> <strong>19.00<\/strong> | Lendvai Sz\u00ednh\u00e1z- \u00e9s Hangversenyterem <a href=\"https:\/\/www1.kkl.si\/wp-content\/uploads\/2023\/01\/plakat_B2_Lara_2023_DVOJ.jpg\" data-lbwps-width=\"2143\" data-lbwps-height=\"3000\" data-lbwps-srcsmall=\"https:\/\/www1.kkl.si\/wp-content\/uploads\/2023\/01\/plakat_B2_Lara_2023_DVOJ.jpg\"><img loading=\"lazy\" decoding=\"async\" class=\"slika alignright wp-image-11050 size-thumbnail\" src=\"https:\/\/www1.kkl.si\/wp-content\/uploads\/2023\/01\/plakat_B2_Lara_2023_DVOJ-scaled-150x150.jpg\" alt=\"\" width=\"150\" height=\"150\" \/><\/a><img loading=\"lazy\" decoding=\"async\" class=\"alignright\" title=\"Fizet\u0151s rendezv\u00e9ny\" src=\"https:\/\/www1.kkl.si\/wp-content\/uploads\/\/2020\/07\/spored_simb_placljiva-1.svg\" alt=\"placljiva\" width=\"30\" height=\"30\" \/><img loading=\"lazy\" decoding=\"async\" class=\"alignright\" title=\"Szlov\u00e9n b\u00e9rlet\" src=\"https:\/\/www1.kkl.si\/wp-content\/uploads\/\/2020\/07\/spored_simb_abonma_si-1.svg\" alt=\"abonma_si\" width=\"30\" height=\"30\" \/><br \/>\n<strong>zen\u00e9s sz\u00ednh\u00e1zi el\u0151ad\u00e1s<\/strong><\/p>\n<p>Jankovi\u010d Lara zen\u00e9s &#8211; sz\u00ednh\u00e1zi produkci\u00f3ja szlov\u00e9n nyelven:<\/p>\n<p><span style=\"font-size: 24pt;\"><strong><a href=\"https:\/\/www1.kkl.si\/hu\/lara-jankovic-pesem-za-laro-ujetnica-casa-egy-dal-laranak\/\">Pesem za Laro<\/a><br \/>\n<\/strong><\/span><\/p>\n<p><i class=\"fas fa-ticket-alt\"><\/i> Bel\u00e9p\u0151d\u00edj: <strong>15 \u20ac<br \/>\n<\/strong><i class=\"fas fa-ticket-alt\"><\/i> Bel\u00e9p\u0151d\u00edj a 2019\/2020-as b\u00e9rlettulajdonosoknak: <strong>12 \u20ac<\/strong><\/p>\n<p><span style=\"font-size: 10pt;\">Szervez\u0151: <a href=\"https:\/\/www.kkl.si\/\">Knji\u017enica \u2013 Kulturni center Lendava \u2013 Lendvai K\u00f6nyvt\u00e1r \u00e9s Kultur\u00e1lis K\u00f6zpont<\/a><\/span><\/p>\n<\/td>\n<\/tr>\n<tr>\n<td style=\"width: 9.97506%;\">\n<p style=\"text-align: center;\"><strong><span style=\"font-size: 24pt;\">24.<\/span><br \/>\n<\/strong><\/p>\n<p style=\"text-align: center;\">kedd<\/p>\n<\/td>\n<td style=\"width: 90%;\">\n<p><a href=\"https:\/\/www1.kkl.si\/wp-content\/uploads\/2023\/01\/Vabilo_Meghivo_SOA_2023_web.jpg\" data-lbwps-width=\"2500\" data-lbwps-height=\"1768\" data-lbwps-srcsmall=\"https:\/\/www1.kkl.si\/wp-content\/uploads\/2023\/01\/Vabilo_Meghivo_SOA_2023_web-400x283.jpg\"><img loading=\"lazy\" decoding=\"async\" class=\"slika alignright wp-image-11106 size-thumbnail\" src=\"https:\/\/www1.kkl.si\/wp-content\/uploads\/2023\/01\/Vabilo_Meghivo_SOA_2023_web-e1674294457818-150x150.jpg\" alt=\"\" width=\"150\" height=\"150\" \/><\/a><i class=\"fas fa-clock\"><\/i>\u00a0<strong>18.00<\/strong> | Lendvai Zsinag\u00f3ga <img loading=\"lazy\" decoding=\"async\" class=\"wp-image-1588 alignright\" title=\"Ingyenes rendezv\u00e9ny\" src=\"https:\/\/www1.kkl.si\/wp-content\/uploads\/\/2020\/07\/spored_simb_brezplacna-1.svg\" alt=\"brezplacna\" width=\"30\" height=\"30\" srcset=\"https:\/\/www1.kkl.si\/wp-content\/uploads\/\/2020\/07\/spored_simb_brezplacna-1.svg 150w, https:\/\/www1.kkl.si\/wp-content\/uploads\/\/2020\/07\/spored_simb_brezplacna-1.svg 400w, https:\/\/www1.kkl.si\/wp-content\/uploads\/\/2020\/07\/spored_simb_brezplacna-1.svg 1500w, https:\/\/www1.kkl.si\/wp-content\/uploads\/\/2020\/07\/spored_simb_brezplacna-1.svg 100w\" sizes=\"auto, (max-width: 30px) 100vw, 30px\" \/><br \/>\n<strong>ki\u00e1ll\u00edt\u00e1s<br \/>\n<\/strong><\/p>\n<p>SO\u00c1 2023 \u2013 Eml\u00e9kezz\u00fcnk<\/p>\n<p><a href=\"https:\/\/www1.kkl.si\/hu\/hazateres-a-lendvai-zsido-csaladok-botlatokoveinek-a-tortenetei\/\"><strong><span style=\"font-size: 24pt;\">Hazat\u00e9r\u00e9s: a lendvai zsid\u00f3 csal\u00e1dok botlat\u00f3k\u00f6veinek a t\u00f6rt\u00e9netei<\/span><\/strong><\/a><\/p>\n<p><span style=\"font-size: 10pt;\">Szervez\u0151: <a href=\"https:\/\/www.gml.si\/\">GML<\/a>, <a href=\"http:\/\/www.sinagogamaribor.si\/\">Sinagoga Maribor<\/a>, <a href=\"https:\/\/www.lendava.si\/\">Ob\u010dina Lendvava-Lendva K\u00f6zs\u00e9g<\/a><\/span><\/p>\n<\/td>\n<\/tr>\n<tr>\n<td style=\"width: 9.97506%;\">\n<p style=\"text-align: center;\"><span style=\"font-size: 24pt;\"><strong>25.<br \/>\n<\/strong><\/span><\/p>\n<p style=\"text-align: center;\">szerda<\/p>\n<p>&nbsp;<\/p>\n<\/td>\n<td style=\"width: 90%;\">\n<p>Lendvai Sz\u00ednh\u00e1z- \u00e9s Hangversenyterem<strong><img loading=\"lazy\" decoding=\"async\" class=\"wp-image-1594 alignright\" title=\"Z\u00e1rtk\u00f6r\u0171 rendezv\u00e9ny\" src=\"https:\/\/www1.kkl.si\/wp-content\/uploads\/\/2020\/07\/spored_simb_zakljucena-1.svg\" alt=\"zakljucena\" width=\"30\" height=\"30\" srcset=\"https:\/\/www1.kkl.si\/wp-content\/uploads\/\/2020\/07\/spored_simb_zakljucena-1.svg 150w, https:\/\/www1.kkl.si\/wp-content\/uploads\/\/2020\/07\/spored_simb_zakljucena-1.svg 400w, https:\/\/www1.kkl.si\/wp-content\/uploads\/\/2020\/07\/spored_simb_zakljucena-1.svg 1500w, https:\/\/www1.kkl.si\/wp-content\/uploads\/\/2020\/07\/spored_simb_zakljucena-1.svg 100w\" sizes=\"auto, (max-width: 30px) 100vw, 30px\" \/><\/strong><br \/>\n<strong>z\u00e1rtk\u00f6r\u0171 rendezv\u00e9ny csoportnak<br \/>\n<\/strong><\/p>\n<p><strong><span style=\"font-size: 24pt;\">Sz\u00ednh\u00e1zi titkok<\/span><\/strong><\/p>\n<p><span style=\"font-size: 10pt;\">Szervez\u0151: <a href=\"https:\/\/www.kkl.si\/\">Knji\u017enica \u2013 Kulturni center Lendava \u2013 Lendvai K\u00f6nyvt\u00e1r \u00e9s Kultur\u00e1lis K\u00f6zpont<\/a><\/span><\/p>\n<\/td>\n<\/tr>\n<tr>\n<td style=\"width: 9.97506%;\">\n<p style=\"text-align: center;\"><strong><span style=\"font-size: 24pt;\">27.<\/span><br \/>\n<\/strong><\/p>\n<p style=\"text-align: center;\">p\u00e9ntek<\/p>\n<\/td>\n<td style=\"width: 90%;\">\n<p><a href=\"https:\/\/www1.kkl.si\/wp-content\/uploads\/2023\/01\/Plakat_Luc-upanje-ljubezen_2023.jpg\" data-lbwps-width=\"1414\" data-lbwps-height=\"2000\" data-lbwps-srcsmall=\"https:\/\/www1.kkl.si\/wp-content\/uploads\/2023\/01\/Plakat_Luc-upanje-ljubezen_2023-283x400.jpg\"><img loading=\"lazy\" decoding=\"async\" class=\"slika alignright wp-image-11129 size-thumbnail\" src=\"https:\/\/www1.kkl.si\/wp-content\/uploads\/2023\/01\/Plakat_Luc-upanje-ljubezen_2023-150x150.jpg\" alt=\"\" width=\"150\" height=\"150\" \/><\/a><i class=\"fas fa-clock\"><\/i> <strong>18.00<\/strong> | Lendvai Zsinag\u00f3ga<img loading=\"lazy\" decoding=\"async\" class=\"wp-image-1588 alignright\" title=\"Ingyenes rendezv\u00e9ny\" src=\"https:\/\/www1.kkl.si\/wp-content\/uploads\/\/2020\/07\/spored_simb_brezplacna-1.svg\" alt=\"brezplacna\" width=\"30\" height=\"30\" srcset=\"https:\/\/www1.kkl.si\/wp-content\/uploads\/\/2020\/07\/spored_simb_brezplacna-1.svg 150w, https:\/\/www1.kkl.si\/wp-content\/uploads\/\/2020\/07\/spored_simb_brezplacna-1.svg 400w, https:\/\/www1.kkl.si\/wp-content\/uploads\/\/2020\/07\/spored_simb_brezplacna-1.svg 1500w, https:\/\/www1.kkl.si\/wp-content\/uploads\/\/2020\/07\/spored_simb_brezplacna-1.svg 100w\" sizes=\"auto, (max-width: 30px) 100vw, 30px\" \/><br \/>\n<strong>koncert<br \/>\n<\/strong><\/p>\n<p>SO\u00c1 2023 \u2013 Eml\u00e9kezz\u00fcnk<\/p>\n<p><span style=\"font-size: 24pt;\"><a href=\"https:\/\/www1.kkl.si\/sl\/koncert-luc-upanje-ljubezen\/\"><strong>F\u00e9ny, rem\u00e9ny, szeretet*<\/strong><\/a><\/span><\/p>\n<p><strong>Inga Ulokina<\/strong> (heged\u0171), <strong>Olga Ulokina<\/strong> (zongora) \u00e9s <strong>Marina Igritskaya<\/strong> (szopr\u00e1n) koncertje<\/p>\n<p><span style=\"font-size: 10pt;\">Szervez\u0151: <a href=\"http:\/\/www.zkd-lendava.com\/\">Zveza kulturnih dru\u0161tev Lendava\/Kult\u00faregyes\u00fcletek K\u00f6zs\u00e9gi Sz\u00f6vets\u00e9ge Lendva<\/a>, Kulturno in turisti\u010dno dru\u0161tvo Novi Sad Lendava, <a href=\"https:\/\/www.lendava.si\/\">Ob\u010dina Lendvava\/Lendva K\u00f6zs\u00e9g<\/a><\/span><\/p>\n<\/td>\n<\/tr>\n<\/tbody>\n<\/table>\n<p style=\"text-align: center;\"><span style=\"font-size: 10pt;\">A szervez\u0151k fenntartj\u00e1k a m\u0171sorv\u00e1ltoz\u00e1s jog\u00e1t.<\/span><\/p>\n","protected":false},"excerpt":{"rendered":"<p>2023. janu\u00e1r | febru\u00e1r | m\u00e1rcius | \u00e1prilis | m\u00e1jus | j\u00fanius | j\u00falius | augusztus | szeptember | okt\u00f3ber | november | december | ARCH\u00cdVUM JELMAGYAR\u00c1ZAT Szlov\u00e9n b\u00e9rlet Magyar b\u00e9rlet Z\u00e1rtk\u00f6r\u0171 rendezv\u00e9ny Ingyenes rendezv\u00e9ny Fizet\u0151s rendezv\u00e9ny \u00dajdons\u00e1g, v\u00e1ltoz\u00e1s NAP RENDEZV\u00c9NY 6. p\u00e9ntek \u00a017.00 | a Lendvai Sz\u00ednh\u00e1z- \u00e9s Hangversenyterem el\u0151csarnoka ki\u00e1ll\u00edt\u00e1s A KKSz Lendva [&hellip;]<\/p>\n","protected":false},"author":2,"featured_media":0,"parent":0,"menu_order":0,"comment_status":"closed","ping_status":"closed","template":"","meta":{"footnotes":""},"class_list":["post-10869","page","type-page","status-publish","hentry","post"],"_links":{"self":[{"href":"https:\/\/www1.kkl.si\/hu\/wp-json\/wp\/v2\/pages\/10869","targetHints":{"allow":["GET"]}}],"collection":[{"href":"https:\/\/www1.kkl.si\/hu\/wp-json\/wp\/v2\/pages"}],"about":[{"href":"https:\/\/www1.kkl.si\/hu\/wp-json\/wp\/v2\/types\/page"}],"author":[{"embeddable":true,"href":"https:\/\/www1.kkl.si\/hu\/wp-json\/wp\/v2\/users\/2"}],"replies":[{"embeddable":true,"href":"https:\/\/www1.kkl.si\/hu\/wp-json\/wp\/v2\/comments?post=10869"}],"version-history":[{"count":27,"href":"https:\/\/www1.kkl.si\/hu\/wp-json\/wp\/v2\/pages\/10869\/revisions"}],"predecessor-version":[{"id":15643,"href":"https:\/\/www1.kkl.si\/hu\/wp-json\/wp\/v2\/pages\/10869\/revisions\/15643"}],"wp:attachment":[{"href":"https:\/\/www1.kkl.si\/hu\/wp-json\/wp\/v2\/media?parent=10869"}],"curies":[{"name":"wp","href":"https:\/\/api.w.org\/{rel}","templated":true}]}}