{"id":11073,"date":"2023-01-15T09:57:07","date_gmt":"2023-01-15T08:57:07","guid":{"rendered":"https:\/\/www1.kkl.si\/?page_id=11073"},"modified":"2023-01-15T09:57:07","modified_gmt":"2023-01-15T08:57:07","slug":"a-magyar-kultura-napja-2023","status":"publish","type":"page","link":"https:\/\/www1.kkl.si\/hu\/a-magyar-kultura-napja-2023\/","title":{"rendered":"A Magyar Kult\u00fara Napja 2023"},"content":{"rendered":"<div class=\"opis\"><i class=\"fas fa-clock\"><\/i> <strong>2022. janu\u00e1r 21. szombat, 18.00<\/strong> | Lendvai Sz\u00ednh\u00e1z- \u00e9s Hangversenyterem<img loading=\"lazy\" decoding=\"async\" class=\"wp-image-1588 alignright\" title=\"Ingyenes rendezv\u00e9ny\" src=\"https:\/\/www1.kkl.si\/wp-content\/uploads\/\/2020\/07\/spored_simb_brezplacna-1.svg\" sizes=\"auto, (max-width: 30px) 100vw, 30px\" srcset=\"https:\/\/www1.kkl.si\/wp-content\/uploads\/\/2020\/07\/spored_simb_brezplacna-1.svg 150w, https:\/\/www1.kkl.si\/wp-content\/uploads\/\/2020\/07\/spored_simb_brezplacna-1.svg 400w, https:\/\/www1.kkl.si\/wp-content\/uploads\/\/2020\/07\/spored_simb_brezplacna-1.svg 1500w, https:\/\/www1.kkl.si\/wp-content\/uploads\/\/2020\/07\/spored_simb_brezplacna-1.svg 100w\" alt=\"brezplacna\" width=\"30\" height=\"30\" \/><br \/>\n<i class=\"fas fa-chevron-circle-right\"><\/i>\u00a0<strong>kultur\u00e1lis rendezv\u00e9ny<br \/>\n<\/strong>Szervez\u0151: <a href=\"https:\/\/www.mnmi-zkmn.si\/\">MNMI-ZKMN<\/a><\/div>\n<p>Tisztelettel \u00e9s szeretettel megh\u00edvjuk \u00d6n\u00f6ket<\/p>\n<p><strong>A MAGYAR KULT\u00daRA NAPJA<\/strong><\/p>\n<p>alkalm\u00e1b\u00f3l rendezett \u00fcnnepi m\u0171sorra, amely keret\u00e9ben kiosztjuk a 2023. \u00e9vi <br \/>\nZala Gy\u00f6rgy kultur\u00e1lis d\u00edjakat.<\/p>\n<p>Az \u00fcnneps\u00e9g 2023. janu\u00e1r 21-\u00e9n, szombaton 18 \u00f3rakor lesz Lendv\u00e1n a Sz\u00ednh\u00e1z- \u00e9s Hangversenyteremben.<\/p>\n<p>\u00dcnnepi k\u00f6sz\u00f6nt\u0151t mond Csibi Krisztina, a Magyars\u00e1g H\u00e1za igazgat\u00f3ja.<\/p>\n<p>A kult\u00farm\u0171sorban k\u00f6zrem\u0171k\u00f6dnek: Zadravec Szekeres Ilona, \u0160etar Lucija, Pal Laura \u00e9s Pal Emil el\u0151ad\u00f3k, valamint a p\u00e9csi Mecsek T\u00e1ncegy\u00fcttes \u00e9s a Tenkes Zenekar.<\/p>\n<p>A 2023. \u00e9vi d\u00edjazottak:<br \/>\n&#8211; Anduska J\u00e1nosn\u00e9 \u00e9s Orb\u00e1n Lajosn\u00e9 &#8211; elismer\u0151 d\u00edszoklev\u00e9l<br \/>\n&#8211; Bokor B\u00e9la &#8211; Zala Gy\u00f6rgy k\u00fcl\u00f6nd\u00edj<br \/>\n&#8211; \u0160oo\u0161 Peter &#8211; Zala Gy\u00f6rgy kultur\u00e1lis d\u00edj<br \/>\n&#8211; Bacsi L\u00e1szl\u00f3 &#8211; Zala Gy\u00f6rgy kultur\u00e1lis d\u00edj<br \/>\n&#8211; Car Anna &#8211; Zala Gy\u00f6rgy \u00e9letm\u0171d\u00edj<\/p>\n<p>Tisztelj\u00fck meg d\u00edjazottjainkat \u00e9s \u00fcnnepelj\u00fcnk egy\u00fctt!<\/p>\n<p><i class=\"fas fa-link\"><\/i> <a href=\"https:\/\/www.mnmi-zkmn.si\/sl\/event\/dan-madzarske-kulture\/\">https:\/\/www.mnmi-zkmn.si\/sl\/event\/dan-madzarske-kulture\/<\/a><\/p>\n<p><a href=\"https:\/\/www1.kkl.si\/wp-content\/uploads\/2023\/01\/magyar_kultura_napja_2023.jpg\" data-lbwps-width=\"1772\" data-lbwps-height=\"1021\" data-lbwps-srcsmall=\"https:\/\/www1.kkl.si\/wp-content\/uploads\/2023\/01\/magyar_kultura_napja_2023-400x230.jpg\"><img loading=\"lazy\" decoding=\"async\" class=\"alignnone size-large wp-image-11068\" src=\"https:\/\/www1.kkl.si\/wp-content\/uploads\/2023\/01\/magyar_kultura_napja_2023-1500x864.jpg\" alt=\"\" width=\"1500\" height=\"864\" srcset=\"https:\/\/www1.kkl.si\/wp-content\/uploads\/2023\/01\/magyar_kultura_napja_2023-1500x864.jpg 1500w, https:\/\/www1.kkl.si\/wp-content\/uploads\/2023\/01\/magyar_kultura_napja_2023-400x230.jpg 400w, https:\/\/www1.kkl.si\/wp-content\/uploads\/2023\/01\/magyar_kultura_napja_2023.jpg 1772w\" sizes=\"auto, (max-width: 1500px) 100vw, 1500px\" \/><\/a><\/p>\n","protected":false},"excerpt":{"rendered":"<p>2022. janu\u00e1r 21. szombat, 18.00 | Lendvai Sz\u00ednh\u00e1z- \u00e9s Hangversenyterem \u00a0kultur\u00e1lis rendezv\u00e9ny Szervez\u0151: MNMI-ZKMN Tisztelettel \u00e9s szeretettel megh\u00edvjuk \u00d6n\u00f6ket A MAGYAR KULT\u00daRA NAPJA alkalm\u00e1b\u00f3l rendezett \u00fcnnepi m\u0171sorra, amely keret\u00e9ben kiosztjuk a 2023. \u00e9vi Zala Gy\u00f6rgy kultur\u00e1lis d\u00edjakat. Az \u00fcnneps\u00e9g 2023. janu\u00e1r 21-\u00e9n, szombaton 18 \u00f3rakor lesz Lendv\u00e1n a Sz\u00ednh\u00e1z- \u00e9s Hangversenyteremben. \u00dcnnepi k\u00f6sz\u00f6nt\u0151t mond Csibi [&hellip;]<\/p>\n","protected":false},"author":2,"featured_media":11069,"parent":0,"menu_order":0,"comment_status":"closed","ping_status":"closed","template":"","meta":{"footnotes":""},"class_list":["post-11073","page","type-page","status-publish","has-post-thumbnail","hentry","post","post-with-thumbnail","post-with-thumbnail-icon"],"_links":{"self":[{"href":"https:\/\/www1.kkl.si\/hu\/wp-json\/wp\/v2\/pages\/11073","targetHints":{"allow":["GET"]}}],"collection":[{"href":"https:\/\/www1.kkl.si\/hu\/wp-json\/wp\/v2\/pages"}],"about":[{"href":"https:\/\/www1.kkl.si\/hu\/wp-json\/wp\/v2\/types\/page"}],"author":[{"embeddable":true,"href":"https:\/\/www1.kkl.si\/hu\/wp-json\/wp\/v2\/users\/2"}],"replies":[{"embeddable":true,"href":"https:\/\/www1.kkl.si\/hu\/wp-json\/wp\/v2\/comments?post=11073"}],"version-history":[{"count":1,"href":"https:\/\/www1.kkl.si\/hu\/wp-json\/wp\/v2\/pages\/11073\/revisions"}],"predecessor-version":[{"id":11077,"href":"https:\/\/www1.kkl.si\/hu\/wp-json\/wp\/v2\/pages\/11073\/revisions\/11077"}],"wp:featuredmedia":[{"embeddable":true,"href":"https:\/\/www1.kkl.si\/hu\/wp-json\/wp\/v2\/media\/11069"}],"wp:attachment":[{"href":"https:\/\/www1.kkl.si\/hu\/wp-json\/wp\/v2\/media?parent=11073"}],"curies":[{"name":"wp","href":"https:\/\/api.w.org\/{rel}","templated":true}]}}