{"id":11135,"date":"2023-01-23T09:45:13","date_gmt":"2023-01-23T08:45:13","guid":{"rendered":"https:\/\/www1.kkl.si\/?page_id=11135"},"modified":"2023-01-24T09:42:55","modified_gmt":"2023-01-24T08:42:55","slug":"koncert-feny-remeny-szeretet","status":"publish","type":"page","link":"https:\/\/www1.kkl.si\/hu\/koncert-feny-remeny-szeretet\/","title":{"rendered":"KONCERT: F\u00e9ny, rem\u00e9ny, szeretet"},"content":{"rendered":"<div class=\"opis\"><i class=\"fas fa-clock\"><\/i> <strong>2023. janu\u00e1r 27. p\u00e9ntek, 18.00<\/strong> | Lendvai Zsinag\u00f3ga<img loading=\"lazy\" decoding=\"async\" class=\"wp-image-1588 alignright\" title=\"Ingyenes rendezv\u00e9ny\" src=\"https:\/\/www1.kkl.si\/wp-content\/uploads\/\/2020\/07\/spored_simb_brezplacna-1.svg\" sizes=\"auto, (max-width: 30px) 100vw, 30px\" srcset=\"https:\/\/www1.kkl.si\/wp-content\/uploads\/\/2020\/07\/spored_simb_brezplacna-1.svg 150w, https:\/\/www1.kkl.si\/wp-content\/uploads\/\/2020\/07\/spored_simb_brezplacna-1.svg 400w, https:\/\/www1.kkl.si\/wp-content\/uploads\/\/2020\/07\/spored_simb_brezplacna-1.svg 1500w, https:\/\/www1.kkl.si\/wp-content\/uploads\/\/2020\/07\/spored_simb_brezplacna-1.svg 100w\" alt=\"brezplacna\" width=\"30\" height=\"30\" \/><br \/>\n<i class=\"fas fa-chevron-circle-right\"><\/i> <strong>koncert<br \/>\n<\/strong>Szervez\u0151: <a href=\"http:\/\/www.zkd-lendava.com\/\">ZKD Lendava\/KKSz Lendva<\/a>, Kulturno in turisti\u010dno dru\u0161tvo Novi Sad Lendava, <a href=\"https:\/\/www.lendava.si\/\">Ob\u010dina Lendvava\/Lendva K\u00f6zs\u00e9g<\/a><\/div>\n<p><strong>SO\u00c1 2023 \u2013 Eml\u00e9kezz\u00fcnk<\/strong><\/p>\n<p><strong>F\u00c9NY, REM\u00c9NY, SZERETET, KONCERT A LENDVAI ZSINAG\u00d3G\u00c1BAN<\/strong><\/p>\n<p>Bel\u00e9p\u0151d\u00edj: nincs, ingyenes<br \/>\nHelysz\u00edn: Lendvai Zsinag\u00f3ga, Spodnja ulica 5\/Als\u00f3 utca 5., 9220 Lendava\/Lendva<\/p>\n<p>A Holokauszt Nemzetk\u00f6zi Eml\u00e9knapja alkalm\u00e1b\u00f3l Lendva id\u00e9n is sz\u00e1mos olyan esem\u00e9nysorozatnak ad otthont, amely a 20. sz\u00e1zad legnagyobb gonoszs\u00e1g\u00e1ra val\u00f3 tart\u00f3s eml\u00e9kez\u00e9sre \u00e9s megeml\u00e9kez\u00e9sre h\u00edvja fel a k\u00f6z\u00f6ns\u00e9get.<\/p>\n<p>Sok szeretettel v\u00e1runk minden \u00e9rdekl\u0151d\u0151t <strong>Inga Ulokina<\/strong> (heged\u0171), <strong>Olga Ulokina<\/strong> (zongora) \u00e9s <strong>Marina Igritskaya<\/strong> (szopr\u00e1n) koncertj\u00e9re, amelyre 2023. janu\u00e1r 27-\u00e9n, 18 \u00f3rakor ker\u00fcl sor a Lendvai Zsinag\u00f3g\u00e1ban.<\/p>\n<p><strong><a href=\"https:\/\/www1.kkl.si\/wp-content\/uploads\/2023\/01\/Plakat_Luc-upanje-ljubezen_2023.jpg\" data-lbwps-width=\"1414\" data-lbwps-height=\"2000\" data-lbwps-srcsmall=\"https:\/\/www1.kkl.si\/wp-content\/uploads\/2023\/01\/Plakat_Luc-upanje-ljubezen_2023-283x400.jpg\"><img loading=\"lazy\" decoding=\"async\" class=\"slika alignnone wp-image-11129 size-large\" src=\"https:\/\/www1.kkl.si\/wp-content\/uploads\/2023\/01\/Plakat_Luc-upanje-ljubezen_2023.jpg\" alt=\"\" width=\"1061\" height=\"1500\" srcset=\"https:\/\/www1.kkl.si\/wp-content\/uploads\/2023\/01\/Plakat_Luc-upanje-ljubezen_2023.jpg 1414w, https:\/\/www1.kkl.si\/wp-content\/uploads\/2023\/01\/Plakat_Luc-upanje-ljubezen_2023-283x400.jpg 283w, https:\/\/www1.kkl.si\/wp-content\/uploads\/2023\/01\/Plakat_Luc-upanje-ljubezen_2023-1061x1500.jpg 1061w\" sizes=\"auto, (max-width: 1061px) 100vw, 1061px\" \/><\/a><\/strong><\/p>\n<p><i class=\"fas fa-link\"><\/i> <a href=\"https:\/\/www.lendava.si\/post\/721989\">Ob\u010dina Lendava-Lendva K\u00f6zs\u00e9g<\/a><br \/>\n<i class=\"fas fa-link\"><\/i> <a href=\"http:\/\/www.sinagogamaribor.si\/slo\/program\/2023-2\/soa-spominjajmo-se-2023\/\">Sinagoga Maribor<\/a><\/p>\n","protected":false},"excerpt":{"rendered":"<p>2023. janu\u00e1r 27. p\u00e9ntek, 18.00 | Lendvai Zsinag\u00f3ga koncert Szervez\u0151: ZKD Lendava\/KKSz Lendva, Kulturno in turisti\u010dno dru\u0161tvo Novi Sad Lendava, Ob\u010dina Lendvava\/Lendva K\u00f6zs\u00e9g SO\u00c1 2023 \u2013 Eml\u00e9kezz\u00fcnk F\u00c9NY, REM\u00c9NY, SZERETET, KONCERT A LENDVAI ZSINAG\u00d3G\u00c1BAN Bel\u00e9p\u0151d\u00edj: nincs, ingyenes Helysz\u00edn: Lendvai Zsinag\u00f3ga, Spodnja ulica 5\/Als\u00f3 utca 5., 9220 Lendava\/Lendva A Holokauszt Nemzetk\u00f6zi Eml\u00e9knapja alkalm\u00e1b\u00f3l Lendva id\u00e9n is [&hellip;]<\/p>\n","protected":false},"author":2,"featured_media":0,"parent":0,"menu_order":0,"comment_status":"closed","ping_status":"closed","template":"","meta":{"footnotes":""},"class_list":["post-11135","page","type-page","status-publish","hentry","post"],"_links":{"self":[{"href":"https:\/\/www1.kkl.si\/hu\/wp-json\/wp\/v2\/pages\/11135","targetHints":{"allow":["GET"]}}],"collection":[{"href":"https:\/\/www1.kkl.si\/hu\/wp-json\/wp\/v2\/pages"}],"about":[{"href":"https:\/\/www1.kkl.si\/hu\/wp-json\/wp\/v2\/types\/page"}],"author":[{"embeddable":true,"href":"https:\/\/www1.kkl.si\/hu\/wp-json\/wp\/v2\/users\/2"}],"replies":[{"embeddable":true,"href":"https:\/\/www1.kkl.si\/hu\/wp-json\/wp\/v2\/comments?post=11135"}],"version-history":[{"count":5,"href":"https:\/\/www1.kkl.si\/hu\/wp-json\/wp\/v2\/pages\/11135\/revisions"}],"predecessor-version":[{"id":11164,"href":"https:\/\/www1.kkl.si\/hu\/wp-json\/wp\/v2\/pages\/11135\/revisions\/11164"}],"wp:attachment":[{"href":"https:\/\/www1.kkl.si\/hu\/wp-json\/wp\/v2\/media?parent=11135"}],"curies":[{"name":"wp","href":"https:\/\/api.w.org\/{rel}","templated":true}]}}