{"id":11200,"date":"2023-01-25T18:45:08","date_gmt":"2023-01-25T17:45:08","guid":{"rendered":"https:\/\/www1.kkl.si\/?page_id=11200"},"modified":"2023-01-25T18:45:52","modified_gmt":"2023-01-25T17:45:52","slug":"a-szloven-kultura-napja-2023","status":"publish","type":"page","link":"https:\/\/www1.kkl.si\/hu\/a-szloven-kultura-napja-2023\/","title":{"rendered":"A Szlov\u00e9n Kult\u00fara Napja 2023"},"content":{"rendered":"<div class=\"opis\"><i class=\"fas fa-clock\"><\/i> <strong>2023. febru\u00e1r 6. h\u00e9tf\u0151, 18.00<\/strong> | Lendvai Sz\u00ednh\u00e1z- \u00e9s Hangversenyterem<img loading=\"lazy\" decoding=\"async\" class=\"wp-image-1587 alignright\" title=\"Brezpla\u010dna prireditev\" src=\"https:\/\/www1.kkl.si\/wp-content\/uploads\/\/2020\/07\/spored_simb_brezplacna-1.svg\" alt=\"brezplacna\" width=\"30\" height=\"30\" srcset=\"https:\/\/www1.kkl.si\/wp-content\/uploads\/\/2020\/07\/spored_simb_brezplacna-1.svg 150w, https:\/\/www1.kkl.si\/wp-content\/uploads\/\/2020\/07\/spored_simb_brezplacna-1.svg 400w, https:\/\/www1.kkl.si\/wp-content\/uploads\/\/2020\/07\/spored_simb_brezplacna-1.svg 1500w, https:\/\/www1.kkl.si\/wp-content\/uploads\/\/2020\/07\/spored_simb_brezplacna-1.svg 100w\" sizes=\"auto, (max-width: 30px) 100vw, 30px\" \/><br \/>\n<i class=\"fas fa-chevron-circle-right\"><\/i>\u00a0<strong>kultur\u00e1lis rendezv\u00e9ny<br \/>\n<\/strong>Szervez\u0151: <a href=\"https:\/\/www.lendava.si\/\">Ob\u010dina Lendvava-Lendva K\u00f6zs\u00e9g<\/a><br \/>\nT\u00e1rsszervez\u0151k: <a href=\"https:\/\/www.kkl.si\/\">Knji\u017enica \u2013 Kulturni center Lendava \u2013 Lendvai K\u00f6nyvt\u00e1r \u00e9s Kultur\u00e1lis K\u00f6zpont<\/a>,\u00a0<a href=\"http:\/\/www.gs-lendava.si\/\">Glasbena \u0161ola Lendava\/Zeneiskola Lendva<\/a><\/div>\n<p><a href=\"https:\/\/www1.kkl.si\/wp-content\/uploads\/2023\/01\/pano_SLO_kult_praznik_2023.jpg\" data-lbwps-width=\"1011\" data-lbwps-height=\"2000\" data-lbwps-srcsmall=\"https:\/\/www1.kkl.si\/wp-content\/uploads\/2023\/01\/pano_SLO_kult_praznik_2023-202x400.jpg\"><img loading=\"lazy\" decoding=\"async\" class=\"slika alignright wp-image-11177\" src=\"https:\/\/www1.kkl.si\/wp-content\/uploads\/2023\/01\/pano_SLO_kult_praznik_2023.jpg\" alt=\"\" width=\"400\" height=\"791\" srcset=\"https:\/\/www1.kkl.si\/wp-content\/uploads\/2023\/01\/pano_SLO_kult_praznik_2023.jpg 1011w, https:\/\/www1.kkl.si\/wp-content\/uploads\/2023\/01\/pano_SLO_kult_praznik_2023-202x400.jpg 202w, https:\/\/www1.kkl.si\/wp-content\/uploads\/2023\/01\/pano_SLO_kult_praznik_2023-758x1500.jpg 758w\" sizes=\"auto, (max-width: 400px) 100vw, 400px\" \/><\/a>MEGH\u00cdV\u00d3<\/p>\n<p>A szlov\u00e9n kult\u00fara \u00fcnnepe alkalm\u00e1b\u00f3l tisztelettel megh\u00edvjuk \u00d6n\u00f6ket a k\u00f6zponti k\u00f6zs\u00e9gi \u00fcnnep\u00e9lyre, amelyet <strong>2023. febru\u00e1r 6-\u00e1n<\/strong>,<br \/>\nh\u00e9tf\u0151n <strong>18.00<\/strong> \u00f3rakor a lendvai Sz\u00ednh\u00e1z- \u00e9s hangversenyteremben szervez\u00fcnk meg.<\/p>\n<p>A rendezv\u00e9ny \u00fcnnepi sz\u00f3noka Geri\u010d \u0160pacapan Mi\u0161a tavalyi d\u00edjazott lesz.<\/p>\n<p>Ez alkalomb\u00f3l kiosztjuk Lendva K\u00f6zs\u00e9g kiemelked\u0151 kultur\u00e1lis eredm\u00e9nyek\u00e9rt j\u00e1r\u00f3 d\u00edj\u00e1t is.<\/p>\n<p>Az \u00fcnnepi m\u0171sorban fell\u00e9pnek a Lendvai Zeneiskola n\u00f6vend\u00e9kei: Gal Alja, \u0160\u010dan\u010dar Karin, Jereb Sankovi\u010d Borut, Magyar Ma\u0161a \u00e9s Gerebic Alina, valamint<br \/>\nP\u00e1l Laura, a Grazi Zeneakad\u00e9mia hallgat\u00f3ja \u00e9s Stupar Rajko sz\u00ednm\u0171v\u00e9sz.<\/p>\n<p>A rendezv\u00e9ny keret\u00e9ben a Sz\u00ednh\u00e1z- \u00e9s hangversenyterem el\u0151csarnok\u00e1ban Orban Peter tavalyi d\u00edjazott ki\u00e1ll\u00edt\u00e1sa lesz megtekinthet\u0151.<\/p>\n","protected":false},"excerpt":{"rendered":"<p>2023. febru\u00e1r 6. h\u00e9tf\u0151, 18.00 | Lendvai Sz\u00ednh\u00e1z- \u00e9s Hangversenyterem \u00a0kultur\u00e1lis rendezv\u00e9ny Szervez\u0151: Ob\u010dina Lendvava-Lendva K\u00f6zs\u00e9g T\u00e1rsszervez\u0151k: Knji\u017enica \u2013 Kulturni center Lendava \u2013 Lendvai K\u00f6nyvt\u00e1r \u00e9s Kultur\u00e1lis K\u00f6zpont,\u00a0Glasbena \u0161ola Lendava\/Zeneiskola Lendva MEGH\u00cdV\u00d3 A szlov\u00e9n kult\u00fara \u00fcnnepe alkalm\u00e1b\u00f3l tisztelettel megh\u00edvjuk \u00d6n\u00f6ket a k\u00f6zponti k\u00f6zs\u00e9gi \u00fcnnep\u00e9lyre, amelyet 2023. febru\u00e1r 6-\u00e1n, h\u00e9tf\u0151n 18.00 \u00f3rakor a lendvai Sz\u00ednh\u00e1z- \u00e9s [&hellip;]<\/p>\n","protected":false},"author":2,"featured_media":11169,"parent":0,"menu_order":0,"comment_status":"closed","ping_status":"closed","template":"","meta":{"footnotes":""},"class_list":["post-11200","page","type-page","status-publish","has-post-thumbnail","hentry","post","post-with-thumbnail","post-with-thumbnail-icon"],"_links":{"self":[{"href":"https:\/\/www1.kkl.si\/hu\/wp-json\/wp\/v2\/pages\/11200","targetHints":{"allow":["GET"]}}],"collection":[{"href":"https:\/\/www1.kkl.si\/hu\/wp-json\/wp\/v2\/pages"}],"about":[{"href":"https:\/\/www1.kkl.si\/hu\/wp-json\/wp\/v2\/types\/page"}],"author":[{"embeddable":true,"href":"https:\/\/www1.kkl.si\/hu\/wp-json\/wp\/v2\/users\/2"}],"replies":[{"embeddable":true,"href":"https:\/\/www1.kkl.si\/hu\/wp-json\/wp\/v2\/comments?post=11200"}],"version-history":[{"count":2,"href":"https:\/\/www1.kkl.si\/hu\/wp-json\/wp\/v2\/pages\/11200\/revisions"}],"predecessor-version":[{"id":11203,"href":"https:\/\/www1.kkl.si\/hu\/wp-json\/wp\/v2\/pages\/11200\/revisions\/11203"}],"wp:featuredmedia":[{"embeddable":true,"href":"https:\/\/www1.kkl.si\/hu\/wp-json\/wp\/v2\/media\/11169"}],"wp:attachment":[{"href":"https:\/\/www1.kkl.si\/hu\/wp-json\/wp\/v2\/media?parent=11200"}],"curies":[{"name":"wp","href":"https:\/\/api.w.org\/{rel}","templated":true}]}}