{"id":11218,"date":"2023-01-26T13:27:28","date_gmt":"2023-01-26T12:27:28","guid":{"rendered":"https:\/\/www1.kkl.si\/?page_id=11218"},"modified":"2023-02-07T15:08:43","modified_gmt":"2023-02-07T14:08:43","slug":"jatekszin-legenybucsu","status":"publish","type":"page","link":"https:\/\/www1.kkl.si\/hu\/jatekszin-legenybucsu\/","title":{"rendered":"J\u00c1T\u00c9KSZ\u00cdN: Leg\u00e9nyb\u00facs\u00fa"},"content":{"rendered":"<div class=\"opis\"><i class=\"fas fa-clock\"><\/i> <strong>2023. febru\u00e1r 10. p\u00e9ntek, 19.00<\/strong> | Lendvai Sz\u00ednh\u00e1z- \u00e9s Hangversenyterem<img loading=\"lazy\" decoding=\"async\" class=\"wp-image-1584 alignright\" title=\"Magyar b\u00e9rlet\" src=\"https:\/\/www1.kkl.si\/wp-content\/uploads\/\/2020\/07\/spored_simb_abonma_hu-1.svg\" alt=\"abonma_hu\" width=\"30\" height=\"30\" srcset=\"https:\/\/www1.kkl.si\/wp-content\/uploads\/\/2020\/07\/spored_simb_abonma_hu-1.svg 150w, https:\/\/www1.kkl.si\/wp-content\/uploads\/\/2020\/07\/spored_simb_abonma_hu-1.svg 400w, https:\/\/www1.kkl.si\/wp-content\/uploads\/\/2020\/07\/spored_simb_abonma_hu-1.svg 1500w, https:\/\/www1.kkl.si\/wp-content\/uploads\/\/2020\/07\/spored_simb_abonma_hu-1.svg 100w\" sizes=\"auto, (max-width: 30px) 100vw, 30px\" \/><img loading=\"lazy\" decoding=\"async\" class=\"alignright\" title=\"Fizet\u0151s rendezv\u00e9ny\" src=\"https:\/\/www1.kkl.si\/wp-content\/uploads\/\/2020\/07\/spored_simb_placljiva-1.svg\" alt=\"placljiva\" width=\"30\" height=\"30\" \/><br \/>\n<i class=\"fas fa-chevron-circle-right\"><\/i> <strong>v\u00edgj\u00e1t\u00e9k k\u00e9t r\u00e9szben<br \/>\n<\/strong><i class=\"fas fa-ticket-alt\"><\/i> Bel\u00e9p\u0151d\u00edj: <strong>15 \u20ac<\/strong> feln\u0151ttek, <strong>12 \u20ac<\/strong> di\u00e1kok, nyugd\u00edjasok | Bel\u00e9p\u0151jegyek a sz\u00ednh\u00e1zterem p\u00e9nzt\u00e1r\u00e1ban v\u00e1r\u00e1solhat\u00f3k 2023. febru\u00e1r 2-\u00e1t\u00f3l<strong><br \/>\n<\/strong>Szervez\u0151: <a href=\"https:\/\/www.mnmi-zkmn.si\/\">MNMI-ZKMN<\/a><\/p>\n<p><span style=\"color: #ff0000;\"><strong><i class=\"fas fa-exclamation-triangle\"><\/i> \u00c9rtes\u00edtj\u00fck \u00d6n\u00f6ket, hogy az el\u0151ad\u00e1sra az \u00f6sszes jegy elkelt. Meg\u00e9rt\u00e9s\u00fcket k\u00f6sz\u00f6nj\u00fck.<\/strong><\/span><\/div>\n<p><a href=\"https:\/\/www1.kkl.si\/wp-content\/uploads\/2023\/01\/legbucsu_lendva_2023.jpg\" data-lbwps-width=\"1240\" data-lbwps-height=\"1772\" data-lbwps-srcsmall=\"https:\/\/www1.kkl.si\/wp-content\/uploads\/2023\/01\/legbucsu_lendva_2023-280x400.jpg\"><img loading=\"lazy\" decoding=\"async\" class=\"slika alignright wp-image-11219\" src=\"https:\/\/www1.kkl.si\/wp-content\/uploads\/2023\/01\/legbucsu_lendva_2023-1050x1500.jpg\" alt=\"\" width=\"500\" height=\"715\" srcset=\"https:\/\/www1.kkl.si\/wp-content\/uploads\/2023\/01\/legbucsu_lendva_2023-1050x1500.jpg 1050w, https:\/\/www1.kkl.si\/wp-content\/uploads\/2023\/01\/legbucsu_lendva_2023-280x400.jpg 280w, https:\/\/www1.kkl.si\/wp-content\/uploads\/2023\/01\/legbucsu_lendva_2023.jpg 1240w\" sizes=\"auto, (max-width: 500px) 100vw, 500px\" \/><\/a><strong>LEG\u00c9NYB\u00daCS\u00da <\/strong>(MeG eGY CSoKiii)<\/p>\n<p><em>v\u00edgj\u00e1t\u00e9k k\u00e9t r\u00e9szben<\/em><\/p>\n<p><strong>Szerepl\u0151k:<\/strong><\/p>\n<p>SIMON, a v\u0151leg\u00e9ny \u2013 NAGY S\u00c1NDOR<br \/>\nALEX, a bar\u00e1tja \u2013 SZENTE VAJK<br \/>\nCANDY, a t\u00fcnd\u00f6kl\u0151 fiatal szt\u00e1r \u2013 B\u00c1LIZS ANETT<br \/>\nATYA, aki mindj\u00e1rt b\u00edboros lesz \u2013 SZEREDNYEY B\u00c9LA<br \/>\nMr. WATT, egy \u00fariember \u2013 CSONKA ANDR\u00c1S<br \/>\nDAISY, a callgirl \u2013 KOV\u00c1CS GYOP\u00c1R \/ KOV\u00c1CS PANKA<br \/>\nBOB, a test\u0151r \u2013 BARAB\u00c1S KISS ZOLT\u00c1N<br \/>\nREND\u0150RN\u0150, aki egy rend\u0151rn\u0151 \u2013 DOBOS JUDIT<br \/>\nMONA, a menyasszony \u2013 L\u00c9VAY VIKT\u00d3RIA \/ B\u00c1TYAI \u00c9VA \/ ZS\u00cdROS LINDA<br \/>\nLONDINER OL\u00c1H B\u00c9LA \/ VARGA \u00c1D\u00c1M<br \/>\nOLAF, kisfi\u00fa \u2013 ENDR\u0150DI HUBA<\/p>\n<p>D\u00edszlet- \u00e9s jelmeztervez\u0151: Kov\u00e1cs Yvett Alida<br \/>\nDramaturg: L\u0151k\u00f6s Ildik\u00f3<br \/>\n\u00dcgyel\u0151: G\u00e1ncs Nikolasz \/ Petyi J\u00e1nos<br \/>\nS\u00fag\u00f3: Sajben Anita \/ Dobos Erika<br \/>\nRendez\u0151asszisztens: Petyi J\u00e1nos<\/p>\n<p>Rendez\u0151 \u00e9s szerz\u0151: SZENTE VAJK<\/p>\n<p><strong>Le\u00edr\u00e1s:<\/strong><\/p>\n<p>Egy sz\u00e1llodai szoba a helysz\u00edn, ahol k\u00e9t j\u00f3 bar\u00e1t, k\u00e9t fiatal h\u00e1ziorvos fergeteges leg\u00e9nyb\u00facs\u00fara k\u00e9sz\u00fcl. Alex, a h\u0171s\u00e9ges cimbora gondosan f\u00f6lk\u00e9sz\u00fclt Simon esk\u00fcv\u0151je el\u0151tti utols\u00f3 kiruccan\u00e1s\u00e1ra, \u00e1m hi\u00e1ba az alapos tervez\u00e9s, a dolgok m\u00e9gsem \u00fagy alakulnak, ahogy szeretn\u00e9k. R\u00e9mes csapda tud lenni egy sz\u00e1llodai lakoszt\u00e1ly, senki sem az, mint els\u0151re gondolni lehet r\u00f3la, \u00e9s minden egyre jobban gabalyodik \u00f6ssze\u2026 Most akkor ki kicsoda val\u00f3j\u00e1ban, \u00e9s meglesz-e vajon m\u00e1snap az az esk\u00fcv\u0151? Szente Vajk \u00edr\u00f3k\u00e9nt nemcsak a v\u00e9gs\u0151kig fesz\u00edti a nevet\u0151izmokra specializ\u00e1l\u00f3dott boh\u00f3zat kereteit, hanem f\u00f6l is friss\u00edti azt, m\u00e1r-m\u00e1r szinte a m\u0171faj par\u00f3di\u00e1ja pereg a n\u00e9z\u0151 el\u0151tt.<\/p>\n<hr \/>\n<p>FOT\u00d3GAL\u00c9RIA<\/p>\n\n\t\t<style type=\"text\/css\">\n\t\t\t#gallery-1 {\n\t\t\t\tmargin: auto;\n\t\t\t}\n\t\t\t#gallery-1 .gallery-item {\n\t\t\t\tfloat: left;\n\t\t\t\tmargin-top: 10px;\n\t\t\t\ttext-align: center;\n\t\t\t\twidth: 16%;\n\t\t\t}\n\t\t\t#gallery-1 img {\n\t\t\t\tborder: 2px solid #cfcfcf;\n\t\t\t}\n\t\t\t#gallery-1 .gallery-caption {\n\t\t\t\tmargin-left: 0;\n\t\t\t}\n\t\t\t\/* see gallery_shortcode() in wp-includes\/media.php *\/\n\t\t<\/style>\n\t\t<div id='gallery-1' class='gallery galleryid-11218 gallery-columns-6 gallery-size-thumbnail'><dl class='gallery-item'>\n\t\t\t<dt class='gallery-icon landscape'>\n\t\t\t\t<a href='https:\/\/www1.kkl.si\/wp-content\/uploads\/2023\/01\/legenybucsu1.jpg'><img loading=\"lazy\" decoding=\"async\" width=\"150\" height=\"150\" src=\"https:\/\/www1.kkl.si\/wp-content\/uploads\/2023\/01\/legenybucsu1-150x150.jpg\" class=\"attachment-thumbnail size-thumbnail\" alt=\"\" \/><\/a>\n\t\t\t<\/dt><\/dl><dl class='gallery-item'>\n\t\t\t<dt class='gallery-icon landscape'>\n\t\t\t\t<a href='https:\/\/www1.kkl.si\/wp-content\/uploads\/2023\/01\/legenybucsu2.jpg'><img loading=\"lazy\" decoding=\"async\" width=\"150\" height=\"150\" src=\"https:\/\/www1.kkl.si\/wp-content\/uploads\/2023\/01\/legenybucsu2-150x150.jpg\" class=\"attachment-thumbnail size-thumbnail\" alt=\"\" \/><\/a>\n\t\t\t<\/dt><\/dl><dl class='gallery-item'>\n\t\t\t<dt class='gallery-icon landscape'>\n\t\t\t\t<a href='https:\/\/www1.kkl.si\/wp-content\/uploads\/2023\/01\/legenybucsu3.jpg'><img loading=\"lazy\" decoding=\"async\" width=\"150\" height=\"150\" src=\"https:\/\/www1.kkl.si\/wp-content\/uploads\/2023\/01\/legenybucsu3-150x150.jpg\" class=\"attachment-thumbnail size-thumbnail\" alt=\"\" \/><\/a>\n\t\t\t<\/dt><\/dl><dl class='gallery-item'>\n\t\t\t<dt class='gallery-icon landscape'>\n\t\t\t\t<a href='https:\/\/www1.kkl.si\/wp-content\/uploads\/2023\/01\/legenybucsu4.jpg'><img loading=\"lazy\" decoding=\"async\" width=\"150\" height=\"150\" src=\"https:\/\/www1.kkl.si\/wp-content\/uploads\/2023\/01\/legenybucsu4-150x150.jpg\" class=\"attachment-thumbnail size-thumbnail\" alt=\"\" \/><\/a>\n\t\t\t<\/dt><\/dl><dl class='gallery-item'>\n\t\t\t<dt class='gallery-icon landscape'>\n\t\t\t\t<a href='https:\/\/www1.kkl.si\/wp-content\/uploads\/2023\/01\/legenybucsu5.jpg'><img loading=\"lazy\" decoding=\"async\" width=\"150\" height=\"150\" src=\"https:\/\/www1.kkl.si\/wp-content\/uploads\/2023\/01\/legenybucsu5-150x150.jpg\" class=\"attachment-thumbnail size-thumbnail\" alt=\"\" \/><\/a>\n\t\t\t<\/dt><\/dl>\n\t\t\t<br style='clear: both' \/>\n\t\t<\/div>\n\n<hr \/>\n<p>VIDE\u00d3<\/p>\n<p><iframe loading=\"lazy\" src=\"\/\/www.youtube.com\/embed\/-LJpkFodlzA\" width=\"560\" height=\"314\" allowfullscreen=\"allowfullscreen\"><\/iframe><\/p>\n<p><i class=\"fas fa-link\"><\/i> <a href=\"https:\/\/www.jatekszin.hu\/eloadasok\/leg%C3%A9nyb%C3%BAcs%C3%BA\/\">https:\/\/www.jatekszin.hu\/<\/a><br \/>\n<i class=\"fas fa-link\"><\/i> <a href=\"https:\/\/www.mnmi-zkmn.si\/event\/jatekszin-legenybucsu\/\">https:\/\/www.mnmi-zkmn.si\/event\/jatekszin-legenybucsu\/<\/a><\/p>\n","protected":false},"excerpt":{"rendered":"<p>2023. febru\u00e1r 10. p\u00e9ntek, 19.00 | Lendvai Sz\u00ednh\u00e1z- \u00e9s Hangversenyterem v\u00edgj\u00e1t\u00e9k k\u00e9t r\u00e9szben Bel\u00e9p\u0151d\u00edj: 15 \u20ac feln\u0151ttek, 12 \u20ac di\u00e1kok, nyugd\u00edjasok | Bel\u00e9p\u0151jegyek a sz\u00ednh\u00e1zterem p\u00e9nzt\u00e1r\u00e1ban v\u00e1r\u00e1solhat\u00f3k 2023. febru\u00e1r 2-\u00e1t\u00f3l Szervez\u0151: MNMI-ZKMN \u00c9rtes\u00edtj\u00fck \u00d6n\u00f6ket, hogy az el\u0151ad\u00e1sra az \u00f6sszes jegy elkelt. Meg\u00e9rt\u00e9s\u00fcket k\u00f6sz\u00f6nj\u00fck. LEG\u00c9NYB\u00daCS\u00da (MeG eGY CSoKiii) v\u00edgj\u00e1t\u00e9k k\u00e9t r\u00e9szben Szerepl\u0151k: SIMON, a v\u0151leg\u00e9ny \u2013 [&hellip;]<\/p>\n","protected":false},"author":2,"featured_media":11219,"parent":0,"menu_order":0,"comment_status":"closed","ping_status":"closed","template":"","meta":{"footnotes":""},"class_list":["post-11218","page","type-page","status-publish","has-post-thumbnail","hentry","post","post-with-thumbnail","post-with-thumbnail-icon"],"_links":{"self":[{"href":"https:\/\/www1.kkl.si\/hu\/wp-json\/wp\/v2\/pages\/11218","targetHints":{"allow":["GET"]}}],"collection":[{"href":"https:\/\/www1.kkl.si\/hu\/wp-json\/wp\/v2\/pages"}],"about":[{"href":"https:\/\/www1.kkl.si\/hu\/wp-json\/wp\/v2\/types\/page"}],"author":[{"embeddable":true,"href":"https:\/\/www1.kkl.si\/hu\/wp-json\/wp\/v2\/users\/2"}],"replies":[{"embeddable":true,"href":"https:\/\/www1.kkl.si\/hu\/wp-json\/wp\/v2\/comments?post=11218"}],"version-history":[{"count":17,"href":"https:\/\/www1.kkl.si\/hu\/wp-json\/wp\/v2\/pages\/11218\/revisions"}],"predecessor-version":[{"id":11222,"href":"https:\/\/www1.kkl.si\/hu\/wp-json\/wp\/v2\/pages\/11218\/revisions\/11222"}],"wp:featuredmedia":[{"embeddable":true,"href":"https:\/\/www1.kkl.si\/hu\/wp-json\/wp\/v2\/media\/11219"}],"wp:attachment":[{"href":"https:\/\/www1.kkl.si\/hu\/wp-json\/wp\/v2\/media?parent=11218"}],"curies":[{"name":"wp","href":"https:\/\/api.w.org\/{rel}","templated":true}]}}