{"id":11359,"date":"2023-02-02T17:33:17","date_gmt":"2023-02-02T16:33:17","guid":{"rendered":"https:\/\/www1.kkl.si\/?page_id=11359"},"modified":"2023-02-02T17:33:31","modified_gmt":"2023-02-02T16:33:31","slug":"siti-teater-slovenec-in-pol","status":"publish","type":"page","link":"https:\/\/www1.kkl.si\/hu\/siti-teater-slovenec-in-pol\/","title":{"rendered":"SiTi Teater: Slovenec in pol"},"content":{"rendered":"<div class=\"opis\"><i class=\"fas fa-clock\"><\/i> <strong>s2023. febru\u00e1r 18. szombat, 18.00<\/strong> | Lendvai Sz\u00ednh\u00e1z- \u00e9s Hangversenyterem<img loading=\"lazy\" decoding=\"async\" class=\"wp-image-1592 alignright\" title=\"Fizet\u0151s rendezv\u00e9ny\" src=\"https:\/\/www1.kkl.si\/wp-content\/uploads\/\/2020\/07\/spored_simb_placljiva-1.svg\" sizes=\"auto, (max-width: 30px) 100vw, 30px\" srcset=\"https:\/\/www1.kkl.si\/wp-content\/uploads\/\/2020\/07\/spored_simb_placljiva-1.svg 150w, https:\/\/www1.kkl.si\/wp-content\/uploads\/\/2020\/07\/spored_simb_placljiva-1.svg 400w, https:\/\/www1.kkl.si\/wp-content\/uploads\/\/2020\/07\/spored_simb_placljiva-1.svg 1500w, https:\/\/www1.kkl.si\/wp-content\/uploads\/\/2020\/07\/spored_simb_placljiva-1.svg 100w\" alt=\"placljiva\" width=\"30\" height=\"30\" \/><br \/>\n<i class=\"fas fa-chevron-circle-right\"><\/i> <strong>v\u00edgj\u00e1t\u00e9k <span class=\"zanr\">j\u00f3t\u00e9konys\u00e1gi rendezv\u00e9ny<\/span><br \/>\n<\/strong><i class=\"fas fa-ticket-alt\"><\/i> Bel\u00e9p\u0151d\u00edj: <strong>15 \u20ac<\/strong><strong><br \/>\n<\/strong>Szervez\u0151: <a href=\"https:\/\/www.facebook.com\/LionsKlubLendava\/\">Lions klub Lendava-Lendva<\/a><\/div>\n<p><em>Szlov\u00e9n le\u00edr\u00e1s:<\/em><\/p>\n<p><a href=\"https:\/\/www1.kkl.si\/wp-content\/uploads\/2023\/02\/slovenec_in_pol1.jpg\" data-lbwps-width=\"1920\" data-lbwps-height=\"1005\" data-lbwps-srcsmall=\"https:\/\/www1.kkl.si\/wp-content\/uploads\/2023\/02\/slovenec_in_pol1-400x209.jpg\"><img loading=\"lazy\" decoding=\"async\" class=\"alignnone size-large wp-image-11341\" src=\"https:\/\/www1.kkl.si\/wp-content\/uploads\/2023\/02\/slovenec_in_pol1-1500x785.jpg\" alt=\"\" width=\"1500\" height=\"785\" srcset=\"https:\/\/www1.kkl.si\/wp-content\/uploads\/2023\/02\/slovenec_in_pol1-1500x785.jpg 1500w, https:\/\/www1.kkl.si\/wp-content\/uploads\/2023\/02\/slovenec_in_pol1-400x209.jpg 400w, https:\/\/www1.kkl.si\/wp-content\/uploads\/2023\/02\/slovenec_in_pol1.jpg 1920w\" sizes=\"auto, (max-width: 1500px) 100vw, 1500px\" \/><\/a><\/p>\n<p>SODELUJO\u010cI<\/p>\n<p><a href=\"https:\/\/www1.kkl.si\/wp-content\/uploads\/2023\/02\/slovenec_in_pol2.jpg\" data-lbwps-width=\"1333\" data-lbwps-height=\"2000\" data-lbwps-srcsmall=\"https:\/\/www1.kkl.si\/wp-content\/uploads\/2023\/02\/slovenec_in_pol2-267x400.jpg\"><img loading=\"lazy\" decoding=\"async\" class=\"slika alignright wp-image-11343 size-medium\" src=\"https:\/\/www1.kkl.si\/wp-content\/uploads\/2023\/02\/slovenec_in_pol2-267x400.jpg\" alt=\"\" width=\"267\" height=\"400\" srcset=\"https:\/\/www1.kkl.si\/wp-content\/uploads\/2023\/02\/slovenec_in_pol2-267x400.jpg 267w, https:\/\/www1.kkl.si\/wp-content\/uploads\/2023\/02\/slovenec_in_pol2-1000x1500.jpg 1000w, https:\/\/www1.kkl.si\/wp-content\/uploads\/2023\/02\/slovenec_in_pol2.jpg 1333w\" sizes=\"auto, (max-width: 267px) 100vw, 267px\" \/><\/a>Predstava Slovenec in pol je avtorski projekt <strong>Perice Jerkovi\u0107a, Ale\u0161a Novaka<\/strong> in <strong>Uro\u0161a Kuzmana<\/strong> v sodelovanju s <strong>SiTi Teatrom BTC.<\/strong><\/p>\n<p>re\u017eija: <strong>Uro\u0161 Kuzman<\/strong><br \/>\nvideo: <strong>Max Visuals<\/strong><br \/>\noblikovanje: <strong>Rahela Klop\u010di\u010d<\/strong><br \/>\nscenografija: <strong>Ale\u0161 Poto\u010dnik<\/strong><br \/>\nkostumografija: <strong>Katja&amp;Alen<\/strong><br \/>\ntehnikalije: <strong>Ge\u017eoman<\/strong><br \/>\nposebna zahvala: <strong>Bo\u0161tjan \u0160torman, Igor Bra\u010di\u010d, Andrej Podbev\u0161ek, Herman Urani\u010d, Vinko Zadnikar, Javni zavod TNP, Matej Pu\u0161nik, Sa\u0161o Stare in Bo\u0161tjan Gorenc &#8211; Pi\u017eama.<\/strong><\/p>\n<p>O PREDSTAVI<\/p>\n<p>Triglav. Na\u0161 o\u010dak, najvi\u0161ji vrh in simbol slovenstva. Kupljen za en goldinar pred 125 leti. Zlatorogov skalnati raj, zavit v meglo mitov in legend, prepojen z znojem in krvjo plezalnih pionirjev. Nepogre\u0161ljiv partner Vardarja v znani jugoslovanski narodnobudilni pesmi in eno izmed prizori\u0161\u010d neustra\u0161nega upora proti okupatorju.<\/p>\n<p>Danes? Top instagram destinacija, v poletnih mesecih obljudena bolj kot trgovski centri v \u010dasu popustov. Selfi pred Alja\u017eevim stolpom lahko premaga\u0161 le s selfijem v Alja\u017eevem stolpu. Triglav privablja pisane mno\u017eice in med njimi se vedno najde nekaj junakov v japonkah, ki jih kasneje re\u0161ujejo s helikopterji. Ob tem se spra\u0161ujemo, kako za vraga se to sploh zgodi? Kdo na vzpon na 2864 metrov nadmorske vi\u0161ine krene s pla\u017ee?<\/p>\n<p>Perica Jerkovi\u0107 in Ale\u0161 Novak, prijatelja s podobnimi interesi in nekoliko manj podobnima zna\u010dajema, gore do\u017eivljata razli\u010dno. Ale\u0161 je \u010dlan planinske zveze, izku\u0161en pohodnik, tv voditelj in komik. Perica je \u010dlovek, ki se izgubi v Ikei. Njuna epska pustolov\u0161\u010dina, polna presene\u010denj, komi\u010dnih zapletov, duhovitih replik in smeha odpre ve\u010dno dilemo: A si res pravi Sloven&#8217;c, \u010de nisi \u0161el na Triglav?<\/p>\n<p><i class=\"fas fa-link\"><\/i> <a href=\"https:\/\/www.sititeater.si\/predstave-siti-teatra-btc\/sovenec-in-pol\/\">https:\/\/www.sititeater.si\/predstave-siti-teatra-btc\/sovenec-in-pol\/<\/a><br \/>\n<i class=\"fab fa-facebook-square\"><\/i> <a href=\"https:\/\/www.facebook.com\/profile.php?id=100062923194578\">https:\/\/www.facebook.com\/profile.php?id=100062923194578<\/a><\/p>\n","protected":false},"excerpt":{"rendered":"<p>s2023. febru\u00e1r 18. szombat, 18.00 | Lendvai Sz\u00ednh\u00e1z- \u00e9s Hangversenyterem v\u00edgj\u00e1t\u00e9k j\u00f3t\u00e9konys\u00e1gi rendezv\u00e9ny Bel\u00e9p\u0151d\u00edj: 15 \u20ac Szervez\u0151: Lions klub Lendava-Lendva Szlov\u00e9n le\u00edr\u00e1s: SODELUJO\u010cI Predstava Slovenec in pol je avtorski projekt Perice Jerkovi\u0107a, Ale\u0161a Novaka in Uro\u0161a Kuzmana v sodelovanju s SiTi Teatrom BTC. re\u017eija: Uro\u0161 Kuzman video: Max Visuals oblikovanje: Rahela Klop\u010di\u010d scenografija: Ale\u0161 Poto\u010dnik [&hellip;]<\/p>\n","protected":false},"author":2,"featured_media":11342,"parent":0,"menu_order":0,"comment_status":"closed","ping_status":"closed","template":"","meta":{"footnotes":""},"class_list":["post-11359","page","type-page","status-publish","has-post-thumbnail","hentry","post","post-with-thumbnail","post-with-thumbnail-icon"],"_links":{"self":[{"href":"https:\/\/www1.kkl.si\/hu\/wp-json\/wp\/v2\/pages\/11359","targetHints":{"allow":["GET"]}}],"collection":[{"href":"https:\/\/www1.kkl.si\/hu\/wp-json\/wp\/v2\/pages"}],"about":[{"href":"https:\/\/www1.kkl.si\/hu\/wp-json\/wp\/v2\/types\/page"}],"author":[{"embeddable":true,"href":"https:\/\/www1.kkl.si\/hu\/wp-json\/wp\/v2\/users\/2"}],"replies":[{"embeddable":true,"href":"https:\/\/www1.kkl.si\/hu\/wp-json\/wp\/v2\/comments?post=11359"}],"version-history":[{"count":2,"href":"https:\/\/www1.kkl.si\/hu\/wp-json\/wp\/v2\/pages\/11359\/revisions"}],"predecessor-version":[{"id":11361,"href":"https:\/\/www1.kkl.si\/hu\/wp-json\/wp\/v2\/pages\/11359\/revisions\/11361"}],"wp:featuredmedia":[{"embeddable":true,"href":"https:\/\/www1.kkl.si\/hu\/wp-json\/wp\/v2\/media\/11342"}],"wp:attachment":[{"href":"https:\/\/www1.kkl.si\/hu\/wp-json\/wp\/v2\/media?parent=11359"}],"curies":[{"name":"wp","href":"https:\/\/api.w.org\/{rel}","templated":true}]}}