{"id":11455,"date":"2023-02-09T11:41:56","date_gmt":"2023-02-09T10:41:56","guid":{"rendered":"https:\/\/www1.kkl.si\/?page_id=11455"},"modified":"2023-03-04T17:00:55","modified_gmt":"2023-03-04T16:00:55","slug":"advent-a-hargitan","status":"publish","type":"page","link":"https:\/\/www1.kkl.si\/hu\/advent-a-hargitan\/","title":{"rendered":"Advent a Hargit\u00e1n"},"content":{"rendered":"<div class=\"opis\"><i class=\"fas fa-clock\"><\/i> <strong>2023. m\u00e1rcius 3., p\u00e9ntek, 19.00<\/strong> | Lendvai Sz\u00ednh\u00e1z- \u00e9s Hangversenyterem<img loading=\"lazy\" decoding=\"async\" class=\"wp-image-1584 alignright\" title=\"Magyar b\u00e9rlet\" src=\"https:\/\/www1.kkl.si\/wp-content\/uploads\/\/2020\/07\/spored_simb_abonma_hu-1.svg\" alt=\"abonma_hu\" width=\"30\" height=\"30\" srcset=\"https:\/\/www1.kkl.si\/wp-content\/uploads\/\/2020\/07\/spored_simb_abonma_hu-1.svg 150w, https:\/\/www1.kkl.si\/wp-content\/uploads\/\/2020\/07\/spored_simb_abonma_hu-1.svg 400w, https:\/\/www1.kkl.si\/wp-content\/uploads\/\/2020\/07\/spored_simb_abonma_hu-1.svg 1500w, https:\/\/www1.kkl.si\/wp-content\/uploads\/\/2020\/07\/spored_simb_abonma_hu-1.svg 100w\" sizes=\"auto, (max-width: 30px) 100vw, 30px\" \/><img loading=\"lazy\" decoding=\"async\" class=\"alignright\" title=\"Fizet\u0151s rendezv\u00e9ny\" src=\"https:\/\/www1.kkl.si\/wp-content\/uploads\/\/2020\/07\/spored_simb_placljiva-1.svg\" alt=\"placljiva\" width=\"30\" height=\"30\" \/><br \/>\n<i class=\"fas fa-chevron-circle-right\"><\/i> <strong>sz\u00ednj\u00e1t\u00e9k k\u00e9t r\u00e9szben<br \/>\n<\/strong><i class=\"fas fa-ticket-alt\"><\/i> Bel\u00e9p\u0151d\u00edj: <strong>15 \u20ac<\/strong> feln\u0151ttek<strong> | 12 \u20ac<\/strong> di\u00e1kok, nyugd\u00edjasok<br \/>\n<i class=\"fas fa-info-circle\"><\/i> Bel\u00e9p\u0151jegyek a sz\u00ednh\u00e1zterem p\u00e9nzt\u00e1r\u00e1ban v\u00e1r\u00e1solhat\u00f3k 2023. febru\u00e1r 24-\u00e9t\u0151l<br \/>\nSzervez\u0151: <a href=\"https:\/\/www.mnmi-zkmn.si\/\">MNMI-ZKMN<\/a><\/div>\n<p><a href=\"https:\/\/www1.kkl.si\/wp-content\/uploads\/2023\/02\/plakat_advent_a_hargitan_2023.jpg\" data-lbwps-width=\"2143\" data-lbwps-height=\"3000\" data-lbwps-srcsmall=\"https:\/\/www1.kkl.si\/wp-content\/uploads\/2023\/02\/plakat_advent_a_hargitan_2023.jpg\"><img loading=\"lazy\" decoding=\"async\" class=\"slika alignright wp-image-11439 size-medium\" src=\"https:\/\/www1.kkl.si\/wp-content\/uploads\/2023\/02\/plakat_advent_a_hargitan_2023-scaled-286x400.jpg\" alt=\"\" width=\"286\" height=\"400\" srcset=\"https:\/\/www1.kkl.si\/wp-content\/uploads\/2023\/02\/plakat_advent_a_hargitan_2023-scaled-286x400.jpg 286w, https:\/\/www1.kkl.si\/wp-content\/uploads\/2023\/02\/plakat_advent_a_hargitan_2023-scaled-1072x1500.jpg 1072w, https:\/\/www1.kkl.si\/wp-content\/uploads\/2023\/02\/plakat_advent_a_hargitan_2023-scaled.jpg 1829w\" sizes=\"auto, (max-width: 286px) 100vw, 286px\" \/><\/a><strong>Szerepl\u0151k<\/strong><\/p>\n<p>Szarvas J\u00f3zsef &#8211; <em>B\u00f3di Vencel<\/em><br \/>\nJakab Csaba &#8211; <em>Zetelaki D\u00e1niel<\/em><br \/>\nHajdu Tibor &#8211; <em>Zetelaki G\u00e1bor<\/em><br \/>\nTarpai Vikt\u00f3ria &#8211; <em>\u00c1rvai R\u00e9ka<\/em><br \/>\nErd\u00e9lyi T\u00edmea &#8211; <em>B\u00f3di M\u00e1ria<\/em><\/p>\n<p><strong>Alkot\u00f3k<\/strong><\/p>\n<p>\u00edr\u00f3: S\u00fct\u0151 Andr\u00e1s<br \/>\nrendez\u0151: Sus\u00e1n Ferenc<br \/>\ndramaturg: S\u00e1ndor Zolt\u00e1n<br \/>\nd\u00edszlet: Pall\u00f3s Nelli<br \/>\njelmez: Pall\u00f3s Nelli<br \/>\nrendez\u0151asszisztens: Nagy S\u00e1ra<\/p>\n<p><strong>Le\u00edr\u00e1s:<\/strong><\/p>\n<p><a href=\"https:\/\/www1.kkl.si\/wp-content\/uploads\/2023\/02\/advent-a-hargitan-zenthe-ferenc-szinhaz1.jpg\" data-lbwps-width=\"1024\" data-lbwps-height=\"681\" data-lbwps-srcsmall=\"https:\/\/www1.kkl.si\/wp-content\/uploads\/2023\/02\/advent-a-hargitan-zenthe-ferenc-szinhaz1-400x266.jpg\"><img loading=\"lazy\" decoding=\"async\" class=\"alignright wp-image-11472\" src=\"https:\/\/www1.kkl.si\/wp-content\/uploads\/2023\/02\/advent-a-hargitan-zenthe-ferenc-szinhaz1-400x266.jpg\" alt=\"\" width=\"286\" height=\"190\" srcset=\"https:\/\/www1.kkl.si\/wp-content\/uploads\/2023\/02\/advent-a-hargitan-zenthe-ferenc-szinhaz1-400x266.jpg 400w, https:\/\/www1.kkl.si\/wp-content\/uploads\/2023\/02\/advent-a-hargitan-zenthe-ferenc-szinhaz1.jpg 1024w\" sizes=\"auto, (max-width: 286px) 100vw, 286px\" \/><\/a>A lelk\u00fcnkh\u00f6z sz\u00f3l \u00e9s gondolkod\u00f3ba ejt Sz\u00e9kelyf\u00f6ld k\u00fcl\u00f6n\u00f6s, misztikummal, n\u00e9phagyom\u00e1nyokkal telesz\u0151tt vil\u00e1ga. Az isteni akaratban rend\u00edthetetlen\u00fcl h\u00edv\u0151k, \u00e1m az \u00dar d\u00f6nt\u00e9seivel m\u00e9gis folyton p\u00f6rleked\u0151k vil\u00e1ga ez.<\/p>\n<p>Itt a t\u00e9rk\u00e9pen feleslegesen keresett, mert val\u00f3j\u00e1ban benn\u00fcnk l\u00e9v\u0151 Kis Roml\u00e1s \u00e9s Nagy Roml\u00e1s mellett, a Hargita zord hegyei k\u00f6z\u00f6tt \u00e9li \u00e9let\u00e9t a kor\u00e1n meg\u00f6zvegy\u00fclt B\u00f3di Vencel. Ide, a havasokba v\u00e1rja haza messzire szakadt \u00f6v\u00e9it, de hi\u00e1ba. Itt bontakozik ki k\u00e9t fiatal tiszta, \u00f6r\u00f6mre k\u00e9sz\u00fcl\u0151 szerelme, ami ha kell a hal\u00e1lt is legy\u0151zi. Itt tal\u00e1lkozik a m\u00falt \u00e9s a jelen, a h\u0171s\u00e9g \u00e9s megbocs\u00e1t\u00e1s, az \u00f6nz\u00e9s \u00e9s a hit, a szeretet \u00e9s a sosem m\u00fal\u00f3 rem\u00e9ny. Itt, ahol a trag\u00e9dia \u00e9s a csoda k\u00e9zen fogva j\u00e1r.<\/p>\n<p>Az el\u0151ad\u00e1s a Zenthe Ferenc Sz\u00ednh\u00e1z \u00e9s a M\u00f3ricz Zsigmond Sz\u00ednh\u00e1z koprodukci\u00f3j\u00e1ban k\u00e9sz\u00fclt.<\/p>\n<p><em>j\u00e1t\u00e9kid\u0151: 134 perc (2 \u00f3ra \u00e9s 14 perc sz\u00fcnettel)<br \/>\n<\/em><\/p>\n<hr \/>\n<p>FOT\u00d3<\/p>\n<p>\u00a0<a href=\"https:\/\/www1.kkl.si\/wp-content\/uploads\/2023\/02\/advent-a-hargitan-zenthe-ferenc-szinhaz2.jpg\" data-lbwps-width=\"956\" data-lbwps-height=\"636\" data-lbwps-srcsmall=\"https:\/\/www1.kkl.si\/wp-content\/uploads\/2023\/02\/advent-a-hargitan-zenthe-ferenc-szinhaz2-400x266.jpg\"><img loading=\"lazy\" decoding=\"async\" class=\"size-medium wp-image-11474 alignnone\" src=\"https:\/\/www1.kkl.si\/wp-content\/uploads\/2023\/02\/advent-a-hargitan-zenthe-ferenc-szinhaz2-400x266.jpg\" alt=\"\" width=\"400\" height=\"266\" srcset=\"https:\/\/www1.kkl.si\/wp-content\/uploads\/2023\/02\/advent-a-hargitan-zenthe-ferenc-szinhaz2-400x266.jpg 400w, https:\/\/www1.kkl.si\/wp-content\/uploads\/2023\/02\/advent-a-hargitan-zenthe-ferenc-szinhaz2.jpg 956w\" sizes=\"auto, (max-width: 400px) 100vw, 400px\" \/><\/a> \u00a0<a href=\"https:\/\/www1.kkl.si\/wp-content\/uploads\/2023\/02\/advent-a-hargitan-zenthe-ferenc-szinhaz3.jpg\" data-lbwps-width=\"956\" data-lbwps-height=\"636\" data-lbwps-srcsmall=\"https:\/\/www1.kkl.si\/wp-content\/uploads\/2023\/02\/advent-a-hargitan-zenthe-ferenc-szinhaz3-400x266.jpg\"><img loading=\"lazy\" decoding=\"async\" class=\"size-medium wp-image-11476 alignnone\" src=\"https:\/\/www1.kkl.si\/wp-content\/uploads\/2023\/02\/advent-a-hargitan-zenthe-ferenc-szinhaz3-400x266.jpg\" alt=\"\" width=\"400\" height=\"266\" srcset=\"https:\/\/www1.kkl.si\/wp-content\/uploads\/2023\/02\/advent-a-hargitan-zenthe-ferenc-szinhaz3-400x266.jpg 400w, https:\/\/www1.kkl.si\/wp-content\/uploads\/2023\/02\/advent-a-hargitan-zenthe-ferenc-szinhaz3.jpg 956w\" sizes=\"auto, (max-width: 400px) 100vw, 400px\" \/><\/a><\/p>\n<hr \/>\n<p>VIDE\u00d3 AJ\u00c1NL\u00d3<\/p>\n<p><iframe loading=\"lazy\" src=\"\/\/www.youtube.com\/embed\/E8Kd1m51kJw\" width=\"560\" height=\"314\" allowfullscreen=\"allowfullscreen\"><\/iframe><\/p>\n<p><i class=\"fas fa-link\"><\/i> <a href=\"https:\/\/zentheszinhaz.hu\/\">https:\/\/zentheszinhaz.hu\/<\/a><br \/>\n<i class=\"fas fa-link\"><\/i> <a href=\"https:\/\/port.hu\/adatlap\/szindarab\/szinhaz\/advent-a-hargitan\/\">https:\/\/port.hu\/adatlap\/szindarab\/szinhaz\/advent-a-hargitan\/<\/a><\/p>\n","protected":false},"excerpt":{"rendered":"<p>2023. m\u00e1rcius 3., p\u00e9ntek, 19.00 | Lendvai Sz\u00ednh\u00e1z- \u00e9s Hangversenyterem sz\u00ednj\u00e1t\u00e9k k\u00e9t r\u00e9szben Bel\u00e9p\u0151d\u00edj: 15 \u20ac feln\u0151ttek | 12 \u20ac di\u00e1kok, nyugd\u00edjasok Bel\u00e9p\u0151jegyek a sz\u00ednh\u00e1zterem p\u00e9nzt\u00e1r\u00e1ban v\u00e1r\u00e1solhat\u00f3k 2023. febru\u00e1r 24-\u00e9t\u0151l Szervez\u0151: MNMI-ZKMN Szerepl\u0151k Szarvas J\u00f3zsef &#8211; B\u00f3di Vencel Jakab Csaba &#8211; Zetelaki D\u00e1niel Hajdu Tibor &#8211; Zetelaki G\u00e1bor Tarpai Vikt\u00f3ria &#8211; \u00c1rvai R\u00e9ka Erd\u00e9lyi T\u00edmea [&hellip;]<\/p>\n","protected":false},"author":2,"featured_media":11439,"parent":0,"menu_order":0,"comment_status":"closed","ping_status":"closed","template":"","meta":{"footnotes":""},"class_list":["post-11455","page","type-page","status-publish","has-post-thumbnail","hentry","post","post-with-thumbnail","post-with-thumbnail-icon"],"_links":{"self":[{"href":"https:\/\/www1.kkl.si\/hu\/wp-json\/wp\/v2\/pages\/11455","targetHints":{"allow":["GET"]}}],"collection":[{"href":"https:\/\/www1.kkl.si\/hu\/wp-json\/wp\/v2\/pages"}],"about":[{"href":"https:\/\/www1.kkl.si\/hu\/wp-json\/wp\/v2\/types\/page"}],"author":[{"embeddable":true,"href":"https:\/\/www1.kkl.si\/hu\/wp-json\/wp\/v2\/users\/2"}],"replies":[{"embeddable":true,"href":"https:\/\/www1.kkl.si\/hu\/wp-json\/wp\/v2\/comments?post=11455"}],"version-history":[{"count":15,"href":"https:\/\/www1.kkl.si\/hu\/wp-json\/wp\/v2\/pages\/11455\/revisions"}],"predecessor-version":[{"id":11786,"href":"https:\/\/www1.kkl.si\/hu\/wp-json\/wp\/v2\/pages\/11455\/revisions\/11786"}],"wp:featuredmedia":[{"embeddable":true,"href":"https:\/\/www1.kkl.si\/hu\/wp-json\/wp\/v2\/media\/11439"}],"wp:attachment":[{"href":"https:\/\/www1.kkl.si\/hu\/wp-json\/wp\/v2\/media?parent=11455"}],"curies":[{"name":"wp","href":"https:\/\/api.w.org\/{rel}","templated":true}]}}