{"id":11512,"date":"2023-02-10T16:39:15","date_gmt":"2023-02-10T15:39:15","guid":{"rendered":"https:\/\/www1.kkl.si\/?page_id=11512"},"modified":"2023-02-10T16:42:11","modified_gmt":"2023-02-10T15:42:11","slug":"daniel-pavlic-potresne-kronike-foldrenges-kronikak","status":"publish","type":"page","link":"https:\/\/www1.kkl.si\/hu\/daniel-pavlic-potresne-kronike-foldrenges-kronikak\/","title":{"rendered":"Daniel Pavli\u0107: Potresne kronike (F\u00f6ldreng\u00e9s kr\u00f3nik\u00e1k)"},"content":{"rendered":"<div class=\"opis\"><i class=\"fas fa-clock\"><\/i> <strong>2023. febru\u00e1r 13., h\u00e9tf\u0151, 18.00<\/strong> | Lendvai Sz\u00ednh\u00e1z- \u00e9s Hangversenyterem <img loading=\"lazy\" decoding=\"async\" class=\"wp-image-1588 alignright\" title=\"Ingyenes rendezv\u00e9ny\" src=\"https:\/\/www1.kkl.si\/wp-content\/uploads\/\/2020\/07\/spored_simb_brezplacna-1.svg\" sizes=\"auto, (max-width: 30px) 100vw, 30px\" srcset=\"https:\/\/www1.kkl.si\/wp-content\/uploads\/\/2020\/07\/spored_simb_brezplacna-1.svg 150w, https:\/\/www1.kkl.si\/wp-content\/uploads\/\/2020\/07\/spored_simb_brezplacna-1.svg 400w, https:\/\/www1.kkl.si\/wp-content\/uploads\/\/2020\/07\/spored_simb_brezplacna-1.svg 1500w, https:\/\/www1.kkl.si\/wp-content\/uploads\/\/2020\/07\/spored_simb_brezplacna-1.svg 100w\" alt=\"brezplacna\" width=\"30\" height=\"30\" \/><br \/>\n<i class=\"fas fa-chevron-circle-right\"><\/i> <strong>f\u00e9nyk\u00e9pek ki\u00e1ll\u00edt\u00e1sa \u00e9s k\u00f6nyvbemutat\u00f3<br \/>\n<\/strong>Szervez\u0151: <a href=\"https:\/\/www.facebook.com\/hkdpomurje\/\">Hrva\u0161ko kulturno dru\u0161tvo Pomurje\/Pomurje Horv\u00e1t M\u0171vel\u0151d\u00e9si Egyes\u00fclet<\/a><\/div>\n<p>Sok szeretettel megh\u00edvjuk \u00d6n\u00f6ket Daniel Pavli\u0107 POTRESNE KRONIKE c\u00edm\u0171 fot\u00f3ki\u00e1ll\u00edt\u00e1s\u00e1ra \u00e9s k\u00f6nyv\u00e9nek bemutat\u00f3j\u00e1ra.<\/p>\n<p>Daniel Pavli\u0107 seg\u00e9lymunk\u00e1sk\u00e9nt ell\u00e1togatott a k\u00f6zelm\u00faltbeli puszt\u00edt\u00f3 f\u00f6ldreng\u00e9s \u00e1ltal s\u00fajtott b\u00e1ns\u00e1gi ter\u00fcletre.<br \/>\nEzekr\u0151l a megr\u00e1z\u00f3 tapasztalatokr\u00f3l most k\u00f6nyvet jelentetett meg.<\/p>\n<p><em>A bel\u00e9p\u00e9s ingyenes.<\/em><\/p>\n<p><a href=\"https:\/\/www1.kkl.si\/wp-content\/uploads\/2023\/02\/potresne_kronike_2023_plakat.jpg\" data-lbwps-width=\"1417\" data-lbwps-height=\"1984\" data-lbwps-srcsmall=\"https:\/\/www1.kkl.si\/wp-content\/uploads\/2023\/02\/potresne_kronike_2023_plakat-286x400.jpg\"><img loading=\"lazy\" decoding=\"async\" class=\"alignnone size-large wp-image-11490\" src=\"https:\/\/www1.kkl.si\/wp-content\/uploads\/2023\/02\/potresne_kronike_2023_plakat.jpg\" alt=\"\" width=\"1071\" height=\"1500\" srcset=\"https:\/\/www1.kkl.si\/wp-content\/uploads\/2023\/02\/potresne_kronike_2023_plakat.jpg 1417w, https:\/\/www1.kkl.si\/wp-content\/uploads\/2023\/02\/potresne_kronike_2023_plakat-286x400.jpg 286w, https:\/\/www1.kkl.si\/wp-content\/uploads\/2023\/02\/potresne_kronike_2023_plakat-1071x1500.jpg 1071w\" sizes=\"auto, (max-width: 1071px) 100vw, 1071px\" \/><\/a><\/p>\n","protected":false},"excerpt":{"rendered":"<p>2023. febru\u00e1r 13., h\u00e9tf\u0151, 18.00 | Lendvai Sz\u00ednh\u00e1z- \u00e9s Hangversenyterem f\u00e9nyk\u00e9pek ki\u00e1ll\u00edt\u00e1sa \u00e9s k\u00f6nyvbemutat\u00f3 Szervez\u0151: Hrva\u0161ko kulturno dru\u0161tvo Pomurje\/Pomurje Horv\u00e1t M\u0171vel\u0151d\u00e9si Egyes\u00fclet Sok szeretettel megh\u00edvjuk \u00d6n\u00f6ket Daniel Pavli\u0107 POTRESNE KRONIKE c\u00edm\u0171 fot\u00f3ki\u00e1ll\u00edt\u00e1s\u00e1ra \u00e9s k\u00f6nyv\u00e9nek bemutat\u00f3j\u00e1ra. Daniel Pavli\u0107 seg\u00e9lymunk\u00e1sk\u00e9nt ell\u00e1togatott a k\u00f6zelm\u00faltbeli puszt\u00edt\u00f3 f\u00f6ldreng\u00e9s \u00e1ltal s\u00fajtott b\u00e1ns\u00e1gi ter\u00fcletre. Ezekr\u0151l a megr\u00e1z\u00f3 tapasztalatokr\u00f3l most k\u00f6nyvet jelentetett meg. [&hellip;]<\/p>\n","protected":false},"author":2,"featured_media":11491,"parent":0,"menu_order":0,"comment_status":"closed","ping_status":"closed","template":"","meta":{"footnotes":""},"class_list":["post-11512","page","type-page","status-publish","has-post-thumbnail","hentry","post","post-with-thumbnail","post-with-thumbnail-icon"],"_links":{"self":[{"href":"https:\/\/www1.kkl.si\/hu\/wp-json\/wp\/v2\/pages\/11512","targetHints":{"allow":["GET"]}}],"collection":[{"href":"https:\/\/www1.kkl.si\/hu\/wp-json\/wp\/v2\/pages"}],"about":[{"href":"https:\/\/www1.kkl.si\/hu\/wp-json\/wp\/v2\/types\/page"}],"author":[{"embeddable":true,"href":"https:\/\/www1.kkl.si\/hu\/wp-json\/wp\/v2\/users\/2"}],"replies":[{"embeddable":true,"href":"https:\/\/www1.kkl.si\/hu\/wp-json\/wp\/v2\/comments?post=11512"}],"version-history":[{"count":4,"href":"https:\/\/www1.kkl.si\/hu\/wp-json\/wp\/v2\/pages\/11512\/revisions"}],"predecessor-version":[{"id":11516,"href":"https:\/\/www1.kkl.si\/hu\/wp-json\/wp\/v2\/pages\/11512\/revisions\/11516"}],"wp:featuredmedia":[{"embeddable":true,"href":"https:\/\/www1.kkl.si\/hu\/wp-json\/wp\/v2\/media\/11491"}],"wp:attachment":[{"href":"https:\/\/www1.kkl.si\/hu\/wp-json\/wp\/v2\/media?parent=11512"}],"curies":[{"name":"wp","href":"https:\/\/api.w.org\/{rel}","templated":true}]}}