{"id":11733,"date":"2023-03-03T18:35:17","date_gmt":"2023-03-03T17:35:17","guid":{"rendered":"https:\/\/www1.kkl.si\/?page_id=11733"},"modified":"2023-03-04T17:01:01","modified_gmt":"2023-03-04T16:01:01","slug":"ratonyi-robert-szinhaz-magnas-miska","status":"publish","type":"page","link":"https:\/\/www1.kkl.si\/hu\/ratonyi-robert-szinhaz-magnas-miska\/","title":{"rendered":"R\u00e1tonyi R\u00f3bert Sz\u00ednh\u00e1z: M\u00e1gn\u00e1s Miska"},"content":{"rendered":"<div class=\"opis\"><i class=\"fas fa-clock\"><\/i> <strong>2023. m\u00e1rcius 28. kedd, 19.00<\/strong> | Lendvai Sz\u00ednh\u00e1z- \u00e9s Hangversenyterem<img loading=\"lazy\" decoding=\"async\" class=\"wp-image-1584 alignright\" title=\"Magyar b\u00e9rlet\" src=\"https:\/\/www1.kkl.si\/wp-content\/uploads\/\/2020\/07\/spored_simb_abonma_hu-1.svg\" alt=\"abonma_hu\" width=\"30\" height=\"30\" srcset=\"https:\/\/www1.kkl.si\/wp-content\/uploads\/\/2020\/07\/spored_simb_abonma_hu-1.svg 150w, https:\/\/www1.kkl.si\/wp-content\/uploads\/\/2020\/07\/spored_simb_abonma_hu-1.svg 400w, https:\/\/www1.kkl.si\/wp-content\/uploads\/\/2020\/07\/spored_simb_abonma_hu-1.svg 1500w, https:\/\/www1.kkl.si\/wp-content\/uploads\/\/2020\/07\/spored_simb_abonma_hu-1.svg 100w\" sizes=\"auto, (max-width: 30px) 100vw, 30px\" \/><img loading=\"lazy\" decoding=\"async\" class=\"alignright\" title=\"Fizet\u0151s rendezv\u00e9ny\" src=\"https:\/\/www1.kkl.si\/wp-content\/uploads\/\/2020\/07\/spored_simb_placljiva-1.svg\" alt=\"placljiva\" width=\"30\" height=\"30\" \/><br \/>\n<i class=\"fas fa-chevron-circle-right\"><\/i> <strong>operett<br \/>\n<\/strong><i class=\"fas fa-ticket-alt\"><\/i> Bel\u00e9p\u0151d\u00edj: <strong>15 \u20ac<\/strong> feln\u0151ttek<strong> | 12 \u20ac<\/strong> di\u00e1kok, nyugd\u00edjasok<br \/>\n<i class=\"fas fa-info-circle\"><\/i> Jegyek Lendv\u00e1n a sz\u00ednh\u00e1zteremben v\u00e1r\u00e1solhat\u00f3k 2023. m\u00e1rcius 21-t\u0151l<br \/>\nSzervez\u0151: <a href=\"https:\/\/www.mnmi-zkmn.si\/\">MNMI-ZKMN<\/a><\/div>\n<p><span style=\"font-size: 18pt;\"><a href=\"https:\/\/www1.kkl.si\/wp-content\/uploads\/2023\/03\/MMiska.jpg\" data-lbwps-width=\"1265\" data-lbwps-height=\"1772\" data-lbwps-srcsmall=\"https:\/\/www1.kkl.si\/wp-content\/uploads\/2023\/03\/MMiska-286x400.jpg\"><img loading=\"lazy\" decoding=\"async\" class=\"slika alignright wp-image-11723 size-medium\" src=\"https:\/\/www1.kkl.si\/wp-content\/uploads\/2023\/03\/MMiska-286x400.jpg\" alt=\"\" width=\"286\" height=\"400\" srcset=\"https:\/\/www1.kkl.si\/wp-content\/uploads\/2023\/03\/MMiska-286x400.jpg 286w, https:\/\/www1.kkl.si\/wp-content\/uploads\/2023\/03\/MMiska-1071x1500.jpg 1071w, https:\/\/www1.kkl.si\/wp-content\/uploads\/2023\/03\/MMiska.jpg 1265w\" sizes=\"auto, (max-width: 286px) 100vw, 286px\" \/><\/a><strong>Tartalom<\/strong><\/span><\/p>\n<div class=\"et_pb_module et_pb_text et_pb_text_1 et_pb_text_align_left et_pb_bg_layout_light et_had_animation\">\n<div class=\"et_pb_text_inner\">\n<p>1916 febru\u00e1rj\u00e1ban mutatt\u00e1k be Szirmai Albert \u00e9s Bakonyi K\u00e1roly nagysiker\u0171 operettj\u00e9t a Kir\u00e1ly Sz\u00ednh\u00e1zban.<\/p>\n<p>A m\u0171 c\u00edmszerepl\u0151je Miska, a lov\u00e1szleg\u00e9ny, akit Baracs Istv\u00e1n vas\u00fat\u00e9p\u00edt\u0151 m\u00e9rn\u00f6k frakkba \u00f6lt\u00f6ztet \u00e9s Taszil\u00f3 gr\u00f3fk\u00e9nt mutat be a Korl\u00e1thy gr\u00f3f\u00e9k est\u00e9ly\u00e9n, hogy visszav\u00e1gjon egy s\u00e9rt\u00e9s\u00e9rt, mellyel a gr\u00f3f megal\u00e1zta, ami\u00e9rt a vasutat nem hajland\u00f3 a gr\u00f3f \u00e9rdekei szerint tervezni, ezzel megnehez\u00edtve a t\u00f6bbs\u00e9gben l\u00e9v\u0151 falusiak \u00e9let\u00e9t. \u00c1m a bonyodalmakat fokozza, hogy el\u0151z\u0151 este a falusi v\u00e1s\u00e1ron a m\u00e9rn\u00f6k \u00far \u00e9s Korl\u00e1thy\u00e9k l\u00e1nya, egym\u00e1sba szeretnek. Ameddig inkognit\u00f3ban vannak egym\u00e1s el\u0151tt, nincs is akad\u00e1lya \u00e9rzelmeiknek, de a kast\u00e9lyon bel\u00fcl m\u00e1r \u00f3ri\u00e1si t\u00e1rsadalmi szakad\u00e9k t\u00e1tong kettej\u00fck k\u00f6z\u00f6tt.<\/p>\n<p>\u00c1m amikor Taszil\u00f3r\u00f3l, akit az eg\u00e9sz t\u00e1rsas\u00e1g hajb\u00f3kolva fogad, kider\u00fcl, hogy kicsoda val\u00f3j\u00e1ban, a gr\u00f3fi csal\u00e1d \u00e9s az el\u0151kel\u0151 t\u00e1rsas\u00e1g megsz\u00e9gyen\u00fcl, \u00e9s Rolla imm\u00e1r boldogan v\u00e1lasztja Baracsot. Az operettben olyan sl\u00e1gereket hallhatunk, mint a \u201eCint\u00e1ny\u00e9ros cudar vil\u00e1g\u201d, az \u201e\u00dagy szeretn\u00e9k boldog lenni\u201d vagy a \u201eHoppsza S\u00e1ri\u201d.<\/p>\n<\/div>\n<\/div>\n<div class=\"et_pb_module et_pb_text et_pb_text_2 et_pb_text_align_left et_pb_bg_layout_light et_had_animation\">\n<div class=\"et_pb_text_inner\">\n<p><span style=\"font-size: 18pt;\"><a href=\"https:\/\/www1.kkl.si\/wp-content\/uploads\/2023\/03\/magnas-miska08.jpg\" data-lbwps-width=\"1000\" data-lbwps-height=\"667\" data-lbwps-srcsmall=\"https:\/\/www1.kkl.si\/wp-content\/uploads\/2023\/03\/magnas-miska08-400x267.jpg\"><img loading=\"lazy\" decoding=\"async\" class=\"alignright size-medium wp-image-11746\" src=\"https:\/\/www1.kkl.si\/wp-content\/uploads\/2023\/03\/magnas-miska08-400x267.jpg\" alt=\"\" width=\"400\" height=\"267\" srcset=\"https:\/\/www1.kkl.si\/wp-content\/uploads\/2023\/03\/magnas-miska08-400x267.jpg 400w, https:\/\/www1.kkl.si\/wp-content\/uploads\/2023\/03\/magnas-miska08.jpg 1000w\" sizes=\"auto, (max-width: 400px) 100vw, 400px\" \/><\/a><strong>F\u0151bb szerepekben<\/strong><\/span><\/p>\n<p>Miska, lov\u00e1sz: <strong>Kiss Zolt\u00e1n<\/strong><br \/>\nMarcsa, mosogat\u00f3l\u00e1ny:<strong> Teremi Trixi<\/strong><br \/>\nRolla: <strong>V\u00f6r\u00f6s Edit \/ Geszthy Veronika<\/strong><br \/>\nBaracs Istv\u00e1n, m\u00e9rn\u00f6k: <strong>Domoszlai S\u00e1ndor \/ Vad\u00e1sz Zsolt<\/strong><br \/>\nPixi gr\u00f3f: <strong>Gyurity Istv\u00e1n<\/strong><br \/>\nMixi gr\u00f3f: <strong>Farag\u00f3 Andr\u00e1s \/ Bodrogi Attila<\/strong><br \/>\nNagymama: <strong>Hal\u00e1sz Aranka<\/strong><br \/>\nKorl\u00e1thy Gr\u00f3f: <strong>Kokas L\u00e1szl\u00f3 \/ Moln\u00e1r Erik<\/strong><\/p>\n<p>K\u00f6zrem\u0171k\u00f6dik:<br \/>\nR\u00e1tonyi R\u00f3bert Sz\u00ednh\u00e1z t\u00e1nckara \u00e9s a Monarchia Zenekar K\u00f6rmendi P\u00e9ter vezet\u00e9s\u00e9vel<\/p>\n<p>Rendez\u0151: <strong>Szirtes G\u00e1bor<\/strong><br \/>\nZeneszerz\u0151: <strong>Szirmai Albert<\/strong><br \/>\nSz\u00f6veg\u00edr\u00f3: <strong>Bakonyi K\u00e1roly<\/strong><br \/>\nA verseket \u00edrta: <strong>G\u00e1bor Andor<\/strong><\/p>\n<\/div>\n<\/div>\n<hr \/>\n<p>FOT\u00d3GAL\u00c9RIA<\/p>\n\n\t\t<style type=\"text\/css\">\n\t\t\t#gallery-1 {\n\t\t\t\tmargin: auto;\n\t\t\t}\n\t\t\t#gallery-1 .gallery-item {\n\t\t\t\tfloat: left;\n\t\t\t\tmargin-top: 10px;\n\t\t\t\ttext-align: center;\n\t\t\t\twidth: 16%;\n\t\t\t}\n\t\t\t#gallery-1 img {\n\t\t\t\tborder: 2px solid #cfcfcf;\n\t\t\t}\n\t\t\t#gallery-1 .gallery-caption {\n\t\t\t\tmargin-left: 0;\n\t\t\t}\n\t\t\t\/* see gallery_shortcode() in wp-includes\/media.php *\/\n\t\t<\/style>\n\t\t<div id='gallery-1' class='gallery galleryid-11733 gallery-columns-6 gallery-size-thumbnail'><dl class='gallery-item'>\n\t\t\t<dt class='gallery-icon landscape'>\n\t\t\t\t<a href='https:\/\/www1.kkl.si\/wp-content\/uploads\/2023\/03\/magnas-miska01.jpg'><img loading=\"lazy\" decoding=\"async\" width=\"150\" height=\"150\" src=\"https:\/\/www1.kkl.si\/wp-content\/uploads\/2023\/03\/magnas-miska01-150x150.jpg\" class=\"attachment-thumbnail size-thumbnail\" alt=\"\" \/><\/a>\n\t\t\t<\/dt><\/dl><dl class='gallery-item'>\n\t\t\t<dt class='gallery-icon landscape'>\n\t\t\t\t<a href='https:\/\/www1.kkl.si\/wp-content\/uploads\/2023\/03\/magnas-miska02.jpg'><img loading=\"lazy\" decoding=\"async\" width=\"150\" height=\"150\" src=\"https:\/\/www1.kkl.si\/wp-content\/uploads\/2023\/03\/magnas-miska02-150x150.jpg\" class=\"attachment-thumbnail size-thumbnail\" alt=\"\" \/><\/a>\n\t\t\t<\/dt><\/dl><dl class='gallery-item'>\n\t\t\t<dt class='gallery-icon landscape'>\n\t\t\t\t<a href='https:\/\/www1.kkl.si\/wp-content\/uploads\/2023\/03\/magnas-miska03.jpg'><img loading=\"lazy\" decoding=\"async\" width=\"150\" height=\"150\" src=\"https:\/\/www1.kkl.si\/wp-content\/uploads\/2023\/03\/magnas-miska03-150x150.jpg\" class=\"attachment-thumbnail size-thumbnail\" alt=\"\" \/><\/a>\n\t\t\t<\/dt><\/dl><dl class='gallery-item'>\n\t\t\t<dt class='gallery-icon landscape'>\n\t\t\t\t<a href='https:\/\/www1.kkl.si\/wp-content\/uploads\/2023\/03\/magnas-miska05.jpg'><img loading=\"lazy\" decoding=\"async\" width=\"150\" height=\"150\" src=\"https:\/\/www1.kkl.si\/wp-content\/uploads\/2023\/03\/magnas-miska05-150x150.jpg\" class=\"attachment-thumbnail size-thumbnail\" alt=\"\" \/><\/a>\n\t\t\t<\/dt><\/dl><dl class='gallery-item'>\n\t\t\t<dt class='gallery-icon landscape'>\n\t\t\t\t<a href='https:\/\/www1.kkl.si\/wp-content\/uploads\/2023\/03\/magnas-miska09.jpg'><img loading=\"lazy\" decoding=\"async\" width=\"150\" height=\"150\" src=\"https:\/\/www1.kkl.si\/wp-content\/uploads\/2023\/03\/magnas-miska09-150x150.jpg\" class=\"attachment-thumbnail size-thumbnail\" alt=\"\" \/><\/a>\n\t\t\t<\/dt><\/dl><dl class='gallery-item'>\n\t\t\t<dt class='gallery-icon landscape'>\n\t\t\t\t<a href='https:\/\/www1.kkl.si\/wp-content\/uploads\/2023\/03\/magnas-miska15.jpg'><img loading=\"lazy\" decoding=\"async\" width=\"150\" height=\"150\" src=\"https:\/\/www1.kkl.si\/wp-content\/uploads\/2023\/03\/magnas-miska15-150x150.jpg\" class=\"attachment-thumbnail size-thumbnail\" alt=\"\" \/><\/a>\n\t\t\t<\/dt><\/dl><br style=\"clear: both\" \/><dl class='gallery-item'>\n\t\t\t<dt class='gallery-icon landscape'>\n\t\t\t\t<a href='https:\/\/www1.kkl.si\/wp-content\/uploads\/2023\/03\/magnas-miska16.jpg'><img loading=\"lazy\" decoding=\"async\" width=\"150\" height=\"150\" src=\"https:\/\/www1.kkl.si\/wp-content\/uploads\/2023\/03\/magnas-miska16-150x150.jpg\" class=\"attachment-thumbnail size-thumbnail\" alt=\"\" \/><\/a>\n\t\t\t<\/dt><\/dl><dl class='gallery-item'>\n\t\t\t<dt class='gallery-icon landscape'>\n\t\t\t\t<a href='https:\/\/www1.kkl.si\/wp-content\/uploads\/2023\/03\/magnas-miska18.jpg'><img loading=\"lazy\" decoding=\"async\" width=\"150\" height=\"150\" src=\"https:\/\/www1.kkl.si\/wp-content\/uploads\/2023\/03\/magnas-miska18-150x150.jpg\" class=\"attachment-thumbnail size-thumbnail\" alt=\"\" \/><\/a>\n\t\t\t<\/dt><\/dl><dl class='gallery-item'>\n\t\t\t<dt class='gallery-icon landscape'>\n\t\t\t\t<a href='https:\/\/www1.kkl.si\/wp-content\/uploads\/2023\/03\/magnas-miska25.jpg'><img loading=\"lazy\" decoding=\"async\" width=\"150\" height=\"150\" src=\"https:\/\/www1.kkl.si\/wp-content\/uploads\/2023\/03\/magnas-miska25-150x150.jpg\" class=\"attachment-thumbnail size-thumbnail\" alt=\"\" \/><\/a>\n\t\t\t<\/dt><\/dl><dl class='gallery-item'>\n\t\t\t<dt class='gallery-icon landscape'>\n\t\t\t\t<a href='https:\/\/www1.kkl.si\/wp-content\/uploads\/2023\/03\/magnas-miska20.jpg'><img loading=\"lazy\" decoding=\"async\" width=\"150\" height=\"150\" src=\"https:\/\/www1.kkl.si\/wp-content\/uploads\/2023\/03\/magnas-miska20-150x150.jpg\" class=\"attachment-thumbnail size-thumbnail\" alt=\"\" \/><\/a>\n\t\t\t<\/dt><\/dl><dl class='gallery-item'>\n\t\t\t<dt class='gallery-icon landscape'>\n\t\t\t\t<a href='https:\/\/www1.kkl.si\/wp-content\/uploads\/2023\/03\/magnas-miska30.jpg'><img loading=\"lazy\" decoding=\"async\" width=\"150\" height=\"150\" src=\"https:\/\/www1.kkl.si\/wp-content\/uploads\/2023\/03\/magnas-miska30-150x150.jpg\" class=\"attachment-thumbnail size-thumbnail\" alt=\"\" \/><\/a>\n\t\t\t<\/dt><\/dl><dl class='gallery-item'>\n\t\t\t<dt class='gallery-icon landscape'>\n\t\t\t\t<a href='https:\/\/www1.kkl.si\/wp-content\/uploads\/2023\/03\/magnas-miska27.jpg'><img loading=\"lazy\" decoding=\"async\" width=\"150\" height=\"150\" src=\"https:\/\/www1.kkl.si\/wp-content\/uploads\/2023\/03\/magnas-miska27-150x150.jpg\" class=\"attachment-thumbnail size-thumbnail\" alt=\"\" \/><\/a>\n\t\t\t<\/dt><\/dl><br style=\"clear: both\" \/>\n\t\t<\/div>\n\n<hr \/>\n<p>VIDE\u00d3<\/p>\n<p><iframe loading=\"lazy\" src=\"\/\/www.youtube.com\/embed\/vxwb3Q3e9rY\" width=\"560\" height=\"314\" allowfullscreen=\"allowfullscreen\"><\/iframe><\/p>\n<p><i class=\"fas fa-link\"><\/i> <a href=\"https:\/\/ratonyirobertszinhaz.hu\/project\/magnas-miska\/\">https:\/\/ratonyirobertszinhaz.hu\/project\/magnas-miska\/<\/a><\/p>\n","protected":false},"excerpt":{"rendered":"<p>2023. m\u00e1rcius 28. kedd, 19.00 | Lendvai Sz\u00ednh\u00e1z- \u00e9s Hangversenyterem operett Bel\u00e9p\u0151d\u00edj: 15 \u20ac feln\u0151ttek | 12 \u20ac di\u00e1kok, nyugd\u00edjasok Jegyek Lendv\u00e1n a sz\u00ednh\u00e1zteremben v\u00e1r\u00e1solhat\u00f3k 2023. m\u00e1rcius 21-t\u0151l Szervez\u0151: MNMI-ZKMN Tartalom 1916 febru\u00e1rj\u00e1ban mutatt\u00e1k be Szirmai Albert \u00e9s Bakonyi K\u00e1roly nagysiker\u0171 operettj\u00e9t a Kir\u00e1ly Sz\u00ednh\u00e1zban. A m\u0171 c\u00edmszerepl\u0151je Miska, a lov\u00e1szleg\u00e9ny, akit Baracs Istv\u00e1n vas\u00fat\u00e9p\u00edt\u0151 [&hellip;]<\/p>\n","protected":false},"author":2,"featured_media":11723,"parent":0,"menu_order":0,"comment_status":"closed","ping_status":"closed","template":"","meta":{"footnotes":""},"class_list":["post-11733","page","type-page","status-publish","has-post-thumbnail","hentry","post","post-with-thumbnail","post-with-thumbnail-icon"],"_links":{"self":[{"href":"https:\/\/www1.kkl.si\/hu\/wp-json\/wp\/v2\/pages\/11733","targetHints":{"allow":["GET"]}}],"collection":[{"href":"https:\/\/www1.kkl.si\/hu\/wp-json\/wp\/v2\/pages"}],"about":[{"href":"https:\/\/www1.kkl.si\/hu\/wp-json\/wp\/v2\/types\/page"}],"author":[{"embeddable":true,"href":"https:\/\/www1.kkl.si\/hu\/wp-json\/wp\/v2\/users\/2"}],"replies":[{"embeddable":true,"href":"https:\/\/www1.kkl.si\/hu\/wp-json\/wp\/v2\/comments?post=11733"}],"version-history":[{"count":9,"href":"https:\/\/www1.kkl.si\/hu\/wp-json\/wp\/v2\/pages\/11733\/revisions"}],"predecessor-version":[{"id":11787,"href":"https:\/\/www1.kkl.si\/hu\/wp-json\/wp\/v2\/pages\/11733\/revisions\/11787"}],"wp:featuredmedia":[{"embeddable":true,"href":"https:\/\/www1.kkl.si\/hu\/wp-json\/wp\/v2\/media\/11723"}],"wp:attachment":[{"href":"https:\/\/www1.kkl.si\/hu\/wp-json\/wp\/v2\/media?parent=11733"}],"curies":[{"name":"wp","href":"https:\/\/api.w.org\/{rel}","templated":true}]}}