{"id":12177,"date":"2023-04-18T21:55:06","date_gmt":"2023-04-18T19:55:06","guid":{"rendered":"https:\/\/www1.kkl.si\/?page_id=12177"},"modified":"2023-04-21T13:43:06","modified_gmt":"2023-04-21T11:43:06","slug":"roman-sandor-entertainment-fun-fiction","status":"publish","type":"page","link":"https:\/\/www1.kkl.si\/hu\/roman-sandor-entertainment-fun-fiction\/","title":{"rendered":"Rom\u00e1n S\u00e1ndor Entertainment: Fun Fiction"},"content":{"rendered":"<div class=\"opis\"><i class=\"fas fa-clock\"><\/i> <strong><strong>2023. \u00e1prilis<\/strong><\/strong> <strong>26. szerda, 19.00<\/strong> | Lendvai Sz\u00ednh\u00e1z- \u00e9s Hangversenyterem<img loading=\"lazy\" decoding=\"async\" class=\"wp-image-1584 alignright\" title=\"Magyar b\u00e9rlet\" src=\"https:\/\/www1.kkl.si\/wp-content\/uploads\/\/2020\/07\/spored_simb_abonma_hu-1.svg\" alt=\"abonma_hu\" width=\"30\" height=\"30\" srcset=\"https:\/\/www1.kkl.si\/wp-content\/uploads\/\/2020\/07\/spored_simb_abonma_hu-1.svg 150w, https:\/\/www1.kkl.si\/wp-content\/uploads\/\/2020\/07\/spored_simb_abonma_hu-1.svg 400w, https:\/\/www1.kkl.si\/wp-content\/uploads\/\/2020\/07\/spored_simb_abonma_hu-1.svg 1500w, https:\/\/www1.kkl.si\/wp-content\/uploads\/\/2020\/07\/spored_simb_abonma_hu-1.svg 100w\" sizes=\"auto, (max-width: 30px) 100vw, 30px\" \/><img loading=\"lazy\" decoding=\"async\" class=\"alignright\" title=\"Fizet\u0151s rendezv\u00e9ny\" src=\"https:\/\/www1.kkl.si\/wp-content\/uploads\/\/2020\/07\/spored_simb_placljiva-1.svg\" alt=\"placljiva\" width=\"30\" height=\"30\" \/><br \/>\n<i class=\"fas fa-chevron-circle-right\"><\/i> <strong>t\u00e1ncos el\u0151ad\u00e1s<br \/>\n<\/strong><i class=\"fas fa-ticket-alt\"><\/i> Bel\u00e9p\u0151d\u00edj: <strong>15 \u20ac<\/strong> feln\u0151ttek<strong> | 12 \u20ac<\/strong> di\u00e1kok, nyugd\u00edjasok<br \/>\n<i class=\"fas fa-info-circle\"><\/i> Jegyek Lendv\u00e1n, a sz\u00ednh\u00e1zteremben v\u00e1r\u00e1solhat\u00f3k 2023. \u00e1prilis 19-t\u0151l<br \/>\nSzervez\u0151: <a href=\"https:\/\/www.mnmi-zkmn.si\/\">MNMI-ZKMN<\/a><\/div>\n<p><strong><a href=\"https:\/\/www1.kkl.si\/wp-content\/uploads\/2023\/04\/fun_fiction.jpg\" data-lbwps-width=\"982\" data-lbwps-height=\"1350\" data-lbwps-srcsmall=\"https:\/\/www1.kkl.si\/wp-content\/uploads\/2023\/04\/fun_fiction-291x400.jpg\"><img loading=\"lazy\" decoding=\"async\" class=\"alignright size-medium wp-image-12011\" src=\"https:\/\/www1.kkl.si\/wp-content\/uploads\/2023\/04\/fun_fiction-282x400.jpg\" alt=\"\" width=\"282\" height=\"400\" srcset=\"https:\/\/www1.kkl.si\/wp-content\/uploads\/2023\/04\/fun_fiction-282x400.jpg 282w, https:\/\/www1.kkl.si\/wp-content\/uploads\/2023\/04\/fun_fiction.jpg 738w\" sizes=\"auto, (max-width: 282px) 100vw, 282px\" \/><\/a>Fun Fiction \u2013 Rom\u00e1n S\u00e1ndor Entertainment el\u0151ad\u00e1sa<\/strong><br \/>\nFolkl\u00f3rel\u0151ad\u00e1s<\/p>\n<p>Rom\u00e1n S\u00e1ndor egy m\u00e1r klasszikusnak sz\u00e1m\u00edt\u00f3 t\u00f6rt\u00e9netet gondolt \u00fajra \u00e9s vitte sz\u00ednpadra. A darab f\u0151h\u0151se az \u00e9letm\u0171v\u00e9sz, s\u00e1rmos \u00e9s minden n\u0151 sz\u00edv\u00e9hez kulccsal rendelkez\u0151 j\u00f3v\u00e1g\u00e1s\u00fa playboy, aki nem mellesleg f\u0151\u00e1ll\u00e1sban gazdag n\u0151ket szabad\u00edt meg dr\u00e1ga \u00e9kk\u00f6veikt\u0151l. Mindig elb\u0171v\u00f6l\u0151, mindig eleg\u00e1ns \u00e9s mindig egy l\u00e9p\u00e9ssel el\u0151r\u00e9bb j\u00e1r. \u00c9s mi kell m\u00e9g ahhoz, hogy a t\u00f6rt\u00e9net kerek legyen. A mindig esetlen, mindig k\u00e9tbalkezes nyomoz\u00f3, aki a maga \u00fcgyefogyott m\u00f3dj\u00e1n mindent megtesz az\u00e9rt, hogy a tolvajt v\u00e9gre elkapja. Rom\u00e1n S\u00e1ndor leg\u00fajabb darabj\u00e1ban rengeteg humorral \u00e9s fergeteges t\u00e1ncokkal ker\u00fcl bemutat\u00e1sra ezen klasszikusnak sz\u00e1m\u00edt\u00f3 t\u00f6rt\u00e9net, amely m\u00e9g a legbor\u00fasabb napokon is vid\u00e1ms\u00e1got \u00e9s nevet\u00e9st csal a n\u00e9z\u0151k arc\u00e1ra.<\/p>\n<p><i class=\"fas fa-link\"><\/i> <a href=\"https:\/\/romansandor.hu\/eloadasok\/\">https:\/\/romansandor.hu\/eloadasok\/<\/a><\/p>\n<hr \/>\n<p>FOTOGAL\u00c9RIA<\/p>\n\n\t\t<style type=\"text\/css\">\n\t\t\t#gallery-1 {\n\t\t\t\tmargin: auto;\n\t\t\t}\n\t\t\t#gallery-1 .gallery-item {\n\t\t\t\tfloat: left;\n\t\t\t\tmargin-top: 10px;\n\t\t\t\ttext-align: center;\n\t\t\t\twidth: 16%;\n\t\t\t}\n\t\t\t#gallery-1 img {\n\t\t\t\tborder: 2px solid #cfcfcf;\n\t\t\t}\n\t\t\t#gallery-1 .gallery-caption {\n\t\t\t\tmargin-left: 0;\n\t\t\t}\n\t\t\t\/* see gallery_shortcode() in wp-includes\/media.php *\/\n\t\t<\/style>\n\t\t<div id='gallery-1' class='gallery galleryid-12177 gallery-columns-6 gallery-size-thumbnail'><dl class='gallery-item'>\n\t\t\t<dt class='gallery-icon landscape'>\n\t\t\t\t<a href='https:\/\/www1.kkl.si\/wp-content\/uploads\/2023\/04\/fun_fiction_promo2.jpg'><img loading=\"lazy\" decoding=\"async\" width=\"150\" height=\"150\" src=\"https:\/\/www1.kkl.si\/wp-content\/uploads\/2023\/04\/fun_fiction_promo2-150x150.jpg\" class=\"attachment-thumbnail size-thumbnail\" alt=\"\" \/><\/a>\n\t\t\t<\/dt><\/dl><dl class='gallery-item'>\n\t\t\t<dt class='gallery-icon landscape'>\n\t\t\t\t<a href='https:\/\/www1.kkl.si\/wp-content\/uploads\/2023\/04\/fun_fiction_promo3.jpg'><img loading=\"lazy\" decoding=\"async\" width=\"150\" height=\"150\" src=\"https:\/\/www1.kkl.si\/wp-content\/uploads\/2023\/04\/fun_fiction_promo3-150x150.jpg\" class=\"attachment-thumbnail size-thumbnail\" alt=\"\" \/><\/a>\n\t\t\t<\/dt><\/dl><dl class='gallery-item'>\n\t\t\t<dt class='gallery-icon portrait'>\n\t\t\t\t<a href='https:\/\/www1.kkl.si\/wp-content\/uploads\/2023\/04\/fun_fiction_promo4.jpg'><img loading=\"lazy\" decoding=\"async\" width=\"150\" height=\"150\" src=\"https:\/\/www1.kkl.si\/wp-content\/uploads\/2023\/04\/fun_fiction_promo4-150x150.jpg\" class=\"attachment-thumbnail size-thumbnail\" alt=\"\" \/><\/a>\n\t\t\t<\/dt><\/dl><dl class='gallery-item'>\n\t\t\t<dt class='gallery-icon portrait'>\n\t\t\t\t<a href='https:\/\/www1.kkl.si\/wp-content\/uploads\/2023\/04\/fun_fiction_promo5.jpg'><img loading=\"lazy\" decoding=\"async\" width=\"150\" height=\"150\" src=\"https:\/\/www1.kkl.si\/wp-content\/uploads\/2023\/04\/fun_fiction_promo5-150x150.jpg\" class=\"attachment-thumbnail size-thumbnail\" alt=\"\" \/><\/a>\n\t\t\t<\/dt><\/dl><dl class='gallery-item'>\n\t\t\t<dt class='gallery-icon landscape'>\n\t\t\t\t<a href='https:\/\/www1.kkl.si\/wp-content\/uploads\/2023\/04\/fun_fiction_promo6.jpg'><img loading=\"lazy\" decoding=\"async\" width=\"150\" height=\"150\" src=\"https:\/\/www1.kkl.si\/wp-content\/uploads\/2023\/04\/fun_fiction_promo6-150x150.jpg\" class=\"attachment-thumbnail size-thumbnail\" alt=\"\" \/><\/a>\n\t\t\t<\/dt><\/dl><dl class='gallery-item'>\n\t\t\t<dt class='gallery-icon portrait'>\n\t\t\t\t<a href='https:\/\/www1.kkl.si\/wp-content\/uploads\/2023\/04\/fun_fiction_promo7.jpg'><img loading=\"lazy\" decoding=\"async\" width=\"150\" height=\"150\" src=\"https:\/\/www1.kkl.si\/wp-content\/uploads\/2023\/04\/fun_fiction_promo7-150x150.jpg\" class=\"attachment-thumbnail size-thumbnail\" alt=\"\" \/><\/a>\n\t\t\t<\/dt><\/dl><br style=\"clear: both\" \/>\n\t\t<\/div>\n\n<hr \/>\n<p>VIDE\u00d3 AJ\u00c1NL\u00d3<\/p>\n<p><iframe loading=\"lazy\" src=\"\/\/www.youtube.com\/embed\/luIK0xVaM4Y\" width=\"560\" height=\"314\" allowfullscreen=\"allowfullscreen\"><\/iframe><\/p>\n<p>&nbsp;<\/p>\n<p><a href=\"https:\/\/www1.kkl.si\/wp-content\/uploads\/2023\/04\/fun_fiction_promo1.jpg\" data-lbwps-width=\"1024\" data-lbwps-height=\"939\" data-lbwps-srcsmall=\"https:\/\/www1.kkl.si\/wp-content\/uploads\/2023\/04\/fun_fiction_promo1-400x367.jpg\"><img loading=\"lazy\" decoding=\"async\" class=\"alignnone size-full wp-image-12179\" src=\"https:\/\/www1.kkl.si\/wp-content\/uploads\/2023\/04\/fun_fiction_promo1.jpg\" alt=\"\" width=\"1024\" height=\"939\" srcset=\"https:\/\/www1.kkl.si\/wp-content\/uploads\/2023\/04\/fun_fiction_promo1.jpg 1024w, https:\/\/www1.kkl.si\/wp-content\/uploads\/2023\/04\/fun_fiction_promo1-400x367.jpg 400w\" sizes=\"auto, (max-width: 1024px) 100vw, 1024px\" \/><\/a><\/p>\n","protected":false},"excerpt":{"rendered":"<p>2023. \u00e1prilis 26. szerda, 19.00 | Lendvai Sz\u00ednh\u00e1z- \u00e9s Hangversenyterem t\u00e1ncos el\u0151ad\u00e1s Bel\u00e9p\u0151d\u00edj: 15 \u20ac feln\u0151ttek | 12 \u20ac di\u00e1kok, nyugd\u00edjasok Jegyek Lendv\u00e1n, a sz\u00ednh\u00e1zteremben v\u00e1r\u00e1solhat\u00f3k 2023. \u00e1prilis 19-t\u0151l Szervez\u0151: MNMI-ZKMN Fun Fiction \u2013 Rom\u00e1n S\u00e1ndor Entertainment el\u0151ad\u00e1sa Folkl\u00f3rel\u0151ad\u00e1s Rom\u00e1n S\u00e1ndor egy m\u00e1r klasszikusnak sz\u00e1m\u00edt\u00f3 t\u00f6rt\u00e9netet gondolt \u00fajra \u00e9s vitte sz\u00ednpadra. A darab f\u0151h\u0151se az [&hellip;]<\/p>\n","protected":false},"author":2,"featured_media":12182,"parent":0,"menu_order":0,"comment_status":"closed","ping_status":"closed","template":"","meta":{"footnotes":""},"class_list":["post-12177","page","type-page","status-publish","has-post-thumbnail","hentry","post","post-with-thumbnail","post-with-thumbnail-icon"],"_links":{"self":[{"href":"https:\/\/www1.kkl.si\/hu\/wp-json\/wp\/v2\/pages\/12177","targetHints":{"allow":["GET"]}}],"collection":[{"href":"https:\/\/www1.kkl.si\/hu\/wp-json\/wp\/v2\/pages"}],"about":[{"href":"https:\/\/www1.kkl.si\/hu\/wp-json\/wp\/v2\/types\/page"}],"author":[{"embeddable":true,"href":"https:\/\/www1.kkl.si\/hu\/wp-json\/wp\/v2\/users\/2"}],"replies":[{"embeddable":true,"href":"https:\/\/www1.kkl.si\/hu\/wp-json\/wp\/v2\/comments?post=12177"}],"version-history":[{"count":7,"href":"https:\/\/www1.kkl.si\/hu\/wp-json\/wp\/v2\/pages\/12177\/revisions"}],"predecessor-version":[{"id":12241,"href":"https:\/\/www1.kkl.si\/hu\/wp-json\/wp\/v2\/pages\/12177\/revisions\/12241"}],"wp:featuredmedia":[{"embeddable":true,"href":"https:\/\/www1.kkl.si\/hu\/wp-json\/wp\/v2\/media\/12182"}],"wp:attachment":[{"href":"https:\/\/www1.kkl.si\/hu\/wp-json\/wp\/v2\/media?parent=12177"}],"curies":[{"name":"wp","href":"https:\/\/api.w.org\/{rel}","templated":true}]}}