{"id":12244,"date":"2023-04-21T15:22:29","date_gmt":"2023-04-21T13:22:29","guid":{"rendered":"https:\/\/www1.kkl.si\/?page_id=12244"},"modified":"2023-04-21T15:23:48","modified_gmt":"2023-04-21T13:23:48","slug":"miskino-gledalisce-maestro-minestron-kuha-bon-bonton","status":"publish","type":"page","link":"https:\/\/www1.kkl.si\/hu\/miskino-gledalisce-maestro-minestron-kuha-bon-bonton\/","title":{"rendered":"Mi\u0161kino gledali\u0161\u010de: Maestro Mine\u0161tron kuha bon-bonton"},"content":{"rendered":"<div class=\"opis\"><i class=\"fas fa-clock\"><\/i> 2023. <strong>\u00e1prilis 22. szombat, 10.30<\/strong> | Lendvai Sz\u00ednh\u00e1z- \u00e9s Hangversenyterem<img loading=\"lazy\" decoding=\"async\" class=\"wp-image-1592 alignright\" title=\"Fizet\u0151s rendezv\u00e9ny\" src=\"https:\/\/www1.kkl.si\/wp-content\/uploads\/\/2020\/07\/spored_simb_placljiva-1.svg\" sizes=\"auto, (max-width: 30px) 100vw, 30px\" srcset=\"https:\/\/www1.kkl.si\/wp-content\/uploads\/\/2020\/07\/spored_simb_placljiva-1.svg 150w, https:\/\/www1.kkl.si\/wp-content\/uploads\/\/2020\/07\/spored_simb_placljiva-1.svg 400w, https:\/\/www1.kkl.si\/wp-content\/uploads\/\/2020\/07\/spored_simb_placljiva-1.svg 1500w, https:\/\/www1.kkl.si\/wp-content\/uploads\/\/2020\/07\/spored_simb_placljiva-1.svg 100w\" alt=\"placljiva\" width=\"30\" height=\"30\" \/><br \/>\n<i class=\"fas fa-chevron-circle-right\"><\/i> <strong>gyerekel\u0151ad\u00e1s 3+<br \/>\n<\/strong><i class=\"fas fa-ticket-alt\"><\/i> A bel\u00e9p\u0151jegy \u00e1ra: <strong>3 \u20ac<\/strong><br \/>\nSzervez\u0151: <a href=\"https:\/\/www.kkl.si\/\">Knji\u017enica \u2013 Kulturni center Lendava \u2013 Lendvai K\u00f6nyvt\u00e1r \u00e9s Kultur\u00e1lis K\u00f6zpont<\/a><\/div>\n<div>\n<p><em><strong><a href=\"https:\/\/www1.kkl.si\/wp-content\/uploads\/2023\/04\/plakat_B2_miskino_Minestron_2023_DVOJ.jpg\" data-lbwps-width=\"1786\" data-lbwps-height=\"2500\" data-lbwps-srcsmall=\"https:\/\/www1.kkl.si\/wp-content\/uploads\/2023\/04\/plakat_B2_miskino_Minestron_2023_DVOJ-286x400.jpg\"><img loading=\"lazy\" decoding=\"async\" class=\"slika alignright wp-image-12075 size-medium\" src=\"https:\/\/www1.kkl.si\/wp-content\/uploads\/2023\/04\/plakat_B2_miskino_Minestron_2023_DVOJ-286x400.jpg\" alt=\"\" width=\"286\" height=\"400\" srcset=\"https:\/\/www1.kkl.si\/wp-content\/uploads\/2023\/04\/plakat_B2_miskino_Minestron_2023_DVOJ-286x400.jpg 286w, https:\/\/www1.kkl.si\/wp-content\/uploads\/2023\/04\/plakat_B2_miskino_Minestron_2023_DVOJ-1072x1500.jpg 1072w, https:\/\/www1.kkl.si\/wp-content\/uploads\/2023\/04\/plakat_B2_miskino_Minestron_2023_DVOJ.jpg 1786w\" sizes=\"auto, (max-width: 286px) 100vw, 286px\" \/><\/a><\/strong><\/em><em>Szlov\u00e9n le\u00edr\u00e1s:<\/em><\/p>\n<p><em><strong>Najbolj kuharska predstava o lepem vedenju.<\/strong><\/em><\/p>\n<p>Navihani maestro Mine\u0161tron bo poskrbel za obilico dobre volje, saj bo zakuhal pravo gledali\u0161ko poslastico. V svoji italijanski trattoriji stre\u017ee same okusne jedi, ki jih ne dobite v nobeni drugi restavraciji. \u010carobne mine\u0161tre, okusne in o\u010darljive zelenjavne sladice, \u010dude\u017ene pikantne pice in \u0161pagetone ter skrivnostne \u010dilijeve suppe.<\/p>\n<p>Da pa skuha najokusnej\u0161e jedi, morajo njegova u\u0161esa sli\u0161ati besede, kot so hvala, prosim in dober tek&#8230; Njegovi gosti to vedo, zato se zmeraj lepo obna\u0161ajo.<\/p>\n<p>A kaj, ko k njemu ob petkih prihaja neolikan gost, ki mu s svojim grdim obna\u0161anjem krav\u017elja \u017eiv\u010dke in odganja goste. Maestru se naje\u017ei kapa in poslu\u017eiti se mora skrivnostnega recepta, ki ga v svoji kuharski karieri \u0161e nikoli ni uporabil. A mu bo uspelo spreobrniti nadle\u017enega gosta in ga nau\u010diti bontona?<\/p>\n<p>Vse to in \u0161e ve\u010d si oglejte v novi uspe\u0161nici Mi\u0161kinega gledali\u0161\u010da.<\/p>\n<p><em>Trajanje predstave: 35 min<\/em><\/p>\n<p>Scenarij in re\u017eija: <strong>Mi\u0161a Geri\u010d \u0160pacapan<\/strong><br \/>\nIgra: <strong>Mi\u0161a Geri\u010d \u0160pacapan<\/strong><\/p>\n<\/div>\n<div class=\"info-row-small\"><i class=\"fas fa-link\"><\/i> <a href=\"https:\/\/www.miskinogledalisce.com\/\">https:\/\/www.miskinogledalisce.com\/<\/a><\/div>\n","protected":false},"excerpt":{"rendered":"<p>2023. \u00e1prilis 22. szombat, 10.30 | Lendvai Sz\u00ednh\u00e1z- \u00e9s Hangversenyterem gyerekel\u0151ad\u00e1s 3+ A bel\u00e9p\u0151jegy \u00e1ra: 3 \u20ac Szervez\u0151: Knji\u017enica \u2013 Kulturni center Lendava \u2013 Lendvai K\u00f6nyvt\u00e1r \u00e9s Kultur\u00e1lis K\u00f6zpont Szlov\u00e9n le\u00edr\u00e1s: Najbolj kuharska predstava o lepem vedenju. Navihani maestro Mine\u0161tron bo poskrbel za obilico dobre volje, saj bo zakuhal pravo gledali\u0161ko poslastico. V svoji italijanski [&hellip;]<\/p>\n","protected":false},"author":2,"featured_media":12073,"parent":0,"menu_order":0,"comment_status":"closed","ping_status":"closed","template":"","meta":{"footnotes":""},"class_list":["post-12244","page","type-page","status-publish","has-post-thumbnail","hentry","post","post-with-thumbnail","post-with-thumbnail-icon"],"_links":{"self":[{"href":"https:\/\/www1.kkl.si\/hu\/wp-json\/wp\/v2\/pages\/12244","targetHints":{"allow":["GET"]}}],"collection":[{"href":"https:\/\/www1.kkl.si\/hu\/wp-json\/wp\/v2\/pages"}],"about":[{"href":"https:\/\/www1.kkl.si\/hu\/wp-json\/wp\/v2\/types\/page"}],"author":[{"embeddable":true,"href":"https:\/\/www1.kkl.si\/hu\/wp-json\/wp\/v2\/users\/2"}],"replies":[{"embeddable":true,"href":"https:\/\/www1.kkl.si\/hu\/wp-json\/wp\/v2\/comments?post=12244"}],"version-history":[{"count":4,"href":"https:\/\/www1.kkl.si\/hu\/wp-json\/wp\/v2\/pages\/12244\/revisions"}],"predecessor-version":[{"id":12250,"href":"https:\/\/www1.kkl.si\/hu\/wp-json\/wp\/v2\/pages\/12244\/revisions\/12250"}],"wp:featuredmedia":[{"embeddable":true,"href":"https:\/\/www1.kkl.si\/hu\/wp-json\/wp\/v2\/media\/12073"}],"wp:attachment":[{"href":"https:\/\/www1.kkl.si\/hu\/wp-json\/wp\/v2\/media?parent=12244"}],"curies":[{"name":"wp","href":"https:\/\/api.w.org\/{rel}","templated":true}]}}