{"id":12368,"date":"2020-04-21T14:33:50","date_gmt":"2020-04-21T12:33:50","guid":{"rendered":"https:\/\/www1.kkl.si\/?page_id=12368"},"modified":"2025-10-29T20:19:40","modified_gmt":"2025-10-29T19:19:40","slug":"az-epuletrol-technikai-adatok-es-ulesrend","status":"publish","type":"page","link":"https:\/\/www1.kkl.si\/hu\/az-epuletrol-technikai-adatok-es-ulesrend\/","title":{"rendered":"AZ \u00c9P\u00dcLETR\u0150L: Technikai adatok \u00e9s \u00fcl\u00e9srend"},"content":{"rendered":"<p>A Lendvai Sz\u00ednh\u00e1z- \u00e9s Hangversenyterem 33 m\u00e9ter sz\u00e9les \u00e9s 45 m\u00e9ter hossz\u00fa. A terem megfelel\u0151 koncertek, sz\u00ednh\u00e1zi el\u0151ad\u00e1sok, b\u00e1bel\u0151ad\u00e1sok, oper\u00e1k, kongresszusok kivitelez\u00e9s\u00e9hez. A sz\u00ednh\u00e1zterem 444 f\u00e9r\u0151helyes, amib\u0151l 150 \u00fcl\u00e9s be\u00e9p\u00edtett jegyzetel\u0151 polccal rendelkezik, ami megegyszer\u0171s\u00edti a szemin\u00e1riumok, kongresszusok kivitelez\u00e9s\u00e9t. A sz\u00ednpad 9&#215;5 m\u00e9teres vet\u00edt\u0151v\u00e1szonnal rendelkezik.<\/p>\n<p>A sz\u00ednpad 11 m\u00e9ter sz\u00e9les \u00e9s 9 m\u00e9ter m\u00e9ly. A sz\u00ednpadi m\u00e9lys\u00e9ghez hozz\u00e1adhat\u00f3 m\u00e9g a fedett zenekari \u00e1rok 5 m\u00e9ter sz\u00e9les ter\u00fclete. A bels\u0151 sz\u00ednpadot a szabadt\u00e9ri sz\u00ednpadt\u00f3l emelhet\u0151 kapu v\u00e1lasztja el. A terem vet\u00edt\u0151berendez\u00e9ssel van ell\u00e1tva.<\/p>\n<p>Az el\u0151csarnok, a fels\u0151 aula \u00e9s a k\u00e9t sz\u00e9les folyos\u00f3 alkalmi ki\u00e1ll\u00edt\u00e1soknak adhat helyet \u2013 a falon 21 m\u00e9ter hossz\u00fas\u00e1g\u00fa k\u00e9phordoz\u00f3k tal\u00e1lhat\u00f3k, megvil\u00e1g\u00edt\u00e1ssal.<\/p>\n<p><strong><span style=\"font-size: 18pt;\"><i class=\"fab fa-accessible-icon\"><\/i><\/span> A terem megk\u00f6zel\u00edt\u00e9se biztos\u00edtott a mozg\u00e1skorl\u00e1tozottaknak is \u00e9s indukci\u00f3s hurokkal rendelkezik hall\u00e1ss\u00e9r\u00fclteknek.<\/strong><\/p>\n<hr \/>\n<p>DOKUMENTUMOK:<\/p>\n<p><i class=\"fas fa-file-pdf-o\"><\/i> <a href=\"https:\/\/www1.kkl.si\/wp-content\/uploads\/2021\/10\/Technikai_rider_Lendva_2017.pdf\">Technikai rider<\/a> (pdf, 194 KB | utols\u00f3 fr\u00edss\u00edt\u00e1s: 2017)<\/p>\n<blockquote class=\"wp-embedded-content\" data-secret=\"AdNthZ9sLv\"><p><a href=\"https:\/\/www1.kkl.si\/hu\/lendvai-szinhaz-es-hangversenyterem-teremhasznalatanak-alapeszkozeinek-es-szolgaltatasainak-dija\/\">Lendvai Sz\u00ednh\u00e1z- \u00e9s Hangversenyterem teremhaszn\u00e1lat\u00e1nak, alapeszk\u00f6zeinek \u00e9s szolg\u00e1ltat\u00e1sainak d\u00edja<\/a><\/p><\/blockquote>\n<p><iframe loading=\"lazy\" class=\"wp-embedded-content\" sandbox=\"allow-scripts\" security=\"restricted\" style=\"position: absolute; visibility: hidden;\" title=\"&#8220;Lendvai Sz\u00ednh\u00e1z- \u00e9s Hangversenyterem teremhaszn\u00e1lat\u00e1nak, alapeszk\u00f6zeinek \u00e9s szolg\u00e1ltat\u00e1sainak d\u00edja&#8221; &#8212; Gledali\u0161ka in koncertna dvorana Lendava\" src=\"https:\/\/www1.kkl.si\/hu\/lendvai-szinhaz-es-hangversenyterem-teremhasznalatanak-alapeszkozeinek-es-szolgaltatasainak-dija\/embed\/#?secret=IW840aEpBP#?secret=AdNthZ9sLv\" data-secret=\"AdNthZ9sLv\" width=\"600\" height=\"338\" frameborder=\"0\" marginwidth=\"0\" marginheight=\"0\" scrolling=\"no\"><\/iframe><\/p>\n<hr \/>\n<p>R\u00c9SZLETES ADATOK:<\/p>\n<p><span style=\"font-size: 18pt;\"><strong>Lendvai Sz\u00ednh\u00e1z- \u00e9s Hangversenyterem<\/strong><\/span><\/p>\n<ul>\n<li>klimatiz\u00e1lt, f\u0171t\u00f6tt;<\/li>\n<li>444 f\u00e9r\u0151hely, 30 p\u00f3tsz\u00e9k lehet\u0151s\u00e9ge;<\/li>\n<li>megfelel\u0151 minden jelleg\u0171 sz\u00ednh\u00e1zi el\u0151ad\u00e1snak, gyermekel\u0151ad\u00e1snak, oper\u00e1nak, zen\u00e9s, t\u00e1ncos el\u0151ad\u00e1snak, k\u00f6zponti \u00fcnnep\u00e9lyeknek, m\u0171kedvel\u0151 csoportok tal\u00e1lkoz\u00f3inak, k\u00f6znevel\u00e9si int\u00e9zm\u00e9nyek, c\u00e9gek \u00e9s szervezetek programjainak, tov\u00e1bb\u00e1 projekci\u00f3k, szakmai tal\u00e1lkoz\u00f3k, kongresszusok megszervez\u00e9s\u00e9hez;<\/li>\n<li>a sz\u00ednpad m\u00e9retei: 11 x 9 m\u00e9ter.<\/li>\n<\/ul>\n\n\t\t<style type=\"text\/css\">\n\t\t\t#gallery-1 {\n\t\t\t\tmargin: auto;\n\t\t\t}\n\t\t\t#gallery-1 .gallery-item {\n\t\t\t\tfloat: left;\n\t\t\t\tmargin-top: 10px;\n\t\t\t\ttext-align: center;\n\t\t\t\twidth: 16%;\n\t\t\t}\n\t\t\t#gallery-1 img {\n\t\t\t\tborder: 2px solid #cfcfcf;\n\t\t\t}\n\t\t\t#gallery-1 .gallery-caption {\n\t\t\t\tmargin-left: 0;\n\t\t\t}\n\t\t\t\/* see gallery_shortcode() in wp-includes\/media.php *\/\n\t\t<\/style>\n\t\t<div id='gallery-1' class='gallery galleryid-12368 gallery-columns-6 gallery-size-thumbnail'><dl class='gallery-item'>\n\t\t\t<dt class='gallery-icon landscape'>\n\t\t\t\t<a href='https:\/\/www1.kkl.si\/wp-content\/uploads\/2023\/04\/GKD_dvorana2_foto_peter_skrilec_web-scaled.jpg'><img loading=\"lazy\" decoding=\"async\" width=\"150\" height=\"150\" src=\"https:\/\/www1.kkl.si\/wp-content\/uploads\/2023\/04\/GKD_dvorana2_foto_peter_skrilec_web-scaled-150x150.jpg\" class=\"attachment-thumbnail size-thumbnail\" alt=\"\" \/><\/a>\n\t\t\t<\/dt><\/dl><dl class='gallery-item'>\n\t\t\t<dt class='gallery-icon landscape'>\n\t\t\t\t<a href='https:\/\/www1.kkl.si\/wp-content\/uploads\/2023\/04\/GKD_dvorana3_foto_peter_skrilec_web-scaled.jpg'><img loading=\"lazy\" decoding=\"async\" width=\"150\" height=\"150\" src=\"https:\/\/www1.kkl.si\/wp-content\/uploads\/2023\/04\/GKD_dvorana3_foto_peter_skrilec_web-scaled-150x150.jpg\" class=\"attachment-thumbnail size-thumbnail\" alt=\"\" \/><\/a>\n\t\t\t<\/dt><\/dl><dl class='gallery-item'>\n\t\t\t<dt class='gallery-icon landscape'>\n\t\t\t\t<a href='https:\/\/www1.kkl.si\/wp-content\/uploads\/2023\/04\/GKD_dvorana4_foto_peter_skrilec_web-scaled.jpg'><img loading=\"lazy\" decoding=\"async\" width=\"150\" height=\"150\" src=\"https:\/\/www1.kkl.si\/wp-content\/uploads\/2023\/04\/GKD_dvorana4_foto_peter_skrilec_web-scaled-150x150.jpg\" class=\"attachment-thumbnail size-thumbnail\" alt=\"\" \/><\/a>\n\t\t\t<\/dt><\/dl><dl class='gallery-item'>\n\t\t\t<dt class='gallery-icon landscape'>\n\t\t\t\t<a href='https:\/\/www1.kkl.si\/wp-content\/uploads\/2023\/04\/GKD_dvorana1_foto_peter_skrilec_web-scaled.jpg'><img loading=\"lazy\" decoding=\"async\" width=\"150\" height=\"150\" src=\"https:\/\/www1.kkl.si\/wp-content\/uploads\/2023\/04\/GKD_dvorana1_foto_peter_skrilec_web-scaled-150x150.jpg\" class=\"attachment-thumbnail size-thumbnail\" alt=\"\" \/><\/a>\n\t\t\t<\/dt><\/dl>\n\t\t\t<br style='clear: both' \/>\n\t\t<\/div>\n\n<p>EGY P\u00c9LDA A NYITOTT ZENEKARI \u00c1ROKKAL RENDELKEZ\u0150 SZ\u00cdNPADR\u00d3L:<\/p>\n<p><a href=\"https:\/\/www1.kkl.si\/wp-content\/uploads\/2023\/04\/GKD_odprti_oder_2006.jpg\" data-lbwps-width=\"3416\" data-lbwps-height=\"2237\" data-lbwps-srcsmall=\"https:\/\/www1.kkl.si\/wp-content\/uploads\/2023\/04\/GKD_odprti_oder_2006.jpg\"><img loading=\"lazy\" decoding=\"async\" class=\"slika alignnone wp-image-12327 size-large\" src=\"https:\/\/www1.kkl.si\/wp-content\/uploads\/2023\/04\/GKD_odprti_oder_2006-scaled.jpg\" alt=\"\" width=\"1500\" height=\"982\" srcset=\"https:\/\/www1.kkl.si\/wp-content\/uploads\/2023\/04\/GKD_odprti_oder_2006-scaled.jpg 2560w, https:\/\/www1.kkl.si\/wp-content\/uploads\/2023\/04\/GKD_odprti_oder_2006-scaled-400x262.jpg 400w, https:\/\/www1.kkl.si\/wp-content\/uploads\/2023\/04\/GKD_odprti_oder_2006-scaled-1500x982.jpg 1500w\" sizes=\"auto, (max-width: 1500px) 100vw, 1500px\" \/><\/a><\/p>\n<p><span style=\"font-size: 18pt;\"><strong>Lendvai Sz\u00ednh\u00e1z- \u00e9s Hangversenyterem ny\u00e1ri sz\u00ednpada<\/strong><\/span><\/p>\n<ul>\n<li>megfelel\u0151 technikailag kev\u00e9sb\u00e9 ig\u00e9nyes koncertek, sz\u00ednh\u00e1zi el\u0151ad\u00e1sok, gyermekel\u0151ad\u00e1sok megszervez\u00e9s\u00e9hez;<\/li>\n<li>a sz\u00ednpad m\u00e9retei: 10 m x 4 m (haszn\u00e1lhat\u00f3 a bels\u0151 sz\u00ednpaddal);<\/li>\n<li>150-250 \u00fcl\u0151hely.<\/li>\n<\/ul>\n<p><a href=\"https:\/\/www1.kkl.si\/wp-content\/uploads\/2023\/04\/GEO_1638.jpg\" data-lbwps-width=\"2500\" data-lbwps-height=\"1669\" data-lbwps-srcsmall=\"https:\/\/www1.kkl.si\/wp-content\/uploads\/2023\/04\/GEO_1638-400x267.jpg\"><img loading=\"lazy\" decoding=\"async\" class=\"alignnone size-large wp-image-12346\" src=\"https:\/\/www1.kkl.si\/wp-content\/uploads\/2023\/04\/GEO_1638.jpg\" alt=\"\" width=\"1500\" height=\"1001\" srcset=\"https:\/\/www1.kkl.si\/wp-content\/uploads\/2023\/04\/GEO_1638.jpg 2500w, https:\/\/www1.kkl.si\/wp-content\/uploads\/2023\/04\/GEO_1638-400x267.jpg 400w, https:\/\/www1.kkl.si\/wp-content\/uploads\/2023\/04\/GEO_1638-1500x1001.jpg 1500w\" sizes=\"auto, (max-width: 1500px) 100vw, 1500px\" \/><\/a><\/p>\n<p><span style=\"font-size: 18pt;\"><strong>El\u0151t\u00e9r<\/strong><\/span><\/p>\n<ul>\n<li>a f\u00f6ldszinti \u00e9s az emeleti aula megfelel\u0151 \u00fcnnepi esem\u00e9nyek, id\u0151szaki ki\u00e1ll\u00edt\u00e1sok megszervez\u00e9s\u00e9hez;<\/li>\n<li>eleg\u00e1ns helysz\u00edn a v\u00e1ros sz\u00edv\u00e9ben term\u00e9szetes f\u00e9nnyel.<\/li>\n<\/ul>\n\n\t\t<style type=\"text\/css\">\n\t\t\t#gallery-2 {\n\t\t\t\tmargin: auto;\n\t\t\t}\n\t\t\t#gallery-2 .gallery-item {\n\t\t\t\tfloat: left;\n\t\t\t\tmargin-top: 10px;\n\t\t\t\ttext-align: center;\n\t\t\t\twidth: 16%;\n\t\t\t}\n\t\t\t#gallery-2 img {\n\t\t\t\tborder: 2px solid #cfcfcf;\n\t\t\t}\n\t\t\t#gallery-2 .gallery-caption {\n\t\t\t\tmargin-left: 0;\n\t\t\t}\n\t\t\t\/* see gallery_shortcode() in wp-includes\/media.php *\/\n\t\t<\/style>\n\t\t<div id='gallery-2' class='gallery galleryid-12368 gallery-columns-6 gallery-size-thumbnail'><dl class='gallery-item'>\n\t\t\t<dt class='gallery-icon landscape'>\n\t\t\t\t<a href='https:\/\/www1.kkl.si\/wp-content\/uploads\/2023\/04\/GKD_preddverje1_foto_peter_skrilec_web-scaled.jpg'><img loading=\"lazy\" decoding=\"async\" width=\"150\" height=\"150\" src=\"https:\/\/www1.kkl.si\/wp-content\/uploads\/2023\/04\/GKD_preddverje1_foto_peter_skrilec_web-scaled-150x150.jpg\" class=\"attachment-thumbnail size-thumbnail\" alt=\"\" \/><\/a>\n\t\t\t<\/dt><\/dl><dl class='gallery-item'>\n\t\t\t<dt class='gallery-icon landscape'>\n\t\t\t\t<a href='https:\/\/www1.kkl.si\/wp-content\/uploads\/2023\/04\/GKD_preddverje2_foto_peter_skrilec_web-scaled.jpg'><img loading=\"lazy\" decoding=\"async\" width=\"150\" height=\"150\" src=\"https:\/\/www1.kkl.si\/wp-content\/uploads\/2023\/04\/GKD_preddverje2_foto_peter_skrilec_web-scaled-150x150.jpg\" class=\"attachment-thumbnail size-thumbnail\" alt=\"\" \/><\/a>\n\t\t\t<\/dt><\/dl><dl class='gallery-item'>\n\t\t\t<dt class='gallery-icon landscape'>\n\t\t\t\t<a href='https:\/\/www1.kkl.si\/wp-content\/uploads\/2023\/04\/GKD_preddverje4_nadstropje_foto_peter_skrilec_web-scaled.jpg'><img loading=\"lazy\" decoding=\"async\" width=\"150\" height=\"150\" src=\"https:\/\/www1.kkl.si\/wp-content\/uploads\/2023\/04\/GKD_preddverje4_nadstropje_foto_peter_skrilec_web-scaled-150x150.jpg\" class=\"attachment-thumbnail size-thumbnail\" alt=\"\" \/><\/a>\n\t\t\t<\/dt><\/dl>\n\t\t\t<br style='clear: both' \/>\n\t\t<\/div>\n\n<p><span style=\"font-size: 18pt;\"><strong>Ki\u00e1ll\u00edt\u00f3terem<\/strong><\/span><\/p>\n<ul>\n<li>aula \u00e9s sz\u00e9les folyos\u00f3, mely v\u00e1ltozatos id\u0151szaki ki\u00e1ll\u00edt\u00e1sokra alkalmas;<\/li>\n<li>a falakon 21 m\u00e9ter hossz\u00fas\u00e1gban k\u00e9phordoz\u00f3k tal\u00e1lhat\u00f3k, megvil\u00e1g\u00edt\u00e1ssal.<\/li>\n<\/ul>\n<p><a href=\"https:\/\/www1.kkl.si\/wp-content\/uploads\/2023\/04\/GKD_preddverje3_avla_foto_peter_skrilec_web.jpg\" data-lbwps-width=\"2700\" data-lbwps-height=\"1800\" data-lbwps-srcsmall=\"https:\/\/www1.kkl.si\/wp-content\/uploads\/2023\/04\/GKD_preddverje3_avla_foto_peter_skrilec_web.jpg\"><img loading=\"lazy\" decoding=\"async\" class=\"alignnone wp-image-12295 size-large\" src=\"https:\/\/www1.kkl.si\/wp-content\/uploads\/2023\/04\/GKD_preddverje3_avla_foto_peter_skrilec_web-scaled.jpg\" alt=\"\" width=\"1500\" height=\"1000\" srcset=\"https:\/\/www1.kkl.si\/wp-content\/uploads\/2023\/04\/GKD_preddverje3_avla_foto_peter_skrilec_web-scaled.jpg 2560w, https:\/\/www1.kkl.si\/wp-content\/uploads\/2023\/04\/GKD_preddverje3_avla_foto_peter_skrilec_web-scaled-400x267.jpg 400w, https:\/\/www1.kkl.si\/wp-content\/uploads\/2023\/04\/GKD_preddverje3_avla_foto_peter_skrilec_web-scaled-1500x1000.jpg 1500w\" sizes=\"auto, (max-width: 1500px) 100vw, 1500px\" \/><\/a><\/p>\n<p><span style=\"font-size: 10pt;\">Fot\u00f3k: Peter Orban (2006), Peter \u0160krilec (2019) \u00e9s Toma\u017e Gali\u010d (2022)<\/span><\/p>\n<hr \/>\n<p>\u00dcL\u00c9SREND:<\/p>\n<p><i class=\"fas fa-file-pdf-o\"><\/i> <a href=\"https:\/\/www1.kkl.si\/wp-content\/uploads\/2020\/11\/sedezni_red_GKD_2020_osnova-2.pdf\">A Sz\u00ednh\u00e1z- \u00e9s Hangversenyterem \u00fcl\u00e9srendje<\/a> (pdf, 665 KB)<\/p>\n<p><a href=\"https:\/\/www1.kkl.si\/wp-content\/uploads\/2023\/04\/sedezni_red_GKD_2020.png\" data-lbwps-width=\"3600\" data-lbwps-height=\"3220\" data-lbwps-srcsmall=\"https:\/\/www1.kkl.si\/wp-content\/uploads\/2023\/04\/sedezni_red_GKD_2020-400x358.png\"><img loading=\"lazy\" decoding=\"async\" class=\"slika alignnone wp-image-12284 size-large\" src=\"https:\/\/www1.kkl.si\/wp-content\/uploads\/2023\/04\/sedezni_red_GKD_2020.png\" alt=\"\" width=\"1500\" height=\"1342\" srcset=\"https:\/\/www1.kkl.si\/wp-content\/uploads\/2023\/04\/sedezni_red_GKD_2020.png 3600w, https:\/\/www1.kkl.si\/wp-content\/uploads\/2023\/04\/sedezni_red_GKD_2020-400x358.png 400w, https:\/\/www1.kkl.si\/wp-content\/uploads\/2023\/04\/sedezni_red_GKD_2020-1500x1342.png 1500w\" sizes=\"auto, (max-width: 1500px) 100vw, 1500px\" \/><\/a><\/p>\n","protected":false},"excerpt":{"rendered":"<p>A Lendvai Sz\u00ednh\u00e1z- \u00e9s Hangversenyterem 33 m\u00e9ter sz\u00e9les \u00e9s 45 m\u00e9ter hossz\u00fa. A terem megfelel\u0151 koncertek, sz\u00ednh\u00e1zi el\u0151ad\u00e1sok, b\u00e1bel\u0151ad\u00e1sok, oper\u00e1k, kongresszusok kivitelez\u00e9s\u00e9hez. A sz\u00ednh\u00e1zterem 444 f\u00e9r\u0151helyes, amib\u0151l 150 \u00fcl\u00e9s be\u00e9p\u00edtett jegyzetel\u0151 polccal rendelkezik, ami megegyszer\u0171s\u00edti a szemin\u00e1riumok, kongresszusok kivitelez\u00e9s\u00e9t. A sz\u00ednpad 9&#215;5 m\u00e9teres vet\u00edt\u0151v\u00e1szonnal rendelkezik. A sz\u00ednpad 11 m\u00e9ter sz\u00e9les \u00e9s 9 m\u00e9ter m\u00e9ly. A [&hellip;]<\/p>\n","protected":false},"author":2,"featured_media":0,"parent":0,"menu_order":0,"comment_status":"closed","ping_status":"closed","template":"","meta":{"footnotes":""},"class_list":["post-12368","page","type-page","status-publish","hentry","post"],"_links":{"self":[{"href":"https:\/\/www1.kkl.si\/hu\/wp-json\/wp\/v2\/pages\/12368","targetHints":{"allow":["GET"]}}],"collection":[{"href":"https:\/\/www1.kkl.si\/hu\/wp-json\/wp\/v2\/pages"}],"about":[{"href":"https:\/\/www1.kkl.si\/hu\/wp-json\/wp\/v2\/types\/page"}],"author":[{"embeddable":true,"href":"https:\/\/www1.kkl.si\/hu\/wp-json\/wp\/v2\/users\/2"}],"replies":[{"embeddable":true,"href":"https:\/\/www1.kkl.si\/hu\/wp-json\/wp\/v2\/comments?post=12368"}],"version-history":[{"count":10,"href":"https:\/\/www1.kkl.si\/hu\/wp-json\/wp\/v2\/pages\/12368\/revisions"}],"predecessor-version":[{"id":24689,"href":"https:\/\/www1.kkl.si\/hu\/wp-json\/wp\/v2\/pages\/12368\/revisions\/24689"}],"wp:attachment":[{"href":"https:\/\/www1.kkl.si\/hu\/wp-json\/wp\/v2\/media?parent=12368"}],"curies":[{"name":"wp","href":"https:\/\/api.w.org\/{rel}","templated":true}]}}