{"id":12522,"date":"2023-05-01T16:48:23","date_gmt":"2023-05-01T14:48:23","guid":{"rendered":"https:\/\/www1.kkl.si\/?page_id=12522"},"modified":"2023-05-29T09:18:56","modified_gmt":"2023-05-29T07:18:56","slug":"griff-babszinhaz-a-mindentlato-kiralylany","status":"publish","type":"page","link":"https:\/\/www1.kkl.si\/hu\/griff-babszinhaz-a-mindentlato-kiralylany\/","title":{"rendered":"Griff B\u00e1bsz\u00ednh\u00e1z: A mindentl\u00e1t\u00f3 kir\u00e1lyl\u00e1ny"},"content":{"rendered":"<div class=\"opis\"><i class=\"fas fa-clock\"><\/i> <strong>2023. m\u00e1jus 14. vas\u00e1rnap, 17.00<\/strong> | Lendvai Sz\u00ednh\u00e1z- \u00e9s Hangversenyterem<img loading=\"lazy\" decoding=\"async\" class=\"wp-image-1592 alignright\" title=\"Fizet\u0151s rendezv\u00e9ny\" src=\"https:\/\/www1.kkl.si\/wp-content\/uploads\/\/2020\/07\/spored_simb_placljiva-1.svg\" sizes=\"auto, (max-width: 30px) 100vw, 30px\" srcset=\"https:\/\/www1.kkl.si\/wp-content\/uploads\/\/2020\/07\/spored_simb_placljiva-1.svg 150w, https:\/\/www1.kkl.si\/wp-content\/uploads\/\/2020\/07\/spored_simb_placljiva-1.svg 400w, https:\/\/www1.kkl.si\/wp-content\/uploads\/\/2020\/07\/spored_simb_placljiva-1.svg 1500w, https:\/\/www1.kkl.si\/wp-content\/uploads\/\/2020\/07\/spored_simb_placljiva-1.svg 100w\" alt=\"placljiva\" width=\"30\" height=\"30\" \/><br \/>\n<i class=\"fas fa-chevron-circle-right\"><\/i> <strong>magyar nyelv\u0171 gyerekel\u0151ad\u00e1s <span class=\"starost\">5+<\/span><br \/>\n<\/strong><i class=\"fas fa-ticket-alt\"><\/i> A bel\u00e9p\u0151jegy \u00e1ra: <strong>3 \u20ac<\/strong><br \/>\nSzervez\u0151: <a href=\"https:\/\/www.kkl.si\/\">Knji\u017enica \u2013 Kulturni center Lendava \u2013 Lendvai K\u00f6nyvt\u00e1r \u00e9s Kultur\u00e1lis K\u00f6zpont<\/a><\/div>\n<div>\n<p><a href=\"https:\/\/www1.kkl.si\/wp-content\/uploads\/2023\/05\/mindentlato_fokep.jpg\" data-lbwps-width=\"1773\" data-lbwps-height=\"1182\" data-lbwps-srcsmall=\"https:\/\/www1.kkl.si\/wp-content\/uploads\/2023\/05\/mindentlato_fokep-400x267.jpg\"><img loading=\"lazy\" decoding=\"async\" class=\"alignnone size-large wp-image-12491\" src=\"https:\/\/www1.kkl.si\/wp-content\/uploads\/2023\/05\/mindentlato_fokep.jpg\" alt=\"\" width=\"1500\" height=\"1000\" srcset=\"https:\/\/www1.kkl.si\/wp-content\/uploads\/2023\/05\/mindentlato_fokep.jpg 1773w, https:\/\/www1.kkl.si\/wp-content\/uploads\/2023\/05\/mindentlato_fokep-400x267.jpg 400w, https:\/\/www1.kkl.si\/wp-content\/uploads\/2023\/05\/mindentlato_fokep-1500x1000.jpg 1500w\" sizes=\"auto, (max-width: 1500px) 100vw, 1500px\" \/><\/a><\/p>\n<p><a href=\"https:\/\/www1.kkl.si\/wp-content\/uploads\/2023\/05\/plakat_B2_mindentlatobeka_2023_DVOJ_web.jpg\" data-lbwps-width=\"1786\" data-lbwps-height=\"2500\" data-lbwps-srcsmall=\"https:\/\/www1.kkl.si\/wp-content\/uploads\/2023\/05\/plakat_B2_mindentlatobeka_2023_DVOJ_web-286x400.jpg\"><img loading=\"lazy\" decoding=\"async\" class=\"slika alignright wp-image-12493 size-medium\" src=\"https:\/\/www1.kkl.si\/wp-content\/uploads\/2023\/05\/plakat_B2_mindentlatobeka_2023_DVOJ_web.jpg\" alt=\"\" width=\"286\" height=\"400\" srcset=\"https:\/\/www1.kkl.si\/wp-content\/uploads\/2023\/05\/plakat_B2_mindentlatobeka_2023_DVOJ_web.jpg 1786w, https:\/\/www1.kkl.si\/wp-content\/uploads\/2023\/05\/plakat_B2_mindentlatobeka_2023_DVOJ_web-286x400.jpg 286w, https:\/\/www1.kkl.si\/wp-content\/uploads\/2023\/05\/plakat_B2_mindentlatobeka_2023_DVOJ_web-1072x1500.jpg 1072w\" sizes=\"auto, (max-width: 286px) 100vw, 286px\" \/><\/a>Magyar n\u00e9pmese alapj\u00e1n \u00edrta: <strong>Gimesi D\u00f3ra<\/strong><\/p>\n<p>A MINDENTL\u00c1T\u00d3 KIR\u00c1LYL\u00c1NY<\/p>\n<p>R\u00e9zi, kir\u00e1lyl\u00e1ny: <strong>V\u00e1ri Vivien<\/strong><br \/>\nAlad\u00e1r, parasztfi\u00fa: <strong>Kassay M\u00e1rton<\/strong><br \/>\nXIII. Teszetosza Henrik kir\u00e1ly: <strong>Matola Norbert<\/strong><br \/>\nBeg\u00f3nia kir\u00e1lyn\u00e9: <strong>Szolnok \u00c1gnes<\/strong><\/p>\n<p>Dramaturg: <strong>Gimesi D\u00f3ra<\/strong><br \/>\nMozg\u00e1s: <strong>Foszt\u00f3 Andr\u00e1s<\/strong><br \/>\nZeneszerz\u0151: <strong>Monori Andr\u00e1s<\/strong><br \/>\nL\u00e1tv\u00e1nytervez\u0151: <strong>Grosschmied Erik Blattner-d\u00edjas<\/strong><br \/>\nA rendez\u0151 munkat\u00e1rsa: <strong>Szolnok \u00c1gnes<\/strong><\/p>\n<p>Rendez\u0151: <strong>Halasi D\u00e1niel<\/strong><\/p>\n<p>\u201cAz egyik eszetlen, a m\u00e1sik s\u00f3tlan, a harmadik t\u00e9tova, a hetedik hetvenkedik, a tizediknek m\u00e1l\u00e9sz\u00e1ja m\u00e9l\u00e1z, a huszadiknak esze tokja t\u00f6k, az \u00f6tvenedik bugyuta kutyapofa, a nyolcvanadik egy\u00fcgy\u0171 \u00fcgyefogyott, a kilencvennyolcadik ostoba oskolaker\u00fcl\u0151: h\u00e1t nincs egy \u00e9rtelmes f\u00e9rfif\u00e9le az eg\u00e9sz f\u00f6ldkereks\u00e9gen?\u201c \u2013 k\u00e9rdezi R\u00e9zi, a mindent l\u00e1t\u00f3 kir\u00e1lyl\u00e1ny, miut\u00e1n kilencvenkilencedik k\u00e9r\u0151je is k\u00e9ptelen volt tisztess\u00e9gesen elb\u00fajni el\u0151le. Mindannyiunk szerencs\u00e9j\u00e9re azonban: a k\u00f6vetkez\u0151 f\u00e9rfif\u00e9le nem lesz \u00e1m ak\u00e1rki!<\/p>\n<\/div>\n<div class=\"info-row-small\"><i class=\"fas fa-link\"><\/i> <a href=\"https:\/\/griffbabszinhaz.hu\/a-mindentlato-kiralylany-2\/\">https:\/\/griffbabszinhaz.hu\/a-mindentlato-kiralylany-2\/<\/a><\/div>\n<div>\u00a0<\/div>\n<div>\n<hr \/>\n<p>FOT\u00d3GAL\u00c9RIA<\/p>\n<\/div>\n<div>\n\n\t\t<style type=\"text\/css\">\n\t\t\t#gallery-1 {\n\t\t\t\tmargin: auto;\n\t\t\t}\n\t\t\t#gallery-1 .gallery-item {\n\t\t\t\tfloat: left;\n\t\t\t\tmargin-top: 10px;\n\t\t\t\ttext-align: center;\n\t\t\t\twidth: 16%;\n\t\t\t}\n\t\t\t#gallery-1 img {\n\t\t\t\tborder: 2px solid #cfcfcf;\n\t\t\t}\n\t\t\t#gallery-1 .gallery-caption {\n\t\t\t\tmargin-left: 0;\n\t\t\t}\n\t\t\t\/* see gallery_shortcode() in wp-includes\/media.php *\/\n\t\t<\/style>\n\t\t<div id='gallery-1' class='gallery galleryid-12522 gallery-columns-6 gallery-size-thumbnail'><dl class='gallery-item'>\n\t\t\t<dt class='gallery-icon landscape'>\n\t\t\t\t<a href='https:\/\/www1.kkl.si\/wp-content\/uploads\/2023\/05\/mindentlato01.jpg'><img loading=\"lazy\" decoding=\"async\" width=\"150\" height=\"150\" src=\"https:\/\/www1.kkl.si\/wp-content\/uploads\/2023\/05\/mindentlato01-150x150.jpg\" class=\"attachment-thumbnail size-thumbnail\" alt=\"\" \/><\/a>\n\t\t\t<\/dt><\/dl><dl class='gallery-item'>\n\t\t\t<dt class='gallery-icon landscape'>\n\t\t\t\t<a href='https:\/\/www1.kkl.si\/wp-content\/uploads\/2023\/05\/mindentlato02.jpg'><img loading=\"lazy\" decoding=\"async\" width=\"150\" height=\"150\" src=\"https:\/\/www1.kkl.si\/wp-content\/uploads\/2023\/05\/mindentlato02-150x150.jpg\" class=\"attachment-thumbnail size-thumbnail\" alt=\"\" \/><\/a>\n\t\t\t<\/dt><\/dl><dl class='gallery-item'>\n\t\t\t<dt class='gallery-icon landscape'>\n\t\t\t\t<a href='https:\/\/www1.kkl.si\/wp-content\/uploads\/2023\/05\/mindentlato03.jpg'><img loading=\"lazy\" decoding=\"async\" width=\"150\" height=\"150\" src=\"https:\/\/www1.kkl.si\/wp-content\/uploads\/2023\/05\/mindentlato03-150x150.jpg\" class=\"attachment-thumbnail size-thumbnail\" alt=\"\" \/><\/a>\n\t\t\t<\/dt><\/dl><dl class='gallery-item'>\n\t\t\t<dt class='gallery-icon landscape'>\n\t\t\t\t<a href='https:\/\/www1.kkl.si\/wp-content\/uploads\/2023\/05\/mindentlato04.jpg'><img loading=\"lazy\" decoding=\"async\" width=\"150\" height=\"150\" src=\"https:\/\/www1.kkl.si\/wp-content\/uploads\/2023\/05\/mindentlato04-150x150.jpg\" class=\"attachment-thumbnail size-thumbnail\" alt=\"\" \/><\/a>\n\t\t\t<\/dt><\/dl><dl class='gallery-item'>\n\t\t\t<dt class='gallery-icon landscape'>\n\t\t\t\t<a href='https:\/\/www1.kkl.si\/wp-content\/uploads\/2023\/05\/mindentlato05.jpg'><img loading=\"lazy\" decoding=\"async\" width=\"150\" height=\"150\" src=\"https:\/\/www1.kkl.si\/wp-content\/uploads\/2023\/05\/mindentlato05-150x150.jpg\" class=\"attachment-thumbnail size-thumbnail\" alt=\"\" \/><\/a>\n\t\t\t<\/dt><\/dl><dl class='gallery-item'>\n\t\t\t<dt class='gallery-icon landscape'>\n\t\t\t\t<a href='https:\/\/www1.kkl.si\/wp-content\/uploads\/2023\/05\/mindentlato06.jpg'><img loading=\"lazy\" decoding=\"async\" width=\"150\" height=\"150\" src=\"https:\/\/www1.kkl.si\/wp-content\/uploads\/2023\/05\/mindentlato06-150x150.jpg\" class=\"attachment-thumbnail size-thumbnail\" alt=\"\" \/><\/a>\n\t\t\t<\/dt><\/dl><br style=\"clear: both\" \/><dl class='gallery-item'>\n\t\t\t<dt class='gallery-icon portrait'>\n\t\t\t\t<a href='https:\/\/www1.kkl.si\/wp-content\/uploads\/2023\/05\/mindentlato07.jpg'><img loading=\"lazy\" decoding=\"async\" width=\"150\" height=\"150\" src=\"https:\/\/www1.kkl.si\/wp-content\/uploads\/2023\/05\/mindentlato07-150x150.jpg\" class=\"attachment-thumbnail size-thumbnail\" alt=\"\" \/><\/a>\n\t\t\t<\/dt><\/dl><dl class='gallery-item'>\n\t\t\t<dt class='gallery-icon portrait'>\n\t\t\t\t<a href='https:\/\/www1.kkl.si\/wp-content\/uploads\/2023\/05\/mindentlato08.jpg'><img loading=\"lazy\" decoding=\"async\" width=\"150\" height=\"150\" src=\"https:\/\/www1.kkl.si\/wp-content\/uploads\/2023\/05\/mindentlato08-150x150.jpg\" class=\"attachment-thumbnail size-thumbnail\" alt=\"\" \/><\/a>\n\t\t\t<\/dt><\/dl><dl class='gallery-item'>\n\t\t\t<dt class='gallery-icon landscape'>\n\t\t\t\t<a href='https:\/\/www1.kkl.si\/wp-content\/uploads\/2023\/05\/mindentlato09.jpg'><img loading=\"lazy\" decoding=\"async\" width=\"150\" height=\"150\" src=\"https:\/\/www1.kkl.si\/wp-content\/uploads\/2023\/05\/mindentlato09-150x150.jpg\" class=\"attachment-thumbnail size-thumbnail\" alt=\"\" \/><\/a>\n\t\t\t<\/dt><\/dl><dl class='gallery-item'>\n\t\t\t<dt class='gallery-icon landscape'>\n\t\t\t\t<a href='https:\/\/www1.kkl.si\/wp-content\/uploads\/2023\/05\/mindentlato10.jpg'><img loading=\"lazy\" decoding=\"async\" width=\"150\" height=\"150\" src=\"https:\/\/www1.kkl.si\/wp-content\/uploads\/2023\/05\/mindentlato10-150x150.jpg\" class=\"attachment-thumbnail size-thumbnail\" alt=\"\" \/><\/a>\n\t\t\t<\/dt><\/dl><dl class='gallery-item'>\n\t\t\t<dt class='gallery-icon portrait'>\n\t\t\t\t<a href='https:\/\/www1.kkl.si\/wp-content\/uploads\/2023\/05\/mindentlato11.jpg'><img loading=\"lazy\" decoding=\"async\" width=\"150\" height=\"150\" src=\"https:\/\/www1.kkl.si\/wp-content\/uploads\/2023\/05\/mindentlato11-150x150.jpg\" class=\"attachment-thumbnail size-thumbnail\" alt=\"\" \/><\/a>\n\t\t\t<\/dt><\/dl><dl class='gallery-item'>\n\t\t\t<dt class='gallery-icon landscape'>\n\t\t\t\t<a href='https:\/\/www1.kkl.si\/wp-content\/uploads\/2023\/05\/mindentlato12.jpg'><img loading=\"lazy\" decoding=\"async\" width=\"150\" height=\"150\" src=\"https:\/\/www1.kkl.si\/wp-content\/uploads\/2023\/05\/mindentlato12-150x150.jpg\" class=\"attachment-thumbnail size-thumbnail\" alt=\"\" \/><\/a>\n\t\t\t<\/dt><\/dl><br style=\"clear: both\" \/>\n\t\t<\/div>\n\n<\/div>\n","protected":false},"excerpt":{"rendered":"<p>2023. m\u00e1jus 14. vas\u00e1rnap, 17.00 | Lendvai Sz\u00ednh\u00e1z- \u00e9s Hangversenyterem magyar nyelv\u0171 gyerekel\u0151ad\u00e1s 5+ A bel\u00e9p\u0151jegy \u00e1ra: 3 \u20ac Szervez\u0151: Knji\u017enica \u2013 Kulturni center Lendava \u2013 Lendvai K\u00f6nyvt\u00e1r \u00e9s Kultur\u00e1lis K\u00f6zpont Magyar n\u00e9pmese alapj\u00e1n \u00edrta: Gimesi D\u00f3ra A MINDENTL\u00c1T\u00d3 KIR\u00c1LYL\u00c1NY R\u00e9zi, kir\u00e1lyl\u00e1ny: V\u00e1ri Vivien Alad\u00e1r, parasztfi\u00fa: Kassay M\u00e1rton XIII. Teszetosza Henrik kir\u00e1ly: Matola Norbert Beg\u00f3nia [&hellip;]<\/p>\n","protected":false},"author":2,"featured_media":12516,"parent":0,"menu_order":0,"comment_status":"closed","ping_status":"closed","template":"","meta":{"footnotes":""},"class_list":["post-12522","page","type-page","status-publish","has-post-thumbnail","hentry","post","post-with-thumbnail","post-with-thumbnail-icon"],"_links":{"self":[{"href":"https:\/\/www1.kkl.si\/hu\/wp-json\/wp\/v2\/pages\/12522","targetHints":{"allow":["GET"]}}],"collection":[{"href":"https:\/\/www1.kkl.si\/hu\/wp-json\/wp\/v2\/pages"}],"about":[{"href":"https:\/\/www1.kkl.si\/hu\/wp-json\/wp\/v2\/types\/page"}],"author":[{"embeddable":true,"href":"https:\/\/www1.kkl.si\/hu\/wp-json\/wp\/v2\/users\/2"}],"replies":[{"embeddable":true,"href":"https:\/\/www1.kkl.si\/hu\/wp-json\/wp\/v2\/comments?post=12522"}],"version-history":[{"count":6,"href":"https:\/\/www1.kkl.si\/hu\/wp-json\/wp\/v2\/pages\/12522\/revisions"}],"predecessor-version":[{"id":12966,"href":"https:\/\/www1.kkl.si\/hu\/wp-json\/wp\/v2\/pages\/12522\/revisions\/12966"}],"wp:featuredmedia":[{"embeddable":true,"href":"https:\/\/www1.kkl.si\/hu\/wp-json\/wp\/v2\/media\/12516"}],"wp:attachment":[{"href":"https:\/\/www1.kkl.si\/hu\/wp-json\/wp\/v2\/media?parent=12522"}],"curies":[{"name":"wp","href":"https:\/\/api.w.org\/{rel}","templated":true}]}}