{"id":12620,"date":"2023-05-05T13:31:43","date_gmt":"2023-05-05T11:31:43","guid":{"rendered":"https:\/\/www1.kkl.si\/?page_id=12620"},"modified":"2023-05-05T13:31:43","modified_gmt":"2023-05-05T11:31:43","slug":"megy-ez-nekunk-a-2-sz-lendvai-kai-tanuloinak-es-tanarainak-rendezvenye","status":"publish","type":"page","link":"https:\/\/www1.kkl.si\/hu\/megy-ez-nekunk-a-2-sz-lendvai-kai-tanuloinak-es-tanarainak-rendezvenye\/","title":{"rendered":"MEGY EZ NEK\u00dcNK, a 2. Sz. Lendvai K\u00c1I tanul\u00f3inak \u00e9s tan\u00e1rainak rendezv\u00e9nye"},"content":{"rendered":"<div class=\"opis\"><i class=\"fas fa-clock\"><\/i> <strong>2023. m\u00e1jus 12. p\u00e9ntek, 17.00<\/strong> | Gledali\u0161ka in koncertna dvorana Lendava<img loading=\"lazy\" decoding=\"async\" class=\"wp-image-1588 alignright\" title=\"Ingyenes rendezv\u00e9ny\" src=\"https:\/\/www1.kkl.si\/wp-content\/uploads\/\/2020\/07\/spored_simb_brezplacna-1.svg\" alt=\"brezplacna\" width=\"30\" height=\"30\" srcset=\"https:\/\/www1.kkl.si\/wp-content\/uploads\/\/2020\/07\/spored_simb_brezplacna-1.svg 150w, https:\/\/www1.kkl.si\/wp-content\/uploads\/\/2020\/07\/spored_simb_brezplacna-1.svg 400w, https:\/\/www1.kkl.si\/wp-content\/uploads\/\/2020\/07\/spored_simb_brezplacna-1.svg 1500w, https:\/\/www1.kkl.si\/wp-content\/uploads\/\/2020\/07\/spored_simb_brezplacna-1.svg 100w\" sizes=\"auto, (max-width: 30px) 100vw, 30px\" \/><br \/>\n<i class=\"fas fa-chevron-circle-right\"><\/i> <strong>rendezv\u00e9ny<\/strong><br \/>\nSzervez\u0151: <a href=\"https:\/\/www.dos2-lendava.si\/\">DO\u0160 II Lendava\/2. Sz. Lendvai K\u00c1I<\/a><\/div>\n<div>\n<p><strong>A NYILV\u00c1NOSS\u00c1G T\u00c1J\u00c9KOZTAT\u00c1SA<\/strong><\/p>\n<p>A 2. Sz. Lendvai K\u00c1I tanul\u00f3i id\u00e9n ism\u00e9t bemutatkoznak a hagyom\u00e1nyos <strong>MEGY EZ NEK\u00dcNK rendezv\u00e9nyen, <\/strong>amely a<strong> J<\/strong><strong>\u00d3<\/strong><strong> NEKEM<\/strong> c\u00edmet viseli. A rendezv\u00e9nyre <strong>2023. m\u00e1jus 12-\u00e9n, p\u00e9nteken, 17 \u00f3rai <\/strong>kezdettel ker\u00fcl sor a Lendvai Sz\u00ednh\u00e1z- \u00e9s Hangversenyteremben.<\/p>\n<p>Tanul\u00f3ink zen\u00e9vel \u00e9s t\u00e1nccal fognak minket v\u00e9gigvezetni a k\u00fcl\u00f6nb\u00f6z\u0151 zenei korszakokon. <strong>Saj\u00e1tos m\u00f3don fogj\u00e1k\u00a0 kifejezni tehets\u00e9g\u00fcket \u00e9s k\u00e9pess\u00e9geiket<\/strong>, ezzel bizony\u00edtva, hogy kitart\u00e1ssal, er\u0151fesz\u00edt\u00e9ssel \u00e9s odaad\u00e1ssal \u0151k is kiemelked\u0151 sikereket \u00e9rhetnek el.<\/p>\n<p>A zene var\u00e1zslatos ereje \u00f6sszek\u00f6ti sz\u00edv\u00fcnket \u00e9s lelk\u00fcnket, egyedis\u00e9g\u00fcnket \u00e9s k\u00fcl\u00f6nb\u00f6z\u0151s\u00e9g\u00fcnket!<\/p>\n<p>A Sz\u00ednh\u00e1z-\u00e9s Hangversenyterem el\u0151csarnok\u00e1ban megtekinthet\u0151 lesz a J\u00f3 nekem fot\u00f3ki\u00e1ll\u00edt\u00e1s.<\/p>\n<p><em>\u00a0Szeretettel v\u00e1rjuk.<\/em><\/p>\n<p><a href=\"https:\/\/www1.kkl.si\/wp-content\/uploads\/2023\/05\/DOS2_plakat_Mi_zmoremo_2023.jpg\" data-lbwps-width=\"1414\" data-lbwps-height=\"2000\" data-lbwps-srcsmall=\"https:\/\/www1.kkl.si\/wp-content\/uploads\/2023\/05\/DOS2_plakat_Mi_zmoremo_2023-283x400.jpg\"><img loading=\"lazy\" decoding=\"async\" class=\"alignnone size-large wp-image-12615\" src=\"https:\/\/www1.kkl.si\/wp-content\/uploads\/2023\/05\/DOS2_plakat_Mi_zmoremo_2023-1061x1500.jpg\" alt=\"\" width=\"1061\" height=\"1500\" srcset=\"https:\/\/www1.kkl.si\/wp-content\/uploads\/2023\/05\/DOS2_plakat_Mi_zmoremo_2023-1061x1500.jpg 1061w, https:\/\/www1.kkl.si\/wp-content\/uploads\/2023\/05\/DOS2_plakat_Mi_zmoremo_2023-283x400.jpg 283w, https:\/\/www1.kkl.si\/wp-content\/uploads\/2023\/05\/DOS2_plakat_Mi_zmoremo_2023.jpg 1414w\" sizes=\"auto, (max-width: 1061px) 100vw, 1061px\" \/><\/a><\/p>\n<\/div>\n","protected":false},"excerpt":{"rendered":"<p>2023. m\u00e1jus 12. p\u00e9ntek, 17.00 | Gledali\u0161ka in koncertna dvorana Lendava rendezv\u00e9ny Szervez\u0151: DO\u0160 II Lendava\/2. Sz. Lendvai K\u00c1I A NYILV\u00c1NOSS\u00c1G T\u00c1J\u00c9KOZTAT\u00c1SA A 2. Sz. Lendvai K\u00c1I tanul\u00f3i id\u00e9n ism\u00e9t bemutatkoznak a hagyom\u00e1nyos MEGY EZ NEK\u00dcNK rendezv\u00e9nyen, amely a J\u00d3 NEKEM c\u00edmet viseli. A rendezv\u00e9nyre 2023. m\u00e1jus 12-\u00e9n, p\u00e9nteken, 17 \u00f3rai kezdettel ker\u00fcl sor a [&hellip;]<\/p>\n","protected":false},"author":2,"featured_media":0,"parent":0,"menu_order":0,"comment_status":"closed","ping_status":"closed","template":"","meta":{"footnotes":""},"class_list":["post-12620","page","type-page","status-publish","hentry","post"],"_links":{"self":[{"href":"https:\/\/www1.kkl.si\/hu\/wp-json\/wp\/v2\/pages\/12620","targetHints":{"allow":["GET"]}}],"collection":[{"href":"https:\/\/www1.kkl.si\/hu\/wp-json\/wp\/v2\/pages"}],"about":[{"href":"https:\/\/www1.kkl.si\/hu\/wp-json\/wp\/v2\/types\/page"}],"author":[{"embeddable":true,"href":"https:\/\/www1.kkl.si\/hu\/wp-json\/wp\/v2\/users\/2"}],"replies":[{"embeddable":true,"href":"https:\/\/www1.kkl.si\/hu\/wp-json\/wp\/v2\/comments?post=12620"}],"version-history":[{"count":1,"href":"https:\/\/www1.kkl.si\/hu\/wp-json\/wp\/v2\/pages\/12620\/revisions"}],"predecessor-version":[{"id":12622,"href":"https:\/\/www1.kkl.si\/hu\/wp-json\/wp\/v2\/pages\/12620\/revisions\/12622"}],"wp:attachment":[{"href":"https:\/\/www1.kkl.si\/hu\/wp-json\/wp\/v2\/media?parent=12620"}],"curies":[{"name":"wp","href":"https:\/\/api.w.org\/{rel}","templated":true}]}}