{"id":12639,"date":"2023-05-07T11:42:35","date_gmt":"2023-05-07T09:42:35","guid":{"rendered":"https:\/\/www1.kkl.si\/?page_id=12639"},"modified":"2023-05-07T11:59:42","modified_gmt":"2023-05-07T09:59:42","slug":"aranyszamar-babszinhaz-bekakiraly","status":"publish","type":"page","link":"https:\/\/www1.kkl.si\/hu\/aranyszamar-babszinhaz-bekakiraly\/","title":{"rendered":"Aranyszam\u00e1r B\u00e1bsz\u00ednh\u00e1z: B\u00e9kakir\u00e1ly"},"content":{"rendered":"<div class=\"opis\"><i class=\"fas fa-clock\"><\/i> <strong>2023. j\u00fanis 18. vas\u00e1rnap, 17.00<\/strong> | Lendvai Sz\u00ednh\u00e1z- \u00e9s Hangversenyterem<img loading=\"lazy\" decoding=\"async\" class=\"wp-image-1592 alignright\" title=\"Fizet\u0151s rendezv\u00e9ny\" src=\"https:\/\/www1.kkl.si\/wp-content\/uploads\/\/2020\/07\/spored_simb_placljiva-1.svg\" sizes=\"auto, (max-width: 30px) 100vw, 30px\" srcset=\"https:\/\/www1.kkl.si\/wp-content\/uploads\/\/2020\/07\/spored_simb_placljiva-1.svg 150w, https:\/\/www1.kkl.si\/wp-content\/uploads\/\/2020\/07\/spored_simb_placljiva-1.svg 400w, https:\/\/www1.kkl.si\/wp-content\/uploads\/\/2020\/07\/spored_simb_placljiva-1.svg 1500w, https:\/\/www1.kkl.si\/wp-content\/uploads\/\/2020\/07\/spored_simb_placljiva-1.svg 100w\" alt=\"placljiva\" width=\"30\" height=\"30\" \/><br \/>\n<i class=\"fas fa-chevron-circle-right\"><\/i> <strong>magyar nyelv\u0171 gyerekel\u0151ad\u00e1s <span class=\"starost\">4+<\/span><br \/>\n<\/strong><i class=\"fas fa-ticket-alt\"><\/i> A bel\u00e9p\u0151jegy \u00e1ra: <strong>3 \u20ac<\/strong><br \/>\nSzervez\u0151: <a href=\"https:\/\/www.kkl.si\/\">Knji\u017enica \u2013 Kulturni center Lendava \u2013 Lendvai K\u00f6nyvt\u00e1r \u00e9s Kultur\u00e1lis K\u00f6zpont<\/a><\/div>\n<p><strong><a href=\"https:\/\/www1.kkl.si\/wp-content\/uploads\/2023\/05\/plakat_B2_mindentlatobeka_2023_DVOJ_web.jpg\" data-lbwps-width=\"1786\" data-lbwps-height=\"2500\" data-lbwps-srcsmall=\"https:\/\/www1.kkl.si\/wp-content\/uploads\/2023\/05\/plakat_B2_mindentlatobeka_2023_DVOJ_web-286x400.jpg\"><img loading=\"lazy\" decoding=\"async\" class=\"slika alignright wp-image-12493 size-medium\" src=\"https:\/\/www1.kkl.si\/wp-content\/uploads\/2023\/05\/plakat_B2_mindentlatobeka_2023_DVOJ_web.jpg\" alt=\"\" width=\"286\" height=\"400\" srcset=\"https:\/\/www1.kkl.si\/wp-content\/uploads\/2023\/05\/plakat_B2_mindentlatobeka_2023_DVOJ_web.jpg 1786w, https:\/\/www1.kkl.si\/wp-content\/uploads\/2023\/05\/plakat_B2_mindentlatobeka_2023_DVOJ_web-286x400.jpg 286w, https:\/\/www1.kkl.si\/wp-content\/uploads\/2023\/05\/plakat_B2_mindentlatobeka_2023_DVOJ_web-1072x1500.jpg 1072w\" sizes=\"auto, (max-width: 286px) 100vw, 286px\" \/><\/a>Szerepl\u0151k:<\/strong> <br \/>\nBaranyai Anita<br \/>\n\u00c9rsek-Csan\u00e1di Gy\u00f6ngyi<br \/>\nT\u00f3th M\u00e1ty\u00e1s<\/p>\n<p><strong>Alkot\u00f3k:<\/strong><\/p>\n<p><strong>\u00edr\u00f3:<\/strong> Grimm-testv\u00e9rek \u00e9s Kardos T\u00fcnde<br \/>\n<strong>dramaturg:<\/strong> Sz\u00e1nt\u00f3 Vikt\u00f3ria<br \/>\n<strong>rendez\u0151:<\/strong> Halasi D\u00e1niel<br \/>\n<strong>zeneszerz\u0151:<\/strong> Monori Andr\u00e1s<br \/>\n<strong>tervez\u0151:<\/strong> Bodn\u00e1r Enik\u0151<\/p>\n<p>A k\u00f6zismert t\u00f6rt\u00e9net ez\u00fattal marionett sz\u00ednpadon elevenedik meg, amelyet Henrik, a B\u00e9kakir\u00e1ly h\u0171 szolg\u00e1ja \u00e9s egyben legjobb bar\u00e1tja m\u0171k\u00f6dtet.<\/p>\n<p>Mik\u00f6zben elmes\u00e9li az el\u00e1tkozott kir\u00e1lyfi \u00e9s a kir\u00e1lykisasszony bar\u00e1ts\u00e1g\u00e1nak hist\u00f3ri\u00e1j\u00e1t m\u00edves b\u00e1bok kelnek \u00e9letre \u00e9s sz\u00f3rakoztatj\u00e1k a n\u00e9z\u0151ket: kicsiket, nagyokat egyar\u00e1nt.<\/p>\n<p>A humorral \u00e1titatott t\u00f6rt\u00e9net egyszerre sz\u00f3l a legm\u00e9lyebb bar\u00e1ti kapcsolatokr\u00f3l, az elfogad\u00e1sr\u00f3l \u00e9s arr\u00f3l, hogyan l\u00e1thatjuk meg \u00f6nmagunk hib\u00e1it m\u00e1sok szem\u00e9n kereszt\u00fcl.<\/p>\n<p><i class=\"fas fa-link\"><\/i> <a href=\"https:\/\/aranyszamar.hu\/\">https:\/\/aranyszamar.hu\/<\/a><\/p>\n\n\t\t<style type=\"text\/css\">\n\t\t\t#gallery-1 {\n\t\t\t\tmargin: auto;\n\t\t\t}\n\t\t\t#gallery-1 .gallery-item {\n\t\t\t\tfloat: left;\n\t\t\t\tmargin-top: 10px;\n\t\t\t\ttext-align: center;\n\t\t\t\twidth: 50%;\n\t\t\t}\n\t\t\t#gallery-1 img {\n\t\t\t\tborder: 2px solid #cfcfcf;\n\t\t\t}\n\t\t\t#gallery-1 .gallery-caption {\n\t\t\t\tmargin-left: 0;\n\t\t\t}\n\t\t\t\/* see gallery_shortcode() in wp-includes\/media.php *\/\n\t\t<\/style>\n\t\t<div id='gallery-1' class='gallery galleryid-12639 gallery-columns-2 gallery-size-medium'><dl class='gallery-item'>\n\t\t\t<dt class='gallery-icon landscape'>\n\t\t\t\t<a href='https:\/\/www1.kkl.si\/wp-content\/uploads\/2023\/05\/bekakiraly1.jpg'><img loading=\"lazy\" decoding=\"async\" width=\"400\" height=\"267\" src=\"https:\/\/www1.kkl.si\/wp-content\/uploads\/2023\/05\/bekakiraly1-400x267.jpg\" class=\"attachment-medium size-medium\" alt=\"\" srcset=\"https:\/\/www1.kkl.si\/wp-content\/uploads\/2023\/05\/bekakiraly1-400x267.jpg 400w, https:\/\/www1.kkl.si\/wp-content\/uploads\/2023\/05\/bekakiraly1.jpg 1498w\" sizes=\"auto, (max-width: 400px) 100vw, 400px\" \/><\/a>\n\t\t\t<\/dt><\/dl><dl class='gallery-item'>\n\t\t\t<dt class='gallery-icon landscape'>\n\t\t\t\t<a href='https:\/\/www1.kkl.si\/wp-content\/uploads\/2023\/05\/bekakiraly2.jpg'><img loading=\"lazy\" decoding=\"async\" width=\"400\" height=\"267\" src=\"https:\/\/www1.kkl.si\/wp-content\/uploads\/2023\/05\/bekakiraly2-400x267.jpg\" class=\"attachment-medium size-medium\" alt=\"\" srcset=\"https:\/\/www1.kkl.si\/wp-content\/uploads\/2023\/05\/bekakiraly2-400x267.jpg 400w, https:\/\/www1.kkl.si\/wp-content\/uploads\/2023\/05\/bekakiraly2.jpg 1120w\" sizes=\"auto, (max-width: 400px) 100vw, 400px\" \/><\/a>\n\t\t\t<\/dt><\/dl><br style=\"clear: both\" \/>\n\t\t<\/div>\n\n<hr \/>\n<p>VIDE\u00d3AJ\u00c1NL\u00d3<\/p>\n<p><iframe loading=\"lazy\" src=\"\/\/www.youtube.com\/embed\/aXlqLaYEMKA\" width=\"560\" height=\"314\" allowfullscreen=\"allowfullscreen\"><\/iframe><\/p>\n","protected":false},"excerpt":{"rendered":"<p>2023. j\u00fanis 18. vas\u00e1rnap, 17.00 | Lendvai Sz\u00ednh\u00e1z- \u00e9s Hangversenyterem magyar nyelv\u0171 gyerekel\u0151ad\u00e1s 4+ A bel\u00e9p\u0151jegy \u00e1ra: 3 \u20ac Szervez\u0151: Knji\u017enica \u2013 Kulturni center Lendava \u2013 Lendvai K\u00f6nyvt\u00e1r \u00e9s Kultur\u00e1lis K\u00f6zpont Szerepl\u0151k: Baranyai Anita \u00c9rsek-Csan\u00e1di Gy\u00f6ngyi T\u00f3th M\u00e1ty\u00e1s Alkot\u00f3k: \u00edr\u00f3: Grimm-testv\u00e9rek \u00e9s Kardos T\u00fcnde dramaturg: Sz\u00e1nt\u00f3 Vikt\u00f3ria rendez\u0151: Halasi D\u00e1niel zeneszerz\u0151: Monori Andr\u00e1s tervez\u0151: Bodn\u00e1r [&hellip;]<\/p>\n","protected":false},"author":2,"featured_media":12642,"parent":0,"menu_order":0,"comment_status":"closed","ping_status":"closed","template":"","meta":{"footnotes":""},"class_list":["post-12639","page","type-page","status-publish","has-post-thumbnail","hentry","post","post-with-thumbnail","post-with-thumbnail-icon"],"_links":{"self":[{"href":"https:\/\/www1.kkl.si\/hu\/wp-json\/wp\/v2\/pages\/12639","targetHints":{"allow":["GET"]}}],"collection":[{"href":"https:\/\/www1.kkl.si\/hu\/wp-json\/wp\/v2\/pages"}],"about":[{"href":"https:\/\/www1.kkl.si\/hu\/wp-json\/wp\/v2\/types\/page"}],"author":[{"embeddable":true,"href":"https:\/\/www1.kkl.si\/hu\/wp-json\/wp\/v2\/users\/2"}],"replies":[{"embeddable":true,"href":"https:\/\/www1.kkl.si\/hu\/wp-json\/wp\/v2\/comments?post=12639"}],"version-history":[{"count":4,"href":"https:\/\/www1.kkl.si\/hu\/wp-json\/wp\/v2\/pages\/12639\/revisions"}],"predecessor-version":[{"id":12647,"href":"https:\/\/www1.kkl.si\/hu\/wp-json\/wp\/v2\/pages\/12639\/revisions\/12647"}],"wp:featuredmedia":[{"embeddable":true,"href":"https:\/\/www1.kkl.si\/hu\/wp-json\/wp\/v2\/media\/12642"}],"wp:attachment":[{"href":"https:\/\/www1.kkl.si\/hu\/wp-json\/wp\/v2\/media?parent=12639"}],"curies":[{"name":"wp","href":"https:\/\/api.w.org\/{rel}","templated":true}]}}