{"id":12704,"date":"2023-05-16T10:01:39","date_gmt":"2023-05-16T08:01:39","guid":{"rendered":"https:\/\/www1.kkl.si\/?page_id=12704"},"modified":"2023-05-22T11:36:00","modified_gmt":"2023-05-22T09:36:00","slug":"balettest-a-budapesti-magyar-tancmuveszeti-egyetem-ifjusagi-balettegyuttese","status":"publish","type":"page","link":"https:\/\/www1.kkl.si\/hu\/balettest-a-budapesti-magyar-tancmuveszeti-egyetem-ifjusagi-balettegyuttese\/","title":{"rendered":"BALETTEST: A budapesti Magyar T\u00e1ncm\u0171v\u00e9szeti Egyetem Ifj\u00fas\u00e1gi Balettegy\u00fcttese"},"content":{"rendered":"<div class=\"opis\"><i class=\"fas fa-clock\"><\/i> <strong>2023. m\u00e1jus 24. szerda, 19.00<\/strong> | Lendvai Sz\u00ednh\u00e1z- \u00e9s Hangversenyterem<img loading=\"lazy\" decoding=\"async\" class=\"wp-image-1592 alignright\" title=\"Fizet\u0151s rendezv\u00e9ny\" src=\"https:\/\/www1.kkl.si\/wp-content\/uploads\/\/2020\/07\/spored_simb_placljiva-1.svg\" sizes=\"auto, (max-width: 30px) 100vw, 30px\" srcset=\"https:\/\/www1.kkl.si\/wp-content\/uploads\/\/2020\/07\/spored_simb_placljiva-1.svg 150w, https:\/\/www1.kkl.si\/wp-content\/uploads\/\/2020\/07\/spored_simb_placljiva-1.svg 400w, https:\/\/www1.kkl.si\/wp-content\/uploads\/\/2020\/07\/spored_simb_placljiva-1.svg 1500w, https:\/\/www1.kkl.si\/wp-content\/uploads\/\/2020\/07\/spored_simb_placljiva-1.svg 100w\" alt=\"placljiva\" width=\"30\" height=\"30\" \/><br \/>\n<i class=\"fas fa-chevron-circle-right\"><\/i> <strong>balett<br \/>\n<\/strong><i class=\"fas fa-ticket-alt\"><\/i> A bel\u00e9p\u0151jegy \u00e1ra: <strong>10 \u20ac<br \/>\n<\/strong>Szervez\u0151: <a href=\"https:\/\/www.dbus.si\/\">DBUS &#8211; Dru\u0161tvo baletnih umetnikov Slovenije<\/a><\/div>\n<div>\n<p><a href=\"https:\/\/www1.kkl.si\/wp-content\/uploads\/2023\/05\/WEB-POSTER-HDA-LENDAVA-2023-.jpg\" data-lbwps-width=\"1000\" data-lbwps-height=\"1425\" data-lbwps-srcsmall=\"https:\/\/www1.kkl.si\/wp-content\/uploads\/2023\/05\/WEB-POSTER-HDA-LENDAVA-2023--281x400.jpg\"><img loading=\"lazy\" decoding=\"async\" class=\"alignnone wp-image-12691 size-large\" src=\"https:\/\/www1.kkl.si\/wp-content\/uploads\/2023\/05\/WEB-POSTER-HDA-LENDAVA-2023--1000x1425.jpg\" alt=\"\" width=\"1000\" height=\"1425\" srcset=\"https:\/\/www1.kkl.si\/wp-content\/uploads\/2023\/05\/WEB-POSTER-HDA-LENDAVA-2023-.jpg 1000w, https:\/\/www1.kkl.si\/wp-content\/uploads\/2023\/05\/WEB-POSTER-HDA-LENDAVA-2023--281x400.jpg 281w\" sizes=\"auto, (max-width: 1000px) 100vw, 1000px\" \/><\/a><\/p>\n<p>PROGRAM<\/p>\n<p>A budapesti Magyar T\u00e1ncm\u0171v\u00e9szeti Egyetem Ifj\u00fas\u00e1gi Balettegy\u00fcttese<\/p>\n<hr \/>\n<p><span style=\"font-size: 24pt;\"><strong>1. r\u00e9sz:<\/strong><\/span><\/p>\n<p><span style=\"color: #c00000; font-size: 14pt;\"><strong>La Bayad\u00e9re<\/strong> &#8211; Grand pas d&#8217;action \/ Lakodalom<\/span><br \/>\nZene: Ludwig Minkus<br \/>\nKoreogr\u00e1fia: Marius Petipa<\/p>\n<p><em>Gamzatti: <\/em><strong>Dorottya Lengyel <br \/>\n<\/strong><em>Solor: <\/em><strong>Juza Koizumi<br \/>\n<\/strong><em>Az arany Idol: <\/em><strong>Soichiro Katano<br \/>\n<\/strong><em>Pas de quatre: <\/em><strong>Anna D\u2019Andrea, You-Rou Chiang, Karen Sakata, Marta Sironi\u0107<br \/>\n<\/strong><em>A k\u00e9t fi\u00fa: <\/em><strong>D\u00e1vid Borka, M\u00e1t\u00e9 Milchram<br \/>\n<\/strong><em>Nikia: <\/em><strong>Tara Boriska Clark<br \/>\n<\/strong><em>Nagy Brahmin: <\/em><strong>\u00c1goston B\u00e1r\u00e1ny<\/strong><\/p>\n<hr \/>\n<p><span style=\"font-size: 24pt;\"><strong>2. r\u00e9sz:<\/strong><\/span><\/p>\n<p><span style=\"color: #c00000; font-size: 14pt;\"><strong>La Sylphide<\/strong> &#8211; pas de deux<\/span><br \/>\nZene: Herman Severin Loevenskjold<br \/>\nKoreogr\u00e1fia: August Bournonville<br \/>\n<strong>Iku Okura &#8211; Soichiro Katano<\/strong><\/p>\n<p><span style=\"color: #c00000; font-size: 14pt;\"><strong>Diana in Acteon \u2013<\/strong> Acteon vari\u00e1ci\u00f3ja<\/span><br \/>\nZene: Cezare Pugni<br \/>\nKoreogr\u00e1fia: Marius Petipa<br \/>\n<strong>Hiraku Saito<\/strong><\/p>\n<p><span style=\"color: #c00000; font-size: 14pt;\"><strong>Harlequinada<\/strong> &#8211; pas de deux<\/span><br \/>\nZene: Riccardo Drigo<br \/>\nKoreogr\u00e1fia: Marius Petipa<br \/>\n<strong>Janka Dobra &#8211; Kamill K\u00f6k\u00e9ny-H\u00e1mori<\/strong><\/p>\n<p><strong><span style=\"font-size: 14pt; color: #c00000;\">Grand pas Classique<\/span><br \/>\n<\/strong>Zene: Daniel Auber<br \/>\nKoreogr\u00e1fia: Victor Gsovsky<br \/>\n<strong>Gvendolin Nagy &#8211; Alfie Pearce<\/strong><\/p>\n<hr \/>\n<p><strong><span style=\"font-size: 24pt;\">3. r\u00e9sz:<\/span><\/strong><\/p>\n<p><span style=\"font-size: 14pt; color: #c00000;\"><strong>Jacopo Godani &#8211; 48nord (Ulrich M\u00fcller &amp; Siegfried R\u00f6ssert): <\/strong><strong>Moto Perpetuo<\/strong><strong>\u00a0<\/strong><\/span><\/p>\n<p><strong>Kata B\u00e1n, Jana Brletic, Tara Boriska Clark, Anna D\u2019Andrea, Dorottya Lengyel, Gvendolin Nagy, Iku Okura, Karen Sakata, Marta Sironic, D\u00e1vid Borka, Soichiro Katano, Juza Koizumi, M\u00e1t\u00e9 Milchram, Alfie Pearce , S\u00e1muel G\u00e1sp\u00e1r, Patrik Knausz, Kamill K\u00f6k\u00e9ny H\u00e1mori, Hiraku Saito<\/strong><\/p>\n<p><em>Sok szerettel v\u00e1runk minden \u00e9rdekl\u0151d\u0151t.<br \/>\n<\/em><\/p>\n<\/div>\n","protected":false},"excerpt":{"rendered":"<p>2023. m\u00e1jus 24. szerda, 19.00 | Lendvai Sz\u00ednh\u00e1z- \u00e9s Hangversenyterem balett A bel\u00e9p\u0151jegy \u00e1ra: 10 \u20ac Szervez\u0151: DBUS &#8211; Dru\u0161tvo baletnih umetnikov Slovenije PROGRAM A budapesti Magyar T\u00e1ncm\u0171v\u00e9szeti Egyetem Ifj\u00fas\u00e1gi Balettegy\u00fcttese 1. r\u00e9sz: La Bayad\u00e9re &#8211; Grand pas d&#8217;action \/ Lakodalom Zene: Ludwig Minkus Koreogr\u00e1fia: Marius Petipa Gamzatti: Dorottya Lengyel Solor: Juza Koizumi Az arany [&hellip;]<\/p>\n","protected":false},"author":2,"featured_media":12692,"parent":0,"menu_order":0,"comment_status":"closed","ping_status":"closed","template":"","meta":{"footnotes":""},"class_list":["post-12704","page","type-page","status-publish","has-post-thumbnail","hentry","post","post-with-thumbnail","post-with-thumbnail-icon"],"_links":{"self":[{"href":"https:\/\/www1.kkl.si\/hu\/wp-json\/wp\/v2\/pages\/12704","targetHints":{"allow":["GET"]}}],"collection":[{"href":"https:\/\/www1.kkl.si\/hu\/wp-json\/wp\/v2\/pages"}],"about":[{"href":"https:\/\/www1.kkl.si\/hu\/wp-json\/wp\/v2\/types\/page"}],"author":[{"embeddable":true,"href":"https:\/\/www1.kkl.si\/hu\/wp-json\/wp\/v2\/users\/2"}],"replies":[{"embeddable":true,"href":"https:\/\/www1.kkl.si\/hu\/wp-json\/wp\/v2\/comments?post=12704"}],"version-history":[{"count":4,"href":"https:\/\/www1.kkl.si\/hu\/wp-json\/wp\/v2\/pages\/12704\/revisions"}],"predecessor-version":[{"id":12905,"href":"https:\/\/www1.kkl.si\/hu\/wp-json\/wp\/v2\/pages\/12704\/revisions\/12905"}],"wp:featuredmedia":[{"embeddable":true,"href":"https:\/\/www1.kkl.si\/hu\/wp-json\/wp\/v2\/media\/12692"}],"wp:attachment":[{"href":"https:\/\/www1.kkl.si\/hu\/wp-json\/wp\/v2\/media?parent=12704"}],"curies":[{"name":"wp","href":"https:\/\/api.w.org\/{rel}","templated":true}]}}