{"id":12894,"date":"2023-04-28T12:09:09","date_gmt":"2023-04-28T10:09:09","guid":{"rendered":"https:\/\/www1.kkl.si\/?page_id=12894"},"modified":"2025-06-15T17:07:20","modified_gmt":"2025-06-15T15:07:20","slug":"a-lendvai-kkk-logoja","status":"publish","type":"page","link":"https:\/\/www1.kkl.si\/hu\/a-lendvai-kkk-logoja\/","title":{"rendered":"A Lendvai KKK log\u00f3ja"},"content":{"rendered":"<p>Az al\u00e1bbi oldalon a Lendvai K\u00f6nyvt\u00e1r \u00e9s Kultur\u00e1lis K\u00f6zpont k\u00f6zint\u00e9zet log\u00f3j\u00e1nak (embl\u00e9m\u00e1j\u00e1nak) haszn\u00e1latban l\u00e9v\u0151 v\u00e1ltozatai t\u00f6lthet\u0151k le.<\/p>\n<p><i class=\"fas fa-info-circle\"><\/i> <em>A let\u00f6lt\u00e9shez kattintsanak az als\u00f3 kapcsolatok b\u00e1rmelyik\u00e9re, illetve jobb kattint\u00e1ssal a men\u00fcb\u0151l v\u00e1lassz\u00e1k ki a \u201eKapcsolat\/f\u00e1jl ment\u00e9se vagy let\u00f6lt\u00e9se\u2026\u201d men\u00fcpontot<\/em><\/p>\n<p>&nbsp;<\/p>\n<p><strong>A v\u00e1ltozat<br \/>\n<\/strong><\/p>\n<table style=\"border-collapse: collapse; width: 100%; height: 388px;\">\n<tbody>\n<tr style=\"height: 388px;\">\n<td style=\"width: 50%; height: 388px;\">\n<p><img loading=\"lazy\" decoding=\"async\" class=\"wp-image-12786 size-medium aligncenter\" src=\"https:\/\/www1.kkl.si\/wp-content\/uploads\/2023\/05\/KKC_Lendava-Lendvai_KKK_logo_A.png\" alt=\"\" width=\"400\" height=\"298\" srcset=\"https:\/\/www1.kkl.si\/wp-content\/uploads\/2023\/05\/KKC_Lendava-Lendvai_KKK_logo_A.png 4000w, https:\/\/www1.kkl.si\/wp-content\/uploads\/2023\/05\/KKC_Lendava-Lendvai_KKK_logo_A-400x298.png 400w, https:\/\/www1.kkl.si\/wp-content\/uploads\/2023\/05\/KKC_Lendava-Lendvai_KKK_logo_A-1500x1117.png 1500w\" sizes=\"auto, (max-width: 400px) 100vw, 400px\" \/><\/p>\n<hr \/>\n<p><a href=\"https:\/\/www1.kkl.si\/wp-content\/uploads\/2023\/05\/KKC_Lendava-Lendvai_KKK_logo_A.pdf\"><i class=\"fas fa-file-pdf\"><\/i> PDF<\/a> (CMYK, 345 KB) | <a href=\"https:\/\/www1.kkl.si\/wp-content\/uploads\/2023\/05\/KKC_Lendava-Lendvai_KKK_logo_A.png\" data-lbwps-width=\"4000\" data-lbwps-height=\"2978\" data-lbwps-srcsmall=\"https:\/\/www1.kkl.si\/wp-content\/uploads\/2023\/05\/KKC_Lendava-Lendvai_KKK_logo_A-400x298.png\"><i class=\"fas fa-file-image\"><\/i> PNG<\/a> (517 KB) | <a href=\"https:\/\/www1.kkl.si\/wp-content\/uploads\/2023\/05\/KKC_Lendava-Lendvai_KKK_logo_A.svg\" data-lbwps-width=\"2002\" data-lbwps-height=\"1492\" data-lbwps-srcsmall=\"https:\/\/www1.kkl.si\/wp-content\/uploads\/2023\/05\/KKC_Lendava-Lendvai_KKK_logo_A.svg\"><i class=\"fas fa-file-image\"><\/i> SVG<\/a> (60 KB)<\/p>\n<\/td>\n<td style=\"width: 50%; height: 388px;\">\n<p><img loading=\"lazy\" decoding=\"async\" class=\"size-medium wp-image-12790 aligncenter\" src=\"https:\/\/www1.kkl.si\/wp-content\/uploads\/2023\/05\/KKC_Lendava-Lendvai_KKK_logo_A_crno_fekete.png\" alt=\"\" width=\"400\" height=\"298\" srcset=\"https:\/\/www1.kkl.si\/wp-content\/uploads\/2023\/05\/KKC_Lendava-Lendvai_KKK_logo_A_crno_fekete.png 4000w, https:\/\/www1.kkl.si\/wp-content\/uploads\/2023\/05\/KKC_Lendava-Lendvai_KKK_logo_A_crno_fekete-400x298.png 400w, https:\/\/www1.kkl.si\/wp-content\/uploads\/2023\/05\/KKC_Lendava-Lendvai_KKK_logo_A_crno_fekete-1500x1117.png 1500w\" sizes=\"auto, (max-width: 400px) 100vw, 400px\" \/><\/p>\n<hr \/>\n<p><a href=\"https:\/\/www1.kkl.si\/wp-content\/uploads\/2023\/05\/KKC_Lendava-Lendvai_KKK_logo_A_crno_fekete.pdf\"><i class=\"fas fa-file-pdf\"><\/i> PDF<\/a> (CMYK, 337 KB) | <a href=\"https:\/\/www1.kkl.si\/wp-content\/uploads\/2023\/05\/KKC_Lendava-Lendvai_KKK_logo_A_crno_fekete.png\" data-lbwps-width=\"4000\" data-lbwps-height=\"2978\" data-lbwps-srcsmall=\"https:\/\/www1.kkl.si\/wp-content\/uploads\/2023\/05\/KKC_Lendava-Lendvai_KKK_logo_A_crno_fekete-400x298.png\"><i class=\"fas fa-file-image\"><\/i> PNG<\/a> (396 KB) | <a href=\"https:\/\/www1.kkl.si\/wp-content\/uploads\/2023\/05\/KKC_Lendava-Lendvai_KKK_logo_A_crno_fekete.svg\" data-lbwps-width=\"2002\" data-lbwps-height=\"1492\" data-lbwps-srcsmall=\"https:\/\/www1.kkl.si\/wp-content\/uploads\/2023\/05\/KKC_Lendava-Lendvai_KKK_logo_A_crno_fekete.svg\"><i class=\"fas fa-file-image\"><\/i> SVG<\/a> (60 KB)<\/p>\n<\/td>\n<\/tr>\n<\/tbody>\n<\/table>\n<p>&nbsp;<\/p>\n<p><strong>B v\u00e1ltozat<\/strong> (haszn\u00e1lata csak akkor enged\u00e9lyezett, ha a log\u00f3 a k\u00e9sz term\u00e9ken 3 cm-n\u00e9l kisebb)<strong><br \/>\n<\/strong><\/p>\n<table style=\"border-collapse: collapse; width: 100%; height: 388px;\">\n<tbody>\n<tr style=\"height: 388px;\">\n<td style=\"width: 50%; height: 388px;\">\n<p><img loading=\"lazy\" decoding=\"async\" class=\"size-medium wp-image-12809 aligncenter\" src=\"https:\/\/www1.kkl.si\/wp-content\/uploads\/2023\/05\/KKC_Lendava-Lendvai_KKK_logo_B.png\" alt=\"\" width=\"400\" height=\"300\" srcset=\"https:\/\/www1.kkl.si\/wp-content\/uploads\/2023\/05\/KKC_Lendava-Lendvai_KKK_logo_B.png 4000w, https:\/\/www1.kkl.si\/wp-content\/uploads\/2023\/05\/KKC_Lendava-Lendvai_KKK_logo_B-400x300.png 400w, https:\/\/www1.kkl.si\/wp-content\/uploads\/2023\/05\/KKC_Lendava-Lendvai_KKK_logo_B-1500x1125.png 1500w\" sizes=\"auto, (max-width: 400px) 100vw, 400px\" \/><\/p>\n<hr \/>\n<p><a href=\"https:\/\/www1.kkl.si\/wp-content\/uploads\/2023\/05\/KKC_Lendava-Lendvai_KKK_logo_B.pdf\"><i class=\"fas fa-file-pdf\"><\/i> PDF<\/a> (CMYK, 323 KB) | <a href=\"https:\/\/www1.kkl.si\/wp-content\/uploads\/2023\/05\/KKC_Lendava-Lendvai_KKK_logo_B.png\" data-lbwps-width=\"4000\" data-lbwps-height=\"2999\" data-lbwps-srcsmall=\"https:\/\/www1.kkl.si\/wp-content\/uploads\/2023\/05\/KKC_Lendava-Lendvai_KKK_logo_B-400x300.png\"><i class=\"fas fa-file-image\"><\/i> PNG<\/a> (496 KB) | <a href=\"https:\/\/www1.kkl.si\/wp-content\/uploads\/2023\/05\/KKC_Lendava-Lendvai_KKK_logo_B.svg\" data-lbwps-width=\"1876\" data-lbwps-height=\"1406\" data-lbwps-srcsmall=\"https:\/\/www1.kkl.si\/wp-content\/uploads\/2023\/05\/KKC_Lendava-Lendvai_KKK_logo_B.svg\"><i class=\"fas fa-file-image\"><\/i> SVG<\/a> (31 KB)<\/p>\n<\/td>\n<td style=\"width: 50%; height: 388px;\">\n<p><img loading=\"lazy\" decoding=\"async\" class=\"size-medium wp-image-12813 aligncenter\" src=\"https:\/\/www1.kkl.si\/wp-content\/uploads\/2023\/05\/KKC_Lendava-Lendvai_KKK_logo_B_crno_fekete.png\" alt=\"\" width=\"400\" height=\"300\" srcset=\"https:\/\/www1.kkl.si\/wp-content\/uploads\/2023\/05\/KKC_Lendava-Lendvai_KKK_logo_B_crno_fekete.png 4000w, https:\/\/www1.kkl.si\/wp-content\/uploads\/2023\/05\/KKC_Lendava-Lendvai_KKK_logo_B_crno_fekete-400x300.png 400w, https:\/\/www1.kkl.si\/wp-content\/uploads\/2023\/05\/KKC_Lendava-Lendvai_KKK_logo_B_crno_fekete-1500x1125.png 1500w\" sizes=\"auto, (max-width: 400px) 100vw, 400px\" \/><\/p>\n<hr \/>\n<p><a href=\"https:\/\/www1.kkl.si\/wp-content\/uploads\/2023\/05\/KKC_Lendava-Lendvai_KKK_logo_B_crno_fekete.pdf\"><i class=\"fas fa-file-pdf\"><\/i> PDF<\/a> (CMYK, 317 KB) | <a href=\"https:\/\/www1.kkl.si\/wp-content\/uploads\/2023\/05\/KKC_Lendava-Lendvai_KKK_logo_B_crno_fekete.png\" data-lbwps-width=\"4000\" data-lbwps-height=\"2999\" data-lbwps-srcsmall=\"https:\/\/www1.kkl.si\/wp-content\/uploads\/2023\/05\/KKC_Lendava-Lendvai_KKK_logo_B_crno_fekete-400x300.png\"><i class=\"fas fa-file-image\"><\/i> PNG<\/a> (376 KB) | <a href=\"https:\/\/www1.kkl.si\/wp-content\/uploads\/2023\/05\/KKC_Lendava-Lendvai_KKK_logo_B_crno_fekete.svg\" data-lbwps-width=\"1876\" data-lbwps-height=\"1406\" data-lbwps-srcsmall=\"https:\/\/www1.kkl.si\/wp-content\/uploads\/2023\/05\/KKC_Lendava-Lendvai_KKK_logo_B_crno_fekete.svg\"><i class=\"fas fa-file-image\"><\/i> SVG<\/a> (31 KB)<\/p>\n<\/td>\n<\/tr>\n<\/tbody>\n<\/table>\n<p>&nbsp;<\/p>\n<p><strong>C v\u00e1ltozat<\/strong> (haszn\u00e1lata csak akkor enged\u00e9lyezett, ha a log\u00f3 a k\u00e9sz term\u00e9ken 3 cm-n\u00e9l kisebb)<\/p>\n<table style=\"border-collapse: collapse; width: 100%; height: 388px;\">\n<tbody>\n<tr style=\"height: 388px;\">\n<td style=\"width: 50%; height: 388px;\">\n<p><img loading=\"lazy\" decoding=\"async\" class=\"size-medium wp-image-12807 aligncenter\" src=\"https:\/\/www1.kkl.si\/wp-content\/uploads\/2023\/05\/KKC_Lendava-Lendvai_KKK_logo_C.png\" alt=\"\" width=\"400\" height=\"327\" srcset=\"https:\/\/www1.kkl.si\/wp-content\/uploads\/2023\/05\/KKC_Lendava-Lendvai_KKK_logo_C.png 4000w, https:\/\/www1.kkl.si\/wp-content\/uploads\/2023\/05\/KKC_Lendava-Lendvai_KKK_logo_C-400x327.png 400w, https:\/\/www1.kkl.si\/wp-content\/uploads\/2023\/05\/KKC_Lendava-Lendvai_KKK_logo_C-1500x1226.png 1500w\" sizes=\"auto, (max-width: 400px) 100vw, 400px\" \/><\/p>\n<hr \/>\n<p><a href=\"https:\/\/www1.kkl.si\/wp-content\/uploads\/2023\/05\/KKC_Lendava-Lendvai_KKK_logo_C.pdf\"><i class=\"fas fa-file-pdf\"><\/i> PDF<\/a> (CMYK, 321 KB) | <a href=\"https:\/\/www1.kkl.si\/wp-content\/uploads\/2023\/05\/KKC_Lendava-Lendvai_KKK_logo_C.png\" data-lbwps-width=\"4000\" data-lbwps-height=\"3268\" data-lbwps-srcsmall=\"https:\/\/www1.kkl.si\/wp-content\/uploads\/2023\/05\/KKC_Lendava-Lendvai_KKK_logo_C-400x327.png\"><i class=\"fas fa-file-image\"><\/i> PNG<\/a> (480 KB) | <a href=\"https:\/\/www1.kkl.si\/wp-content\/uploads\/2023\/05\/KKC_Lendava-Lendvai_KKK_logo_C.svg\" data-lbwps-width=\"1888\" data-lbwps-height=\"1544\" data-lbwps-srcsmall=\"https:\/\/www1.kkl.si\/wp-content\/uploads\/2023\/05\/KKC_Lendava-Lendvai_KKK_logo_C.svg\"><i class=\"fas fa-file-image\"><\/i> SVG<\/a> (22 KB)<\/p>\n<\/td>\n<td style=\"width: 50%;\">\n<p><img loading=\"lazy\" decoding=\"async\" class=\"size-medium wp-image-12821 aligncenter\" src=\"https:\/\/www1.kkl.si\/wp-content\/uploads\/2023\/05\/KKC_Lendava-Lendvai_KKK_logo_C_crno_fekete.png\" alt=\"\" width=\"400\" height=\"327\" srcset=\"https:\/\/www1.kkl.si\/wp-content\/uploads\/2023\/05\/KKC_Lendava-Lendvai_KKK_logo_C_crno_fekete.png 4000w, https:\/\/www1.kkl.si\/wp-content\/uploads\/2023\/05\/KKC_Lendava-Lendvai_KKK_logo_C_crno_fekete-400x327.png 400w, https:\/\/www1.kkl.si\/wp-content\/uploads\/2023\/05\/KKC_Lendava-Lendvai_KKK_logo_C_crno_fekete-1500x1226.png 1500w\" sizes=\"auto, (max-width: 400px) 100vw, 400px\" \/><\/p>\n<hr \/>\n<p><a href=\"https:\/\/www1.kkl.si\/wp-content\/uploads\/2023\/05\/KKC_Lendava-Lendvai_KKK_logo_C_crno_fekete.pdf\"><i class=\"fas fa-file-pdf\"><\/i> PDF<\/a> (CMYK, 314 KB) | <a href=\"https:\/\/www1.kkl.si\/wp-content\/uploads\/2023\/05\/KKC_Lendava-Lendvai_KKK_logo_C_crno_fekete.png\" data-lbwps-width=\"4000\" data-lbwps-height=\"3268\" data-lbwps-srcsmall=\"https:\/\/www1.kkl.si\/wp-content\/uploads\/2023\/05\/KKC_Lendava-Lendvai_KKK_logo_C_crno_fekete-400x327.png\"><i class=\"fas fa-file-image\"><\/i> PNG<\/a> (364 KB) | <a href=\"https:\/\/www1.kkl.si\/wp-content\/uploads\/2023\/05\/KKC_Lendava-Lendvai_KKK_logo_C_crno_fekete.svg\" data-lbwps-width=\"1888\" data-lbwps-height=\"1544\" data-lbwps-srcsmall=\"https:\/\/www1.kkl.si\/wp-content\/uploads\/2023\/05\/KKC_Lendava-Lendvai_KKK_logo_C_crno_fekete.svg\"><i class=\"fas fa-file-image\"><\/i> SVG<\/a> (22 KB)<\/p>\n<\/td>\n<\/tr>\n<\/tbody>\n<\/table>\n<p>&nbsp;<\/p>\n<p><strong>D v\u00e1ltozat<br \/>\n<\/strong><\/p>\n<table style=\"border-collapse: collapse; width: 100%;\">\n<tbody>\n<tr>\n<td style=\"width: 50%;\">\n<p><img loading=\"lazy\" decoding=\"async\" class=\"aligncenter wp-image-12826 size-large\" src=\"https:\/\/www1.kkl.si\/wp-content\/uploads\/2023\/05\/KKC_Lendava-Lendvai_KKK_logo_D.png\" alt=\"\" width=\"1500\" height=\"231\" srcset=\"https:\/\/www1.kkl.si\/wp-content\/uploads\/2023\/05\/KKC_Lendava-Lendvai_KKK_logo_D.png 3998w, https:\/\/www1.kkl.si\/wp-content\/uploads\/2023\/05\/KKC_Lendava-Lendvai_KKK_logo_D-400x62.png 400w, https:\/\/www1.kkl.si\/wp-content\/uploads\/2023\/05\/KKC_Lendava-Lendvai_KKK_logo_D-1500x231.png 1500w\" sizes=\"auto, (max-width: 1500px) 100vw, 1500px\" \/><\/p>\n<hr \/>\n<p><a href=\"https:\/\/www1.kkl.si\/wp-content\/uploads\/2023\/05\/KKC_Lendava-Lendvai_KKK_logo_D.pdf\"><i class=\"fas fa-file-pdf\"><\/i> PDF<\/a> (CMYK, 314 KB) | <a href=\"https:\/\/www1.kkl.si\/wp-content\/uploads\/2023\/05\/KKC_Lendava-Lendvai_KKK_logo_D.png\" data-lbwps-width=\"3998\" data-lbwps-height=\"616\" data-lbwps-srcsmall=\"https:\/\/www1.kkl.si\/wp-content\/uploads\/2023\/05\/KKC_Lendava-Lendvai_KKK_logo_D-400x62.png\"><i class=\"fas fa-file-image\"><\/i> PNG<\/a> (186 KB) | <a href=\"https:\/\/www1.kkl.si\/wp-content\/uploads\/2023\/05\/KKC_Lendava-Lendvai_KKK_logo_D.svg\" data-lbwps-width=\"2370\" data-lbwps-height=\"366\" data-lbwps-srcsmall=\"https:\/\/www1.kkl.si\/wp-content\/uploads\/2023\/05\/KKC_Lendava-Lendvai_KKK_logo_D.svg\"><i class=\"fas fa-file-image\"><\/i> SVG<\/a> (59 KB)<\/p>\n<\/td>\n<td style=\"width: 50%;\">\n<p><img loading=\"lazy\" decoding=\"async\" class=\"aligncenter wp-image-12833 size-large\" src=\"https:\/\/www1.kkl.si\/wp-content\/uploads\/2023\/05\/KKC_Lendava-Lendvai_KKK_logo_D_crno_fekete.png\" alt=\"\" width=\"1500\" height=\"231\" srcset=\"https:\/\/www1.kkl.si\/wp-content\/uploads\/2023\/05\/KKC_Lendava-Lendvai_KKK_logo_D_crno_fekete.png 3998w, https:\/\/www1.kkl.si\/wp-content\/uploads\/2023\/05\/KKC_Lendava-Lendvai_KKK_logo_D_crno_fekete-400x62.png 400w, https:\/\/www1.kkl.si\/wp-content\/uploads\/2023\/05\/KKC_Lendava-Lendvai_KKK_logo_D_crno_fekete-1500x231.png 1500w\" sizes=\"auto, (max-width: 1500px) 100vw, 1500px\" \/><\/p>\n<hr \/>\n<p><a href=\"https:\/\/www1.kkl.si\/wp-content\/uploads\/2023\/05\/KKC_Lendava-Lendvai_KKK_logo_D_crno_fekete.pdf\"><i class=\"fas fa-file-pdf\"><\/i> PDF<\/a> (CMYK, 312 KB) | <a href=\"https:\/\/www1.kkl.si\/wp-content\/uploads\/2023\/05\/KKC_Lendava-Lendvai_KKK_logo_D_crno_fekete.png\" data-lbwps-width=\"3998\" data-lbwps-height=\"616\" data-lbwps-srcsmall=\"https:\/\/www1.kkl.si\/wp-content\/uploads\/2023\/05\/KKC_Lendava-Lendvai_KKK_logo_D_crno_fekete-400x62.png\"><i class=\"fas fa-file-image\"><\/i> PNG<\/a> (143 KB) | <a href=\"https:\/\/www1.kkl.si\/wp-content\/uploads\/2023\/05\/KKC_Lendava-Lendvai_KKK_logo_D_crno_fekete.svg\" data-lbwps-width=\"2370\" data-lbwps-height=\"366\" data-lbwps-srcsmall=\"https:\/\/www1.kkl.si\/wp-content\/uploads\/2023\/05\/KKC_Lendava-Lendvai_KKK_logo_D_crno_fekete.svg\"><i class=\"fas fa-file-image\"><\/i> SVG<\/a> (59 KB)<\/p>\n<\/td>\n<\/tr>\n<\/tbody>\n<\/table>\n<p>&nbsp;<\/p>\n<p><strong>E v\u00e1ltozat<br \/>\n<\/strong><\/p>\n<table style=\"border-collapse: collapse; width: 100%;\">\n<tbody>\n<tr>\n<td style=\"width: 50%;\">\n<p><img loading=\"lazy\" decoding=\"async\" class=\"alignnone size-large wp-image-12857\" src=\"https:\/\/www1.kkl.si\/wp-content\/uploads\/2023\/05\/KKC_Lendava-Lendvai_KKK_logo_E.png\" alt=\"\" width=\"1500\" height=\"244\" srcset=\"https:\/\/www1.kkl.si\/wp-content\/uploads\/2023\/05\/KKC_Lendava-Lendvai_KKK_logo_E.png 4000w, https:\/\/www1.kkl.si\/wp-content\/uploads\/2023\/05\/KKC_Lendava-Lendvai_KKK_logo_E-400x65.png 400w, https:\/\/www1.kkl.si\/wp-content\/uploads\/2023\/05\/KKC_Lendava-Lendvai_KKK_logo_E-1500x244.png 1500w\" sizes=\"auto, (max-width: 1500px) 100vw, 1500px\" \/><\/p>\n<hr \/>\n<p><a href=\"https:\/\/www1.kkl.si\/wp-content\/uploads\/2023\/05\/KKC_Lendava-Lendvai_KKK_logo_E.pdf\"><i class=\"fas fa-file-pdf\"><\/i> PDF<\/a> (CMYK, 310 KB) | <a href=\"https:\/\/www1.kkl.si\/wp-content\/uploads\/2023\/05\/KKC_Lendava-Lendvai_KKK_logo_E.png\" data-lbwps-width=\"4000\" data-lbwps-height=\"650\" data-lbwps-srcsmall=\"https:\/\/www1.kkl.si\/wp-content\/uploads\/2023\/05\/KKC_Lendava-Lendvai_KKK_logo_E-400x65.png\"><i class=\"fas fa-file-image\"><\/i> PNG<\/a> (148 KB) | <a href=\"https:\/\/www1.kkl.si\/wp-content\/uploads\/2023\/05\/KKC_Lendava-Lendvai_KKK_logo_E.svg\" data-lbwps-width=\"5106\" data-lbwps-height=\"822\" data-lbwps-srcsmall=\"https:\/\/www1.kkl.si\/wp-content\/uploads\/2023\/05\/KKC_Lendava-Lendvai_KKK_logo_E.svg\"><i class=\"fas fa-file-image\"><\/i> SVG<\/a> (58 KB)<\/p>\n<\/td>\n<td style=\"width: 50%;\">\n<p><img loading=\"lazy\" decoding=\"async\" class=\"alignnone size-large wp-image-12861\" src=\"https:\/\/www1.kkl.si\/wp-content\/uploads\/2023\/05\/KKC_Lendava-Lendvai_KKK_logo_E_crno_fekete.png\" alt=\"\" width=\"1500\" height=\"244\" srcset=\"https:\/\/www1.kkl.si\/wp-content\/uploads\/2023\/05\/KKC_Lendava-Lendvai_KKK_logo_E_crno_fekete.png 4000w, https:\/\/www1.kkl.si\/wp-content\/uploads\/2023\/05\/KKC_Lendava-Lendvai_KKK_logo_E_crno_fekete-400x65.png 400w, https:\/\/www1.kkl.si\/wp-content\/uploads\/2023\/05\/KKC_Lendava-Lendvai_KKK_logo_E_crno_fekete-1500x244.png 1500w\" sizes=\"auto, (max-width: 1500px) 100vw, 1500px\" \/><\/p>\n<hr \/>\n<p><a href=\"https:\/\/www1.kkl.si\/wp-content\/uploads\/2023\/05\/KKC_Lendava-Lendvai_KKK_logo_E_crno_fekete.pdf\"><i class=\"fas fa-file-pdf\"><\/i> PDF<\/a> (CMYK, 309 KB) | <a href=\"https:\/\/www1.kkl.si\/wp-content\/uploads\/2023\/05\/KKC_Lendava-Lendvai_KKK_logo_E_crno_fekete.png\" data-lbwps-width=\"4000\" data-lbwps-height=\"650\" data-lbwps-srcsmall=\"https:\/\/www1.kkl.si\/wp-content\/uploads\/2023\/05\/KKC_Lendava-Lendvai_KKK_logo_E_crno_fekete-400x65.png\"><i class=\"fas fa-file-image\"><\/i> PNG<\/a> (112 KB) | <a href=\"https:\/\/www1.kkl.si\/wp-content\/uploads\/2023\/05\/KKC_Lendava-Lendvai_KKK_logo_E_crno_fekete.svg\" data-lbwps-width=\"5106\" data-lbwps-height=\"822\" data-lbwps-srcsmall=\"https:\/\/www1.kkl.si\/wp-content\/uploads\/2023\/05\/KKC_Lendava-Lendvai_KKK_logo_E_crno_fekete.svg\"><i class=\"fas fa-file-image\"><\/i> SVG<\/a> (58 KB)<\/p>\n<\/td>\n<\/tr>\n<\/tbody>\n<\/table>\n<p>&nbsp;<\/p>\n<p>F\u00c1JLFORM\u00c1TUMOK<\/p>\n<p><strong>Vektoros form\u00e1tum (g\u00f6rb\u00e9kben):<\/strong> PDF, SVG<\/p>\n<p>A vektoros form\u00e1tum lehet\u0151v\u00e9 teszi a nagy\u00edt\u00e1st\/kicsiny\u00edt\u00e9st min\u0151s\u00e9groml\u00e1s n\u00e9lk\u00fcl.<\/p>\n<p><em>A vektoros form\u00e1tumok megnyit\u00e1s\u00e1hoz haszn\u00e1ljon olyan megjelen\u00edt\u0151 programokat, mint p\u00e9ld\u00e1ul az <a href=\"http:\/\/get.adobe.com\/reader\/\">Adobe Reader<\/a> (PDF), <a href=\"http:\/\/www.foxitsoftware.com\/\">Foxit Reader<\/a> (PDF), Preview (be\u00e9p\u00edtva az Apple macOS oper\u00e1ci\u00f3s rendszerbe) vagy internetes b\u00f6ng\u00e9sz\u0151ket (<a href=\"https:\/\/www.mozilla.org\/\">Mozilla Firefox<\/a>, <a href=\"https:\/\/www.google.com\/chrome\/\">Google Chrome<\/a>, <a href=\"https:\/\/vivaldi.com\/\">Vivaldi<\/a>, <a href=\"https:\/\/www.opera.com\/\">Opera<\/a>, <a href=\"https:\/\/www.apple.com\/safari\/\">Apple Safari<\/a>, <a href=\"https:\/\/www.microsoft.com\/edge\/\">Microsoft Edge<\/a>, <a href=\"https:\/\/brave.com\/\">Brave<\/a> stb.). <\/em><\/p>\n<p><em>A szerkeszt\u00e9shez sz\u00e1mos ny\u00edlt forr\u00e1sk\u00f3d\u00fa, ingyenes vagy kereskedelmi grafikai szoftvert haszn\u00e1lhat, p\u00e9ld\u00e1ul a k\u00f6vetkez\u0151ket: Adobe Illustrator, Corel DRAW, Xara, iDraw, <a href=\"http:\/\/www.libreoffice.org\">LibreOffice Draw<\/a>, Affinity Designer, <a href=\"http:\/\/www.inkscape.org\/\">Inkscape<\/a> stb.<\/em><\/p>\n<hr \/>\n<p><strong>Raszteres grafika form\u00e1tum:<\/strong> PNG (\u00e1tl\u00e1tsz\u00f3 h\u00e1tt\u00e9rrel)<\/p>\n<p>Az alapvet\u0151 PNG megjelen\u00edt\u00e9s minden f\u0151bb oper\u00e1ci\u00f3s rendszeren m\u0171k\u00f6dik (Windows, macOS, Linux).<\/p>\n<p><em>A png raszteres form\u00e1tumot mindenf\u00e9le grafikus \u00e9s m\u00e1s, ezt a f\u00e1jlform\u00e1tumot t\u00e1mogat\u00f3 programmal (pl. sz\u00f6vegszerkeszt\u0151vel \u2013 Microsoft Word, <a href=\"http:\/\/www.libreoffice.org\">LibreOffice<\/a>\/<a href=\"https:\/\/www.openoffice.org\/\">OpenOffice<\/a>, Apple Pages) meg lehet nyitni.<br \/>\n<\/em><\/p>\n<hr \/>\n<blockquote>\n<p><i class=\"fas fa-exclamation-circle\"><\/i> <strong>FIGYELEM:<\/strong> Az embl\u00e9ma egyes elemeinek megv\u00e1ltoztat\u00e1sa vagy elt\u00e1vol\u00edt\u00e1sa, valamint <strong>ar\u00e1nytalan<\/strong> kicsiny\u00edt\u00e9se\/nagy\u00edt\u00e1sa, illetve ny\u00fajt\u00e1sa tilos. K\u00e9rj\u00fck, hogy erre \u00fcgyeljenek, amikor szeretn\u00e9k felhaszn\u00e1lni anyagukban.<\/p>\n<\/blockquote>\n<p>A teljes embl\u00e9ma tetsz\u0151leges sz\u00edn\u0171re v\u00e1ltoztathat\u00f3.<\/p>\n","protected":false},"excerpt":{"rendered":"<p>Az al\u00e1bbi oldalon a Lendvai K\u00f6nyvt\u00e1r \u00e9s Kultur\u00e1lis K\u00f6zpont k\u00f6zint\u00e9zet log\u00f3j\u00e1nak (embl\u00e9m\u00e1j\u00e1nak) haszn\u00e1latban l\u00e9v\u0151 v\u00e1ltozatai t\u00f6lthet\u0151k le. A let\u00f6lt\u00e9shez kattintsanak az als\u00f3 kapcsolatok b\u00e1rmelyik\u00e9re, illetve jobb kattint\u00e1ssal a men\u00fcb\u0151l v\u00e1lassz\u00e1k ki a \u201eKapcsolat\/f\u00e1jl ment\u00e9se vagy let\u00f6lt\u00e9se\u2026\u201d men\u00fcpontot &nbsp; A v\u00e1ltozat PDF (CMYK, 345 KB) | PNG (517 KB) | SVG (60 KB) PDF (CMYK, 337 [&hellip;]<\/p>\n","protected":false},"author":2,"featured_media":0,"parent":0,"menu_order":0,"comment_status":"closed","ping_status":"closed","template":"","meta":{"footnotes":""},"class_list":["post-12894","page","type-page","status-publish","hentry","post"],"_links":{"self":[{"href":"https:\/\/www1.kkl.si\/hu\/wp-json\/wp\/v2\/pages\/12894","targetHints":{"allow":["GET"]}}],"collection":[{"href":"https:\/\/www1.kkl.si\/hu\/wp-json\/wp\/v2\/pages"}],"about":[{"href":"https:\/\/www1.kkl.si\/hu\/wp-json\/wp\/v2\/types\/page"}],"author":[{"embeddable":true,"href":"https:\/\/www1.kkl.si\/hu\/wp-json\/wp\/v2\/users\/2"}],"replies":[{"embeddable":true,"href":"https:\/\/www1.kkl.si\/hu\/wp-json\/wp\/v2\/comments?post=12894"}],"version-history":[{"count":10,"href":"https:\/\/www1.kkl.si\/hu\/wp-json\/wp\/v2\/pages\/12894\/revisions"}],"predecessor-version":[{"id":22331,"href":"https:\/\/www1.kkl.si\/hu\/wp-json\/wp\/v2\/pages\/12894\/revisions\/22331"}],"wp:attachment":[{"href":"https:\/\/www1.kkl.si\/hu\/wp-json\/wp\/v2\/media?parent=12894"}],"curies":[{"name":"wp","href":"https:\/\/api.w.org\/{rel}","templated":true}]}}