{"id":12959,"date":"2023-05-29T09:19:17","date_gmt":"2023-05-29T07:19:17","guid":{"rendered":"https:\/\/www1.kkl.si\/?page_id=12959"},"modified":"2023-05-29T09:23:04","modified_gmt":"2023-05-29T07:23:04","slug":"leszsz-tarsulat-don-quijote-kalandjai-2","status":"publish","type":"page","link":"https:\/\/www1.kkl.si\/hu\/leszsz-tarsulat-don-quijote-kalandjai-2\/","title":{"rendered":"LESZSZ T\u00e1rsulat: Don Quijote kalandjai"},"content":{"rendered":"<div class=\"opis\"><i class=\"fas fa-clock\"><\/i> <strong>2023. m\u00e1jus 31. szerda, 19.00<\/strong> | Lendvai Sz\u00ednh\u00e1z- \u00e9s Hangversenyterem<img loading=\"lazy\" decoding=\"async\" class=\"wp-image-1592 alignright\" title=\"Fizet\u0151s rendezv\u00e9ny\" src=\"https:\/\/www1.kkl.si\/wp-content\/uploads\/\/2020\/07\/spored_simb_placljiva-1.svg\" sizes=\"auto, (max-width: 30px) 100vw, 30px\" srcset=\"https:\/\/www1.kkl.si\/wp-content\/uploads\/\/2020\/07\/spored_simb_placljiva-1.svg 150w, https:\/\/www1.kkl.si\/wp-content\/uploads\/\/2020\/07\/spored_simb_placljiva-1.svg 400w, https:\/\/www1.kkl.si\/wp-content\/uploads\/\/2020\/07\/spored_simb_placljiva-1.svg 1500w, https:\/\/www1.kkl.si\/wp-content\/uploads\/\/2020\/07\/spored_simb_placljiva-1.svg 100w\" alt=\"placljiva\" width=\"30\" height=\"30\" \/><br \/>\n<i class=\"fas fa-chevron-circle-right\"><\/i> <strong>sz\u00edndarab, komikus dr\u00e1ma 16+<br \/>\n<\/strong><i class=\"fas fa-ticket-alt\"><\/i> A bel\u00e9p\u0151jegyek \u00e1ra: feln\u0151tteknek <strong>8 \u20ac<\/strong>, di\u00e1koknak <strong>5 \u20ac<br \/>\n<\/strong><i class=\"fas fa-info-circle\"><\/i> Jegyek a <a href=\"https:\/\/www.mnmi-zkmn.si\/\">B\u00e1nffy K\u00f6zpontban<\/a> a m\u00e1jus 23-\u00e1t\u00f3l kaphat\u00f3k.<br \/>\nSzervez\u0151: <a href=\"https:\/\/www.mnmi-zkmn.si\/\">MNMI-ZKMN<\/a><\/div>\n<div>\n<p><a href=\"https:\/\/www1.kkl.si\/wp-content\/uploads\/2023\/05\/DQ_2023.jpg\" data-lbwps-width=\"1240\" data-lbwps-height=\"1772\" data-lbwps-srcsmall=\"https:\/\/www1.kkl.si\/wp-content\/uploads\/2023\/05\/DQ_2023-280x400.jpg\"><img loading=\"lazy\" decoding=\"async\" class=\"slika alignright wp-image-12743 size-medium\" src=\"https:\/\/www1.kkl.si\/wp-content\/uploads\/2023\/05\/DQ_2023-280x400.jpg\" alt=\"\" width=\"280\" height=\"400\" srcset=\"https:\/\/www1.kkl.si\/wp-content\/uploads\/2023\/05\/DQ_2023-280x400.jpg 280w, https:\/\/www1.kkl.si\/wp-content\/uploads\/2023\/05\/DQ_2023-1050x1500.jpg 1050w, https:\/\/www1.kkl.si\/wp-content\/uploads\/2023\/05\/DQ_2023.jpg 1240w\" sizes=\"auto, (max-width: 280px) 100vw, 280px\" \/><\/a>A LESZSZ T\u00e1rsulat ism\u00e9t bemutatja a Don Quijote kalandjai c\u00edm\u0171 el\u0151ad\u00e1s\u00e1t a Lendvai Sz\u00ednh\u00e1z- \u00e9s Hangversenyteremben. A Miguel de Cervantes reg\u00e9nye nyom\u00e1n \u00edr\u00f3dott darabot \u00edrta \u00e9s rendezte: Reg\u0151s J\u00e1nos.<\/p>\n<p>T\u00f6rt\u00e9nik: Spanyolhonban, az utak ment\u00e9n \u00e9s fogad\u00f3kban.<\/p>\n<p><strong><span style=\"font-size: 24pt;\">R\u00e9szlet a darabb\u00f3l:<\/span><\/strong><\/p>\n<p><em>Oriana: \u00a0\u00a0\u00a0\u00a0\u00a0\u00a0\u00a0\u00a0 Mif\u00e9le lovag ez?<\/p>\n<p><\/em><em>Sancho: \u00a0\u00a0\u00a0\u00a0\u00a0\u00a0\u00a0\u00a0 Kalandos lovag.<\/p>\n<p><\/em><em>Oriana: \u00a0\u00a0\u00a0\u00a0\u00a0\u00a0\u00a0\u00a0 Mi az, hogy kalandos?<\/p>\n<p><\/em><em>Sancho:\u00a0\u00a0\u00a0\u00a0\u00a0\u00a0\u00a0\u00a0 Vannak ilyen <strong>kereszt\u00fat-f\u00e9le <\/strong>kalandok, <\/em><\/p>\n<p><em>\u00a0\u00a0\u00a0\u00a0\u00a0\u00a0\u00a0\u00a0\u00a0\u00a0\u00a0\u00a0\u00a0\u00a0\u00a0\u00a0\u00a0\u00a0\u00a0\u00a0\u00a0\u00a0\u00a0 vannak<strong> g\u00e1l\u00e1ns<\/strong> kalandok,<\/em><\/p>\n<p><em>\u00a0\u00a0\u00a0\u00a0\u00a0\u00a0\u00a0\u00a0\u00a0\u00a0\u00a0\u00a0\u00a0\u00a0\u00a0\u00a0\u00a0\u00a0\u00a0\u00a0\u00a0\u00a0\u00a0 vannak<strong> abszurd<\/strong> kalandok, <\/em><\/p>\n<p><em>\u00a0\u00a0\u00a0\u00a0\u00a0\u00a0\u00a0\u00a0\u00a0\u00a0\u00a0\u00a0\u00a0\u00a0\u00a0\u00a0\u00a0\u00a0\u00a0\u00a0\u00a0\u00a0\u00a0 vannak<strong> aberr\u00e1lt<\/strong> kalandok, <\/em><\/p>\n<p><em>\u00a0\u00a0\u00a0\u00a0\u00a0\u00a0\u00a0\u00a0\u00a0\u00a0\u00a0\u00a0\u00a0\u00a0\u00a0\u00a0\u00a0\u00a0\u00a0\u00a0\u00a0\u00a0\u00a0 vannak<strong> horrorisztikus<\/strong> kalandok,<\/em><\/p>\n<p><em>\u00a0\u00a0\u00a0\u00a0\u00a0\u00a0\u00a0\u00a0\u00a0\u00a0\u00a0\u00a0\u00a0\u00a0\u00a0\u00a0\u00a0\u00a0\u00a0\u00a0\u00a0\u00a0\u00a0 vannak<strong> alvil\u00e1gi kalandok,<\/strong><\/em><\/p>\n<p><em>\u00a0\u00a0\u00a0\u00a0\u00a0\u00a0\u00a0\u00a0\u00a0\u00a0\u00a0\u00a0\u00a0\u00a0\u00a0\u00a0\u00a0\u00a0\u00a0\u00a0\u00a0\u00a0\u00a0 vannak <strong>sziget-szerz\u0151<\/strong> kalandok\u2026 \/Na, ilyen m\u00e9g nem volt!\/ <\/em><\/p>\n<p><em>\u00a0\u00a0\u00a0\u00a0\u00a0\u00a0\u00a0\u00a0\u00a0\u00a0\u00a0\u00a0\u00a0\u00a0\u00a0\u00a0\u00a0\u00a0\u00a0\u00a0\u00a0\u00a0\u00a0 H\u00e9tv\u00e9geken pedig szoktunk tartani ilyen <strong>hi\u00e1nyp\u00f3tl\u00f3 akci\u00f3kat<\/strong>.<\/em><\/p>\n<p><span style=\"font-size: 24pt;\"><strong>Szerepl\u0151k:<\/strong><\/span><\/p>\n<p>Don Quijote, a b\u00fask\u00e9p\u0171 lovag, k\u00e9s\u0151bb oroszl\u00e1nlovag: <strong>Kopinja Ladislav<\/strong><br \/>\nSancho Panza, a fegyverhordoz\u00f3ja, egy sziget v\u00e1rom\u00e1nyosa: <strong>Kov\u00e1cs \u00c1lmos<\/strong><br \/>\nDulcinea del Toboso \u00farh\u00f6lgy: <strong>V\u00f6r\u00f6s Piroska<\/strong><br \/>\nOriana kisasszony:<strong> Tivadar Barbara<\/strong><br \/>\nBacalaureus, tan\u00edt\u00f3mester, Don Quijote mentora: <strong>Gal Patrik<\/strong><br \/>\nTud\u00f3s\u00edt\u00f3: <strong>Kolo\u0161a Tanja<\/strong><br \/>\nOroszl\u00e1n: ?<\/p>\n<p>t\u00e9r: <strong>Reg\u0151s J\u00e1nos<\/strong><br \/>\nkell\u00e9k-jelmez: ki-ki amit tal\u00e1lt a LESZSZ T\u00e1rsulat d\u00edszlet- \u00e9s jelmezt\u00e1r\u00e1ban<br \/>\nzene: <strong>Kopinja Ladislav \u00e9s Kov\u00e1cs \u00c1lmos<\/strong><br \/>\nkorrepetitor: <strong>Kolo\u0161a Tanja<\/strong><\/p>\n<p><em>Mindenkit sok szeretettel v\u00e1runk!<\/em><\/p>\n<\/div>\n<div class=\"info-row-small\"><i class=\"fas fa-link\"><\/i> <a href=\"https:\/\/www.mnmi-zkmn.si\/event\/leszsz-tarsulat-don-quijote-kalandjai-3\/\">https:\/\/www.mnmi-zkmn.si\/event\/leszsz-tarsulat-don-quijote-kalandjai-3\/<\/a><\/div>\n<div>\u00a0<\/div>\n","protected":false},"excerpt":{"rendered":"<p>2023. m\u00e1jus 31. szerda, 19.00 | Lendvai Sz\u00ednh\u00e1z- \u00e9s Hangversenyterem sz\u00edndarab, komikus dr\u00e1ma 16+ A bel\u00e9p\u0151jegyek \u00e1ra: feln\u0151tteknek 8 \u20ac, di\u00e1koknak 5 \u20ac Jegyek a B\u00e1nffy K\u00f6zpontban a m\u00e1jus 23-\u00e1t\u00f3l kaphat\u00f3k. Szervez\u0151: MNMI-ZKMN A LESZSZ T\u00e1rsulat ism\u00e9t bemutatja a Don Quijote kalandjai c\u00edm\u0171 el\u0151ad\u00e1s\u00e1t a Lendvai Sz\u00ednh\u00e1z- \u00e9s Hangversenyteremben. A Miguel de Cervantes reg\u00e9nye nyom\u00e1n [&hellip;]<\/p>\n","protected":false},"author":2,"featured_media":12742,"parent":0,"menu_order":0,"comment_status":"closed","ping_status":"closed","template":"","meta":{"footnotes":""},"class_list":["post-12959","page","type-page","status-publish","has-post-thumbnail","hentry","post","post-with-thumbnail","post-with-thumbnail-icon"],"_links":{"self":[{"href":"https:\/\/www1.kkl.si\/hu\/wp-json\/wp\/v2\/pages\/12959","targetHints":{"allow":["GET"]}}],"collection":[{"href":"https:\/\/www1.kkl.si\/hu\/wp-json\/wp\/v2\/pages"}],"about":[{"href":"https:\/\/www1.kkl.si\/hu\/wp-json\/wp\/v2\/types\/page"}],"author":[{"embeddable":true,"href":"https:\/\/www1.kkl.si\/hu\/wp-json\/wp\/v2\/users\/2"}],"replies":[{"embeddable":true,"href":"https:\/\/www1.kkl.si\/hu\/wp-json\/wp\/v2\/comments?post=12959"}],"version-history":[{"count":3,"href":"https:\/\/www1.kkl.si\/hu\/wp-json\/wp\/v2\/pages\/12959\/revisions"}],"predecessor-version":[{"id":12973,"href":"https:\/\/www1.kkl.si\/hu\/wp-json\/wp\/v2\/pages\/12959\/revisions\/12973"}],"wp:featuredmedia":[{"embeddable":true,"href":"https:\/\/www1.kkl.si\/hu\/wp-json\/wp\/v2\/media\/12742"}],"wp:attachment":[{"href":"https:\/\/www1.kkl.si\/hu\/wp-json\/wp\/v2\/media?parent=12959"}],"curies":[{"name":"wp","href":"https:\/\/api.w.org\/{rel}","templated":true}]}}