{"id":13107,"date":"2023-06-06T07:49:00","date_gmt":"2023-06-06T05:49:00","guid":{"rendered":"https:\/\/www1.kkl.si\/?page_id=13107"},"modified":"2023-06-06T09:18:16","modified_gmt":"2023-06-06T07:18:16","slug":"jatekos-tortenet-a-szinpadon-a-lendvai-szinjatszo-es-babcsoportok-talalkozoja","status":"publish","type":"page","link":"https:\/\/www1.kkl.si\/hu\/jatekos-tortenet-a-szinpadon-a-lendvai-szinjatszo-es-babcsoportok-talalkozoja\/","title":{"rendered":"J\u00c1T\u00c9KOS T\u00d6RT\u00c9NET A SZ\u00cdNPADON \u2013 a lendvai sz\u00ednj\u00e1tsz\u00f3- \u00e9s b\u00e1bcsoportok tal\u00e1lkoz\u00f3ja"},"content":{"rendered":"<div class=\"opis\"><i class=\"fas fa-clock\"><\/i> <strong>2023. j\u00fanius 7. szerda, 17.30<\/strong> | Lendvai Sz\u00ednh\u00e1z- \u00e9s Hangversenyterem<img loading=\"lazy\" decoding=\"async\" class=\"wp-image-1588 alignright\" title=\"Ingyenes rendezv\u00e9ny\" src=\"https:\/\/www1.kkl.si\/wp-content\/uploads\/\/2020\/07\/spored_simb_brezplacna-1.svg\" sizes=\"auto, (max-width: 30px) 100vw, 30px\" srcset=\"https:\/\/www1.kkl.si\/wp-content\/uploads\/\/2020\/07\/spored_simb_brezplacna-1.svg 150w, https:\/\/www1.kkl.si\/wp-content\/uploads\/\/2020\/07\/spored_simb_brezplacna-1.svg 400w, https:\/\/www1.kkl.si\/wp-content\/uploads\/\/2020\/07\/spored_simb_brezplacna-1.svg 1500w, https:\/\/www1.kkl.si\/wp-content\/uploads\/\/2020\/07\/spored_simb_brezplacna-1.svg 100w\" alt=\"brezplacna\" width=\"30\" height=\"30\" \/><br \/>\n<i class=\"fas fa-chevron-circle-right\"><\/i> <strong>sz\u00ednh\u00e1zi szemle\/tal\u00e1lkoz\u00f3<\/strong><br \/>\nSzervez\u0151: <a href=\"https:\/\/kaleido-art.org\/\">KALEIDO \u2013 dru\u0161tvo za razvoj kreativnosti in potencialov, Alkot\u00f3k\u00e9szs\u00e9get \u00e9s Potenci\u00e1lt Fejleszt\u0151 Egyes\u00fclet<\/a><\/div>\n<p>Tisztelt sz\u00fcl\u0151k, bar\u00e1tok \u00e9s m\u0171v\u00e9szetkedvel\u0151k!<\/p>\n<p>Sok szerettetel megh\u00edvjuk \u00d6n\u00f6ket <strong>2023. j\u00fanius 7-\u00e9n, szerd\u00e1n<\/strong> a sz\u00ednj\u00e1tsz\u00f3k \u00e9s b\u00e1boz\u00f3k tal\u00e1lkoz\u00f3j\u00e1ra, amely a lendvai Sz\u00ednh\u00e1z-\u00e9s hangversenyteremben lesz <strong>17.30 \u00f3rakor<\/strong>.<\/p>\n<p>Program:<\/p>\n<p><strong>MILI<\/strong><br \/>\nLutkovna skupina Mavrica \u2013 Sz\u00edv\u00e1rv\u00e1ny sz\u00ednj\u00e1tsz\u00f3csoport \/ Vrtec Lendava \u2013 Lendvai \u00d3voda<br \/>\numetni\u0161ko in pedago\u0161ko vodenje\/m\u0171v\u00e9szeti \u00e9s pedag\u00f3giai vezet\u0151: Irma V\u00f6ro\u0161<\/p>\n<p><strong>ANGULI BANGULI<\/strong><br \/>\nGledali\u0161ka skupina Teatri\u010dek \/ DO\u0160 I Lendava \u2013 1. Sz. Lendvai K\u00c1I | Kaleido<br \/>\numetni\u0161ko in pedago\u0161ko vodenje\/m\u0171v\u00e9szeti \u00e9s pedag\u00f3giai vezet\u0151: Iva Nemec<\/p>\n<p><a href=\"https:\/\/www1.kkl.si\/wp-content\/uploads\/2023\/06\/VABILO_Igriva_zgodba_na_odru_2023_web.jpg\" data-lbwps-width=\"2121\" data-lbwps-height=\"3000\" data-lbwps-srcsmall=\"https:\/\/www1.kkl.si\/wp-content\/uploads\/2023\/06\/VABILO_Igriva_zgodba_na_odru_2023_web.jpg\"><img loading=\"lazy\" decoding=\"async\" class=\"alignnone size-large wp-image-13082\" src=\"https:\/\/www1.kkl.si\/wp-content\/uploads\/2023\/06\/VABILO_Igriva_zgodba_na_odru_2023_web-scaled-1061x1500.jpg\" alt=\"\" width=\"1061\" height=\"1500\" srcset=\"https:\/\/www1.kkl.si\/wp-content\/uploads\/2023\/06\/VABILO_Igriva_zgodba_na_odru_2023_web-scaled-1061x1500.jpg 1061w, https:\/\/www1.kkl.si\/wp-content\/uploads\/2023\/06\/VABILO_Igriva_zgodba_na_odru_2023_web-scaled-283x400.jpg 283w, https:\/\/www1.kkl.si\/wp-content\/uploads\/2023\/06\/VABILO_Igriva_zgodba_na_odru_2023_web-scaled.jpg 1810w\" sizes=\"auto, (max-width: 1061px) 100vw, 1061px\" \/><\/a><\/p>\n","protected":false},"excerpt":{"rendered":"<p>2023. j\u00fanius 7. szerda, 17.30 | Lendvai Sz\u00ednh\u00e1z- \u00e9s Hangversenyterem sz\u00ednh\u00e1zi szemle\/tal\u00e1lkoz\u00f3 Szervez\u0151: KALEIDO \u2013 dru\u0161tvo za razvoj kreativnosti in potencialov, Alkot\u00f3k\u00e9szs\u00e9get \u00e9s Potenci\u00e1lt Fejleszt\u0151 Egyes\u00fclet Tisztelt sz\u00fcl\u0151k, bar\u00e1tok \u00e9s m\u0171v\u00e9szetkedvel\u0151k! Sok szerettetel megh\u00edvjuk \u00d6n\u00f6ket 2023. j\u00fanius 7-\u00e9n, szerd\u00e1n a sz\u00ednj\u00e1tsz\u00f3k \u00e9s b\u00e1boz\u00f3k tal\u00e1lkoz\u00f3j\u00e1ra, amely a lendvai Sz\u00ednh\u00e1z-\u00e9s hangversenyteremben lesz 17.30 \u00f3rakor. Program: MILI Lutkovna [&hellip;]<\/p>\n","protected":false},"author":2,"featured_media":0,"parent":0,"menu_order":0,"comment_status":"closed","ping_status":"closed","template":"","meta":{"footnotes":""},"class_list":["post-13107","page","type-page","status-publish","hentry","post"],"_links":{"self":[{"href":"https:\/\/www1.kkl.si\/hu\/wp-json\/wp\/v2\/pages\/13107","targetHints":{"allow":["GET"]}}],"collection":[{"href":"https:\/\/www1.kkl.si\/hu\/wp-json\/wp\/v2\/pages"}],"about":[{"href":"https:\/\/www1.kkl.si\/hu\/wp-json\/wp\/v2\/types\/page"}],"author":[{"embeddable":true,"href":"https:\/\/www1.kkl.si\/hu\/wp-json\/wp\/v2\/users\/2"}],"replies":[{"embeddable":true,"href":"https:\/\/www1.kkl.si\/hu\/wp-json\/wp\/v2\/comments?post=13107"}],"version-history":[{"count":4,"href":"https:\/\/www1.kkl.si\/hu\/wp-json\/wp\/v2\/pages\/13107\/revisions"}],"predecessor-version":[{"id":13122,"href":"https:\/\/www1.kkl.si\/hu\/wp-json\/wp\/v2\/pages\/13107\/revisions\/13122"}],"wp:attachment":[{"href":"https:\/\/www1.kkl.si\/hu\/wp-json\/wp\/v2\/media?parent=13107"}],"curies":[{"name":"wp","href":"https:\/\/api.w.org\/{rel}","templated":true}]}}