{"id":13263,"date":"2023-06-21T11:35:56","date_gmt":"2023-06-21T09:35:56","guid":{"rendered":"https:\/\/www1.kkl.si\/?page_id=13263"},"modified":"2023-06-21T11:35:56","modified_gmt":"2023-06-21T09:35:56","slug":"az-epuletrol","status":"publish","type":"page","link":"https:\/\/www1.kkl.si\/hu\/az-epuletrol\/","title":{"rendered":"AZ \u00c9P\u00dcLETR\u0150L"},"content":{"rendered":"<ul class=\"sub-menu\">\n<li class=\"menu-item menu-item-type-post_type menu-item-object-page menu-item-12367\"><a href=\"https:\/\/www1.kkl.si\/hu\/hazirend\/\">H\u00e1zirend<\/a><\/li>\n<li class=\"menu-item menu-item-type-post_type menu-item-object-page menu-item-12375\"><a href=\"https:\/\/www1.kkl.si\/hu\/az-epuletrol-technikai-adatok-es-ulesrend\/\">Technikai adatok \u00e9s \u00fcl\u00e9srend<\/a><\/li>\n<li class=\"menu-item menu-item-type-post_type menu-item-object-page menu-item-12409\"><a href=\"https:\/\/www1.kkl.si\/hu\/az-epuletrol-tortenet-2\/\">T\u00f6rt\u00e9net<\/a><\/li>\n<\/ul>\n","protected":false},"excerpt":{"rendered":"<p>H\u00e1zirend Technikai adatok \u00e9s \u00fcl\u00e9srend T\u00f6rt\u00e9net<\/p>\n","protected":false},"author":2,"featured_media":0,"parent":0,"menu_order":0,"comment_status":"closed","ping_status":"closed","template":"","meta":{"footnotes":""},"class_list":["post-13263","page","type-page","status-publish","hentry","post"],"_links":{"self":[{"href":"https:\/\/www1.kkl.si\/hu\/wp-json\/wp\/v2\/pages\/13263","targetHints":{"allow":["GET"]}}],"collection":[{"href":"https:\/\/www1.kkl.si\/hu\/wp-json\/wp\/v2\/pages"}],"about":[{"href":"https:\/\/www1.kkl.si\/hu\/wp-json\/wp\/v2\/types\/page"}],"author":[{"embeddable":true,"href":"https:\/\/www1.kkl.si\/hu\/wp-json\/wp\/v2\/users\/2"}],"replies":[{"embeddable":true,"href":"https:\/\/www1.kkl.si\/hu\/wp-json\/wp\/v2\/comments?post=13263"}],"version-history":[{"count":1,"href":"https:\/\/www1.kkl.si\/hu\/wp-json\/wp\/v2\/pages\/13263\/revisions"}],"predecessor-version":[{"id":13264,"href":"https:\/\/www1.kkl.si\/hu\/wp-json\/wp\/v2\/pages\/13263\/revisions\/13264"}],"wp:attachment":[{"href":"https:\/\/www1.kkl.si\/hu\/wp-json\/wp\/v2\/media?parent=13263"}],"curies":[{"name":"wp","href":"https:\/\/api.w.org\/{rel}","templated":true}]}}