{"id":13265,"date":"2023-06-21T11:36:55","date_gmt":"2023-06-21T09:36:55","guid":{"rendered":"https:\/\/www1.kkl.si\/?page_id=13265"},"modified":"2023-06-21T11:36:55","modified_gmt":"2023-06-21T09:36:55","slug":"a-kozintezetrol","status":"publish","type":"page","link":"https:\/\/www1.kkl.si\/hu\/a-kozintezetrol\/","title":{"rendered":"A K\u00d6ZINT\u00c9ZETR\u0150L"},"content":{"rendered":"<ul class=\"sub-menu\">\n<li class=\"menu-item menu-item-type-custom menu-item-object-custom menu-item-12470\"><a href=\"https:\/\/www.kkl.si\/hu\/kozerdeku-informaciok-katalogusa\/\">K\u00f6z\u00e9rdek\u0171 inform\u00e1ci\u00f3k katal\u00f3gusa<\/a><\/li>\n<li class=\"menu-item menu-item-type-custom menu-item-object-custom menu-item-12471\"><a href=\"https:\/\/www.kkl.si\/hu\/svet-javnega-zavoda-knjiznica-kulturni-center-lendava\/\">A Lendvai KKK k\u00f6zint\u00e9zet Tan\u00e1csa<\/a><\/li>\n<li class=\"menu-item menu-item-type-post_type menu-item-object-page menu-item-12900\"><a href=\"https:\/\/www1.kkl.si\/hu\/a-lendvai-kkk-logoja\/\">A Lendvai KKK log\u00f3ja<\/a><\/li>\n<\/ul>\n","protected":false},"excerpt":{"rendered":"<p>K\u00f6z\u00e9rdek\u0171 inform\u00e1ci\u00f3k katal\u00f3gusa A Lendvai KKK k\u00f6zint\u00e9zet Tan\u00e1csa A Lendvai KKK log\u00f3ja<\/p>\n","protected":false},"author":2,"featured_media":0,"parent":0,"menu_order":0,"comment_status":"closed","ping_status":"closed","template":"","meta":{"footnotes":""},"class_list":["post-13265","page","type-page","status-publish","hentry","post"],"_links":{"self":[{"href":"https:\/\/www1.kkl.si\/hu\/wp-json\/wp\/v2\/pages\/13265","targetHints":{"allow":["GET"]}}],"collection":[{"href":"https:\/\/www1.kkl.si\/hu\/wp-json\/wp\/v2\/pages"}],"about":[{"href":"https:\/\/www1.kkl.si\/hu\/wp-json\/wp\/v2\/types\/page"}],"author":[{"embeddable":true,"href":"https:\/\/www1.kkl.si\/hu\/wp-json\/wp\/v2\/users\/2"}],"replies":[{"embeddable":true,"href":"https:\/\/www1.kkl.si\/hu\/wp-json\/wp\/v2\/comments?post=13265"}],"version-history":[{"count":1,"href":"https:\/\/www1.kkl.si\/hu\/wp-json\/wp\/v2\/pages\/13265\/revisions"}],"predecessor-version":[{"id":13266,"href":"https:\/\/www1.kkl.si\/hu\/wp-json\/wp\/v2\/pages\/13265\/revisions\/13266"}],"wp:attachment":[{"href":"https:\/\/www1.kkl.si\/hu\/wp-json\/wp\/v2\/media?parent=13265"}],"curies":[{"name":"wp","href":"https:\/\/api.w.org\/{rel}","templated":true}]}}