{"id":13552,"date":"2023-08-08T09:50:17","date_gmt":"2023-08-08T07:50:17","guid":{"rendered":"https:\/\/www1.kkl.si\/?page_id=13552"},"modified":"2023-08-13T11:22:50","modified_gmt":"2023-08-13T09:22:50","slug":"pupilla-babszinhaz-sosedska","status":"publish","type":"page","link":"https:\/\/www1.kkl.si\/hu\/pupilla-babszinhaz-sosedska\/","title":{"rendered":"Pupilla B\u00e1bsz\u00ednh\u00e1z: Sosedska"},"content":{"rendered":"<div class=\"opis\"><i class=\"fas fa-clock\"><\/i> <strong>2023. augusztus 11. p\u00e9ntek, 18.30<\/strong> | a Lendvai Sz\u00ednh\u00e1z- \u00e9s Hangversenyterem szabadt\u00e9ri sz\u00ednpada<img loading=\"lazy\" decoding=\"async\" class=\"wp-image-1588 alignright\" title=\"Ingyenes rendezv\u00e9ny\" src=\"https:\/\/www1.kkl.si\/wp-content\/uploads\/\/2020\/07\/spored_simb_brezplacna-1.svg\" sizes=\"auto, (max-width: 30px) 100vw, 30px\" srcset=\"https:\/\/www1.kkl.si\/wp-content\/uploads\/\/2020\/07\/spored_simb_brezplacna-1.svg 150w, https:\/\/www1.kkl.si\/wp-content\/uploads\/\/2020\/07\/spored_simb_brezplacna-1.svg 400w, https:\/\/www1.kkl.si\/wp-content\/uploads\/\/2020\/07\/spored_simb_brezplacna-1.svg 1500w, https:\/\/www1.kkl.si\/wp-content\/uploads\/\/2020\/07\/spored_simb_brezplacna-1.svg 100w\" alt=\"brezplacna\" width=\"30\" height=\"30\" \/><br \/>\n<i class=\"fas fa-chevron-circle-right\"><\/i>\u00a0<strong>szlov\u00e9n b\u00e1bel\u0151ad\u00e1s <span class=\"starost\">3+<\/span><\/strong><br \/>\nSzervez\u0151: <a href=\"https:\/\/www.kkl.si\/\">Knji\u017enica \u2013 Kulturni center Lendava \u2013 Lendvai K\u00f6nyvt\u00e1r \u00e9s Kultur\u00e1lis K\u00f6zpont<\/a><\/p>\n<hr \/>\n<p><i class=\"fas fa-info-circle\"><\/i> <em>Rossz id\u0151 eset\u00e9n a rendezv\u00e9ny a teremben lesz.<\/em><\/div>\n<p><a href=\"https:\/\/www1.kkl.si\/wp-content\/uploads\/2023\/07\/pupilla.jpg\" data-lbwps-width=\"600\" data-lbwps-height=\"360\" data-lbwps-srcsmall=\"https:\/\/www1.kkl.si\/wp-content\/uploads\/2023\/07\/pupilla-400x240.jpg\"><img loading=\"lazy\" decoding=\"async\" class=\"size-full wp-image-13447 alignleft\" src=\"https:\/\/www1.kkl.si\/wp-content\/uploads\/2023\/07\/pupilla.jpg\" alt=\"\" width=\"600\" height=\"360\" srcset=\"https:\/\/www1.kkl.si\/wp-content\/uploads\/2023\/07\/pupilla.jpg 600w, https:\/\/www1.kkl.si\/wp-content\/uploads\/2023\/07\/pupilla-400x240.jpg 400w\" sizes=\"auto, (max-width: 600px) 100vw, 600px\" \/><\/a><a href=\"https:\/\/www1.kkl.si\/wp-content\/uploads\/2023\/06\/plakat_B2_poletni_program_2023.jpg\" data-lbwps-width=\"2143\" data-lbwps-height=\"3000\" data-lbwps-srcsmall=\"https:\/\/www1.kkl.si\/wp-content\/uploads\/2023\/06\/plakat_B2_poletni_program_2023.jpg\"><img loading=\"lazy\" decoding=\"async\" class=\"slika wp-image-13356 size-medium alignnone\" src=\"https:\/\/www1.kkl.si\/wp-content\/uploads\/2023\/06\/plakat_B2_poletni_program_2023-scaled-286x400.jpg\" alt=\"\" width=\"286\" height=\"400\" srcset=\"https:\/\/www1.kkl.si\/wp-content\/uploads\/2023\/06\/plakat_B2_poletni_program_2023-scaled-286x400.jpg 286w, https:\/\/www1.kkl.si\/wp-content\/uploads\/2023\/06\/plakat_B2_poletni_program_2023-scaled-1072x1500.jpg 1072w, https:\/\/www1.kkl.si\/wp-content\/uploads\/2023\/06\/plakat_B2_poletni_program_2023-scaled.jpg 1829w\" sizes=\"auto, (max-width: 286px) 100vw, 286px\" \/><\/a><\/p>\n<p>NY\u00c1RI M\u0170SOR 2023<\/p>\n<p>NY\u00c1RI B\u00c1BKIK\u00d6T\u0150 LENDVA, 2023 \u2013 Nemzetk\u00f6zi B\u00e1bfesztiv\u00e1l<\/p>\n<p>Lutkovno gledali\u0161\u010de Pupilla\/Pupilla B\u00e1bsz\u00ednh\u00e1z (Lendva, Szlov\u00e9nia): <strong>Sosedska<\/strong><\/p>\n<div class=\"x11i5rnm xat24cr x1mh8g0r x1vvkbs xtlvy1s\"><strong>Re\u017eija\/rendez\u0151:<\/strong> Rita Bartal Kiss<strong><br \/>\nLikovna podoba\/L\u00e1tv\u00e1ny:<\/strong> Sabina \u0160inko<br \/>\n<strong>Glasbena oprema\/Zene:<\/strong> Valter Klemen\u010di\u010d<br \/>\n<strong>Igrata\/Szerepl\u0151k:<\/strong> Petra Kava\u0161, Vitomir Vratari\u010d<br \/>\n<strong>Tehnika\/technika:<\/strong> Milan Gal<\/div>\n<div>\u00a0<\/div>\n<div class=\"x11i5rnm xat24cr x1mh8g0r x1vvkbs xtlvy1s\">Predstava <em>Sosedska<\/em> prikazuje metafori\u010dno zgodbo o prijateljstvu in sosedskih odnosih. Zgodbe se dogaja v mestecu, polnem skrivnosti in kaosa. Glavna protagonista se v tem kaosu znajdeta tako, da domi\u0161ljiji prepustita prosto pot in da se igrata v kot otroka v svetu predmetov in pojmov. Gre za dru\u017einsko predstavo, v kateri bodo otroci na\u0161li \u00bbpravlji\u010dno\u00ab nit, odrasli pa filozofijo in \u010dustveno zadovoljstvo po svoji meri. S predstavo \u017eelimo okrepiti in podpreti svobodo otro\u0161ke domi\u0161ljije in njeno osvoboditev od na\u0161ega predstavnega sveta.<\/div>\n<div>\u00a0<\/div>\n<div>MAGYAR LE\u00cdR\u00c1S:<\/p>\n<p>A <em>Sosedska<\/em> (Szomsz\u00e9dol\u00e1s) c\u00edm\u0171 el\u0151ad\u00e1s egy k\u00e9pletes t\u00f6rt\u00e9net a bar\u00e1ts\u00e1gr\u00f3l \u00e9s a szomsz\u00e9ds\u00e1gi kapcsolatokr\u00f3l. A t\u00f6rt\u00e9netek egy titokzatoss\u00e1ggal \u00e9s k\u00e1osszal teli kisv\u00e1rosban j\u00e1tsz\u00f3dnak. A k\u00e9t f\u0151szerepl\u0151 \u00fagy tal\u00e1lja meg az utat ebben a k\u00e1oszban, hogy szabadj\u00e1ra engedi a k\u00e9pzelet\u00e9t, \u00e9s gyermekk\u00e9nt j\u00e1tszik a t\u00e1rgyak \u00e9s fogalmak vil\u00e1g\u00e1ban. Ez egy csal\u00e1di el\u0151ad\u00e1s, amelyben a gyerekek megtal\u00e1lj\u00e1k a &#8222;mese&#8221; fonal\u00e1t, a feln\u0151ttek pedig a maguk filoz\u00f3fi\u00e1j\u00e1t \u00e9s \u00e9rzelmi kiel\u00e9g\u00fcl\u00e9s\u00e9t. Az el\u0151ad\u00e1ssal a gyermeki k\u00e9pzelet szabads\u00e1g\u00e1t \u00e9s a k\u00e9pzeletvil\u00e1gunkb\u00f3l val\u00f3 kiszabadul\u00e1st szeretn\u00e9nk er\u0151s\u00edteni \u00e9s t\u00e1mogatni.<\/div>\n<p><i class=\"fas fa-link\"><\/i> <a href=\"http:\/\/www.lutkepupilla.si\/\">http:\/\/www.lutkepupilla.si\/<\/a><\/p>\n<div class=\"x11i5rnm xat24cr x1mh8g0r x1vvkbs xtlvy1s\">\n<div class=\"x11i5rnm xat24cr x1mh8g0r x1vvkbs xtlvy1s\"><span style=\"font-size: 10pt;\">Minden rendezv\u00e9ny ingyenes.<\/span><br \/>\n<span style=\"font-size: 10pt;\">A m\u0171sorv\u00e1ltoz\u00e1s jog\u00e1t fenntartjuk.<\/span><\/div>\n<\/div>\n","protected":false},"excerpt":{"rendered":"<p>2023. augusztus 11. p\u00e9ntek, 18.30 | a Lendvai Sz\u00ednh\u00e1z- \u00e9s Hangversenyterem szabadt\u00e9ri sz\u00ednpada \u00a0szlov\u00e9n b\u00e1bel\u0151ad\u00e1s 3+ Szervez\u0151: Knji\u017enica \u2013 Kulturni center Lendava \u2013 Lendvai K\u00f6nyvt\u00e1r \u00e9s Kultur\u00e1lis K\u00f6zpont Rossz id\u0151 eset\u00e9n a rendezv\u00e9ny a teremben lesz. NY\u00c1RI M\u0170SOR 2023 NY\u00c1RI B\u00c1BKIK\u00d6T\u0150 LENDVA, 2023 \u2013 Nemzetk\u00f6zi B\u00e1bfesztiv\u00e1l Lutkovno gledali\u0161\u010de Pupilla\/Pupilla B\u00e1bsz\u00ednh\u00e1z (Lendva, Szlov\u00e9nia): Sosedska Re\u017eija\/rendez\u0151: Rita [&hellip;]<\/p>\n","protected":false},"author":2,"featured_media":13357,"parent":0,"menu_order":0,"comment_status":"closed","ping_status":"closed","template":"","meta":{"footnotes":""},"class_list":["post-13552","page","type-page","status-publish","has-post-thumbnail","hentry","post","post-with-thumbnail","post-with-thumbnail-icon"],"_links":{"self":[{"href":"https:\/\/www1.kkl.si\/hu\/wp-json\/wp\/v2\/pages\/13552","targetHints":{"allow":["GET"]}}],"collection":[{"href":"https:\/\/www1.kkl.si\/hu\/wp-json\/wp\/v2\/pages"}],"about":[{"href":"https:\/\/www1.kkl.si\/hu\/wp-json\/wp\/v2\/types\/page"}],"author":[{"embeddable":true,"href":"https:\/\/www1.kkl.si\/hu\/wp-json\/wp\/v2\/users\/2"}],"replies":[{"embeddable":true,"href":"https:\/\/www1.kkl.si\/hu\/wp-json\/wp\/v2\/comments?post=13552"}],"version-history":[{"count":7,"href":"https:\/\/www1.kkl.si\/hu\/wp-json\/wp\/v2\/pages\/13552\/revisions"}],"predecessor-version":[{"id":13833,"href":"https:\/\/www1.kkl.si\/hu\/wp-json\/wp\/v2\/pages\/13552\/revisions\/13833"}],"wp:featuredmedia":[{"embeddable":true,"href":"https:\/\/www1.kkl.si\/hu\/wp-json\/wp\/v2\/media\/13357"}],"wp:attachment":[{"href":"https:\/\/www1.kkl.si\/hu\/wp-json\/wp\/v2\/media?parent=13552"}],"curies":[{"name":"wp","href":"https:\/\/api.w.org\/{rel}","templated":true}]}}