{"id":13695,"date":"2023-08-11T12:11:30","date_gmt":"2023-08-11T10:11:30","guid":{"rendered":"https:\/\/www1.kkl.si\/?page_id=13695"},"modified":"2023-08-11T12:12:57","modified_gmt":"2023-08-11T10:12:57","slug":"odivo-szinhaz-szlovakia-volk-ki-je-padel-iz-knjige","status":"publish","type":"page","link":"https:\/\/www1.kkl.si\/hu\/odivo-szinhaz-szlovakia-volk-ki-je-padel-iz-knjige\/","title":{"rendered":"ODIVO Sz\u00ednh\u00e1z (Szlov\u00e1kia): Volk, ki je padel iz knjige"},"content":{"rendered":"<div class=\"opis\"><i class=\"fas fa-clock\"><\/i> <strong>2023. augusztus 14. h\u00e9tf\u0151, 18.30<\/strong> | a Lendvai Sz\u00ednh\u00e1z- \u00e9s Hangversenyterem szabadt\u00e9ri sz\u00ednpada<img loading=\"lazy\" decoding=\"async\" class=\"wp-image-1588 alignright\" title=\"Ingyenes rendezv\u00e9ny\" src=\"https:\/\/www1.kkl.si\/wp-content\/uploads\/\/2020\/07\/spored_simb_brezplacna-1.svg\" alt=\"brezplacna\" width=\"30\" height=\"30\" srcset=\"https:\/\/www1.kkl.si\/wp-content\/uploads\/\/2020\/07\/spored_simb_brezplacna-1.svg 150w, https:\/\/www1.kkl.si\/wp-content\/uploads\/\/2020\/07\/spored_simb_brezplacna-1.svg 400w, https:\/\/www1.kkl.si\/wp-content\/uploads\/\/2020\/07\/spored_simb_brezplacna-1.svg 1500w, https:\/\/www1.kkl.si\/wp-content\/uploads\/\/2020\/07\/spored_simb_brezplacna-1.svg 100w\" sizes=\"auto, (max-width: 30px) 100vw, 30px\" \/><br \/>\n<i class=\"fas fa-chevron-circle-right\"><\/i> <strong>szlov\u00e1k nyelv\u0171 b\u00e1bel\u0151ad\u00e1s <span class=\"starost\">3+<\/span><\/strong><br \/>\nSzervez\u0151: <a href=\"https:\/\/www.kkl.si\/\">Knji\u017enica \u2013 Kulturni center Lendava \u2013 Lendvai K\u00f6nyvt\u00e1r \u00e9s Kultur\u00e1lis K\u00f6zpont<\/a><\/p>\n<hr \/>\n<p><i class=\"fas fa-info-circle\"><\/i> <em>Rossz id\u0151 eset\u00e9n a rendezv\u00e9ny a teremben lesz.<\/p>\n<p><\/em><span style=\"color: #ff0000;\"><i class=\"fas fa-exclamation-circle\"><\/i> <strong>\u00c9RTES\u00cdT\u00c9S: Az ODIVO B\u00e1bsz\u00ednh\u00e1z (Szlov\u00e1kia) Volk, ki je padel iz knjige c\u00edm\u0171 el\u0151ad\u00e1s, amely h\u00e9tf\u0151n, 2023. augusztus 14-\u00e9n lenne, a szolidarit\u00e1si nap miatt elmarad.<\/strong><\/span><em><br \/>\n<\/em><\/p>\n<\/div>\n<p><a href=\"https:\/\/www1.kkl.si\/wp-content\/uploads\/2023\/07\/Odivo.jpg\" data-lbwps-width=\"2048\" data-lbwps-height=\"1365\" data-lbwps-srcsmall=\"https:\/\/www1.kkl.si\/wp-content\/uploads\/2023\/07\/Odivo-400x267.jpg\"><img loading=\"lazy\" decoding=\"async\" class=\"alignnone size-large wp-image-13467\" src=\"https:\/\/www1.kkl.si\/wp-content\/uploads\/2023\/07\/Odivo-1500x1000.jpg\" alt=\"\" width=\"1500\" height=\"1000\" srcset=\"https:\/\/www1.kkl.si\/wp-content\/uploads\/2023\/07\/Odivo-1500x1000.jpg 1500w, https:\/\/www1.kkl.si\/wp-content\/uploads\/2023\/07\/Odivo-400x267.jpg 400w, https:\/\/www1.kkl.si\/wp-content\/uploads\/2023\/07\/Odivo.jpg 2048w\" sizes=\"auto, (max-width: 1500px) 100vw, 1500px\" \/><\/a><\/p>\n<p><a href=\"https:\/\/www1.kkl.si\/wp-content\/uploads\/2023\/06\/plakat_B2_poletni_program_2023.jpg\" data-lbwps-width=\"2143\" data-lbwps-height=\"3000\" data-lbwps-srcsmall=\"https:\/\/www1.kkl.si\/wp-content\/uploads\/2023\/06\/plakat_B2_poletni_program_2023.jpg\"><img loading=\"lazy\" decoding=\"async\" class=\"slika wp-image-13356 size-medium alignright\" src=\"https:\/\/www1.kkl.si\/wp-content\/uploads\/2023\/06\/plakat_B2_poletni_program_2023-scaled-286x400.jpg\" alt=\"\" width=\"286\" height=\"400\" srcset=\"https:\/\/www1.kkl.si\/wp-content\/uploads\/2023\/06\/plakat_B2_poletni_program_2023-scaled-286x400.jpg 286w, https:\/\/www1.kkl.si\/wp-content\/uploads\/2023\/06\/plakat_B2_poletni_program_2023-scaled-1072x1500.jpg 1072w, https:\/\/www1.kkl.si\/wp-content\/uploads\/2023\/06\/plakat_B2_poletni_program_2023-scaled.jpg 1829w\" sizes=\"auto, (max-width: 286px) 100vw, 286px\" \/><\/a>NY\u00c1RI M\u0170SOR 2023<\/p>\n<p>NY\u00c1RI B\u00c1BKIK\u00d6T\u0150 LENDVA, 2023 \u2013 Nemzetk\u00f6zi B\u00e1bfesztiv\u00e1l<\/p>\n<p>Gledali\u0161\u010de ODIVO (Slova\u0161ka):<br \/>\n<strong>Volk, ki je padel iz knjige (A k\u00f6nyvb\u0151l kiesett farkas)<br \/>\n<\/strong><\/p>\n<div class=\"showItem\">\n<p>El\u0151fordult m\u00e1r, hogy a kedvenc k\u00f6nyvedb\u0151l kihullott a farkas? \u00c9s elk\u00f3borolt m\u00e1s k\u00f6nyvek sorai k\u00f6z\u00f6tt? Egy k\u00f6nyvb\u0151l kiesett farkas m\u00e1s t\u00f6rt\u00e9netek k\u00f6z\u00f6tt v\u00e1ndorol, tal\u00e1lkozik dinoszauruszokkal, bekopogtat a h\u00e9t kis kecske ajtaj\u00e1n, \u00e9s keresi a t\u00f6rt\u00e9net\u00e9t.<\/p>\n<\/div>\n<div class=\"x11i5rnm xat24cr x1mh8g0r x1vvkbs xtlvy1s\">\n<div class=\"x11i5rnm xat24cr x1mh8g0r x1vvkbs xtlvy1s\">\n<div class=\"x11i5rnm xat24cr x1mh8g0r x1vvkbs xtlvy1s\"><span style=\"font-size: 10pt;\">Minden rendezv\u00e9ny ingyenes.<\/span><br \/>\n<span style=\"font-size: 10pt;\">A m\u0171sorv\u00e1ltoz\u00e1s jog\u00e1t fenntartjuk.<\/span><\/div>\n<\/div>\n<\/div>\n","protected":false},"excerpt":{"rendered":"<p>2023. augusztus 14. h\u00e9tf\u0151, 18.30 | a Lendvai Sz\u00ednh\u00e1z- \u00e9s Hangversenyterem szabadt\u00e9ri sz\u00ednpada szlov\u00e1k nyelv\u0171 b\u00e1bel\u0151ad\u00e1s 3+ Szervez\u0151: Knji\u017enica \u2013 Kulturni center Lendava \u2013 Lendvai K\u00f6nyvt\u00e1r \u00e9s Kultur\u00e1lis K\u00f6zpont Rossz id\u0151 eset\u00e9n a rendezv\u00e9ny a teremben lesz. \u00c9RTES\u00cdT\u00c9S: Az ODIVO B\u00e1bsz\u00ednh\u00e1z (Szlov\u00e1kia) Volk, ki je padel iz knjige c\u00edm\u0171 el\u0151ad\u00e1s, amely h\u00e9tf\u0151n, 2023. augusztus 14-\u00e9n [&hellip;]<\/p>\n","protected":false},"author":2,"featured_media":13357,"parent":0,"menu_order":0,"comment_status":"closed","ping_status":"closed","template":"","meta":{"footnotes":""},"class_list":["post-13695","page","type-page","status-publish","has-post-thumbnail","hentry","post","post-with-thumbnail","post-with-thumbnail-icon"],"_links":{"self":[{"href":"https:\/\/www1.kkl.si\/hu\/wp-json\/wp\/v2\/pages\/13695","targetHints":{"allow":["GET"]}}],"collection":[{"href":"https:\/\/www1.kkl.si\/hu\/wp-json\/wp\/v2\/pages"}],"about":[{"href":"https:\/\/www1.kkl.si\/hu\/wp-json\/wp\/v2\/types\/page"}],"author":[{"embeddable":true,"href":"https:\/\/www1.kkl.si\/hu\/wp-json\/wp\/v2\/users\/2"}],"replies":[{"embeddable":true,"href":"https:\/\/www1.kkl.si\/hu\/wp-json\/wp\/v2\/comments?post=13695"}],"version-history":[{"count":3,"href":"https:\/\/www1.kkl.si\/hu\/wp-json\/wp\/v2\/pages\/13695\/revisions"}],"predecessor-version":[{"id":13699,"href":"https:\/\/www1.kkl.si\/hu\/wp-json\/wp\/v2\/pages\/13695\/revisions\/13699"}],"wp:featuredmedia":[{"embeddable":true,"href":"https:\/\/www1.kkl.si\/hu\/wp-json\/wp\/v2\/media\/13357"}],"wp:attachment":[{"href":"https:\/\/www1.kkl.si\/hu\/wp-json\/wp\/v2\/media?parent=13695"}],"curies":[{"name":"wp","href":"https:\/\/api.w.org\/{rel}","templated":true}]}}