{"id":13705,"date":"2023-08-11T13:27:17","date_gmt":"2023-08-11T11:27:17","guid":{"rendered":"https:\/\/www1.kkl.si\/?page_id=13705"},"modified":"2023-08-11T13:27:17","modified_gmt":"2023-08-11T11:27:17","slug":"balladero","status":"publish","type":"page","link":"https:\/\/www1.kkl.si\/hu\/balladero\/","title":{"rendered":"Balladero"},"content":{"rendered":"<div class=\"opis\"><i class=\"fas fa-clock\"><\/i> <strong>2023. augusztus 19. szombat, 20.00<\/strong> | a Lendvai Sz\u00ednh\u00e1z- \u00e9s Hangversenyterem szabadt\u00e9ri sz\u00ednpada<img loading=\"lazy\" decoding=\"async\" class=\"wp-image-1588 alignright\" title=\"Ingyenes rendezv\u00e9ny\" src=\"https:\/\/www1.kkl.si\/wp-content\/uploads\/\/2020\/07\/spored_simb_brezplacna-1.svg\" alt=\"brezplacna\" width=\"30\" height=\"30\" srcset=\"https:\/\/www1.kkl.si\/wp-content\/uploads\/\/2020\/07\/spored_simb_brezplacna-1.svg 150w, https:\/\/www1.kkl.si\/wp-content\/uploads\/\/2020\/07\/spored_simb_brezplacna-1.svg 400w, https:\/\/www1.kkl.si\/wp-content\/uploads\/\/2020\/07\/spored_simb_brezplacna-1.svg 1500w, https:\/\/www1.kkl.si\/wp-content\/uploads\/\/2020\/07\/spored_simb_brezplacna-1.svg 100w\" sizes=\"auto, (max-width: 30px) 100vw, 30px\" \/><br \/>\n<i class=\"fas fa-chevron-circle-right\"><\/i> <strong>koncert<\/strong><br \/>\nSzervez\u0151: <a href=\"https:\/\/www.kkl.si\/\">Knji\u017enica \u2013 Kulturni center Lendava \u2013 Lendvai K\u00f6nyvt\u00e1r \u00e9s Kultur\u00e1lis K\u00f6zpont<\/a><\/p>\n<hr \/>\n<p><i class=\"fas fa-info-circle\"><\/i>\u00a0<em>Rossz id\u0151 eset\u00e9n a rendezv\u00e9ny a teremben lesz.<\/em><\/p>\n<\/div>\n<p><a href=\"https:\/\/www1.kkl.si\/wp-content\/uploads\/2023\/06\/plakat_B2_poletni_program_2023.jpg\" data-lbwps-width=\"2143\" data-lbwps-height=\"3000\" data-lbwps-srcsmall=\"https:\/\/www1.kkl.si\/wp-content\/uploads\/2023\/06\/plakat_B2_poletni_program_2023.jpg\"><img loading=\"lazy\" decoding=\"async\" class=\"slika alignright wp-image-13356 size-medium\" src=\"https:\/\/www1.kkl.si\/wp-content\/uploads\/2023\/06\/plakat_B2_poletni_program_2023-scaled-286x400.jpg\" alt=\"\" width=\"286\" height=\"400\" srcset=\"https:\/\/www1.kkl.si\/wp-content\/uploads\/2023\/06\/plakat_B2_poletni_program_2023-scaled-286x400.jpg 286w, https:\/\/www1.kkl.si\/wp-content\/uploads\/2023\/06\/plakat_B2_poletni_program_2023-scaled-1072x1500.jpg 1072w, https:\/\/www1.kkl.si\/wp-content\/uploads\/2023\/06\/plakat_B2_poletni_program_2023-scaled.jpg 1829w\" sizes=\"auto, (max-width: 286px) 100vw, 286px\" \/><\/a>NY\u00c1RI M\u0170SOR 2023<\/p>\n<p><strong>Balladero<\/strong><\/p>\n<p>SZLOV\u00c9N LE\u00cdR\u00c1S:<\/p>\n<p><span style=\"font-size: 24pt;\"><strong>Dominik Bagola \u2013 Balladero<\/strong><\/span><\/p>\n<p>Balladero je umetni\u0161ko ime <strong>Dominika Bagole<\/strong>, \u00bbvodilnega doma\u010dega klavirskega kantavtorja\u00ab, kot ga je za oddajo Iz\u0161tekani napovedal radijski voditelj Jure Longyka. Z unikatnim avtorskim slogom \u017ee desetletje uspe\u0161no zdru\u017euje navdu\u0161ujo\u010di klavirski indie-pop, udarne rokovske rife in prefinjene klavirske balade, njegove skladbe pa odlikujejo tudi odli\u010dna osebno-izpovedna in dru\u017ebeno-kriti\u010dna besedila. Po dveh izvrstno sprejetih albumih Club Deuce in Perfect You, je Balladero izdal dolgo pri\u010dakovani tretji dolgometra\u017eni album z naslovom Neon Srce. Album je nastajal v sodelovanju s \u0161tevilnimi producenti, pod ve\u010dino skladb pa se je producentsko znova podpisal Uwe Bossert, \u010dlan svetovno znane nem\u0161ke skupine Reamonn. Ob \u0161tevilnih izvrstnih doma\u010dih glasbenikih zasedbo na albumu dopolnjujejo italijanski kitarski virtuoz Lorenzo Corti in \u00bbnajbolj prodajani\u00ab studijski bobnar Velike Britanije Ash Soan, sodelavec svetovno zvene\u010dih imen, kot so Adele, Dua Lipa, Sam Smith, Tori Amos in Joss Stone. Novi album Balladera so na radijskih postajah \u017ee pospremili singli Druga\u010den svet, Najina, Potujem, Marelice in Toplo. Medtem iz radijskih postaj \u0161e vedno odmevajo tudi najbolj predvajana skladba leta 2016 na Valu 202- Zlati \u010dasi ter druge Balladerove klasike kot sta Le bdi in \u010ce bi v duetu z Jadranko Juras.<\/p>\n<p>Balladero, ki je tudi prejemnik MTV Adria nagrade in polfinalist tekmovanja International Songwriting Competition, je odrsko prekaljeni ustvarjalec. Nastopil je na \u0161tevilnih vidnej\u0161ih festivalskih, klubskih in drugih odrih. Ob nastopih v Nem\u010diji in \u0160vici je \u017ee leta 2012 nastopil s samostojnim koncertom na berlinski Alex TV. Kot osrednji gost slovenskega mladinskega orkestra je na 68. Festivalu Ljubljana predstavil presek svojega glasbenega ustvarjanja, \u0161e isto leto se je kot avtor in izvajalec uvrstil tudi v finale slovenske popevke. \u0160e posebej pa velja izpostaviti nastop na \u201c\u017elahtnem izboru\u201d Iz\u0161tekanih10, z razprodanim koncertom v Kinu \u0160i\u0161ka (2022) in nedavnim koncertom v Linhartovi dvorani Cankarjevega doma (april, 2023).<\/p>\n<p>Balladero so:<\/p>\n<p><strong>Dominik Bagola \u2013 Balladero<\/strong> (klavir, klaviature in vokal), <strong>Bo\u0161tjan Gradi\u0161ek<\/strong> (bobni), <strong>Luka Vinko<\/strong> (bas kitara), <strong>Martin Lunder<\/strong> (elektri\u010dna kitara) in <strong>Amadej Herzog<\/strong> (harmonika).<\/p>\n<div id=\"attachment_13557\" style=\"width: 1510px\" class=\"wp-caption alignnone\"><a href=\"https:\/\/www1.kkl.si\/wp-content\/uploads\/2023\/08\/Balladero_foto_Igor_Pecoler.jpg\" data-lbwps-width=\"2990\" data-lbwps-height=\"2049\" data-lbwps-srcsmall=\"https:\/\/www1.kkl.si\/wp-content\/uploads\/2023\/08\/Balladero_foto_Igor_Pecoler.jpg\"><img loading=\"lazy\" decoding=\"async\" aria-describedby=\"caption-attachment-13557\" class=\"wp-image-13557 size-large\" src=\"https:\/\/www1.kkl.si\/wp-content\/uploads\/2023\/08\/Balladero_foto_Igor_Pecoler-scaled-1500x1028.jpg\" alt=\"\" width=\"1500\" height=\"1028\" srcset=\"https:\/\/www1.kkl.si\/wp-content\/uploads\/2023\/08\/Balladero_foto_Igor_Pecoler-scaled-1500x1028.jpg 1500w, https:\/\/www1.kkl.si\/wp-content\/uploads\/2023\/08\/Balladero_foto_Igor_Pecoler-scaled-400x274.jpg 400w\" sizes=\"auto, (max-width: 1500px) 100vw, 1500px\" \/><\/a><p id=\"caption-attachment-13557\" class=\"wp-caption-text\">Foto: Igor Pe\u010doler<\/p><\/div>\n<p><i class=\"fab fa-facebook-square\"><\/i> <a href=\"https:\/\/www.facebook.com\/balladeroclub2\">https:\/\/www.facebook.com\/balladeroclub2<\/a><br \/>\n<i class=\"fab fa-youtube\"><\/i> <a href=\"https:\/\/www.youtube.com\/@BalladeroClub\">https:\/\/www.youtube.com\/@BalladeroClub<\/a><br \/>\n<i class=\"fab fa-instagram\"><\/i> <a href=\"https:\/\/www.instagram.com\/balladero\/\">https:\/\/www.instagram.com\/balladero\/<\/a><\/p>\n<hr \/>\n<p>VIDEO<\/p>\n<p><iframe loading=\"lazy\" src=\"\/\/www.youtube.com\/embed\/AQ1bSKfTAtY\" width=\"560\" height=\"314\" allowfullscreen=\"allowfullscreen\" data-mce-fragment=\"1\"><\/iframe><\/p>\n<p><iframe loading=\"lazy\" src=\"\/\/www.youtube.com\/embed\/m9mpVtbfP4Y\" width=\"560\" height=\"314\" allowfullscreen=\"allowfullscreen\" data-mce-fragment=\"1\"><\/iframe><\/p>\n<p><iframe loading=\"lazy\" src=\"\/\/www.youtube.com\/embed\/oxX1I1sfUjs\" width=\"560\" height=\"314\" allowfullscreen=\"allowfullscreen\" data-mce-fragment=\"1\"><\/iframe><\/p>\n<div class=\"x11i5rnm xat24cr x1mh8g0r x1vvkbs xtlvy1s\">\n<div class=\"x11i5rnm xat24cr x1mh8g0r x1vvkbs xtlvy1s\">\n<div class=\"x11i5rnm xat24cr x1mh8g0r x1vvkbs xtlvy1s\">\n<div class=\"x11i5rnm xat24cr x1mh8g0r x1vvkbs xtlvy1s\"><span style=\"font-size: 10pt;\">Minden rendezv\u00e9ny ingyenes.<\/span><br \/>\n<span style=\"font-size: 10pt;\">A m\u0171sorv\u00e1ltoz\u00e1s jog\u00e1t fenntartjuk.<\/span><\/div>\n<\/div>\n<\/div>\n<\/div>\n","protected":false},"excerpt":{"rendered":"<p>2023. augusztus 19. szombat, 20.00 | a Lendvai Sz\u00ednh\u00e1z- \u00e9s Hangversenyterem szabadt\u00e9ri sz\u00ednpada koncert Szervez\u0151: Knji\u017enica \u2013 Kulturni center Lendava \u2013 Lendvai K\u00f6nyvt\u00e1r \u00e9s Kultur\u00e1lis K\u00f6zpont \u00a0Rossz id\u0151 eset\u00e9n a rendezv\u00e9ny a teremben lesz. NY\u00c1RI M\u0170SOR 2023 Balladero SZLOV\u00c9N LE\u00cdR\u00c1S: Dominik Bagola \u2013 Balladero Balladero je umetni\u0161ko ime Dominika Bagole, \u00bbvodilnega doma\u010dega klavirskega kantavtorja\u00ab, kot [&hellip;]<\/p>\n","protected":false},"author":2,"featured_media":13357,"parent":0,"menu_order":0,"comment_status":"closed","ping_status":"closed","template":"","meta":{"footnotes":""},"class_list":["post-13705","page","type-page","status-publish","has-post-thumbnail","hentry","post","post-with-thumbnail","post-with-thumbnail-icon"],"_links":{"self":[{"href":"https:\/\/www1.kkl.si\/hu\/wp-json\/wp\/v2\/pages\/13705","targetHints":{"allow":["GET"]}}],"collection":[{"href":"https:\/\/www1.kkl.si\/hu\/wp-json\/wp\/v2\/pages"}],"about":[{"href":"https:\/\/www1.kkl.si\/hu\/wp-json\/wp\/v2\/types\/page"}],"author":[{"embeddable":true,"href":"https:\/\/www1.kkl.si\/hu\/wp-json\/wp\/v2\/users\/2"}],"replies":[{"embeddable":true,"href":"https:\/\/www1.kkl.si\/hu\/wp-json\/wp\/v2\/comments?post=13705"}],"version-history":[{"count":1,"href":"https:\/\/www1.kkl.si\/hu\/wp-json\/wp\/v2\/pages\/13705\/revisions"}],"predecessor-version":[{"id":13706,"href":"https:\/\/www1.kkl.si\/hu\/wp-json\/wp\/v2\/pages\/13705\/revisions\/13706"}],"wp:featuredmedia":[{"embeddable":true,"href":"https:\/\/www1.kkl.si\/hu\/wp-json\/wp\/v2\/media\/13357"}],"wp:attachment":[{"href":"https:\/\/www1.kkl.si\/hu\/wp-json\/wp\/v2\/media?parent=13705"}],"curies":[{"name":"wp","href":"https:\/\/api.w.org\/{rel}","templated":true}]}}