{"id":13709,"date":"2023-08-11T13:30:58","date_gmt":"2023-08-11T11:30:58","guid":{"rendered":"https:\/\/www1.kkl.si\/?page_id=13709"},"modified":"2023-08-11T13:31:15","modified_gmt":"2023-08-11T11:31:15","slug":"aranyszamar-babszinhaz-a-holdkiraly-palotaja","status":"publish","type":"page","link":"https:\/\/www1.kkl.si\/hu\/aranyszamar-babszinhaz-a-holdkiraly-palotaja\/","title":{"rendered":"Aranyszam\u00e1r B\u00e1bsz\u00ednh\u00e1z: A Holdkir\u00e1ly palot\u00e1ja"},"content":{"rendered":"<div class=\"opis\"><i class=\"fas fa-clock\"><\/i> <strong>2023. augusztus 22. kedd, 18.30<\/strong> | a Lendvai Sz\u00ednh\u00e1z- \u00e9s Hangversenyterem szabadt\u00e9ri sz\u00ednpada<img loading=\"lazy\" decoding=\"async\" class=\"alignright\" title=\"Brezpla\u010dna prireditev\" src=\"https:\/\/www1.kkl.si\/wp-content\/uploads\/\/2020\/07\/spored_simb_brezplacna-1.svg\" alt=\"brezplacna\" width=\"30\" height=\"30\" \/><br \/>\n<i class=\"fas fa-chevron-circle-right\"><\/i> <strong>magyar b\u00e1bel\u0151ad\u00e1s <span class=\"starost\">4+<\/span><\/strong><br \/>\nSzervez\u0151: <a href=\"https:\/\/www.kkl.si\/\">Knji\u017enica \u2013 Kulturni center Lendava \u2013 Lendvai K\u00f6nyvt\u00e1r \u00e9s Kultur\u00e1lis K\u00f6zpont<\/a><\/p>\n<hr \/>\n<p><i class=\"fas fa-info-circle\"><\/i> <em>Rossz id\u0151 eset\u00e9n a rendezv\u00e9ny a teremben lesz.<\/em><\/p>\n<\/div>\n<p><a href=\"https:\/\/www1.kkl.si\/wp-content\/uploads\/2023\/06\/plakat_B2_poletni_program_2023.jpg\" data-lbwps-width=\"2143\" data-lbwps-height=\"3000\" data-lbwps-srcsmall=\"https:\/\/www1.kkl.si\/wp-content\/uploads\/2023\/06\/plakat_B2_poletni_program_2023.jpg\"><img loading=\"lazy\" decoding=\"async\" class=\"slika alignright wp-image-13356 size-medium\" src=\"https:\/\/www1.kkl.si\/wp-content\/uploads\/2023\/06\/plakat_B2_poletni_program_2023-scaled-286x400.jpg\" alt=\"\" width=\"286\" height=\"400\" srcset=\"https:\/\/www1.kkl.si\/wp-content\/uploads\/2023\/06\/plakat_B2_poletni_program_2023-scaled-286x400.jpg 286w, https:\/\/www1.kkl.si\/wp-content\/uploads\/2023\/06\/plakat_B2_poletni_program_2023-scaled-1072x1500.jpg 1072w, https:\/\/www1.kkl.si\/wp-content\/uploads\/2023\/06\/plakat_B2_poletni_program_2023-scaled.jpg 1829w\" sizes=\"auto, (max-width: 286px) 100vw, 286px\" \/><\/a>NY\u00c1RI M\u0170SOR 2023<br \/>\nNY\u00c1RI B\u00c1BKIK\u00d6T\u0150 LENDVA, 2023 \u2013 Nemzetk\u00f6zi B\u00e1bfesztiv\u00e1l<\/p>\n<p>Aranyszam\u00e1r B\u00e1bsz\u00ednh\u00e1z (Magyarorsz\u00e1g):<br \/>\n<strong>A Holdkir\u00e1ly palot\u00e1ja<br \/>\n<\/strong><\/p>\n<p><em><strong>Interakt\u00edv mesej\u00e1t\u00e9k b\u00e1bokkal<\/strong><\/em><\/p>\n<p><em>\u201cLaim\u00e9t a Holdkir\u00e1ly mag\u00e1val ragadta,<\/em><br \/>\n<em>fekete v\u00e1r\u00e1ba h\u00e9t lakattal z\u00e1rta.<\/em><br \/>\n<em>Nyergeld fel lovadat, indulj messzi \u00fatra,<\/em><br \/>\n<em>fel az \u00e9gbe, al\u00e1 a tengerbe, a l\u00e1t\u00f3hat\u00e1ron t\u00falra\u2026\u201d<\/em><\/p>\n<p>Te is seg\u00edthetsz kiszabad\u00edtani a sz\u00e9ps\u00e9ges le\u00e1nyt: locsogj, mint a tenger, kopogj, mint a k\u00f6vek, ciripelj, mint a kab\u00f3c\u00e1k, s megl\u00e1tod a szerelmesek \u00fajra egym\u00e1sra tal\u00e1lnak.<\/p>\n<p><strong>\u00cdr\u00f3:<\/strong> Sz\u00e1sz Ilona<br \/>\n<strong>Tervez\u0151:<\/strong> Orosz Klaudia J\u00e1szai-d\u00edjas<br \/>\n<strong>Zeneszerz\u0151:<\/strong> Nov\u00e1k J\u00e1nos J\u00e1szai-d\u00edjas<br \/>\n<strong>Rendez\u0151:<\/strong> Sz\u00edv\u00f3s K\u00e1roly Blattner-d\u00edjas<\/p>\n<p><strong>J\u00e1tssz\u00e1k:<\/strong> Baranyai Anita, \u00c9rsek-Csan\u00e1di Gy\u00f6ngyi, Csillag Botond<\/p>\n<hr \/>\n<div class=\"elementor-element elementor-element-d57ab31 elementor-widget elementor-widget-heading\" data-id=\"d57ab31\" data-element_type=\"widget\" data-widget_type=\"heading.default\">\n<div>\n\n\t\t<style type=\"text\/css\">\n\t\t\t#gallery-1 {\n\t\t\t\tmargin: auto;\n\t\t\t}\n\t\t\t#gallery-1 .gallery-item {\n\t\t\t\tfloat: left;\n\t\t\t\tmargin-top: 10px;\n\t\t\t\ttext-align: center;\n\t\t\t\twidth: 16%;\n\t\t\t}\n\t\t\t#gallery-1 img {\n\t\t\t\tborder: 2px solid #cfcfcf;\n\t\t\t}\n\t\t\t#gallery-1 .gallery-caption {\n\t\t\t\tmargin-left: 0;\n\t\t\t}\n\t\t\t\/* see gallery_shortcode() in wp-includes\/media.php *\/\n\t\t<\/style>\n\t\t<div id='gallery-1' class='gallery galleryid-13709 gallery-columns-6 gallery-size-thumbnail'><dl class='gallery-item'>\n\t\t\t<dt class='gallery-icon portrait'>\n\t\t\t\t<a href='https:\/\/www1.kkl.si\/wp-content\/uploads\/2023\/08\/A-Holdkiraly-babeloadas-01.jpg'><img loading=\"lazy\" decoding=\"async\" width=\"150\" height=\"150\" src=\"https:\/\/www1.kkl.si\/wp-content\/uploads\/2023\/08\/A-Holdkiraly-babeloadas-01-150x150.jpg\" class=\"attachment-thumbnail size-thumbnail\" alt=\"\" \/><\/a>\n\t\t\t<\/dt><\/dl><dl class='gallery-item'>\n\t\t\t<dt class='gallery-icon landscape'>\n\t\t\t\t<a href='https:\/\/www1.kkl.si\/wp-content\/uploads\/2023\/08\/A-Holdkiraly-babeloadas-02.jpg'><img loading=\"lazy\" decoding=\"async\" width=\"150\" height=\"150\" src=\"https:\/\/www1.kkl.si\/wp-content\/uploads\/2023\/08\/A-Holdkiraly-babeloadas-02-150x150.jpg\" class=\"attachment-thumbnail size-thumbnail\" alt=\"\" \/><\/a>\n\t\t\t<\/dt><\/dl><dl class='gallery-item'>\n\t\t\t<dt class='gallery-icon landscape'>\n\t\t\t\t<a href='https:\/\/www1.kkl.si\/wp-content\/uploads\/2023\/08\/A-Holdkiraly-babeloadas-03.jpg'><img loading=\"lazy\" decoding=\"async\" width=\"150\" height=\"150\" src=\"https:\/\/www1.kkl.si\/wp-content\/uploads\/2023\/08\/A-Holdkiraly-babeloadas-03-150x150.jpg\" class=\"attachment-thumbnail size-thumbnail\" alt=\"\" srcset=\"https:\/\/www1.kkl.si\/wp-content\/uploads\/2023\/08\/A-Holdkiraly-babeloadas-03-150x150.jpg 150w, https:\/\/www1.kkl.si\/wp-content\/uploads\/2023\/08\/A-Holdkiraly-babeloadas-03-400x400.jpg 400w, https:\/\/www1.kkl.si\/wp-content\/uploads\/2023\/08\/A-Holdkiraly-babeloadas-03.jpg 600w\" sizes=\"auto, (max-width: 150px) 100vw, 150px\" \/><\/a>\n\t\t\t<\/dt><\/dl><dl class='gallery-item'>\n\t\t\t<dt class='gallery-icon landscape'>\n\t\t\t\t<a href='https:\/\/www1.kkl.si\/wp-content\/uploads\/2023\/08\/A-Holdkiraly-babeloadas-04.jpg'><img loading=\"lazy\" decoding=\"async\" width=\"150\" height=\"150\" src=\"https:\/\/www1.kkl.si\/wp-content\/uploads\/2023\/08\/A-Holdkiraly-babeloadas-04-150x150.jpg\" class=\"attachment-thumbnail size-thumbnail\" alt=\"\" \/><\/a>\n\t\t\t<\/dt><\/dl><dl class='gallery-item'>\n\t\t\t<dt class='gallery-icon landscape'>\n\t\t\t\t<a href='https:\/\/www1.kkl.si\/wp-content\/uploads\/2023\/08\/A-Holdkiraly-babeloadas-05.jpg'><img loading=\"lazy\" decoding=\"async\" width=\"150\" height=\"150\" src=\"https:\/\/www1.kkl.si\/wp-content\/uploads\/2023\/08\/A-Holdkiraly-babeloadas-05-150x150.jpg\" class=\"attachment-thumbnail size-thumbnail\" alt=\"\" \/><\/a>\n\t\t\t<\/dt><\/dl><dl class='gallery-item'>\n\t\t\t<dt class='gallery-icon landscape'>\n\t\t\t\t<a href='https:\/\/www1.kkl.si\/wp-content\/uploads\/2023\/08\/A-Holdkiraly-babeloadas-06.jpg'><img loading=\"lazy\" decoding=\"async\" width=\"150\" height=\"150\" src=\"https:\/\/www1.kkl.si\/wp-content\/uploads\/2023\/08\/A-Holdkiraly-babeloadas-06-150x150.jpg\" class=\"attachment-thumbnail size-thumbnail\" alt=\"\" \/><\/a>\n\t\t\t<\/dt><\/dl><br style=\"clear: both\" \/><dl class='gallery-item'>\n\t\t\t<dt class='gallery-icon portrait'>\n\t\t\t\t<a href='https:\/\/www1.kkl.si\/wp-content\/uploads\/2023\/08\/A-Holdkiraly-babeloadas-07.jpg'><img loading=\"lazy\" decoding=\"async\" width=\"150\" height=\"150\" src=\"https:\/\/www1.kkl.si\/wp-content\/uploads\/2023\/08\/A-Holdkiraly-babeloadas-07-150x150.jpg\" class=\"attachment-thumbnail size-thumbnail\" alt=\"\" \/><\/a>\n\t\t\t<\/dt><\/dl><dl class='gallery-item'>\n\t\t\t<dt class='gallery-icon landscape'>\n\t\t\t\t<a href='https:\/\/www1.kkl.si\/wp-content\/uploads\/2023\/08\/A-Holdkiraly-babeloadas-08.jpg'><img loading=\"lazy\" decoding=\"async\" width=\"150\" height=\"150\" src=\"https:\/\/www1.kkl.si\/wp-content\/uploads\/2023\/08\/A-Holdkiraly-babeloadas-08-150x150.jpg\" class=\"attachment-thumbnail size-thumbnail\" alt=\"\" \/><\/a>\n\t\t\t<\/dt><\/dl><dl class='gallery-item'>\n\t\t\t<dt class='gallery-icon landscape'>\n\t\t\t\t<a href='https:\/\/www1.kkl.si\/wp-content\/uploads\/2023\/08\/A-Holdkiraly-babeloadas-09.jpg'><img loading=\"lazy\" decoding=\"async\" width=\"150\" height=\"150\" src=\"https:\/\/www1.kkl.si\/wp-content\/uploads\/2023\/08\/A-Holdkiraly-babeloadas-09-150x150.jpg\" class=\"attachment-thumbnail size-thumbnail\" alt=\"\" \/><\/a>\n\t\t\t<\/dt><\/dl><dl class='gallery-item'>\n\t\t\t<dt class='gallery-icon landscape'>\n\t\t\t\t<a href='https:\/\/www1.kkl.si\/wp-content\/uploads\/2023\/08\/A-Holdkiraly-babeloadas-10.jpg'><img loading=\"lazy\" decoding=\"async\" width=\"150\" height=\"150\" src=\"https:\/\/www1.kkl.si\/wp-content\/uploads\/2023\/08\/A-Holdkiraly-babeloadas-10-150x150.jpg\" class=\"attachment-thumbnail size-thumbnail\" alt=\"\" \/><\/a>\n\t\t\t<\/dt><\/dl><dl class='gallery-item'>\n\t\t\t<dt class='gallery-icon landscape'>\n\t\t\t\t<a href='https:\/\/www1.kkl.si\/wp-content\/uploads\/2023\/08\/A-Holdkiraly-babeloadas-11.jpg'><img loading=\"lazy\" decoding=\"async\" width=\"150\" height=\"150\" src=\"https:\/\/www1.kkl.si\/wp-content\/uploads\/2023\/08\/A-Holdkiraly-babeloadas-11-150x150.jpg\" class=\"attachment-thumbnail size-thumbnail\" alt=\"\" \/><\/a>\n\t\t\t<\/dt><\/dl><dl class='gallery-item'>\n\t\t\t<dt class='gallery-icon landscape'>\n\t\t\t\t<a href='https:\/\/www1.kkl.si\/wp-content\/uploads\/2023\/08\/A-holdkiraly-palotaja-01.jpg'><img loading=\"lazy\" decoding=\"async\" width=\"150\" height=\"150\" src=\"https:\/\/www1.kkl.si\/wp-content\/uploads\/2023\/08\/A-holdkiraly-palotaja-01-150x150.jpg\" class=\"attachment-thumbnail size-thumbnail\" alt=\"\" \/><\/a>\n\t\t\t<\/dt><\/dl><br style=\"clear: both\" \/><dl class='gallery-item'>\n\t\t\t<dt class='gallery-icon landscape'>\n\t\t\t\t<a href='https:\/\/www1.kkl.si\/wp-content\/uploads\/2023\/08\/A-holdkiraly-palotaja-02.jpg'><img loading=\"lazy\" decoding=\"async\" width=\"150\" height=\"150\" src=\"https:\/\/www1.kkl.si\/wp-content\/uploads\/2023\/08\/A-holdkiraly-palotaja-02-150x150.jpg\" class=\"attachment-thumbnail size-thumbnail\" alt=\"\" \/><\/a>\n\t\t\t<\/dt><\/dl><dl class='gallery-item'>\n\t\t\t<dt class='gallery-icon landscape'>\n\t\t\t\t<a href='https:\/\/www1.kkl.si\/wp-content\/uploads\/2023\/08\/A-holdkiraly-palotaja-03.jpg'><img loading=\"lazy\" decoding=\"async\" width=\"150\" height=\"150\" src=\"https:\/\/www1.kkl.si\/wp-content\/uploads\/2023\/08\/A-holdkiraly-palotaja-03-150x150.jpg\" class=\"attachment-thumbnail size-thumbnail\" alt=\"\" \/><\/a>\n\t\t\t<\/dt><\/dl>\n\t\t\t<br style='clear: both' \/>\n\t\t<\/div>\n\n<\/div>\n<div class=\"elementor-widget-container\">\n<hr \/>\n<p><i class=\"fas fa-link\"><\/i> <a href=\"https:\/\/aranyszamar.hu\/a-holdkiraly-palotaja-babszinhaz-eloadas\/\">https:\/\/aranyszamar.hu\/a-holdkiraly-palotaja-babszinhaz-eloadas\/<\/a><\/p>\n<\/div>\n<\/div>\n<hr \/>\n<div class=\"x11i5rnm xat24cr x1mh8g0r x1vvkbs xtlvy1s\">\n<div class=\"x11i5rnm xat24cr x1mh8g0r x1vvkbs xtlvy1s\">\n<div class=\"x11i5rnm xat24cr x1mh8g0r x1vvkbs xtlvy1s\">\n<div class=\"x11i5rnm xat24cr x1mh8g0r x1vvkbs xtlvy1s\"><span style=\"font-size: 10pt;\">Minden rendezv\u00e9ny ingyenes.<\/span><br \/>\n<span style=\"font-size: 10pt;\">A m\u0171sorv\u00e1ltoz\u00e1s jog\u00e1t fenntartjuk.<\/span><\/div>\n<\/div>\n<\/div>\n<\/div>\n","protected":false},"excerpt":{"rendered":"<p>2023. augusztus 22. kedd, 18.30 | a Lendvai Sz\u00ednh\u00e1z- \u00e9s Hangversenyterem szabadt\u00e9ri sz\u00ednpada magyar b\u00e1bel\u0151ad\u00e1s 4+ Szervez\u0151: Knji\u017enica \u2013 Kulturni center Lendava \u2013 Lendvai K\u00f6nyvt\u00e1r \u00e9s Kultur\u00e1lis K\u00f6zpont Rossz id\u0151 eset\u00e9n a rendezv\u00e9ny a teremben lesz. NY\u00c1RI M\u0170SOR 2023 NY\u00c1RI B\u00c1BKIK\u00d6T\u0150 LENDVA, 2023 \u2013 Nemzetk\u00f6zi B\u00e1bfesztiv\u00e1l Aranyszam\u00e1r B\u00e1bsz\u00ednh\u00e1z (Magyarorsz\u00e1g): A Holdkir\u00e1ly palot\u00e1ja Interakt\u00edv mesej\u00e1t\u00e9k b\u00e1bokkal [&hellip;]<\/p>\n","protected":false},"author":2,"featured_media":13357,"parent":0,"menu_order":0,"comment_status":"closed","ping_status":"closed","template":"","meta":{"footnotes":""},"class_list":["post-13709","page","type-page","status-publish","has-post-thumbnail","hentry","post","post-with-thumbnail","post-with-thumbnail-icon"],"_links":{"self":[{"href":"https:\/\/www1.kkl.si\/hu\/wp-json\/wp\/v2\/pages\/13709","targetHints":{"allow":["GET"]}}],"collection":[{"href":"https:\/\/www1.kkl.si\/hu\/wp-json\/wp\/v2\/pages"}],"about":[{"href":"https:\/\/www1.kkl.si\/hu\/wp-json\/wp\/v2\/types\/page"}],"author":[{"embeddable":true,"href":"https:\/\/www1.kkl.si\/hu\/wp-json\/wp\/v2\/users\/2"}],"replies":[{"embeddable":true,"href":"https:\/\/www1.kkl.si\/hu\/wp-json\/wp\/v2\/comments?post=13709"}],"version-history":[{"count":2,"href":"https:\/\/www1.kkl.si\/hu\/wp-json\/wp\/v2\/pages\/13709\/revisions"}],"predecessor-version":[{"id":13711,"href":"https:\/\/www1.kkl.si\/hu\/wp-json\/wp\/v2\/pages\/13709\/revisions\/13711"}],"wp:featuredmedia":[{"embeddable":true,"href":"https:\/\/www1.kkl.si\/hu\/wp-json\/wp\/v2\/media\/13357"}],"wp:attachment":[{"href":"https:\/\/www1.kkl.si\/hu\/wp-json\/wp\/v2\/media?parent=13709"}],"curies":[{"name":"wp","href":"https:\/\/api.w.org\/{rel}","templated":true}]}}