{"id":13715,"date":"2023-08-11T13:38:04","date_gmt":"2023-08-11T11:38:04","guid":{"rendered":"https:\/\/www1.kkl.si\/?page_id=13715"},"modified":"2023-08-11T13:38:04","modified_gmt":"2023-08-11T11:38:04","slug":"jazzperanto-zenekar","status":"publish","type":"page","link":"https:\/\/www1.kkl.si\/hu\/jazzperanto-zenekar\/","title":{"rendered":"Jazzperanto zenekar"},"content":{"rendered":"<div class=\"opis\"><i class=\"fas fa-clock\"><\/i> 2023. augusztus<strong> 25. p\u00e9ntek, 20.00<\/strong> | a Lendvai Sz\u00ednh\u00e1z- \u00e9s Hangversenyterem szabadt\u00e9ri sz\u00ednpada<img loading=\"lazy\" decoding=\"async\" class=\"wp-image-1588 alignright\" title=\"Ingyenes rendezv\u00e9ny\" src=\"https:\/\/www1.kkl.si\/wp-content\/uploads\/\/2020\/07\/spored_simb_brezplacna-1.svg\" alt=\"brezplacna\" width=\"30\" height=\"30\" srcset=\"https:\/\/www1.kkl.si\/wp-content\/uploads\/\/2020\/07\/spored_simb_brezplacna-1.svg 150w, https:\/\/www1.kkl.si\/wp-content\/uploads\/\/2020\/07\/spored_simb_brezplacna-1.svg 400w, https:\/\/www1.kkl.si\/wp-content\/uploads\/\/2020\/07\/spored_simb_brezplacna-1.svg 1500w, https:\/\/www1.kkl.si\/wp-content\/uploads\/\/2020\/07\/spored_simb_brezplacna-1.svg 100w\" sizes=\"auto, (max-width: 30px) 100vw, 30px\" \/><br \/>\n<i class=\"fas fa-chevron-circle-right\"><\/i> <strong>koncert<\/strong><br \/>\nSzervez\u0151: <a href=\"https:\/\/www.mnmi-zkmn.si\/\">MNMI Lendva \u2013 ZKMN Lendava<\/a><\/p>\n<hr \/>\n<p><i class=\"fas fa-info-circle\"><\/i> <em>Rossz id\u0151 eset\u00e9n a rendezv\u00e9ny a teremben lesz.<\/em><\/p>\n<\/div>\n<p><a href=\"https:\/\/www1.kkl.si\/wp-content\/uploads\/2023\/08\/jazzperantoEL_-plakat.jpg\" data-lbwps-width=\"1772\" data-lbwps-height=\"1349\" data-lbwps-srcsmall=\"https:\/\/www1.kkl.si\/wp-content\/uploads\/2023\/08\/jazzperantoEL_-plakat-400x305.jpg\"><img loading=\"lazy\" decoding=\"async\" class=\"alignnone size-large wp-image-13681\" src=\"https:\/\/www1.kkl.si\/wp-content\/uploads\/2023\/08\/jazzperantoEL_-plakat-1500x1142.jpg\" alt=\"\" width=\"1500\" height=\"1142\" srcset=\"https:\/\/www1.kkl.si\/wp-content\/uploads\/2023\/08\/jazzperantoEL_-plakat-1500x1142.jpg 1500w, https:\/\/www1.kkl.si\/wp-content\/uploads\/2023\/08\/jazzperantoEL_-plakat-400x305.jpg 400w, https:\/\/www1.kkl.si\/wp-content\/uploads\/2023\/08\/jazzperantoEL_-plakat.jpg 1772w\" sizes=\"auto, (max-width: 1500px) 100vw, 1500px\" \/><\/a><\/p>\n<p>Vinarium Fesztiv\u00e1l 2023<br \/>\nA Bogr\u00e1csfeszt 2023 el\u0151estje<\/p>\n<p><span style=\"font-size: 18pt;\"><strong>Jazzperanto zenekar<\/strong><\/span><\/p>\n<div class=\"elementor-element elementor-element-d57ab31 elementor-widget elementor-widget-heading\" data-id=\"d57ab31\" data-element_type=\"widget\" data-widget_type=\"heading.default\">\n<div>A 2017 tavasz\u00e1n megalakult zenekar tagjai a zenei vil\u00e1g k\u00fcl\u00f6nb\u00f6z\u0151 ir\u00e1nyaib\u00f3l \u00e9rkeznek. Egy zen\u00e9s-szellemi-alkot\u00f3 m\u0171hely l\u00e9trehoz\u00e1s\u00e1t t\u0171zt\u00e9k ki c\u00e9lul, melynek keret\u00e9ben a dallamokat JAZZPERANTO st\u00edlus\u00fa zen\u00e9ben adj\u00e1k \u00e1t. A zenekar a jazz, a rock, a latin \u00e9s a funky zene elemeit \u00f6tv\u00f6z\u0151 instrument\u00e1lis zen\u00e9t j\u00e1tszik.<\/div>\n<\/div>\n<div>\u00a0<\/div>\n<div>A zenei vil\u00e1g legk\u00fcl\u00f6nf\u00e9l\u00e9bb szeglet\u00e9b\u0151l \u00e9rkeztek a zenekar tagjai, n\u00e9v szerint: <strong>Bratka Borb\u00e1la<\/strong> \u2013 szaxofon, <strong>Bubeny\u00e1k Zolt\u00e1n<\/strong> \u2013 dob, <strong>Szab\u00f3<\/strong> <strong>K\u00e1roly <\/strong>\u2013 billenty\u0171k, <strong>Galg\u00f3czi Bal\u00e1zs<\/strong> \u2013 git\u00e1r \u00e9s <strong>Szalk\u00f3 Oliv\u00e9r<\/strong> \u2013 basszusgit\u00e1r.<\/div>\n<div>\u00a0<\/div>\n<div><iframe loading=\"lazy\" src=\"\/\/www.youtube.com\/embed\/Rut4ErYOzwU\" width=\"560\" height=\"314\" allowfullscreen=\"allowfullscreen\" data-mce-fragment=\"1\"><\/iframe><\/div>\n<div>\u00a0<\/div>\n<div><iframe loading=\"lazy\" src=\"\/\/www.youtube.com\/embed\/_XzAsMaH58A\" width=\"560\" height=\"314\" allowfullscreen=\"allowfullscreen\" data-mce-fragment=\"1\"><\/iframe><\/div>\n<div>\u00a0<\/div>\n<div><iframe loading=\"lazy\" src=\"\/\/www.youtube.com\/embed\/_x3N0FzbFWE\" width=\"560\" height=\"314\" allowfullscreen=\"allowfullscreen\" data-mce-fragment=\"1\"><\/iframe><\/div>\n<div>\u00a0<\/div>\n<div><i class=\"fab fa-youtube\"><\/i> <a href=\"https:\/\/www.youtube.com\/@jazzperanto8374\">https:\/\/www.youtube.com\/@jazzperanto8374<\/a><\/div>\n<div><i class=\"fab fa-facebook-square\"><\/i> <a href=\"https:\/\/www.facebook.com\/jazzperanto\/\">https:\/\/www.facebook.com\/jazzperanto\/<\/a><\/div>\n","protected":false},"excerpt":{"rendered":"<p>2023. augusztus 25. p\u00e9ntek, 20.00 | a Lendvai Sz\u00ednh\u00e1z- \u00e9s Hangversenyterem szabadt\u00e9ri sz\u00ednpada koncert Szervez\u0151: MNMI Lendva \u2013 ZKMN Lendava Rossz id\u0151 eset\u00e9n a rendezv\u00e9ny a teremben lesz. Vinarium Fesztiv\u00e1l 2023 A Bogr\u00e1csfeszt 2023 el\u0151estje Jazzperanto zenekar A 2017 tavasz\u00e1n megalakult zenekar tagjai a zenei vil\u00e1g k\u00fcl\u00f6nb\u00f6z\u0151 ir\u00e1nyaib\u00f3l \u00e9rkeznek. Egy zen\u00e9s-szellemi-alkot\u00f3 m\u0171hely l\u00e9trehoz\u00e1s\u00e1t t\u0171zt\u00e9k ki [&hellip;]<\/p>\n","protected":false},"author":2,"featured_media":13682,"parent":0,"menu_order":0,"comment_status":"closed","ping_status":"closed","template":"","meta":{"footnotes":""},"class_list":["post-13715","page","type-page","status-publish","has-post-thumbnail","hentry","post","post-with-thumbnail","post-with-thumbnail-icon"],"_links":{"self":[{"href":"https:\/\/www1.kkl.si\/hu\/wp-json\/wp\/v2\/pages\/13715","targetHints":{"allow":["GET"]}}],"collection":[{"href":"https:\/\/www1.kkl.si\/hu\/wp-json\/wp\/v2\/pages"}],"about":[{"href":"https:\/\/www1.kkl.si\/hu\/wp-json\/wp\/v2\/types\/page"}],"author":[{"embeddable":true,"href":"https:\/\/www1.kkl.si\/hu\/wp-json\/wp\/v2\/users\/2"}],"replies":[{"embeddable":true,"href":"https:\/\/www1.kkl.si\/hu\/wp-json\/wp\/v2\/comments?post=13715"}],"version-history":[{"count":1,"href":"https:\/\/www1.kkl.si\/hu\/wp-json\/wp\/v2\/pages\/13715\/revisions"}],"predecessor-version":[{"id":13717,"href":"https:\/\/www1.kkl.si\/hu\/wp-json\/wp\/v2\/pages\/13715\/revisions\/13717"}],"wp:featuredmedia":[{"embeddable":true,"href":"https:\/\/www1.kkl.si\/hu\/wp-json\/wp\/v2\/media\/13682"}],"wp:attachment":[{"href":"https:\/\/www1.kkl.si\/hu\/wp-json\/wp\/v2\/media?parent=13715"}],"curies":[{"name":"wp","href":"https:\/\/api.w.org\/{rel}","templated":true}]}}