{"id":13953,"date":"2023-08-24T12:42:07","date_gmt":"2023-08-24T10:42:07","guid":{"rendered":"https:\/\/www1.kkl.si\/?page_id=13953"},"modified":"2023-08-24T12:43:15","modified_gmt":"2023-08-24T10:43:15","slug":"vinarium-fesztival-2023-roma-etno-est","status":"publish","type":"page","link":"https:\/\/www1.kkl.si\/hu\/vinarium-fesztival-2023-roma-etno-est\/","title":{"rendered":"Vin\u00e1rium Fesztiv\u00e1l 2023: Roma etno-est"},"content":{"rendered":"<div class=\"opis\"><i class=\"fas fa-clock\"><\/i> <strong>2023. augusztus 27. vas\u00e1rnap, 18.00<\/strong> | a Lendvai Sz\u00ednh\u00e1z- \u00e9s Hangversenyterem szabadt\u00e9ri sz\u00ednpada<img loading=\"lazy\" decoding=\"async\" class=\"wp-image-1588 alignright\" title=\"Ingyenes rendezv\u00e9ny\" src=\"https:\/\/www1.kkl.si\/wp-content\/uploads\/\/2020\/07\/spored_simb_brezplacna-1.svg\" alt=\"brezplacna\" width=\"30\" height=\"30\" srcset=\"https:\/\/www1.kkl.si\/wp-content\/uploads\/\/2020\/07\/spored_simb_brezplacna-1.svg 150w, https:\/\/www1.kkl.si\/wp-content\/uploads\/\/2020\/07\/spored_simb_brezplacna-1.svg 400w, https:\/\/www1.kkl.si\/wp-content\/uploads\/\/2020\/07\/spored_simb_brezplacna-1.svg 1500w, https:\/\/www1.kkl.si\/wp-content\/uploads\/\/2020\/07\/spored_simb_brezplacna-1.svg 100w\" sizes=\"auto, (max-width: 30px) 100vw, 30px\" \/><br \/>\n<i class=\"fas fa-chevron-circle-right\"><\/i> <strong>etnol\u00f3giai rendezv\u00e9ny, zene, gasztron\u00f3mia<\/strong><br \/>\nSzervez\u0151: Romanji Roma M\u0171vel\u0151d\u00e9si Egyes\u00fclet<\/div>\n<p><strong><a href=\"https:\/\/www1.kkl.si\/wp-content\/uploads\/2023\/08\/FV2023_romski_etno_vecer.jpg\" data-lbwps-width=\"720\" data-lbwps-height=\"960\" data-lbwps-srcsmall=\"https:\/\/www1.kkl.si\/wp-content\/uploads\/2023\/08\/FV2023_romski_etno_vecer-300x400.jpg\"><img loading=\"lazy\" decoding=\"async\" class=\"slika alignright wp-image-13882 size-medium\" src=\"https:\/\/www1.kkl.si\/wp-content\/uploads\/2023\/08\/FV2023_romski_etno_vecer-300x400.jpg\" alt=\"\" width=\"300\" height=\"400\" srcset=\"https:\/\/www1.kkl.si\/wp-content\/uploads\/2023\/08\/FV2023_romski_etno_vecer-300x400.jpg 300w, https:\/\/www1.kkl.si\/wp-content\/uploads\/2023\/08\/FV2023_romski_etno_vecer.jpg 720w\" sizes=\"auto, (max-width: 300px) 100vw, 300px\" \/><\/a><\/strong>Sok szeretettel v\u00e1runk minden \u00e9rdekl\u0151d\u0151t a Vin\u00e1rium Fesztiv\u00e1l 2023 keret\u00e9n bel\u00fcl zajl\u00f3 roma etno estre, amely 2023. augusztus 27-\u00e9n, vas\u00e1rnap 18 \u00f3rakor lesz a Lendvai Sz\u00ednh\u00e1z- \u00e9s Hangversenyterem szabadt\u00e9ri sz\u00ednpad\u00e1n!<\/p>\n<p>M\u0170SOR<\/p>\n<ul>\n<li>Koncert: Romano Glauso<\/li>\n<li>Roma t\u00e1nc \u00e9s j\u00f3sl\u00e1s<\/li>\n<li>Gasztron\u00f3miai k\u00edn\u00e1lat: fekete hamburger \u00e9s \u201ehot dog\u201d<\/li>\n<\/ul>\n<p><em>Rossz id\u0151 eset\u00e9n a rendezv\u00e9ny a teremben lesz.<\/em><\/p>\n<p><em>A bel\u00e9p\u00e9s d\u00edjtalan.<br \/>\n<\/em><\/p>\n<hr \/>\n<p>A FELL\u00c9P\u0150KR\u0150L<\/p>\n<p><span style=\"font-size: 18pt;\"><strong>Romano Jilo t\u00e1nccsoport<br \/>\n<\/strong><\/span><\/p>\n<p><span id=\"descriptionTxt\" class=\"\">A Romnji Romani Kultur\u00e1lis Egyes\u00fclethez tartoz\u00f3 hossz\u00fafalusi Romano Jilo t\u00e1nccsoport igazi t\u00e1nc\u00e9lm\u00e9nyt fog ny\u00fajtani a Lendvai Sz\u00ednh\u00e1z- \u00e9s Hangversenyterem ny\u00e1ri sz\u00ednpad\u00e1n. Az egyes\u00fclet 2014 \u00f3ta m\u0171k\u00f6dik, \u00e9s sz\u00e1mos rendezv\u00e9nyen l\u00e9p fel Lendva k\u00f6zs\u00e9gben \u00e9s azon k\u00edv\u00fcl is. Akt\u00edvan egy\u00fcttm\u0171k\u00f6dnek k\u00fcl\u00f6nb\u00f6z\u0151 zen\u00e9szekkel, roma zenei csoportokkal \u00e9s m\u00e1s egyes\u00fcletekkel.<\/span><\/p>\n<p><iframe loading=\"lazy\" title=\"Romano Jilo &amp; Anastasia - Dan Romov Lendava 8.4.2015\" width=\"720\" height=\"405\" src=\"https:\/\/www.youtube.com\/embed\/OWUaDDcmCzI?feature=oembed\" frameborder=\"0\" allow=\"accelerometer; autoplay; clipboard-write; encrypted-media; gyroscope; picture-in-picture; web-share\" allowfullscreen><\/iframe><\/p>\n<p><iframe loading=\"lazy\" title=\"Lendavainfo.CoM \/\/ Nastopila glasbena skupina Romano Glauso s plesalkami Romano Jilo \/\/ 21.8.2018\" width=\"720\" height=\"405\" src=\"https:\/\/www.youtube.com\/embed\/lKsup233-ME?feature=oembed\" frameborder=\"0\" allow=\"accelerometer; autoplay; clipboard-write; encrypted-media; gyroscope; picture-in-picture; web-share\" allowfullscreen><\/iframe><\/p>\n<p><span style=\"font-size: 18pt;\"><strong>Romano Glauso<br \/>\n<\/strong><\/span><\/p>\n<p>A Romano Glauso egy roma zenei csoport, amely 2018-ban alakult, \u00e9s sz\u00e1mos rendezv\u00e9nyen mutatkozott be a sz\u00e9lesebb k\u00f6z\u00f6ns\u00e9gnek Muravid\u00e9ken \u00e9s azon k\u00edv\u00fcl.<\/p>\n<p>A roma zene szeretet\u00e9t \u00e9s j\u00e1t\u00e9kos vid\u00e1ms\u00e1got terjesztenek az asztalokon t\u00e1ncolva \u00e9s borozgatva. Tal\u00e1n az egyik enyhe k\u00fcl\u00f6nlegess\u00e9gnek nevezik magukat a roma zenei mez\u0151nyben, mivel tev\u00e9kenys\u00e9g\u00fck kezdet\u00e9t\u0151l fogva akad\u00e1lytalanul fejlesztik a roma zene eredeti megk\u00f6zel\u00edt\u00e9s\u00e9t. A roma ballad\u00e1kt\u00f3l a roma mel\u00f3di\u00e1k lend\u00fcletes t\u00e1ncritmusig olyan dalokat alkotnak, amelyek j\u00f3l csengenek a f\u00fclnek.<\/p>\n<p><iframe loading=\"lazy\" title=\"ROMANO GLAUSO - Moja bejla z vara\u0161a (Moja Sobota)\" width=\"720\" height=\"405\" src=\"https:\/\/www.youtube.com\/embed\/qLqbIP3A80Q?feature=oembed\" frameborder=\"0\" allow=\"accelerometer; autoplay; clipboard-write; encrypted-media; gyroscope; picture-in-picture; web-share\" allowfullscreen><\/iframe><\/p>\n<p><iframe loading=\"lazy\" title=\"Monte Cristo in Romano Glauso: Sinja oj valamikur - Bila je neko\u010d\" width=\"720\" height=\"540\" src=\"https:\/\/www.youtube.com\/embed\/zSTYlgQUpeI?feature=oembed\" frameborder=\"0\" allow=\"accelerometer; autoplay; clipboard-write; encrypted-media; gyroscope; picture-in-picture; web-share\" allowfullscreen><\/iframe><\/p>\n<p><iframe loading=\"lazy\" title=\"ROMANO GLAUSO &amp; MOIRA   ME MAN MATJARAU\" width=\"720\" height=\"405\" src=\"https:\/\/www.youtube.com\/embed\/31EyyVx248c?feature=oembed\" frameborder=\"0\" allow=\"accelerometer; autoplay; clipboard-write; encrypted-media; gyroscope; picture-in-picture; web-share\" allowfullscreen><\/iframe><\/p>\n<p><iframe loading=\"lazy\" title=\"Romano Glauso - Kali gitaur\" width=\"720\" height=\"405\" src=\"https:\/\/www.youtube.com\/embed\/QG6_fQQRoh0?feature=oembed\" frameborder=\"0\" allow=\"accelerometer; autoplay; clipboard-write; encrypted-media; gyroscope; picture-in-picture; web-share\" allowfullscreen><\/iframe><\/p>\n<p><iframe loading=\"lazy\" title=\"Romano Glauso: Matijlek - Metulj\" width=\"720\" height=\"540\" src=\"https:\/\/www.youtube.com\/embed\/4_FhAFi5o-A?feature=oembed\" frameborder=\"0\" allow=\"accelerometer; autoplay; clipboard-write; encrypted-media; gyroscope; picture-in-picture; web-share\" allowfullscreen><\/iframe><\/p>\n<p><i class=\"fas fa-link\"><\/i> <a href=\"http:\/\/zveza-preporod.si\/romano-glauso\/\">http:\/\/zveza-preporod.si\/romano-glauso\/<\/a><br \/>\n<i class=\"fab fa-youtube\"><\/i> <a href=\"https:\/\/www.youtube.com\/@romanoglauso3210\">https:\/\/www.youtube.com\/@romanoglauso3210<\/a><\/p>\n","protected":false},"excerpt":{"rendered":"<p>2023. augusztus 27. vas\u00e1rnap, 18.00 | a Lendvai Sz\u00ednh\u00e1z- \u00e9s Hangversenyterem szabadt\u00e9ri sz\u00ednpada etnol\u00f3giai rendezv\u00e9ny, zene, gasztron\u00f3mia Szervez\u0151: Romanji Roma M\u0171vel\u0151d\u00e9si Egyes\u00fclet Sok szeretettel v\u00e1runk minden \u00e9rdekl\u0151d\u0151t a Vin\u00e1rium Fesztiv\u00e1l 2023 keret\u00e9n bel\u00fcl zajl\u00f3 roma etno estre, amely 2023. augusztus 27-\u00e9n, vas\u00e1rnap 18 \u00f3rakor lesz a Lendvai Sz\u00ednh\u00e1z- \u00e9s Hangversenyterem szabadt\u00e9ri sz\u00ednpad\u00e1n! M\u0170SOR Koncert: Romano [&hellip;]<\/p>\n","protected":false},"author":2,"featured_media":13883,"parent":0,"menu_order":0,"comment_status":"closed","ping_status":"closed","template":"","meta":{"footnotes":""},"class_list":["post-13953","page","type-page","status-publish","has-post-thumbnail","hentry","post","post-with-thumbnail","post-with-thumbnail-icon"],"_links":{"self":[{"href":"https:\/\/www1.kkl.si\/hu\/wp-json\/wp\/v2\/pages\/13953","targetHints":{"allow":["GET"]}}],"collection":[{"href":"https:\/\/www1.kkl.si\/hu\/wp-json\/wp\/v2\/pages"}],"about":[{"href":"https:\/\/www1.kkl.si\/hu\/wp-json\/wp\/v2\/types\/page"}],"author":[{"embeddable":true,"href":"https:\/\/www1.kkl.si\/hu\/wp-json\/wp\/v2\/users\/2"}],"replies":[{"embeddable":true,"href":"https:\/\/www1.kkl.si\/hu\/wp-json\/wp\/v2\/comments?post=13953"}],"version-history":[{"count":2,"href":"https:\/\/www1.kkl.si\/hu\/wp-json\/wp\/v2\/pages\/13953\/revisions"}],"predecessor-version":[{"id":13955,"href":"https:\/\/www1.kkl.si\/hu\/wp-json\/wp\/v2\/pages\/13953\/revisions\/13955"}],"wp:featuredmedia":[{"embeddable":true,"href":"https:\/\/www1.kkl.si\/hu\/wp-json\/wp\/v2\/media\/13883"}],"wp:attachment":[{"href":"https:\/\/www1.kkl.si\/hu\/wp-json\/wp\/v2\/media?parent=13953"}],"curies":[{"name":"wp","href":"https:\/\/api.w.org\/{rel}","templated":true}]}}