{"id":13960,"date":"2023-08-24T15:23:25","date_gmt":"2023-08-24T13:23:25","guid":{"rendered":"https:\/\/www1.kkl.si\/?page_id=13960"},"modified":"2023-08-24T15:25:20","modified_gmt":"2023-08-24T13:25:20","slug":"vinarium-fesztival-2023-szloven-etno-est","status":"publish","type":"page","link":"https:\/\/www1.kkl.si\/hu\/vinarium-fesztival-2023-szloven-etno-est\/","title":{"rendered":"Vin\u00e1rium Fesztiv\u00e1l 2023: Szlov\u00e9n etno-est"},"content":{"rendered":"<div class=\"opis\"><i class=\"fas fa-clock\"><\/i> <strong> 2023. augusztus 28. h\u00e9tf\u0151, 18.00<\/strong> | a Lendvai Sz\u00ednh\u00e1z- \u00e9s Hangversenyterem szabadt\u00e9ri sz\u00ednpada<img loading=\"lazy\" decoding=\"async\" class=\"wp-image-1588 alignright\" title=\"Ingyenes rendezv\u00e9ny\" src=\"https:\/\/www1.kkl.si\/wp-content\/uploads\/\/2020\/07\/spored_simb_brezplacna-1.svg\" alt=\"brezplacna\" width=\"30\" height=\"30\" srcset=\"https:\/\/www1.kkl.si\/wp-content\/uploads\/\/2020\/07\/spored_simb_brezplacna-1.svg 150w, https:\/\/www1.kkl.si\/wp-content\/uploads\/\/2020\/07\/spored_simb_brezplacna-1.svg 400w, https:\/\/www1.kkl.si\/wp-content\/uploads\/\/2020\/07\/spored_simb_brezplacna-1.svg 1500w, https:\/\/www1.kkl.si\/wp-content\/uploads\/\/2020\/07\/spored_simb_brezplacna-1.svg 100w\" sizes=\"auto, (max-width: 30px) 100vw, 30px\" \/><br \/>\n<i class=\"fas fa-chevron-circle-right\"><\/i> <strong>etnol\u00f3giai rendezv\u00e9ny, zene, gasztron\u00f3mia<\/strong><br \/>\nSzervez\u0151: Mestna skupnost Lendava\/Lendvai V\u00e1rosi K\u00f6z\u00f6ss\u00e9g, <a href=\"https:\/\/www.zkd-lendava.com\/\">ZKD Lendava\/KKSz Lendva<\/a>, <a href=\"https:\/\/www.jskd.si\/\">JSKD \u2013 OI Lendava \/ A Szlov\u00e9n K\u00f6zt\u00e1rsas\u00e1g Kultur\u00e1lis K\u00f6zalap\u00edtv\u00e1ny\u00e1nak Lendvai Ter\u00fcleti Kirendelts\u00e9ge<\/a><\/div>\n<p><strong><a href=\"https:\/\/www1.kkl.si\/wp-content\/uploads\/2023\/08\/plakat_B1_slov_etno_vecer_Lendava_2023.jpg\" data-lbwps-width=\"2100\" data-lbwps-height=\"3000\" data-lbwps-srcsmall=\"https:\/\/www1.kkl.si\/wp-content\/uploads\/2023\/08\/plakat_B1_slov_etno_vecer_Lendava_2023.jpg\"><img loading=\"lazy\" decoding=\"async\" class=\"slika alignright wp-image-13836 size-medium\" src=\"https:\/\/www1.kkl.si\/wp-content\/uploads\/2023\/08\/plakat_B1_slov_etno_vecer_Lendava_2023-scaled-280x400.jpg\" alt=\"\" width=\"280\" height=\"400\" srcset=\"https:\/\/www1.kkl.si\/wp-content\/uploads\/2023\/08\/plakat_B1_slov_etno_vecer_Lendava_2023-scaled-280x400.jpg 280w, https:\/\/www1.kkl.si\/wp-content\/uploads\/2023\/08\/plakat_B1_slov_etno_vecer_Lendava_2023-scaled-1050x1500.jpg 1050w, https:\/\/www1.kkl.si\/wp-content\/uploads\/2023\/08\/plakat_B1_slov_etno_vecer_Lendava_2023-scaled.jpg 1792w\" sizes=\"auto, (max-width: 280px) 100vw, 280px\" \/><\/a><\/strong>Sok szeretettel v\u00e1runk minden \u00e9rdekl\u0151d\u0151t a Vin\u00e1rium Fesztiv\u00e1l 2023 keret\u00e9n bel\u00fcl zajl\u00f3 szlov\u00e9n etno estre, amely 2023. augusztus 28-\u00e1n,h\u00e9tf\u0151n 18 \u00f3rakor lesz a Lendvai Sz\u00ednh\u00e1z- \u00e9s Hangversenyterem szabadt\u00e9ri sz\u00ednpad\u00e1n!<\/p>\n<p>PROGRAM:<\/p>\n<ul>\n<li>Pia Novak szopr\u00e1n fell\u00e9p\u00e9se<\/li>\n<li>\u00c9nekkarok fell\u00e9p\u00e9se: Vita kamarak\u00f3rus, a Lendvai Nyugd\u00edjasok Egyes\u00fclet\u00e9nek Nimam \u010dasa vegyesk\u00f3rusa, Evterpe \u00e9nekegy\u00fcttes, Lindua &amp; Lindenau k\u00f3rusok<\/li>\n<li>Koncert: Posko\u010dni muzikanti<\/li>\n<li>Gasztron\u00f3miai k\u00edn\u00e1lat: muravid\u00e9ki szelet, v\u00e1gottzs\u00edros keny\u00e9r, pir\u00edtott keny\u00e9r, Mataj\u0161ec cocta, h\u00e1zi fr\u00f6ccs<\/li>\n<\/ul>\n<p>a programot Nina Svetlin vezeti<\/p>\n<p><em>Rossz id\u0151 eset\u00e9n a rendezv\u00e9ny a teremben lesz.<\/em><\/p>\n<p><em>A bel\u00e9p\u00e9s d\u00edjtalan.<\/em><\/p>\n<hr \/>\n<p>A FELL\u00c9P\u0150KR\u0150L<\/p>\n<p><span style=\"font-size: 18pt;\"><strong>Pia Novak, szopr\u00e1n<\/strong><\/span><\/p>\n<p>A tehets\u00e9ges fiatal lendvai \u00e9nekesn\u0151t, <strong>Pia Novakot<\/strong> nem kell k\u00fcl\u00f6n\u00f6sebben bemutatni a helyi k\u00f6z\u00f6ns\u00e9gnek, hiszen m\u00e1r t\u00f6bbsz\u00f6r is leny\u0171g\u00f6zte \u0151ket gy\u00f6ny\u00f6r\u0171 hangj\u00e1val. <a href=\"https:\/\/www.youtube.com\/watch?v=BrUDgQGZobw\">Tavaly, 2022 j\u00fanius\u00e1ban<\/a> az \u00e9retts\u00e9gi m\u0171sor\u00e1b\u00f3l vett v\u00e1logat\u00e1ssal var\u00e1zsolta el a helyi k\u00f6z\u00f6ns\u00e9get, amit \u00e1ll\u00f3 ov\u00e1ci\u00f3val jutalmaztak.<\/p>\n<p><i class=\"fab fa-youtube\"><\/i>\u00a0<a href=\"https:\/\/www.youtube.com\/@pianovak2444\">https:\/\/www.youtube.com\/@pianovak2444<\/a><\/p>\n<p><iframe loading=\"lazy\" title=\"W. A. Mozart: Una donna a quindici anni - Pia Novak\" width=\"720\" height=\"405\" src=\"https:\/\/www.youtube.com\/embed\/0_Z4AB8jY08?feature=oembed\" frameborder=\"0\" allow=\"accelerometer; autoplay; clipboard-write; encrypted-media; gyroscope; picture-in-picture; web-share\" allowfullscreen><\/iframe><\/p>\n<p><span style=\"font-size: 18pt;\"><strong>KPZ Vita\/Vita kamarak\u00f3rus<br \/>\n<\/strong><\/span><\/p>\n<p>Vita pomeni \u017eivljenje. Ime so izbrali z mislijo na vitalnost in \u017eivljenjsko energijo, ki naj bi jo zbor odseval skozi petje.<\/p>\n<p><strong>Komorni pevski zbor Vita iz Lendave<\/strong> v letu 2023 praznuje svojo <a href=\"https:\/\/www.bakos.si\/kultura\/ponosni-so-na-prehojeno-pot\/\">20. obletnico<\/a> in \u0161teje 20 \u010dlanov, zborovodja je Danijel Berden.<\/p>\n<p>Repertoar zbora sestavljajo skladbe razli\u010dnih \u017eanrov: od renesan\u010dnih, romanti\u010dnih skladb, ljudskih pesmi do jazza, popa in rocka, petje v razli\u010dnih jezikih jim ne predstavlja ovire. Njihov zborovodja je zelo ustvarjalen in rad napi\u0161e priredbe, zato pogosto pojejo tudi aktualne hite ali pa vedno priljubljene zimzelene melodije. Obiskovalci koncertov pravijo, da si Vito zapomnijo po tem, da med petjem iz\u017earevajo dobro voljo in veselje do petja.<\/p>\n<p><i class=\"fas fa-link\"><\/i> <a href=\"https:\/\/sites.google.com\/site\/kpzvitalendava\/\">https:\/\/sites.google.com\/site\/kpzvitalendava\/<\/a><br \/>\n<i class=\"fab fa-youtube\"><\/i>\u00a0<a href=\"https:\/\/www.youtube.com\/@MrKPZVitafan\/videos\">https:\/\/www.youtube.com\/@MrKPZVitafan\/videos<\/a><\/p>\n<p><iframe loading=\"lazy\" src=\"\/\/www.youtube.com\/embed\/2EtWxUjWS0s?si=6Q-JA5sq_7Hp2ZSH\" width=\"560\" height=\"314\" allowfullscreen=\"allowfullscreen\" data-mce-fragment=\"1\"><\/iframe><\/p>\n<p><strong><span style=\"font-size: 18pt;\">Vokalna skupina Evterpe \u2013 Kulturno dru\u0161tvo Hotiza<\/span><\/strong><\/p>\n<p><iframe loading=\"lazy\" title=\"Predstavitev kulturnih dru\u0161tev 2022\" width=\"720\" height=\"405\" src=\"https:\/\/www.youtube.com\/embed\/g_-qU6hINHs?start=300&#038;feature=oembed\" frameborder=\"0\" allow=\"accelerometer; autoplay; clipboard-write; encrypted-media; gyroscope; picture-in-picture; web-share\" allowfullscreen><\/iframe><\/p>\n<p><strong><span style=\"font-size: 18pt;\">Me\u0161ani pevski zbor Nimam \u010dasa DU Lendava<\/span><\/strong><\/p>\n<p><strong>Pevski zbor MEPZ \u00bbNimam \u010dasa\u00ab<\/strong> deluje pod okriljem Dru\u0161tva upokojencev Lendava \u017ee skoraj petnajst let. Leta 2019 je zbor praznoval svojo 10-obletnico delovanja in ob tem jubileju so izdali glasbeno zgo\u0161\u010deno s 14 pesmimi in bilten. Zbor vodi Matej Pucko.<\/p>\n<p><iframe loading=\"lazy\" title=\"Predstavitev kulturnih dru\u0161tev 2022\" width=\"720\" height=\"405\" src=\"https:\/\/www.youtube.com\/embed\/g_-qU6hINHs?start=66&#038;feature=oembed\" frameborder=\"0\" allow=\"accelerometer; autoplay; clipboard-write; encrypted-media; gyroscope; picture-in-picture; web-share\" allowfullscreen><\/iframe><\/p>\n<p><iframe loading=\"lazy\" src=\"\/\/www.youtube.com\/embed\/bN0Bpf22O9M?si=h-2ajLGVJbiYuSoQ\" width=\"560\" height=\"314\" allowfullscreen=\"allowfullscreen\" data-mce-fragment=\"1\"><\/iframe><\/p>\n<p><strong><span style=\"font-size: 18pt;\">Mala vokalna skupina Lindau in Lindenau<\/span><\/strong><\/p>\n<p><strong> Malo vokalno skupino Lindua<\/strong> sestavljajo Jo\u017eef Geren\u010der, ki je tudi njen vodja, Katalin Kulcsar Takacs, Nata\u0161a Tom\u0161i\u010d, Susanne Geren\u010der in Ivan Borovi\u010d. Kulcsar Takacseva je iz Lentija na Mad\u017earskem, preostali \u0161tirje \u010dlani pa so iz Lendave in okolice.<\/p>\n<p>O tem, kako so se na\u0161li, Jo\u017eef Geren\u010der, ki je vodil \u017ee veliko pomurskih pevskih zborov in vokalnih skupin, pove: \u00bbLani marca me je Jo\u017ee Vidi\u010d prosil, da bi skupina pevcev zapela \u0161tiri pesmi na spominski slovesnosti v Sarvarju na Mad\u017earskem ob obletnici internacije prekmurskih Slovencev v koncentracijsko tabori\u0161\u010de v tem kraju. Povabil sem nekaj pevk in pevcev, s katerimi sem \u017ee prej sodeloval v razli\u010dnih zborih in vokalnih skupinah, da smo vadili in zapeli. Po tistem smo se odlo\u010dili, da bomo kot mala vokalna skupina \u0161e naprej vadili in nastopali.\u00ab Od takrat so nanizali \u017ee vrsto nastopov, najve\u010d v Lendavi in okolici, peli so na razli\u010dnih prireditvah, slovesnostih, ob odprtju razstav in predstavitvah knjig. Nastopali so tudi na obletnicah.<\/p>\n<p>V njihovem repertoarju je poudarek na ljudskih skladbah iz Prekmurja in drugih obmo\u010dij Slovenije, pojejo pa tudi mad\u017earske in hrva\u0161ke ljudske pesmi ter ljudske pesmi drugih dr\u017eav, tudi afri\u0161ke. Pojejo pa tudi bolj sodobne skladbe, avtorjev iz Slovenije in tujine.<\/p>\n<p>Skupaj z <em>Jo\u017eetom Vidi\u010dem<\/em>, ki poje tudi v pevskem zboru Dru\u0161tva upokojencev Lendava, je Jo\u017eef Geren\u010der ustanovil \u0161e <strong>malo vokalno skupina Lindenau<\/strong>, ki poje predvsem borbene in uporni\u0161ke pesmi iz na\u0161e zgodovine.<\/p>\n<p>Vir besedila: <a href=\"https:\/\/vestnik.svet24.si\/clanek\/popularno\/pojejo-tudi-afriske-pesmi-1024912\">vestnik.si<\/a><\/p>\n<p><a href=\"https:\/\/www1.kkl.si\/wp-content\/uploads\/2023\/08\/mala_vokalna_skupina_Lindua.jpg\" data-lbwps-width=\"1500\" data-lbwps-height=\"675\" data-lbwps-srcsmall=\"https:\/\/www1.kkl.si\/wp-content\/uploads\/2023\/08\/mala_vokalna_skupina_Lindua-400x180.jpg\"><img loading=\"lazy\" decoding=\"async\" class=\"alignnone size-full wp-image-13858\" src=\"https:\/\/www1.kkl.si\/wp-content\/uploads\/2023\/08\/mala_vokalna_skupina_Lindua.jpg\" alt=\"\" width=\"1500\" height=\"675\" srcset=\"https:\/\/www1.kkl.si\/wp-content\/uploads\/2023\/08\/mala_vokalna_skupina_Lindua.jpg 1500w, https:\/\/www1.kkl.si\/wp-content\/uploads\/2023\/08\/mala_vokalna_skupina_Lindua-400x180.jpg 400w\" sizes=\"auto, (max-width: 1500px) 100vw, 1500px\" \/><\/a><\/p>\n<p>MVS Lindau<\/p>\n<p><iframe loading=\"lazy\" title=\"13.  Predstavitev dru\u0161tev ZKD Lendava\" width=\"720\" height=\"405\" src=\"https:\/\/www.youtube.com\/embed\/kCFnbRThzts?start=2569&#038;feature=oembed\" frameborder=\"0\" allow=\"accelerometer; autoplay; clipboard-write; encrypted-media; gyroscope; picture-in-picture; web-share\" allowfullscreen><\/iframe><\/p>\n<p>MVS Lindenau<\/p>\n<p><iframe loading=\"lazy\" title=\"13.  Predstavitev dru\u0161tev ZKD Lendava\" width=\"720\" height=\"405\" src=\"https:\/\/www.youtube.com\/embed\/kCFnbRThzts?start=206&#038;feature=oembed\" frameborder=\"0\" allow=\"accelerometer; autoplay; clipboard-write; encrypted-media; gyroscope; picture-in-picture; web-share\" allowfullscreen><\/iframe><\/p>\n<p><span style=\"font-size: 18pt;\"><strong>Folklorno dru\u0161tvo Prekmurje Lendava<\/strong><\/span><\/p>\n<p>Namen folklornega dru\u0161tva je dru\u017eenje, ohranjanje prekmurskih plesov in\u00a0 ljudskega izro\u010dila. \u010clani prihajajo iz lendavske ob\u010dine ter sosednjih ob\u010din.<\/p>\n<p><i class=\"fab fa-facebook-square\"><\/i> <a href=\"https:\/\/www.facebook.com\/profile.php?id=100068174075000\">https:\/\/www.facebook.com\/profile.php?id=100068174075000<\/a><\/p>\n<p><iframe loading=\"lazy\" src=\"\/\/www.youtube.com\/embed\/I-qVvMCz518?si=LZrVn0deY8zDnRt8\" width=\"560\" height=\"314\" allowfullscreen=\"allowfullscreen\" data-mce-fragment=\"1\"><\/iframe><\/p>\n<p><iframe loading=\"lazy\" title=\"13.  Predstavitev dru\u0161tev ZKD Lendava\" width=\"720\" height=\"405\" src=\"https:\/\/www.youtube.com\/embed\/kCFnbRThzts?start=1561&#038;feature=oembed\" frameborder=\"0\" allow=\"accelerometer; autoplay; clipboard-write; encrypted-media; gyroscope; picture-in-picture; web-share\" allowfullscreen><\/iframe><\/p>\n<p><strong><span style=\"font-size: 18pt;\">Posko\u010dni muzikanti<\/span><\/strong><\/p>\n<p>Ansambel <strong>Posko\u010dni muzikanti<\/strong> je zasedba, ki je bila ustanovljena leta 2010. Izvajajo narodnozabavno in zabavno glasbo. V preteklosti so bili najbolj prepoznavni kot \u00bbhi\u0161ni ansambel\u00ab v narodnozabavni oddaji Slovenski pozdrav.<\/p>\n<p>\u010clani: Dejan Golob, Nejc Tratnjek, Martin Juhart, Jo\u017ee Kotnik, Lovro Sadek<\/p>\n<p><i class=\"fab fa-facebook-square\"><\/i> <a href=\"https:\/\/www.facebook.com\/poskocnimuzikanti\">https:\/\/www.facebook.com\/poskocnimuzikanti<\/a><br \/>\n<i class=\"fab fa-youtube\"><\/i> <a href=\"https:\/\/www.youtube.com\/@PoskocniMuzikanti\/videos\">https:\/\/www.youtube.com\/@PoskocniMuzikanti\/videos<\/a><\/p>\n<p><iframe loading=\"lazy\" title=\"POSKO\u010cNI - USOJENA (Official Video) 2021\" width=\"720\" height=\"405\" src=\"https:\/\/www.youtube.com\/embed\/99FWR8Gbnb8?feature=oembed\" frameborder=\"0\" allow=\"accelerometer; autoplay; clipboard-write; encrypted-media; gyroscope; picture-in-picture; web-share\" allowfullscreen><\/iframe><\/p>\n<p><iframe loading=\"lazy\" title=\"POSKO\u010cNI - KO TI BO HUDO (Official Music Video) 2022\" width=\"720\" height=\"405\" src=\"https:\/\/www.youtube.com\/embed\/Zvf79cOcSmI?feature=oembed\" frameborder=\"0\" allow=\"accelerometer; autoplay; clipboard-write; encrypted-media; gyroscope; picture-in-picture; web-share\" allowfullscreen><\/iframe><\/p>\n<p><iframe loading=\"lazy\" title=\"POSKO\u010cNI - LIVE TOUR 2022 (Koprivnica)\" width=\"720\" height=\"405\" src=\"https:\/\/www.youtube.com\/embed\/98HfMS6EtjE?feature=oembed\" frameborder=\"0\" allow=\"accelerometer; autoplay; clipboard-write; encrypted-media; gyroscope; picture-in-picture; web-share\" allowfullscreen><\/iframe><\/p>\n","protected":false},"excerpt":{"rendered":"<p>2023. augusztus 28. h\u00e9tf\u0151, 18.00 | a Lendvai Sz\u00ednh\u00e1z- \u00e9s Hangversenyterem szabadt\u00e9ri sz\u00ednpada etnol\u00f3giai rendezv\u00e9ny, zene, gasztron\u00f3mia Szervez\u0151: Mestna skupnost Lendava\/Lendvai V\u00e1rosi K\u00f6z\u00f6ss\u00e9g, ZKD Lendava\/KKSz Lendva, JSKD \u2013 OI Lendava \/ A Szlov\u00e9n K\u00f6zt\u00e1rsas\u00e1g Kultur\u00e1lis K\u00f6zalap\u00edtv\u00e1ny\u00e1nak Lendvai Ter\u00fcleti Kirendelts\u00e9ge Sok szeretettel v\u00e1runk minden \u00e9rdekl\u0151d\u0151t a Vin\u00e1rium Fesztiv\u00e1l 2023 keret\u00e9n bel\u00fcl zajl\u00f3 szlov\u00e9n etno estre, amely [&hellip;]<\/p>\n","protected":false},"author":2,"featured_media":0,"parent":0,"menu_order":0,"comment_status":"closed","ping_status":"closed","template":"","meta":{"footnotes":""},"class_list":["post-13960","page","type-page","status-publish","hentry","post"],"_links":{"self":[{"href":"https:\/\/www1.kkl.si\/hu\/wp-json\/wp\/v2\/pages\/13960","targetHints":{"allow":["GET"]}}],"collection":[{"href":"https:\/\/www1.kkl.si\/hu\/wp-json\/wp\/v2\/pages"}],"about":[{"href":"https:\/\/www1.kkl.si\/hu\/wp-json\/wp\/v2\/types\/page"}],"author":[{"embeddable":true,"href":"https:\/\/www1.kkl.si\/hu\/wp-json\/wp\/v2\/users\/2"}],"replies":[{"embeddable":true,"href":"https:\/\/www1.kkl.si\/hu\/wp-json\/wp\/v2\/comments?post=13960"}],"version-history":[{"count":3,"href":"https:\/\/www1.kkl.si\/hu\/wp-json\/wp\/v2\/pages\/13960\/revisions"}],"predecessor-version":[{"id":13964,"href":"https:\/\/www1.kkl.si\/hu\/wp-json\/wp\/v2\/pages\/13960\/revisions\/13964"}],"wp:attachment":[{"href":"https:\/\/www1.kkl.si\/hu\/wp-json\/wp\/v2\/media?parent=13960"}],"curies":[{"name":"wp","href":"https:\/\/api.w.org\/{rel}","templated":true}]}}