{"id":14053,"date":"2023-08-27T15:18:10","date_gmt":"2023-08-27T13:18:10","guid":{"rendered":"https:\/\/www1.kkl.si\/?page_id=14053"},"modified":"2023-12-12T11:30:09","modified_gmt":"2023-12-12T10:30:09","slug":"musor-2023-09","status":"publish","type":"page","link":"https:\/\/www1.kkl.si\/hu\/musor-2023-09\/","title":{"rendered":"M\u0170SOR: 2023. szeptember"},"content":{"rendered":"<p><strong>2023.<\/strong> <a href=\"https:\/\/www1.kkl.si\/hu\/musor-2023-01\/\">janu\u00e1r<\/a> | <a href=\"https:\/\/www1.kkl.si\/hu\/musor-2023-02\/\">febru\u00e1r<\/a> | <a href=\"https:\/\/www1.kkl.si\/hu\/musor-2023-03\/\">m\u00e1rcius<\/a> | <a href=\"https:\/\/www1.kkl.si\/hu\/musor-2023-04\/\">\u00e1prilis<\/a> | <a href=\"https:\/\/www1.kkl.si\/hu\/musor-2023-05\/\">m\u00e1jus<\/a> | <a href=\"https:\/\/www1.kkl.si\/hu\/musor-2023-06\/\">j\u00fanius<\/a> | <a href=\"https:\/\/www1.kkl.si\/hu\/musor-2023-07\/\">j\u00falius<\/a> | <a href=\"https:\/\/www1.kkl.si\/hu\/musor-2023-08\/\">augusztus<\/a> | <a href=\"https:\/\/www1.kkl.si\/hu\/musor-2023-09\/\">szeptember<\/a> | <a href=\"https:\/\/www1.kkl.si\/hu\/musor-2023-10\/\">okt\u00f3ber<\/a> | <a href=\"https:\/\/www1.kkl.si\/hu\/musor-2023-11\/\">november<\/a> | <a href=\"https:\/\/www1.kkl.si\/hu\/musor-2023-12\/\">december<\/a> | <a href=\"https:\/\/www1.kkl.si\/hu\/a-musor-archivuma\/\">ARCH\u00cdVUM<\/a><\/p>\n<table id=\"spored-legenda\" cellspacing=\"0\" cellpadding=\"5\">\n<tbody>\n<tr>\n<td><strong>JELMAGYAR\u00c1ZAT<br \/>\n<\/strong><\/td>\n<td style=\"vertical-align: middle;\"><img loading=\"lazy\" decoding=\"async\" class=\"alignnone wp-image-1586\" title=\"Szlov\u00e9n b\u00e9rlet\" src=\"https:\/\/www1.kkl.si\/wp-content\/uploads\/\/2020\/07\/spored_simb_abonma_si-1.svg\" alt=\"abonma_si\" width=\"30\" height=\"30\" \/><\/td>\n<td>Szlov\u00e9n<br \/>\nb\u00e9rlet<\/td>\n<td style=\"vertical-align: middle;\"><img loading=\"lazy\" decoding=\"async\" class=\"alignnone wp-image-1584\" title=\"Magyar b\u00e9rlet\" src=\"https:\/\/www1.kkl.si\/wp-content\/uploads\/\/2020\/07\/spored_simb_abonma_hu-1.svg\" alt=\"abonma_hu\" width=\"30\" height=\"30\" srcset=\"https:\/\/www1.kkl.si\/wp-content\/uploads\/\/2020\/07\/spored_simb_abonma_hu-1.svg 150w, https:\/\/www1.kkl.si\/wp-content\/uploads\/\/2020\/07\/spored_simb_abonma_hu-1.svg 400w, https:\/\/www1.kkl.si\/wp-content\/uploads\/\/2020\/07\/spored_simb_abonma_hu-1.svg 1500w, https:\/\/www1.kkl.si\/wp-content\/uploads\/\/2020\/07\/spored_simb_abonma_hu-1.svg 100w\" sizes=\"auto, (max-width: 30px) 100vw, 30px\" \/><\/td>\n<td>Magyar<br \/>\nb\u00e9rlet<\/td>\n<td style=\"vertical-align: middle;\"><img loading=\"lazy\" decoding=\"async\" class=\"alignnone wp-image-1594\" title=\"Z\u00e1rtk\u00f6r\u0171 rendezv\u00e9ny\" src=\"https:\/\/www1.kkl.si\/wp-content\/uploads\/\/2020\/07\/spored_simb_zakljucena-1.svg\" alt=\"zakljucena\" width=\"30\" height=\"30\" srcset=\"https:\/\/www1.kkl.si\/wp-content\/uploads\/\/2020\/07\/spored_simb_zakljucena-1.svg 150w, https:\/\/www1.kkl.si\/wp-content\/uploads\/\/2020\/07\/spored_simb_zakljucena-1.svg 400w, https:\/\/www1.kkl.si\/wp-content\/uploads\/\/2020\/07\/spored_simb_zakljucena-1.svg 1500w, https:\/\/www1.kkl.si\/wp-content\/uploads\/\/2020\/07\/spored_simb_zakljucena-1.svg 100w\" sizes=\"auto, (max-width: 30px) 100vw, 30px\" \/><\/td>\n<td>Z\u00e1rtk\u00f6r\u0171<br \/>\nrendezv\u00e9ny<\/td>\n<td style=\"vertical-align: middle;\"><img loading=\"lazy\" decoding=\"async\" class=\"alignnone wp-image-1588\" title=\"Ingyenes rendezv\u00e9ny\" src=\"https:\/\/www1.kkl.si\/wp-content\/uploads\/\/2020\/07\/spored_simb_brezplacna-1.svg\" alt=\"brezplacna\" width=\"30\" height=\"30\" srcset=\"https:\/\/www1.kkl.si\/wp-content\/uploads\/\/2020\/07\/spored_simb_brezplacna-1.svg 150w, https:\/\/www1.kkl.si\/wp-content\/uploads\/\/2020\/07\/spored_simb_brezplacna-1.svg 400w, https:\/\/www1.kkl.si\/wp-content\/uploads\/\/2020\/07\/spored_simb_brezplacna-1.svg 1500w, https:\/\/www1.kkl.si\/wp-content\/uploads\/\/2020\/07\/spored_simb_brezplacna-1.svg 100w\" sizes=\"auto, (max-width: 30px) 100vw, 30px\" \/><\/td>\n<td>Ingyenes<br \/>\nrendezv\u00e9ny<\/td>\n<td style=\"vertical-align: middle;\"><img loading=\"lazy\" decoding=\"async\" class=\"alignnone wp-image-1592\" title=\"Fizet\u0151s rendezv\u00e9ny\" src=\"https:\/\/www1.kkl.si\/wp-content\/uploads\/\/2020\/07\/spored_simb_placljiva-1.svg\" alt=\"placljiva\" width=\"30\" height=\"30\" srcset=\"https:\/\/www1.kkl.si\/wp-content\/uploads\/\/2020\/07\/spored_simb_placljiva-1.svg 150w, https:\/\/www1.kkl.si\/wp-content\/uploads\/\/2020\/07\/spored_simb_placljiva-1.svg 400w, https:\/\/www1.kkl.si\/wp-content\/uploads\/\/2020\/07\/spored_simb_placljiva-1.svg 1500w, https:\/\/www1.kkl.si\/wp-content\/uploads\/\/2020\/07\/spored_simb_placljiva-1.svg 100w\" sizes=\"auto, (max-width: 30px) 100vw, 30px\" \/><\/td>\n<td>Fizet\u0151s<br \/>\nrendezv\u00e9ny<\/td>\n<td style=\"vertical-align: middle;\"><img loading=\"lazy\" decoding=\"async\" class=\"alignnone wp-image-1590\" title=\"\u00dajdons\u00e1g, v\u00e1ltoz\u00e1s\" src=\"https:\/\/www1.kkl.si\/wp-content\/uploads\/\/2020\/07\/spored_simb_novost-1.svg\" alt=\"novost\" width=\"30\" height=\"30\" srcset=\"https:\/\/www1.kkl.si\/wp-content\/uploads\/\/2020\/07\/spored_simb_novost-1.svg 150w, https:\/\/www1.kkl.si\/wp-content\/uploads\/\/2020\/07\/spored_simb_novost-1.svg 400w, https:\/\/www1.kkl.si\/wp-content\/uploads\/\/2020\/07\/spored_simb_novost-1.svg 1500w, https:\/\/www1.kkl.si\/wp-content\/uploads\/\/2020\/07\/spored_simb_novost-1.svg 100w\" sizes=\"auto, (max-width: 30px) 100vw, 30px\" \/><\/td>\n<td>\u00dajdons\u00e1g,<br \/>\nv\u00e1ltoz\u00e1s<\/td>\n<\/tr>\n<\/tbody>\n<\/table>\n<table id=\"sporedtabela\" class=\"tablesorter\" style=\"width: 100%; height: 1744px;\">\n<thead>\n<tr style=\"height: 24px;\">\n<th style=\"text-align: center; width: 7.90861%; height: 24px;\">NAP<\/th>\n<th class=\"sortless\" style=\"text-align: left; width: 92.0823%; height: 24px;\">RENDEZV\u00c9NY<\/th>\n<\/tr>\n<\/thead>\n<tbody>\n<tr style=\"height: 288px;\">\n<td style=\"width: 7.90861%; height: 288px;\">\n<p style=\"text-align: center;\"><span style=\"font-size: 24pt;\"><strong>1.<br \/>\n<\/strong><\/span><\/p>\n<p style=\"text-align: center;\">p\u00e9ntek<\/p>\n<\/td>\n<td style=\"width: 92.0823%; height: 288px;\">\n<p><i class=\"fas fa-clock\"><\/i> <strong>17.00<\/strong> | a Lendvai Sz\u00ednh\u00e1z- \u00e9s Hangversenyterem el\u0151csarnoka<a href=\"https:\/\/www1.kkl.si\/wp-content\/uploads\/2023\/08\/plakat_B1_vinogradniska_TMakovec_2023_A.jpg\" data-lbwps-width=\"2100\" data-lbwps-height=\"3000\" data-lbwps-srcsmall=\"https:\/\/www1.kkl.si\/wp-content\/uploads\/2023\/08\/plakat_B1_vinogradniska_TMakovec_2023_A.jpg\"><img loading=\"lazy\" decoding=\"async\" class=\"slika wp-image-14232 size-thumbnail alignright\" src=\"https:\/\/www1.kkl.si\/wp-content\/uploads\/2023\/08\/plakat_B1_vinogradniska_TMakovec_2023_A-scaled-e1693503230671-150x150.jpg\" alt=\"\" width=\"150\" height=\"150\" \/><\/a><img loading=\"lazy\" decoding=\"async\" class=\"wp-image-1588 alignright\" title=\"Ingyenes rendezv\u00e9ny\" src=\"https:\/\/www1.kkl.si\/wp-content\/uploads\/\/2020\/07\/spored_simb_brezplacna-1.svg\" alt=\"brezplacna\" width=\"30\" height=\"30\" srcset=\"https:\/\/www1.kkl.si\/wp-content\/uploads\/\/2020\/07\/spored_simb_brezplacna-1.svg 150w, https:\/\/www1.kkl.si\/wp-content\/uploads\/\/2020\/07\/spored_simb_brezplacna-1.svg 400w, https:\/\/www1.kkl.si\/wp-content\/uploads\/\/2020\/07\/spored_simb_brezplacna-1.svg 1500w, https:\/\/www1.kkl.si\/wp-content\/uploads\/\/2020\/07\/spored_simb_brezplacna-1.svg 100w\" sizes=\"auto, (max-width: 30px) 100vw, 30px\" \/><br \/>\n<strong>ki\u00e1ll\u00edt\u00e1s<\/strong><\/p>\n<p>Vin\u00e1rium Fesztiv\u00e1l 2023<\/p>\n<p><span style=\"font-size: 24pt;\"><a href=\"https:\/\/www1.kkl.si\/hu\/vinarium-fesztival-2023-egeszsegunkre-szoleszeti-es-boraszati-kiallitas-makovec-tomislav-gyujtemenyebol\/\"><strong>EG\u00c9SZS\u00c9G\u00dcNKRE! \u2013 Sz\u0151l\u00e9szeti \u00e9s bor\u00e1szati ki\u00e1ll\u00edt\u00e1s Makovec Tomislav gy\u0171jtem\u00e9ny\u00e9b\u0151l<\/strong><\/a><\/span><\/p>\n<p>A ki\u00e1ll\u00edt\u00e1s 2023. szeptember 30-ig lesz megtekinthet\u0151.<\/p>\n<p><span style=\"font-size: 10pt;\">Szervez\u0151: <a href=\"https:\/\/www.gml.si\/\">Galerija-Muzej Lendava &#8211; Gal\u00e9ria-M\u00fazeum Lendva<\/a> \u00e9s <a href=\"http:\/\/www.zkd-lendava.com\/\">ZKD Lendava\/Lendvai KKKsz<\/a><br \/>\nT\u00e1mogat\u00f3: <a href=\"https:\/\/www.lendava.si\/\">Ob\u010dina Lendava \u2013Lendva K\u00f6zs\u00e9g<\/a><\/span><\/p>\n<\/td>\n<\/tr>\n<tr style=\"height: 264px;\">\n<td style=\"width: 7.90861%; height: 264px;\">\n<p style=\"text-align: center;\"><strong><span style=\"font-size: 24pt;\">1.<\/span><br \/>\n<\/strong><\/p>\n<p style=\"text-align: center;\">p\u00e9ntek<\/p>\n<\/td>\n<td style=\"width: 92.0823%; height: 264px;\">\n<p><i class=\"fas fa-clock\"><\/i> <strong>20.00<\/strong> | a Lendvai Sz\u00ednh\u00e1z- \u00e9s Hangversenyterem szabadt\u00e9ri sz\u00ednpada<a href=\"https:\/\/www1.kkl.si\/wp-content\/uploads\/2023\/08\/plakat_A3_poletni_program2_2023.jpg\" data-lbwps-width=\"2121\" data-lbwps-height=\"3000\" data-lbwps-srcsmall=\"https:\/\/www1.kkl.si\/wp-content\/uploads\/2023\/08\/plakat_A3_poletni_program2_2023.jpg\"><img loading=\"lazy\" decoding=\"async\" class=\"slika alignright wp-image-13893 size-thumbnail\" src=\"https:\/\/www1.kkl.si\/wp-content\/uploads\/2023\/08\/plakat_A3_poletni_program2_2023-scaled-e1692858362576-150x150.jpg\" alt=\"\" width=\"150\" height=\"150\" \/><\/a><img loading=\"lazy\" decoding=\"async\" class=\"wp-image-1588 alignright\" title=\"Ingyenes rendezv\u00e9ny\" src=\"https:\/\/www1.kkl.si\/wp-content\/uploads\/\/2020\/07\/spored_simb_brezplacna-1.svg\" alt=\"brezplacna\" width=\"30\" height=\"30\" srcset=\"https:\/\/www1.kkl.si\/wp-content\/uploads\/\/2020\/07\/spored_simb_brezplacna-1.svg 150w, https:\/\/www1.kkl.si\/wp-content\/uploads\/\/2020\/07\/spored_simb_brezplacna-1.svg 400w, https:\/\/www1.kkl.si\/wp-content\/uploads\/\/2020\/07\/spored_simb_brezplacna-1.svg 1500w, https:\/\/www1.kkl.si\/wp-content\/uploads\/\/2020\/07\/spored_simb_brezplacna-1.svg 100w\" sizes=\"auto, (max-width: 30px) 100vw, 30px\" \/><br \/>\n<strong>koncert<\/strong><\/p>\n<p>NY\u00c1RI M\u0170SOR 2023 \u2013 V\u00c9GE<\/p>\n<p><span style=\"font-size: 24pt;\"><a href=\"https:\/\/www1.kkl.si\/sl\/glasbena-skupina-leonart\/\"><strong>Leonart zenei egy\u00fcttes<\/strong><\/a><\/span><\/p>\n<p><span style=\"color: #ff0000;\"><strong><i class=\"fas fa-exclamation-circle\"><\/i> \u00c9RTES\u00cdT\u00c9S: a koncert a teremben lesz!<\/strong><\/span><\/p>\n<p><span style=\"font-size: 10pt;\">Szervez\u0151: <a href=\"https:\/\/www.kkl.si\/\">Knji\u017enica \u2013 Kulturni center Lendava \u2013 Lendvai K\u00f6nyvt\u00e1r \u00e9s Kultur\u00e1lis K\u00f6zpont<\/a><\/span><\/p>\n<\/td>\n<\/tr>\n<tr style=\"height: 264px;\">\n<td style=\"width: 7.90861%; height: 264px;\">\n<p style=\"text-align: center;\"><strong><span style=\"font-size: 24pt;\">3.<\/span><br \/>\n<\/strong><\/p>\n<p style=\"text-align: center;\">vas\u00e1rnap<\/p>\n<\/td>\n<td style=\"width: 92.0823%; height: 264px;\">\n<p><i class=\"fas fa-clock\"><\/i> <strong>18.00<\/strong> | a Lendvai Sz\u00ednh\u00e1z- \u00e9s Hangversenyterem szabadt\u00e9ri sz\u00ednpada<a href=\"https:\/\/www1.kkl.si\/wp-content\/uploads\/2023\/08\/plakat_A3_poletni_program2_2023.jpg\" data-lbwps-width=\"2121\" data-lbwps-height=\"3000\" data-lbwps-srcsmall=\"https:\/\/www1.kkl.si\/wp-content\/uploads\/2023\/08\/plakat_A3_poletni_program2_2023.jpg\"><img loading=\"lazy\" decoding=\"async\" class=\"slika alignright wp-image-13893 size-thumbnail\" src=\"https:\/\/www1.kkl.si\/wp-content\/uploads\/2023\/08\/plakat_A3_poletni_program2_2023-scaled-e1692858362576-150x150.jpg\" alt=\"\" width=\"150\" height=\"150\" \/><\/a><img loading=\"lazy\" decoding=\"async\" class=\"wp-image-1588 alignright\" title=\"Ingyenes rendezv\u00e9ny\" src=\"https:\/\/www1.kkl.si\/wp-content\/uploads\/\/2020\/07\/spored_simb_brezplacna-1.svg\" alt=\"brezplacna\" width=\"30\" height=\"30\" srcset=\"https:\/\/www1.kkl.si\/wp-content\/uploads\/\/2020\/07\/spored_simb_brezplacna-1.svg 150w, https:\/\/www1.kkl.si\/wp-content\/uploads\/\/2020\/07\/spored_simb_brezplacna-1.svg 400w, https:\/\/www1.kkl.si\/wp-content\/uploads\/\/2020\/07\/spored_simb_brezplacna-1.svg 1500w, https:\/\/www1.kkl.si\/wp-content\/uploads\/\/2020\/07\/spored_simb_brezplacna-1.svg 100w\" sizes=\"auto, (max-width: 30px) 100vw, 30px\" \/><br \/>\n<strong>szlov\u00e9n gyermekel\u0151d\u00e1s <span class=\"starost\">3+<\/span><br \/>\n<\/strong><\/p>\n<p>NY\u00c1RI M\u0170SOR 2023 \u2013 V\u00c9GE<\/p>\n<p>KUKUC gledali\u0161\u010de (Szlov\u00e9nia):<\/p>\n<p><a href=\"https:\/\/www1.kkl.si\/sl\/kukuc-gledalisce-crtek-v-mestu\/\"><strong><span style=\"font-size: 24pt;\">\u010crtek v mestu<\/span><\/strong><\/a><\/p>\n<p><span style=\"font-size: 10pt;\">Szervez\u0151: <a href=\"https:\/\/www.kkl.si\/\">Knji\u017enica \u2013 Kulturni center Lendava \u2013 Lendvai K\u00f6nyvt\u00e1r \u00e9s Kultur\u00e1lis K\u00f6zpont<\/a><\/span><\/p>\n<\/td>\n<\/tr>\n<tr style=\"height: 328px;\">\n<td style=\"width: 7.90861%; height: 328px;\">\n<p style=\"text-align: center;\"><strong><span style=\"font-size: 24pt;\">4.<\/span><br \/>\n<\/strong><\/p>\n<p style=\"text-align: center;\">h\u00e9ft\u0151<\/p>\n<\/td>\n<td style=\"width: 92.0823%; height: 328px;\">\n<p><i class=\"fas fa-clock\"><\/i> <strong>11.00<\/strong> | a Lendvai Sz\u00ednh\u00e1z- \u00e9s Hangversenyterem el\u0151csarnoka (ki\u00e1ll\u00edt\u00e1si folyos\u00f3)<a href=\"https:\/\/www1.kkl.si\/wp-content\/uploads\/2023\/08\/plakat_B2_Ceske_sledi_v_Sloveniji_GKDLend_2023.jpg\" data-lbwps-width=\"2857\" data-lbwps-height=\"4000\" data-lbwps-srcsmall=\"https:\/\/www1.kkl.si\/wp-content\/uploads\/2023\/08\/plakat_B2_Ceske_sledi_v_Sloveniji_GKDLend_2023.jpg\"><img loading=\"lazy\" decoding=\"async\" class=\"slika alignright wp-image-14019 size-thumbnail\" src=\"https:\/\/www1.kkl.si\/wp-content\/uploads\/2023\/08\/plakat_B2_Ceske_sledi_v_Sloveniji_GKDLend_2023-scaled-e1693037452945-150x150.jpg\" alt=\"\" width=\"150\" height=\"150\" \/><\/a><img loading=\"lazy\" decoding=\"async\" class=\"wp-image-1588 alignright\" title=\"Ingyenes rendezv\u00e9ny\" src=\"https:\/\/www1.kkl.si\/wp-content\/uploads\/\/2020\/07\/spored_simb_brezplacna-1.svg\" alt=\"brezplacna\" width=\"30\" height=\"30\" srcset=\"https:\/\/www1.kkl.si\/wp-content\/uploads\/\/2020\/07\/spored_simb_brezplacna-1.svg 150w, https:\/\/www1.kkl.si\/wp-content\/uploads\/\/2020\/07\/spored_simb_brezplacna-1.svg 400w, https:\/\/www1.kkl.si\/wp-content\/uploads\/\/2020\/07\/spored_simb_brezplacna-1.svg 1500w, https:\/\/www1.kkl.si\/wp-content\/uploads\/\/2020\/07\/spored_simb_brezplacna-1.svg 100w\" sizes=\"auto, (max-width: 30px) 100vw, 30px\" \/><br \/>\n<strong>ki\u00e1ll\u00edt\u00e1s<\/strong><\/p>\n<p><em>Juraj Chmiel a Pr\u00e1gai v\u00e1r vezet\u0151s\u00e9g\u00e9vel k\u00f6zrem\u0171k\u00f6dve bemutatja:<\/em><\/p>\n<p><strong><span style=\"font-size: 24pt;\"><a href=\"https:\/\/www1.kkl.si\/hu\/kiallitas-ceske-sledi-cseh-nyomok\/\">\u010ce\u0161ke sledi (Cseh nyomok)<\/a><br \/>\n<\/span><\/strong><\/p>\n<p><strong>Dedi\u0161\u010dina \u010de\u0161ko-slovenskih odnosov na Slovenskem (A cseh \u00e9s szlov\u00e9n kapcsolatok \u00f6r\u00f6ks\u00e9ge Szlov\u00e9ni\u00e1ban)<br \/>\n<\/strong><\/p>\n<p>A ki\u00e1ll\u00edt\u00e1s 2023. szeptember 30-ig lesz megtekinthet\u0151.<\/p>\n<p><span style=\"font-size: 10pt;\">Szervez\u0151: <a href=\"https:\/\/www.mzv.cz\/ljubljana\/en\/index.html\">\u010cesko veleposlani\u0161tvo v Ljubljani<\/a> (Cseh Nagyk\u00f6vets\u00e9g Szlov\u00e9ni\u00e1ban)<br \/>\nK\u00f6zrem\u0171k\u00f6dnek:<\/span><span style=\"font-size: 10pt;\"> <a href=\"https:\/\/www.lendava.si\/\">Ob\u010dina Lendava \u2013Lendva K\u00f6zs\u00e9g<\/a> \u00e9s a <a href=\"https:\/\/www.kkl.si\/\">Knji\u017enica \u2013 Kulturni center Lendava \u2013 Lendvai K\u00f6nyvt\u00e1r \u00e9s Kultur\u00e1lis K\u00f6zpont<\/a><\/span><\/p>\n<\/td>\n<\/tr>\n<tr style=\"height: 288px;\">\n<td style=\"width: 7.90861%; height: 288px;\">\n<p style=\"text-align: center;\"><strong><span style=\"font-size: 24pt;\">5.<\/span><br \/>\n<\/strong><\/p>\n<p style=\"text-align: center;\">kedd<\/p>\n<\/td>\n<td style=\"width: 92.0823%; height: 288px;\">\n<p><i class=\"fas fa-clock\"><\/i> <strong>19.00<\/strong> | Lendvai Sz\u00ednh\u00e1z- \u00e9s Hangversenyterem<a href=\"https:\/\/www1.kkl.si\/wp-content\/uploads\/2023\/08\/2023_09_05-Urska_Klakocar_Zupancic-Gretin_greh-hun.jpg\" data-lbwps-width=\"1400\" data-lbwps-height=\"1979\" data-lbwps-srcsmall=\"https:\/\/www1.kkl.si\/wp-content\/uploads\/2023\/08\/2023_09_05-Urska_Klakocar_Zupancic-Gretin_greh-hun-283x400.jpg\"><img loading=\"lazy\" decoding=\"async\" class=\"slika alignright wp-image-14150 size-thumbnail\" src=\"https:\/\/www1.kkl.si\/wp-content\/uploads\/2023\/08\/2023_09_05-Urska_Klakocar_Zupancic-Gretin_greh-hun-e1693414637123-150x150.jpg\" alt=\"\" width=\"150\" height=\"150\" \/><\/a><a href=\"https:\/\/www1.kkl.si\/wp-content\/uploads\/2023\/08\/2023_09_05-Urska_Klakocar_Zupancic-Gretin_greh-hun.jpg\" data-lbwps-width=\"1400\" data-lbwps-height=\"1979\" data-lbwps-srcsmall=\"https:\/\/www1.kkl.si\/wp-content\/uploads\/2023\/08\/2023_09_05-Urska_Klakocar_Zupancic-Gretin_greh-hun-283x400.jpg\"><img loading=\"lazy\" decoding=\"async\" class=\"wp-image-1588 alignright\" title=\"Ingyenes rendezv\u00e9ny\" src=\"https:\/\/www1.kkl.si\/wp-content\/uploads\/\/2020\/07\/spored_simb_brezplacna-1.svg\" alt=\"brezplacna\" width=\"30\" height=\"30\" srcset=\"https:\/\/www1.kkl.si\/wp-content\/uploads\/\/2020\/07\/spored_simb_brezplacna-1.svg 150w, https:\/\/www1.kkl.si\/wp-content\/uploads\/\/2020\/07\/spored_simb_brezplacna-1.svg 400w, https:\/\/www1.kkl.si\/wp-content\/uploads\/\/2020\/07\/spored_simb_brezplacna-1.svg 1500w, https:\/\/www1.kkl.si\/wp-content\/uploads\/\/2020\/07\/spored_simb_brezplacna-1.svg 100w\" sizes=\"auto, (max-width: 30px) 100vw, 30px\" \/><\/a><br \/>\n<strong>k\u00f6nyvbemutat\u00f3<br \/>\n<\/strong><\/p>\n<p><a href=\"https:\/\/www1.kkl.si\/hu\/meghivo-a-gretin-greh%e2%80%b3-cimu-regeny-bemutatoja\/\"><span style=\"font-size: 24pt;\"><strong>mag. Klako\u010dar Zupan\u010di\u010d Ur\u0161ka \u201eGretin greh\u201d c\u00edm\u0171 reg\u00e9ny\u00e9nek bemutat\u00f3j\u00e1<\/strong><\/span><\/a><\/p>\n<div id=\"panel-42286-0-0-1\" class=\"so-panel widget_sow-editor\" data-index=\"1\">\n<div class=\"so-widget-sow-editor so-widget-sow-editor-base\">\n<div class=\"siteorigin-widget-tinymce textwidget\">\n<p>Az esem\u00e9nyen az \u00edr\u00f3n\u0151vel val\u00f3 besz\u00e9lget\u00e9st dr. Z\u00e1gorec-Csuka Judit, a Lendavi KKK igazgat\u00f3ja vezeti.<br \/>\nAz irodalmi estet sz\u00ednesebb\u00e9 teszik \u00e9s a reg\u00e9nyb\u0151l felolvasnak r\u00e9szleteket: Alt Lidija, Trojak Jerica \u00e9s Ba\u010di Jasna.<\/p>\n<p><i class=\"fas fa-info-circle\"><\/i> A bemutat\u00f3 ut\u00e1n meg lehet v\u00e1s\u00e1rolni a reg\u00e9nyt.<\/p>\n<\/div>\n<\/div>\n<\/div>\n<p><span style=\"font-size: 10pt;\">Szervez\u0151: <a href=\"https:\/\/www.kkl.si\/\">Knji\u017enica \u2013 Kulturni center Lendava \u2013 Lendvai K\u00f6nyvt\u00e1r \u00e9s Kultur\u00e1lis K\u00f6zpont<\/a><\/span><\/p>\n<\/td>\n<\/tr>\n<tr>\n<td style=\"width: 7.90861%;\">\n<p style=\"text-align: center;\"><span style=\"font-size: 24pt;\"><strong>9.<\/strong><\/span><\/p>\n<p style=\"text-align: center;\">p\u00e9ntek<\/p>\n<\/td>\n<td style=\"width: 92.0823%;\">\n<p><i class=\"fas fa-clock\"><\/i> <strong>18.00<\/strong> | Lendvai Sz\u00ednh\u00e1z- \u00e9s Hangversenyterem<a href=\"https:\/\/www1.kkl.si\/wp-content\/uploads\/2023\/09\/vabilo_2023_MDI_50let-1.png\" data-lbwps-width=\"3543\" data-lbwps-height=\"1771\" data-lbwps-srcsmall=\"https:\/\/www1.kkl.si\/wp-content\/uploads\/2023\/09\/vabilo_2023_MDI_50let-1-400x200.png\"><img loading=\"lazy\" decoding=\"async\" class=\"slika alignright wp-image-14526 size-thumbnail\" src=\"https:\/\/www1.kkl.si\/wp-content\/uploads\/2023\/09\/vabilo_2023_MDI_50let-1-e1694003106688-150x150.png\" alt=\"\" width=\"150\" height=\"150\" \/><\/a><img loading=\"lazy\" decoding=\"async\" class=\"wp-image-1594 alignright\" title=\"Z\u00e1rtk\u00f6r\u0171 rendezv\u00e9ny\" src=\"https:\/\/www1.kkl.si\/wp-content\/uploads\/\/2020\/07\/spored_simb_zakljucena-1.svg\" alt=\"zakljucena\" width=\"30\" height=\"30\" srcset=\"https:\/\/www1.kkl.si\/wp-content\/uploads\/\/2020\/07\/spored_simb_zakljucena-1.svg 150w, https:\/\/www1.kkl.si\/wp-content\/uploads\/\/2020\/07\/spored_simb_zakljucena-1.svg 400w, https:\/\/www1.kkl.si\/wp-content\/uploads\/\/2020\/07\/spored_simb_zakljucena-1.svg 1500w, https:\/\/www1.kkl.si\/wp-content\/uploads\/\/2020\/07\/spored_simb_zakljucena-1.svg 100w\" sizes=\"auto, (max-width: 30px) 100vw, 30px\" \/><br \/>\n<strong>zartk\u00f6r\u0171 rendezv\u00e9ny<br \/>\n<\/strong><\/p>\n<p><span style=\"font-size: 24pt;\"><strong>A Lendvai K\u00f6zs\u00e9gk\u00f6zi Rokkant Egyes\u00fclet fenn\u00e1ll\u00e1s\u00e1nak 50. \u00e9vfordul\u00f3ja<\/strong><\/span><\/p>\n<p><span style=\"font-size: 10pt;\">Szervez\u0151: <a href=\"https:\/\/www.zdis.si\/drustva\/pomurska-regija\/mdi-lendava\">MDI Lendava<\/a><\/span><\/p>\n<\/td>\n<\/tr>\n<tr style=\"height: 288px;\">\n<td style=\"width: 7.90861%; height: 288px;\">\n<p style=\"text-align: center;\"><span style=\"font-size: 24pt;\"><strong>11.<br \/>\n<\/strong><\/span><\/p>\n<p style=\"text-align: center;\">h\u00e9tf\u0151<\/p>\n<\/td>\n<td style=\"width: 92.0823%; height: 288px;\">\n<p><i class=\"fas fa-clock\"><\/i> <strong>19.00<\/strong> | Lendvai Sz\u00ednh\u00e1z- \u00e9s Hangversenyterem<a href=\"https:\/\/www1.kkl.si\/wp-content\/uploads\/2023\/08\/banfalvy_studio_elvis.jpg\" data-lbwps-width=\"1240\" data-lbwps-height=\"1772\" data-lbwps-srcsmall=\"https:\/\/www1.kkl.si\/wp-content\/uploads\/2023\/08\/banfalvy_studio_elvis-280x400.jpg\"><img loading=\"lazy\" decoding=\"async\" class=\"slika alignright wp-image-13895 size-thumbnail\" src=\"https:\/\/www1.kkl.si\/wp-content\/uploads\/2023\/08\/banfalvy_studio_elvis-e1692858650497-150x150.jpg\" alt=\"\" width=\"150\" height=\"150\" \/><\/a><img loading=\"lazy\" decoding=\"async\" class=\"wp-image-1592 alignright\" title=\"Fizet\u0151s rendezv\u00e9ny\" src=\"https:\/\/www1.kkl.si\/wp-content\/uploads\/\/2020\/07\/spored_simb_placljiva-1.svg\" alt=\"placljiva\" width=\"30\" height=\"30\" srcset=\"https:\/\/www1.kkl.si\/wp-content\/uploads\/\/2020\/07\/spored_simb_placljiva-1.svg 150w, https:\/\/www1.kkl.si\/wp-content\/uploads\/\/2020\/07\/spored_simb_placljiva-1.svg 400w, https:\/\/www1.kkl.si\/wp-content\/uploads\/\/2020\/07\/spored_simb_placljiva-1.svg 1500w, https:\/\/www1.kkl.si\/wp-content\/uploads\/\/2020\/07\/spored_simb_placljiva-1.svg 100w\" sizes=\"auto, (max-width: 30px) 100vw, 30px\" \/><img loading=\"lazy\" decoding=\"async\" class=\"wp-image-1584 alignright\" title=\"Magyar b\u00e9rlet\" src=\"https:\/\/www1.kkl.si\/wp-content\/uploads\/\/2020\/07\/spored_simb_abonma_hu-1.svg\" alt=\"abonma_hu\" width=\"30\" height=\"30\" srcset=\"https:\/\/www1.kkl.si\/wp-content\/uploads\/\/2020\/07\/spored_simb_abonma_hu-1.svg 150w, https:\/\/www1.kkl.si\/wp-content\/uploads\/\/2020\/07\/spored_simb_abonma_hu-1.svg 400w, https:\/\/www1.kkl.si\/wp-content\/uploads\/\/2020\/07\/spored_simb_abonma_hu-1.svg 1500w, https:\/\/www1.kkl.si\/wp-content\/uploads\/\/2020\/07\/spored_simb_abonma_hu-1.svg 100w\" sizes=\"auto, (max-width: 30px) 100vw, 30px\" \/><br \/>\n<strong>magyar nyelv\u0171 v\u00edgj\u00e1t\u00e9k<\/strong><strong><br \/>\n<\/strong><\/p>\n<p>B\u00e1nfalvy St\u00fadi\u00f3 | <span class=\"x193iq5w xeuugli x13faqbe x1vvkbs x1xmvt09 x1lliihq x1s928wv xhkezso x1gmr53x x1cpjm7i x1fgarty x1943h6x xudqn12 x3x7a5m x6prxxf xvq8zen xo1l8bm xzsf02u x1yc453h\" dir=\"auto\">Miles Tredinnick:<\/span><\/p>\n<p><a href=\"https:\/\/www1.kkl.si\/hu\/banfalvy-studio-miles-tredinnick-elvis-oltar-miami\/\"><strong><span style=\"font-size: 24pt;\">Elvis, Olt\u00e1r, Miami<\/span><\/strong><\/a><\/p>\n<p><i class=\"fas fa-ticket-alt\"><\/i> Bel\u00e9p\u0151: <strong>17 \u20ac, <\/strong>di\u00e1koknak \u00e9s nyugd\u00edjasoknak: <strong>13 \u20ac<br \/>\n<\/strong>Jegyek Lendv\u00e1n a sz\u00ednh\u00e1zban az el\u0151ad\u00e1s napj\u00e1n kaphat\u00f3k.<br \/>\n<i class=\"fas fa-info-circle\"><\/i> Tov\u00e1bbi inform\u00e1ci\u00f3k: <strong>+386 (0)2 577 6660<\/strong> (B\u00e1nffy K\u00f6zpont, Lendva)<strong><br \/>\n<\/strong><\/p>\n<p><span style=\"font-size: 10pt;\">Szervez\u0151: <a href=\"https:\/\/www.mnmi-zkmn.si\/\">MNMI Lendva \u2013 ZKMN Lendava<\/a><\/span><\/p>\n<\/td>\n<\/tr>\n<\/tbody>\n<\/table>\n<p style=\"text-align: center;\"><span style=\"font-size: 10pt;\">A szervez\u0151k fenntartj\u00e1k a m\u0171sorv\u00e1ltoz\u00e1s jog\u00e1t.<\/span><\/p>\n","protected":false},"excerpt":{"rendered":"<p>2023. janu\u00e1r | febru\u00e1r | m\u00e1rcius | \u00e1prilis | m\u00e1jus | j\u00fanius | j\u00falius | augusztus | szeptember | okt\u00f3ber | november | december | ARCH\u00cdVUM JELMAGYAR\u00c1ZAT Szlov\u00e9n b\u00e9rlet Magyar b\u00e9rlet Z\u00e1rtk\u00f6r\u0171 rendezv\u00e9ny Ingyenes rendezv\u00e9ny Fizet\u0151s rendezv\u00e9ny \u00dajdons\u00e1g, v\u00e1ltoz\u00e1s NAP RENDEZV\u00c9NY 1. p\u00e9ntek 17.00 | a Lendvai Sz\u00ednh\u00e1z- \u00e9s Hangversenyterem el\u0151csarnoka ki\u00e1ll\u00edt\u00e1s Vin\u00e1rium Fesztiv\u00e1l 2023 [&hellip;]<\/p>\n","protected":false},"author":2,"featured_media":0,"parent":0,"menu_order":0,"comment_status":"closed","ping_status":"closed","template":"","meta":{"footnotes":""},"class_list":["post-14053","page","type-page","status-publish","hentry","post"],"_links":{"self":[{"href":"https:\/\/www1.kkl.si\/hu\/wp-json\/wp\/v2\/pages\/14053","targetHints":{"allow":["GET"]}}],"collection":[{"href":"https:\/\/www1.kkl.si\/hu\/wp-json\/wp\/v2\/pages"}],"about":[{"href":"https:\/\/www1.kkl.si\/hu\/wp-json\/wp\/v2\/types\/page"}],"author":[{"embeddable":true,"href":"https:\/\/www1.kkl.si\/hu\/wp-json\/wp\/v2\/users\/2"}],"replies":[{"embeddable":true,"href":"https:\/\/www1.kkl.si\/hu\/wp-json\/wp\/v2\/comments?post=14053"}],"version-history":[{"count":33,"href":"https:\/\/www1.kkl.si\/hu\/wp-json\/wp\/v2\/pages\/14053\/revisions"}],"predecessor-version":[{"id":15635,"href":"https:\/\/www1.kkl.si\/hu\/wp-json\/wp\/v2\/pages\/14053\/revisions\/15635"}],"wp:attachment":[{"href":"https:\/\/www1.kkl.si\/hu\/wp-json\/wp\/v2\/media?parent=14053"}],"curies":[{"name":"wp","href":"https:\/\/api.w.org\/{rel}","templated":true}]}}