{"id":14118,"date":"2023-08-30T12:56:54","date_gmt":"2023-08-30T10:56:54","guid":{"rendered":"https:\/\/www1.kkl.si\/?page_id=14118"},"modified":"2023-08-31T14:35:38","modified_gmt":"2023-08-31T12:35:38","slug":"vinarium-fesztival-2023-horvat-etno-est","status":"publish","type":"page","link":"https:\/\/www1.kkl.si\/hu\/vinarium-fesztival-2023-horvat-etno-est\/","title":{"rendered":"Vin\u00e1rium Fesztiv\u00e1l 2023: Horv\u00e1t etno est"},"content":{"rendered":"<div class=\"opis\"><i class=\"fas fa-clock\"><\/i> <strong>2023. augusztus 30. szerd\u00e1n, 18.00<\/strong> | a Lendvai Sz\u00ednh\u00e1z- \u00e9s Hangversenyterem szabadt\u00e9ri sz\u00ednpada<img loading=\"lazy\" decoding=\"async\" class=\"wp-image-1588 alignright\" title=\"Ingyenes rendezv\u00e9ny\" src=\"https:\/\/www1.kkl.si\/wp-content\/uploads\/\/2020\/07\/spored_simb_brezplacna-1.svg\" alt=\"brezplacna\" width=\"30\" height=\"30\" srcset=\"https:\/\/www1.kkl.si\/wp-content\/uploads\/\/2020\/07\/spored_simb_brezplacna-1.svg 150w, https:\/\/www1.kkl.si\/wp-content\/uploads\/\/2020\/07\/spored_simb_brezplacna-1.svg 400w, https:\/\/www1.kkl.si\/wp-content\/uploads\/\/2020\/07\/spored_simb_brezplacna-1.svg 1500w, https:\/\/www1.kkl.si\/wp-content\/uploads\/\/2020\/07\/spored_simb_brezplacna-1.svg 100w\" sizes=\"auto, (max-width: 30px) 100vw, 30px\" \/><br \/>\n<i class=\"fas fa-chevron-circle-right\"><\/i> <strong>etnol\u00f3giai rendezv\u00e9ny, zene, gasztron\u00f3mia<br \/>\n<\/strong>Szervez\u0151: <a href=\"http:\/\/hkd-pomurje.si\/\">HKD Pomurje \u2013 Pomurje Horv\u00e1t Kult\u00faregyes\u00fclet<\/a><\/div>\n<p><a href=\"https:\/\/www1.kkl.si\/wp-content\/uploads\/2023\/08\/hrvaski_etno_vecer_HKD_plakat.jpg\" data-lbwps-width=\"1191\" data-lbwps-height=\"1684\" data-lbwps-srcsmall=\"https:\/\/www1.kkl.si\/wp-content\/uploads\/2023\/08\/hrvaski_etno_vecer_HKD_plakat-283x400.jpg\"><img loading=\"lazy\" decoding=\"async\" class=\"slika alignright wp-image-14034 size-medium\" src=\"https:\/\/www1.kkl.si\/wp-content\/uploads\/2023\/08\/hrvaski_etno_vecer_HKD_plakat-283x400.jpg\" alt=\"\" width=\"283\" height=\"400\" srcset=\"https:\/\/www1.kkl.si\/wp-content\/uploads\/2023\/08\/hrvaski_etno_vecer_HKD_plakat-283x400.jpg 283w, https:\/\/www1.kkl.si\/wp-content\/uploads\/2023\/08\/hrvaski_etno_vecer_HKD_plakat-1061x1500.jpg 1061w, https:\/\/www1.kkl.si\/wp-content\/uploads\/2023\/08\/hrvaski_etno_vecer_HKD_plakat.jpg 1191w\" sizes=\"auto, (max-width: 283px) 100vw, 283px\" \/><\/a>Sok szeretettel v\u00e1runk minden \u00e9rdekl\u0151d\u0151t a Vin\u00e1rium Fesztiv\u00e1l 2023 keret\u00e9ben zajl\u00f3 horv\u00e1t etno estre, amely <strong>2023. augusztus 30-\u00e1n<\/strong>, szerd\u00e1n,<strong> 18 \u00f3rakor<\/strong> lesz a Lendvai Sz\u00ednh\u00e1z- \u00e9s Hangversenyterem szabadt\u00e9ri sz\u00ednpad\u00e1n!<\/p>\n<p>PROGRAM:<\/p>\n<ul>\n<li>\u00c9nekes fell\u00e9p\u00e9s: Duet Bero\u010dka<\/li>\n<li>\u00c9nekes fell\u00e9p\u00e9s: Chriztel Renae Aceveda<\/li>\n<li>Koncert: Klapa Dalmari<\/li>\n<li>Gasztron\u00f3miai k\u00edn\u00e1lat: r\u00e1ntott adriai halak, s\u00fcltkrumpli, fritule (mini f\u00e1nkok) \u00e9s h\u00e1zi dalm\u00e1t bor<\/li>\n<\/ul>\n<p><em>Rossz id\u0151 eset\u00e9n a rendezv\u00e9ny a teremben lesz.<\/em><\/p>\n<p><em>A bel\u00e9p\u00e9s d\u00edjtalan.<\/em><\/p>\n<hr \/>\n<p>R\u00c9SZLETES LE\u00cdR\u00c1S<\/p>\n<p><span style=\"font-size: 18pt;\"><strong>Duet <span class=\"yt-core-attributed-string yt-core-attributed-string--white-space-pre-wrap\" role=\"text\"><span class=\"yt-core-attributed-string--link-inherit-color\">Bero\u010dka<\/span><\/span><\/strong><\/span><\/p>\n<p>A Bero\u010dka zenei du\u00f3 2019 \u00f3ta m\u0171k\u00fcdik, Selma Franov \u00e9s Marinka Prelog alkotj\u00e1k. Nemr\u00e9g l\u00e1tott napvil\u00e1got egy zenei CD-vel ell\u00e1tott kiadv\u00e1nyuk, amely az orsz\u00e1ghat\u00e1rokon \u00e1t\u00edvel\u0151 n\u00e9pdalok gy\u0171jt\u00e9s\u00e9t, r\u00f6gz\u00edt\u00e9s\u00e9t \u00e9s el\u0151ad\u00e1s\u00e1t c\u00e9lz\u00f3 zenei projekt els\u0151 albuma. A du\u00f3 a Herbija Prlekija Int\u00e9zet \u00e9gisze alatt dolgozik.<\/p>\n<p>Selma \u00e9s Marinka \u00e9nek\u00fck finoms\u00e1g\u00e1val \u00e9s \u00e9rz\u00e9keny n\u0151i szemmel mutatj\u00e1k be prlekija, muravid\u00e9ki \u00e9s murak\u00f6zi n\u00e9pdalok szerelmi mot\u00edvum\u00e1t.<\/p>\n<p><iframe loading=\"lazy\" title=\"Glasbeni nastop Bero\u010dka\" width=\"720\" height=\"405\" src=\"https:\/\/www.youtube.com\/embed\/Ji6Xgvp7nlg?feature=oembed\" frameborder=\"0\" allow=\"accelerometer; autoplay; clipboard-write; encrypted-media; gyroscope; picture-in-picture; web-share\" allowfullscreen><\/iframe><\/p>\n<p><span style=\"font-size: 18pt;\">Sz\u00f3l\u00f3\u00e9nekes fell\u00e9p\u00e9s: <strong>Chriztel Renae Aceveda<\/strong><\/span><\/p>\n<p>B\u00e1r a horv\u00e1t nyelvet a jap\u00e1nhoz hasonl\u00f3nak \u00e9s nagy kih\u00edv\u00e1snak nevezi, a 12 \u00e9ves Chriztel, aki csak h\u00e1rom \u00e9ve \u00e9l Horv\u00e1torsz\u00e1gban, m\u00e9gis anyanyelv\u00e9nek tekinti. A murak\u00f6zi t\u00e1jsz\u00f3l\u00e1st annyira ismer\u0151snek tal\u00e1lta, hogy kipr\u00f3b\u00e1lta mag\u00e1t a hagyom\u00e1nyos dalok el\u00e9nekl\u00e9s\u00e9ben.<\/p>\n<p><iframe loading=\"lazy\" title=\"Djevoj\u010dica an\u0111eoskog glasa\" width=\"720\" height=\"405\" src=\"https:\/\/www.youtube.com\/embed\/MY5VYhqzWnY?feature=oembed\" frameborder=\"0\" allow=\"accelerometer; autoplay; clipboard-write; encrypted-media; gyroscope; picture-in-picture; web-share\" allowfullscreen><\/iframe><\/p>\n<p><iframe loading=\"lazy\" title=\"Filipinski korijeni, ali Me\u0111imurje u srcu \u2013 upoznajte djevoj\u010dicu zaljubljenu u popevke | IN magazin\" width=\"720\" height=\"405\" src=\"https:\/\/www.youtube.com\/embed\/Znt1U8SZKCk?feature=oembed\" frameborder=\"0\" allow=\"accelerometer; autoplay; clipboard-write; encrypted-media; gyroscope; picture-in-picture; web-share\" allowfullscreen><\/iframe><\/p>\n<p><strong><span style=\"font-size: 18pt;\">Klapa Dalmari<\/span><\/strong><\/p>\n<p>A Klapa Dalmari az egyik legjelent\u0151sebb szlov\u00e9n klapa egy\u00fcttes, amely a z\u00e1gr\u00e1bi Marko Mandir vezet\u00e9s\u00e9vel hagyom\u00e1nyos dalm\u00e1t klapa dalokat \u00e9nekel. A klapa a legr\u00e9gebbi szlov\u00e9niai horv\u00e1t t\u00e1rsas\u00e1gon, a &#8222;Hrvatsko kulturno dru\u0161tvo Maribor&#8221;-on bel\u00fcl m\u0171k\u00f6d\u0151 mag\u00e1n r\u00e9szleg. A szervezet 2009-ben alakult a maribori klapa dalok kedvel\u0151inek kezdem\u00e9nyez\u00e9s\u00e9re. A Dalmari, egy sz\u00f3j\u00e1t\u00e9k, amely Dalm\u00e1cia \u00e9s Maribor szavakb\u00f3l \u00e1ll, \u00e9s amely kifejezi a tagok \u00f6sszetartoz\u00e1s\u00e1t \u00e9s kultur\u00e1lis k\u00fcldet\u00e9s\u00fcket. A Dalmari igyekszik ellen\u00e1llni a klapa\u00e9nekl\u00e9s elaszt\u00e1rosod\u00e1s\u00e1nak, \u00e9s \u00e1polja az igazi acapella \u00e9nekl\u00e9st.<\/p>\n<p><i class=\"fab fa-facebook-square\"><\/i> <a href=\"https:\/\/www.facebook.com\/dalmari\/\">https:\/\/www.facebook.com\/dalmari\/<\/a><\/p>\n<p><iframe loading=\"lazy\" title=\"MORE - klapa Dalmari - FDK 2022 M\" width=\"720\" height=\"540\" src=\"https:\/\/www.youtube.com\/embed\/vxAUsZpetlE?feature=oembed\" frameborder=\"0\" allow=\"accelerometer; autoplay; clipboard-write; encrypted-media; gyroscope; picture-in-picture; web-share\" allowfullscreen><\/iframe><\/p>\n<p><iframe loading=\"lazy\" title=\"Vrati se mili \u0106ale - klapa Dalmari - FDK 2023\" width=\"720\" height=\"405\" src=\"https:\/\/www.youtube.com\/embed\/p9rEa7X1Dc4?feature=oembed\" frameborder=\"0\" allow=\"accelerometer; autoplay; clipboard-write; encrypted-media; gyroscope; picture-in-picture; web-share\" allowfullscreen><\/iframe><\/p>\n","protected":false},"excerpt":{"rendered":"<p>2023. augusztus 30. szerd\u00e1n, 18.00 | a Lendvai Sz\u00ednh\u00e1z- \u00e9s Hangversenyterem szabadt\u00e9ri sz\u00ednpada etnol\u00f3giai rendezv\u00e9ny, zene, gasztron\u00f3mia Szervez\u0151: HKD Pomurje \u2013 Pomurje Horv\u00e1t Kult\u00faregyes\u00fclet Sok szeretettel v\u00e1runk minden \u00e9rdekl\u0151d\u0151t a Vin\u00e1rium Fesztiv\u00e1l 2023 keret\u00e9ben zajl\u00f3 horv\u00e1t etno estre, amely 2023. augusztus 30-\u00e1n, szerd\u00e1n, 18 \u00f3rakor lesz a Lendvai Sz\u00ednh\u00e1z- \u00e9s Hangversenyterem szabadt\u00e9ri sz\u00ednpad\u00e1n! PROGRAM: \u00c9nekes [&hellip;]<\/p>\n","protected":false},"author":2,"featured_media":14035,"parent":0,"menu_order":0,"comment_status":"closed","ping_status":"closed","template":"","meta":{"footnotes":""},"class_list":["post-14118","page","type-page","status-publish","has-post-thumbnail","hentry","post","post-with-thumbnail","post-with-thumbnail-icon"],"_links":{"self":[{"href":"https:\/\/www1.kkl.si\/hu\/wp-json\/wp\/v2\/pages\/14118","targetHints":{"allow":["GET"]}}],"collection":[{"href":"https:\/\/www1.kkl.si\/hu\/wp-json\/wp\/v2\/pages"}],"about":[{"href":"https:\/\/www1.kkl.si\/hu\/wp-json\/wp\/v2\/types\/page"}],"author":[{"embeddable":true,"href":"https:\/\/www1.kkl.si\/hu\/wp-json\/wp\/v2\/users\/2"}],"replies":[{"embeddable":true,"href":"https:\/\/www1.kkl.si\/hu\/wp-json\/wp\/v2\/comments?post=14118"}],"version-history":[{"count":5,"href":"https:\/\/www1.kkl.si\/hu\/wp-json\/wp\/v2\/pages\/14118\/revisions"}],"predecessor-version":[{"id":14200,"href":"https:\/\/www1.kkl.si\/hu\/wp-json\/wp\/v2\/pages\/14118\/revisions\/14200"}],"wp:featuredmedia":[{"embeddable":true,"href":"https:\/\/www1.kkl.si\/hu\/wp-json\/wp\/v2\/media\/14035"}],"wp:attachment":[{"href":"https:\/\/www1.kkl.si\/hu\/wp-json\/wp\/v2\/media?parent=14118"}],"curies":[{"name":"wp","href":"https:\/\/api.w.org\/{rel}","templated":true}]}}