{"id":14276,"date":"2023-09-01T10:19:36","date_gmt":"2023-09-01T08:19:36","guid":{"rendered":"https:\/\/www1.kkl.si\/?page_id=14276"},"modified":"2023-09-01T10:19:36","modified_gmt":"2023-09-01T08:19:36","slug":"leonart-zenei-egyuttes","status":"publish","type":"page","link":"https:\/\/www1.kkl.si\/hu\/leonart-zenei-egyuttes\/","title":{"rendered":"Leonart zenei egy\u00fcttes"},"content":{"rendered":"<div class=\"opis\"><i class=\"fas fa-clock\"><\/i> <strong>2023. szeptember 1-\u00e9n, p\u00e9nteken, 20.00<\/strong> | a Lendvai Sz\u00ednh\u00e1z- \u00e9s Hangversenyterem szabadt\u00e9ri sz\u00ednpada<img loading=\"lazy\" decoding=\"async\" class=\"wp-image-1588 alignright\" title=\"Ingyenes rendezv\u00e9ny\" src=\"https:\/\/www1.kkl.si\/wp-content\/uploads\/\/2020\/07\/spored_simb_brezplacna-1.svg\" alt=\"brezplacna\" width=\"30\" height=\"30\" srcset=\"https:\/\/www1.kkl.si\/wp-content\/uploads\/\/2020\/07\/spored_simb_brezplacna-1.svg 150w, https:\/\/www1.kkl.si\/wp-content\/uploads\/\/2020\/07\/spored_simb_brezplacna-1.svg 400w, https:\/\/www1.kkl.si\/wp-content\/uploads\/\/2020\/07\/spored_simb_brezplacna-1.svg 1500w, https:\/\/www1.kkl.si\/wp-content\/uploads\/\/2020\/07\/spored_simb_brezplacna-1.svg 100w\" sizes=\"auto, (max-width: 30px) 100vw, 30px\" \/><br \/>\n<i class=\"fas fa-chevron-circle-right\"><\/i> <strong>koncert<\/strong><br \/>\nSzervez\u0151: <a href=\"https:\/\/www.kkl.si\/\">Knji\u017enica \u2013 Kulturni center Lendava \u2013 Lendvai K\u00f6nyvt\u00e1r \u00e9s Kultur\u00e1lis K\u00f6zpont<\/a><\/p>\n<hr \/>\n<p><span style=\"color: #ff0000;\"><i class=\"fas fa-exclamation-circle\"><\/i> <strong>\u00c9RTES\u00cdT\u00c9S: a koncert a teremben lesz!<\/strong><\/span><\/p>\n<\/div>\n<p><a href=\"https:\/\/www1.kkl.si\/wp-content\/uploads\/2023\/08\/Leonart_skupinska_web.jpg\" data-lbwps-width=\"2464\" data-lbwps-height=\"1385\" data-lbwps-srcsmall=\"https:\/\/www1.kkl.si\/wp-content\/uploads\/2023\/08\/Leonart_skupinska_web-400x225.jpg\"><img loading=\"lazy\" decoding=\"async\" class=\"slika alignnone wp-image-13987 size-large\" src=\"https:\/\/www1.kkl.si\/wp-content\/uploads\/2023\/08\/Leonart_skupinska_web-1500x843.jpg\" alt=\"\" width=\"1500\" height=\"843\" srcset=\"https:\/\/www1.kkl.si\/wp-content\/uploads\/2023\/08\/Leonart_skupinska_web-1500x843.jpg 1500w, https:\/\/www1.kkl.si\/wp-content\/uploads\/2023\/08\/Leonart_skupinska_web-400x225.jpg 400w\" sizes=\"auto, (max-width: 1500px) 100vw, 1500px\" \/><\/a><\/p>\n<p><a href=\"https:\/\/www1.kkl.si\/wp-content\/uploads\/2023\/08\/plakat_A3_poletni_program2_2023.jpg\" data-lbwps-width=\"2121\" data-lbwps-height=\"3000\" data-lbwps-srcsmall=\"https:\/\/www1.kkl.si\/wp-content\/uploads\/2023\/08\/plakat_A3_poletni_program2_2023.jpg\"><img loading=\"lazy\" decoding=\"async\" class=\"slika alignright wp-image-13893 size-medium\" src=\"https:\/\/www1.kkl.si\/wp-content\/uploads\/2023\/08\/plakat_A3_poletni_program2_2023-scaled-283x400.jpg\" alt=\"\" width=\"283\" height=\"400\" srcset=\"https:\/\/www1.kkl.si\/wp-content\/uploads\/2023\/08\/plakat_A3_poletni_program2_2023-scaled-283x400.jpg 283w, https:\/\/www1.kkl.si\/wp-content\/uploads\/2023\/08\/plakat_A3_poletni_program2_2023-scaled-1061x1500.jpg 1061w, https:\/\/www1.kkl.si\/wp-content\/uploads\/2023\/08\/plakat_A3_poletni_program2_2023-scaled.jpg 1810w\" sizes=\"auto, (max-width: 283px) 100vw, 283px\" \/><\/a>NY\u00c1RI M\u0170SOR 2023 \u2013 V\u00c9GE<\/p>\n<p><span style=\"font-size: 24pt;\"><strong><a href=\"https:\/\/www1.kkl.si\/sl\/glasbena-skupina-leonart\/\">Leonart zenei egy\u00fcttes<\/a><\/strong><\/span><\/p>\n<p><em>Szlov\u00e9n le\u00edr\u00e1s:<\/em><\/p>\n<p>Leonart je organizem svoje vrste. \u0160tirje glasbeniki, ki so vsak zase preigrali \u0161tevilne odre, so zdru\u017eili mo\u010di z namenom ustvariti kreativni prese\u017eek, ki se je pred petimi leti skompresiral na CD-plo\u0161\u010dek, ki jih je ponesel \u2018Visoko v nebo\u2019. Z novim albumom \u2018Vrh sveta\u2019 pa glasbeniki dodajajo svoji glasbi, ki je preplet ve\u010d \u017eanrov, novo dimenzijo. \u0160tiri\u010dlanskemu kolektivu je uspelo svoj zvok zasidrati v u\u0161esa ljubiteljev kakovostne glasbe, lovorike radijskih postaj pa so postale stalnica. Tako kot je postala pesem Moje mesto stalnica na play listi vsakega ljubitelja \u0161tajerske prestolnice.<\/p>\n<p>Sebastijan Lukovnja &#8211; vokal, kitara<br \/>\nAndrej Knehtl &#8211; kitara, spremljevalni vokal<br \/>\nMartin Po\u010dkar &#8211; bas kitara, spremljevalni vokal<br \/>\nMarko Brvar &#8211; bobni<\/p>\n<p><i class=\"fas fa-link\"><\/i> <a href=\"https:\/\/www.leonart.si\/\">https:\/\/www.leonart.si\/<\/a><br \/>\n<i class=\"fab fa-facebook-square\"><\/i> <a href=\"https:\/\/www.facebook.com\/leonartband\">https:\/\/www.facebook.com\/leonartband<\/a><br \/>\n<i class=\"fab fa-youtube\"><\/i> <a href=\"https:\/\/www.youtube.com\/@Leonartband\">https:\/\/www.youtube.com\/@Leonartband<\/a><\/p>\n<hr \/>\n<p>VIDEO<\/p>\n<p><iframe loading=\"lazy\" title=\"Leonart - Vrh sveta [uradni videospot]\" width=\"720\" height=\"405\" src=\"https:\/\/www.youtube.com\/embed\/gbKCouZEqpQ?feature=oembed\" frameborder=\"0\" allow=\"accelerometer; autoplay; clipboard-write; encrypted-media; gyroscope; picture-in-picture; web-share\" allowfullscreen><\/iframe><\/p>\n<p><iframe loading=\"lazy\" title=\"Leonart - Jezdim\" width=\"720\" height=\"405\" src=\"https:\/\/www.youtube.com\/embed\/BVh56cNFlF8?feature=oembed\" frameborder=\"0\" allow=\"accelerometer; autoplay; clipboard-write; encrypted-media; gyroscope; picture-in-picture; web-share\" allowfullscreen><\/iframe><\/p>\n<p><iframe loading=\"lazy\" title=\"Leonart - Skok v neznano [uradni videospot]\" width=\"720\" height=\"405\" src=\"https:\/\/www.youtube.com\/embed\/el_9Yge9PR0?feature=oembed\" frameborder=\"0\" allow=\"accelerometer; autoplay; clipboard-write; encrypted-media; gyroscope; picture-in-picture; web-share\" allowfullscreen><\/iframe><\/p>\n<p><iframe loading=\"lazy\" title=\"Leonart - Danes me ni [uradni videospot]\" width=\"720\" height=\"405\" src=\"https:\/\/www.youtube.com\/embed\/542jVdXvCFY?feature=oembed\" frameborder=\"0\" allow=\"accelerometer; autoplay; clipboard-write; encrypted-media; gyroscope; picture-in-picture; web-share\" allowfullscreen><\/iframe><\/p>\n<p><iframe loading=\"lazy\" title=\"Leonart - Nova zvezda [akusti\u010dno]\" width=\"720\" height=\"405\" src=\"https:\/\/www.youtube.com\/embed\/GWpCFBImY4o?feature=oembed\" frameborder=\"0\" allow=\"accelerometer; autoplay; clipboard-write; encrypted-media; gyroscope; picture-in-picture; web-share\" allowfullscreen><\/iframe><\/p>\n<div class=\"x11i5rnm xat24cr x1mh8g0r x1vvkbs xtlvy1s\">\n<div class=\"x11i5rnm xat24cr x1mh8g0r x1vvkbs xtlvy1s\"><span style=\"font-size: 10pt;\">Minden rendezv\u00e9ny ingyenes.<\/span><br \/>\n<span style=\"font-size: 10pt;\">A m\u0171sorv\u00e1ltoz\u00e1s jog\u00e1t fenntartjuk.<\/span><\/div>\n<\/div>\n","protected":false},"excerpt":{"rendered":"<p>2023. szeptember 1-\u00e9n, p\u00e9nteken, 20.00 | a Lendvai Sz\u00ednh\u00e1z- \u00e9s Hangversenyterem szabadt\u00e9ri sz\u00ednpada koncert Szervez\u0151: Knji\u017enica \u2013 Kulturni center Lendava \u2013 Lendvai K\u00f6nyvt\u00e1r \u00e9s Kultur\u00e1lis K\u00f6zpont \u00c9RTES\u00cdT\u00c9S: a koncert a teremben lesz! NY\u00c1RI M\u0170SOR 2023 \u2013 V\u00c9GE Leonart zenei egy\u00fcttes Szlov\u00e9n le\u00edr\u00e1s: Leonart je organizem svoje vrste. \u0160tirje glasbeniki, ki so vsak zase preigrali \u0161tevilne [&hellip;]<\/p>\n","protected":false},"author":2,"featured_media":13894,"parent":0,"menu_order":0,"comment_status":"closed","ping_status":"closed","template":"","meta":{"footnotes":""},"class_list":["post-14276","page","type-page","status-publish","has-post-thumbnail","hentry","post","post-with-thumbnail","post-with-thumbnail-icon"],"_links":{"self":[{"href":"https:\/\/www1.kkl.si\/hu\/wp-json\/wp\/v2\/pages\/14276","targetHints":{"allow":["GET"]}}],"collection":[{"href":"https:\/\/www1.kkl.si\/hu\/wp-json\/wp\/v2\/pages"}],"about":[{"href":"https:\/\/www1.kkl.si\/hu\/wp-json\/wp\/v2\/types\/page"}],"author":[{"embeddable":true,"href":"https:\/\/www1.kkl.si\/hu\/wp-json\/wp\/v2\/users\/2"}],"replies":[{"embeddable":true,"href":"https:\/\/www1.kkl.si\/hu\/wp-json\/wp\/v2\/comments?post=14276"}],"version-history":[{"count":1,"href":"https:\/\/www1.kkl.si\/hu\/wp-json\/wp\/v2\/pages\/14276\/revisions"}],"predecessor-version":[{"id":14277,"href":"https:\/\/www1.kkl.si\/hu\/wp-json\/wp\/v2\/pages\/14276\/revisions\/14277"}],"wp:featuredmedia":[{"embeddable":true,"href":"https:\/\/www1.kkl.si\/hu\/wp-json\/wp\/v2\/media\/13894"}],"wp:attachment":[{"href":"https:\/\/www1.kkl.si\/hu\/wp-json\/wp\/v2\/media?parent=14276"}],"curies":[{"name":"wp","href":"https:\/\/api.w.org\/{rel}","templated":true}]}}