{"id":14362,"date":"2023-09-03T11:48:35","date_gmt":"2023-09-03T09:48:35","guid":{"rendered":"https:\/\/www1.kkl.si\/?page_id=14362"},"modified":"2023-09-03T11:48:45","modified_gmt":"2023-09-03T09:48:45","slug":"kukuc-gledalisce-crtek-v-mestu","status":"publish","type":"page","link":"https:\/\/www1.kkl.si\/hu\/kukuc-gledalisce-crtek-v-mestu\/","title":{"rendered":"KUKUC gledali\u0161\u010de: \u010crtek v mestu"},"content":{"rendered":"<div class=\"opis\"><i class=\"fas fa-clock\"><\/i> <strong>2023. szeptember 3-\u00e1n, vas\u00e1rnap, 18.00<\/strong> | a Lendvai Sz\u00ednh\u00e1z- \u00e9s Hangversenyterem szabadt\u00e9ri sz\u00ednpada<img loading=\"lazy\" decoding=\"async\" class=\"wp-image-1588 alignright\" title=\"Ingyenes rendezv\u00e9ny\" src=\"https:\/\/www1.kkl.si\/wp-content\/uploads\/\/2020\/07\/spored_simb_brezplacna-1.svg\" alt=\"brezplacna\" width=\"30\" height=\"30\" srcset=\"https:\/\/www1.kkl.si\/wp-content\/uploads\/\/2020\/07\/spored_simb_brezplacna-1.svg 150w, https:\/\/www1.kkl.si\/wp-content\/uploads\/\/2020\/07\/spored_simb_brezplacna-1.svg 400w, https:\/\/www1.kkl.si\/wp-content\/uploads\/\/2020\/07\/spored_simb_brezplacna-1.svg 1500w, https:\/\/www1.kkl.si\/wp-content\/uploads\/\/2020\/07\/spored_simb_brezplacna-1.svg 100w\" sizes=\"auto, (max-width: 30px) 100vw, 30px\" \/><br \/>\n<i class=\"fas fa-chevron-circle-right\"><\/i> <strong>szlov\u00e9n gyermekel\u0151d\u00e1s<\/strong><br \/>\nSzervez\u0151: <a href=\"https:\/\/www.kkl.si\/\">Knji\u017enica \u2013 Kulturni center Lendava \u2013 Lendvai K\u00f6nyvt\u00e1r \u00e9s Kultur\u00e1lis K\u00f6zpont<\/a><\/p>\n<hr \/>\n<p><i class=\"fas fa-info-circle\"><\/i> <em>Rossz id\u0151j\u00e1r\u00e1s eset\u00e9n a rendezv\u00e9ny a teremben lesz.<br \/>\n<\/em><\/p>\n<\/div>\n<p><a href=\"https:\/\/www1.kkl.si\/wp-content\/uploads\/2023\/08\/crtek_v_mestu_2022_01.jpg\" data-lbwps-width=\"1200\" data-lbwps-height=\"800\" data-lbwps-srcsmall=\"https:\/\/www1.kkl.si\/wp-content\/uploads\/2023\/08\/crtek_v_mestu_2022_01-400x267.jpg\"><img loading=\"lazy\" decoding=\"async\" class=\"alignnone size-full wp-image-13998\" src=\"https:\/\/www1.kkl.si\/wp-content\/uploads\/2023\/08\/crtek_v_mestu_2022_01.jpg\" alt=\"\" width=\"1200\" height=\"800\" srcset=\"https:\/\/www1.kkl.si\/wp-content\/uploads\/2023\/08\/crtek_v_mestu_2022_01.jpg 1200w, https:\/\/www1.kkl.si\/wp-content\/uploads\/2023\/08\/crtek_v_mestu_2022_01-400x267.jpg 400w\" sizes=\"auto, (max-width: 1200px) 100vw, 1200px\" \/><\/a><\/p>\n<p><a href=\"https:\/\/www1.kkl.si\/wp-content\/uploads\/2023\/08\/plakat_A3_poletni_program2_2023.jpg\" data-lbwps-width=\"2121\" data-lbwps-height=\"3000\" data-lbwps-srcsmall=\"https:\/\/www1.kkl.si\/wp-content\/uploads\/2023\/08\/plakat_A3_poletni_program2_2023.jpg\"><img loading=\"lazy\" decoding=\"async\" class=\"slika alignright wp-image-13893 size-medium\" src=\"https:\/\/www1.kkl.si\/wp-content\/uploads\/2023\/08\/plakat_A3_poletni_program2_2023-scaled-283x400.jpg\" alt=\"\" width=\"283\" height=\"400\" srcset=\"https:\/\/www1.kkl.si\/wp-content\/uploads\/2023\/08\/plakat_A3_poletni_program2_2023-scaled-283x400.jpg 283w, https:\/\/www1.kkl.si\/wp-content\/uploads\/2023\/08\/plakat_A3_poletni_program2_2023-scaled-1061x1500.jpg 1061w, https:\/\/www1.kkl.si\/wp-content\/uploads\/2023\/08\/plakat_A3_poletni_program2_2023-scaled.jpg 1810w\" sizes=\"auto, (max-width: 283px) 100vw, 283px\" \/><\/a><em>Szlov\u00e9n le\u00edr\u00e1s:<\/em><\/p>\n<p>POLETNI PROGRAM 2023 \u2013 KONEC<\/p>\n<p>KUKUC gledali\u0161\u010de (Slovenija):<\/p>\n<p><strong><span style=\"font-size: 24pt;\">\u010crtek v mestu<\/span><\/strong><\/p>\n<div class=\"x11i5rnm xat24cr x1mh8g0r x1vvkbs xtlvy1s\">Iskriva zgodba o mladi\u010dku tigru, ki ga otro\u0161ka zvedavost popelje iz \u017eivalskega vrta v veliko mesto, majhne in velike ozave\u0161\u010da o aktualnih vrednotah trajnostne mobilnosti, ki jih preplete z varnostjo v cestnem prometu.<\/div>\n<div>\u00a0<\/div>\n<div class=\"x11i5rnm xat24cr x1mh8g0r x1vvkbs xtlvy1s\">Najmlaj\u0161i se nevede, skozi pesmice in smeh, pou\u010dijo o nevarnostih, ki pre\u017eijo na majhne udele\u017eence v prometu in se ob tem, ko mladi\u010dku pomagajo varno vrniti se domov, pou\u010dijo o predpisih in pravilih obna\u0161anja v cestnem prometu ter krepijo vrednote sodelovanja, solidarnosti in empatije.<\/div>\n<div>\n<p>Re\u017eija: Ur\u0161ka Ra\u0161\u010dan, Petra Jauk<br \/>\nIgrata: Petra Jauk, Ur\u0161ka Ra\u0161\u010dan<br \/>\nVizualna podoba: Tija Senjur, Petra Jauk, Sandra Horvat<br \/>\nKostumografija: Sandra Horvat<br \/>\nScenski rekviziti: Jure Forjan, Petra Jauk<br \/>\nScenografija: Tija Senjur, Drago Kop\u0161e<br \/>\nPoslikave kulis: Tija Senjur<br \/>\nKonstrukcija: Jure Forjan<br \/>\nGlasbene podlage in izbor songov: Petra Jauk<\/p>\n<\/div>\n<p><i class=\"fas fa-link\"><\/i> <a href=\"https:\/\/kukucpredstave.com\/portfolio-item\/crtek-v-mestu\/\">https:\/\/kukucpredstave.com\/portfolio-item\/crtek-v-mestu\/<\/a><\/p>\n\n\t\t<style type=\"text\/css\">\n\t\t\t#gallery-1 {\n\t\t\t\tmargin: auto;\n\t\t\t}\n\t\t\t#gallery-1 .gallery-item {\n\t\t\t\tfloat: left;\n\t\t\t\tmargin-top: 10px;\n\t\t\t\ttext-align: center;\n\t\t\t\twidth: 16%;\n\t\t\t}\n\t\t\t#gallery-1 img {\n\t\t\t\tborder: 2px solid #cfcfcf;\n\t\t\t}\n\t\t\t#gallery-1 .gallery-caption {\n\t\t\t\tmargin-left: 0;\n\t\t\t}\n\t\t\t\/* see gallery_shortcode() in wp-includes\/media.php *\/\n\t\t<\/style>\n\t\t<div id='gallery-1' class='gallery galleryid-14362 gallery-columns-6 gallery-size-thumbnail'><dl class='gallery-item'>\n\t\t\t<dt class='gallery-icon landscape'>\n\t\t\t\t<a href='https:\/\/www1.kkl.si\/wp-content\/uploads\/2023\/08\/crtek_v_mestu_2022_02.jpg'><img loading=\"lazy\" decoding=\"async\" width=\"150\" height=\"150\" src=\"https:\/\/www1.kkl.si\/wp-content\/uploads\/2023\/08\/crtek_v_mestu_2022_02-150x150.jpg\" class=\"attachment-thumbnail size-thumbnail\" alt=\"\" \/><\/a>\n\t\t\t<\/dt><\/dl><dl class='gallery-item'>\n\t\t\t<dt class='gallery-icon landscape'>\n\t\t\t\t<a href='https:\/\/www1.kkl.si\/wp-content\/uploads\/2023\/08\/crtek_v_mestu_2022_03.jpg'><img loading=\"lazy\" decoding=\"async\" width=\"150\" height=\"150\" src=\"https:\/\/www1.kkl.si\/wp-content\/uploads\/2023\/08\/crtek_v_mestu_2022_03-150x150.jpg\" class=\"attachment-thumbnail size-thumbnail\" alt=\"\" \/><\/a>\n\t\t\t<\/dt><\/dl><dl class='gallery-item'>\n\t\t\t<dt class='gallery-icon landscape'>\n\t\t\t\t<a href='https:\/\/www1.kkl.si\/wp-content\/uploads\/2023\/08\/crtek_v_mestu_2022_04.jpg'><img loading=\"lazy\" decoding=\"async\" width=\"150\" height=\"150\" src=\"https:\/\/www1.kkl.si\/wp-content\/uploads\/2023\/08\/crtek_v_mestu_2022_04-150x150.jpg\" class=\"attachment-thumbnail size-thumbnail\" alt=\"\" \/><\/a>\n\t\t\t<\/dt><\/dl><dl class='gallery-item'>\n\t\t\t<dt class='gallery-icon landscape'>\n\t\t\t\t<a href='https:\/\/www1.kkl.si\/wp-content\/uploads\/2023\/08\/crtek_v_mestu_2022_05.jpg'><img loading=\"lazy\" decoding=\"async\" width=\"150\" height=\"150\" src=\"https:\/\/www1.kkl.si\/wp-content\/uploads\/2023\/08\/crtek_v_mestu_2022_05-150x150.jpg\" class=\"attachment-thumbnail size-thumbnail\" alt=\"\" \/><\/a>\n\t\t\t<\/dt><\/dl><dl class='gallery-item'>\n\t\t\t<dt class='gallery-icon landscape'>\n\t\t\t\t<a href='https:\/\/www1.kkl.si\/wp-content\/uploads\/2023\/08\/crtek_v_mestu_2022_06.jpg'><img loading=\"lazy\" decoding=\"async\" width=\"150\" height=\"150\" src=\"https:\/\/www1.kkl.si\/wp-content\/uploads\/2023\/08\/crtek_v_mestu_2022_06-150x150.jpg\" class=\"attachment-thumbnail size-thumbnail\" alt=\"\" \/><\/a>\n\t\t\t<\/dt><\/dl><dl class='gallery-item'>\n\t\t\t<dt class='gallery-icon landscape'>\n\t\t\t\t<a href='https:\/\/www1.kkl.si\/wp-content\/uploads\/2023\/08\/crtek_v_mestu_2022_07.jpg'><img loading=\"lazy\" decoding=\"async\" width=\"150\" height=\"150\" src=\"https:\/\/www1.kkl.si\/wp-content\/uploads\/2023\/08\/crtek_v_mestu_2022_07-150x150.jpg\" class=\"attachment-thumbnail size-thumbnail\" alt=\"\" \/><\/a>\n\t\t\t<\/dt><\/dl><br style=\"clear: both\" \/>\n\t\t<\/div>\n\n<hr \/>\n<p>VIDEO &#8211; NAPOVEDNIK<\/p>\n<p><iframe loading=\"lazy\" title=\"\u010cRTEK V MESTU - Da bo otro\u0161ki smeh na vseh poteh\" width=\"720\" height=\"405\" src=\"https:\/\/www.youtube.com\/embed\/g2tR_Uxl5QU?feature=oembed\" frameborder=\"0\" allow=\"accelerometer; autoplay; clipboard-write; encrypted-media; gyroscope; picture-in-picture; web-share\" allowfullscreen><\/iframe><\/p>\n<div class=\"x11i5rnm xat24cr x1mh8g0r x1vvkbs xtlvy1s\">\n<div class=\"x11i5rnm xat24cr x1mh8g0r x1vvkbs xtlvy1s\">\n<div class=\"x11i5rnm xat24cr x1mh8g0r x1vvkbs xtlvy1s\"><span style=\"font-size: 10pt;\">Minden rendezv\u00e9ny ingyenes.<\/span><br \/>\n<span style=\"font-size: 10pt;\">A m\u0171sorv\u00e1ltoz\u00e1s jog\u00e1t fenntartjuk.<\/span><\/div>\n<\/div>\n<\/div>\n","protected":false},"excerpt":{"rendered":"<p>2023. szeptember 3-\u00e1n, vas\u00e1rnap, 18.00 | a Lendvai Sz\u00ednh\u00e1z- \u00e9s Hangversenyterem szabadt\u00e9ri sz\u00ednpada szlov\u00e9n gyermekel\u0151d\u00e1s Szervez\u0151: Knji\u017enica \u2013 Kulturni center Lendava \u2013 Lendvai K\u00f6nyvt\u00e1r \u00e9s Kultur\u00e1lis K\u00f6zpont Rossz id\u0151j\u00e1r\u00e1s eset\u00e9n a rendezv\u00e9ny a teremben lesz. Szlov\u00e9n le\u00edr\u00e1s: POLETNI PROGRAM 2023 \u2013 KONEC KUKUC gledali\u0161\u010de (Slovenija): \u010crtek v mestu Iskriva zgodba o mladi\u010dku tigru, ki ga [&hellip;]<\/p>\n","protected":false},"author":2,"featured_media":13894,"parent":0,"menu_order":0,"comment_status":"closed","ping_status":"closed","template":"","meta":{"footnotes":""},"class_list":["post-14362","page","type-page","status-publish","has-post-thumbnail","hentry","post","post-with-thumbnail","post-with-thumbnail-icon"],"_links":{"self":[{"href":"https:\/\/www1.kkl.si\/hu\/wp-json\/wp\/v2\/pages\/14362","targetHints":{"allow":["GET"]}}],"collection":[{"href":"https:\/\/www1.kkl.si\/hu\/wp-json\/wp\/v2\/pages"}],"about":[{"href":"https:\/\/www1.kkl.si\/hu\/wp-json\/wp\/v2\/types\/page"}],"author":[{"embeddable":true,"href":"https:\/\/www1.kkl.si\/hu\/wp-json\/wp\/v2\/users\/2"}],"replies":[{"embeddable":true,"href":"https:\/\/www1.kkl.si\/hu\/wp-json\/wp\/v2\/comments?post=14362"}],"version-history":[{"count":2,"href":"https:\/\/www1.kkl.si\/hu\/wp-json\/wp\/v2\/pages\/14362\/revisions"}],"predecessor-version":[{"id":14364,"href":"https:\/\/www1.kkl.si\/hu\/wp-json\/wp\/v2\/pages\/14362\/revisions\/14364"}],"wp:featuredmedia":[{"embeddable":true,"href":"https:\/\/www1.kkl.si\/hu\/wp-json\/wp\/v2\/media\/13894"}],"wp:attachment":[{"href":"https:\/\/www1.kkl.si\/hu\/wp-json\/wp\/v2\/media?parent=14362"}],"curies":[{"name":"wp","href":"https:\/\/api.w.org\/{rel}","templated":true}]}}