{"id":14651,"date":"2023-10-01T17:47:32","date_gmt":"2023-10-01T15:47:32","guid":{"rendered":"https:\/\/www1.kkl.si\/?page_id=14651"},"modified":"2023-10-01T17:50:58","modified_gmt":"2023-10-01T15:50:58","slug":"lutkovno-gledalisce-fru-fru-pikec-jezek-in-gasilko-jez","status":"publish","type":"page","link":"https:\/\/www1.kkl.si\/hu\/lutkovno-gledalisce-fru-fru-pikec-jezek-in-gasilko-jez\/","title":{"rendered":"Lutkovno gledali\u0161\u010de FRU-FRU: Pikec Je\u017eek in gasilko Je\u017e"},"content":{"rendered":"<div class=\"opis\"><i class=\"fas fa-clock\"><\/i> <strong>2023. okt\u00f3ber 3., kedd, 17.00<\/strong> | Lendvai Sz\u00ednh\u00e1z- \u00e9s Hangversenyterem<img loading=\"lazy\" decoding=\"async\" class=\"wp-image-1592 alignright\" title=\"Fizet\u0151s rendezv\u00e9ny\" src=\"https:\/\/www1.kkl.si\/wp-content\/uploads\/\/2020\/07\/spored_simb_placljiva-1.svg\" alt=\"placljiva\" width=\"30\" height=\"30\" srcset=\"https:\/\/www1.kkl.si\/wp-content\/uploads\/\/2020\/07\/spored_simb_placljiva-1.svg 150w, https:\/\/www1.kkl.si\/wp-content\/uploads\/\/2020\/07\/spored_simb_placljiva-1.svg 400w, https:\/\/www1.kkl.si\/wp-content\/uploads\/\/2020\/07\/spored_simb_placljiva-1.svg 1500w, https:\/\/www1.kkl.si\/wp-content\/uploads\/\/2020\/07\/spored_simb_placljiva-1.svg 100w\" sizes=\"auto, (max-width: 30px) 100vw, 30px\" \/><br \/>\n<i class=\"fas fa-chevron-circle-right\"><\/i> <strong>szlov\u00e9n b\u00e1bel\u0151ad\u00e1s <span class=\"starost\">4+<\/span><\/strong><br \/>\n<i class=\"fas fa-ticket-alt\"><\/i> Bel\u00e9p\u0151: <strong>3 \u20ac<\/strong><br \/>\nSzervez\u0151: <a href=\"https:\/\/www.kkl.si\/\">Knji\u017enica \u2013 Kulturni center Lendava \u2013 Lendvai K\u00f6nyvt\u00e1r \u00e9s Kultur\u00e1lis K\u00f6zpont<\/a><\/div>\n<p><a href=\"https:\/\/www1.kkl.si\/wp-content\/uploads\/2023\/09\/plakat_B2_FRU-FRU_Pikec_Jezek_2023_DVOJ.jpg\" data-lbwps-width=\"1786\" data-lbwps-height=\"2500\" data-lbwps-srcsmall=\"https:\/\/www1.kkl.si\/wp-content\/uploads\/2023\/09\/plakat_B2_FRU-FRU_Pikec_Jezek_2023_DVOJ-286x400.jpg\"><img loading=\"lazy\" decoding=\"async\" class=\"slika alignright wp-image-14549 size-medium\" src=\"https:\/\/www1.kkl.si\/wp-content\/uploads\/2023\/09\/plakat_B2_FRU-FRU_Pikec_Jezek_2023_DVOJ-286x400.jpg\" alt=\"\" width=\"286\" height=\"400\" srcset=\"https:\/\/www1.kkl.si\/wp-content\/uploads\/2023\/09\/plakat_B2_FRU-FRU_Pikec_Jezek_2023_DVOJ-286x400.jpg 286w, https:\/\/www1.kkl.si\/wp-content\/uploads\/2023\/09\/plakat_B2_FRU-FRU_Pikec_Jezek_2023_DVOJ-1072x1500.jpg 1072w, https:\/\/www1.kkl.si\/wp-content\/uploads\/2023\/09\/plakat_B2_FRU-FRU_Pikec_Jezek_2023_DVOJ.jpg 1786w\" sizes=\"auto, (max-width: 286px) 100vw, 286px\" \/><\/a><em>Szlov\u00e9n le\u00edr\u00e1s:<\/em><\/p>\n<p>Lutkovno gledali\u0161\u010de FRU \u2013 FRU<br \/>\n<span style=\"font-size: 18pt;\"><strong>Pikec Je\u017eek in gasilko Je\u017e<\/strong><\/span><\/p>\n<p>Besedilo: ANDREJ ROZMAN ROZA<br \/>\nRe\u017eija: MARJAN KUNAVER in IRENA RAJH<br \/>\nLikovna podoba: ADRIANO JANE\u017dI\u010c<br \/>\nTehnologija in izdelava lutk ter scene: MARJAN KUNAVER in MATEJA \u0160U\u0160TER\u0160I\u010c<br \/>\nPoslikava: NEVA VRBA in ADRIANO JANE\u017dI\u010c<br \/>\nGlasba: MARJAN KUNAVER<br \/>\nAran\u017ema: NINO DE GLERIA<\/p>\n<p>Igrata:\u00a0 MATEV\u017d GREGORI\u010c in IRENA RAJH<\/p>\n<p>Gasilko Je\u017e je neustra\u0161ni in prijazni gasilec, ki v gozdu pomaga in re\u0161uje male gozdne prebivalce, ki se v\u010dasih tudi po svoji krivdi znajdejo v te\u017eavah. Glavni junak je Pikec Je\u017eek, ki rad kaj \u201cu\u0161pi\u010di\u201d. Za napetost pa poskrbi goljufiva podgana, ki ves \u010das na\u010drtuje roparske podvige. Skozi niz dogodov\u0161\u010din Pikca, Lizike in njunih malih prijateljev bodo otroci spoznali, kako se obna\u0161ati ob naravnih in drugih nesre\u010dah, kot so po\u017ear, poplava, potres, kako se nesre\u010d obvarovati in koga poklicati na pomo\u010d.<\/p>\n<p>Predstava nagovarja najmlaj\u0161e in jih na nevsiljiv, hudomu\u0161en in prijazen na\u010din seznanja z nevarnostmi, s katerimi se lahko sre\u010dajo v vrtcu, \u0161oli ali v doma\u010dem okolju. Lutkovna predstava je nastala v sodelovanju z Upravo RS za za\u0161\u010dito in re\u0161evanje, ki je tudi pobudnik skupnega projekta.<\/p>\n<p><strong>Priporo\u010dena starost:<\/strong> 4+<br \/>\n<strong>Trajanje:<\/strong> 40 min<\/p>\n<p><i class=\"fas fa-link\"><\/i> <a href=\"https:\/\/www.frufru.si\/pikec-jezek-in-gasilko-jez\/\">https:\/\/www.frufru.si\/pikec-jezek-in-gasilko-jez\/<\/a><\/p>\n\n\t\t<style type=\"text\/css\">\n\t\t\t#gallery-1 {\n\t\t\t\tmargin: auto;\n\t\t\t}\n\t\t\t#gallery-1 .gallery-item {\n\t\t\t\tfloat: left;\n\t\t\t\tmargin-top: 10px;\n\t\t\t\ttext-align: center;\n\t\t\t\twidth: 16%;\n\t\t\t}\n\t\t\t#gallery-1 img {\n\t\t\t\tborder: 2px solid #cfcfcf;\n\t\t\t}\n\t\t\t#gallery-1 .gallery-caption {\n\t\t\t\tmargin-left: 0;\n\t\t\t}\n\t\t\t\/* see gallery_shortcode() in wp-includes\/media.php *\/\n\t\t<\/style>\n\t\t<div id='gallery-1' class='gallery galleryid-14651 gallery-columns-6 gallery-size-thumbnail'><dl class='gallery-item'>\n\t\t\t<dt class='gallery-icon landscape'>\n\t\t\t\t<a href='https:\/\/www1.kkl.si\/wp-content\/uploads\/2023\/09\/urska_boljkovac_pikec_jezek1.jpg'><img loading=\"lazy\" decoding=\"async\" width=\"150\" height=\"150\" src=\"https:\/\/www1.kkl.si\/wp-content\/uploads\/2023\/09\/urska_boljkovac_pikec_jezek1-150x150.jpg\" class=\"attachment-thumbnail size-thumbnail\" alt=\"\" \/><\/a>\n\t\t\t<\/dt><\/dl><dl class='gallery-item'>\n\t\t\t<dt class='gallery-icon landscape'>\n\t\t\t\t<a href='https:\/\/www1.kkl.si\/wp-content\/uploads\/2023\/09\/urska_boljkovac_pikec_jezek2.jpg'><img loading=\"lazy\" decoding=\"async\" width=\"150\" height=\"150\" src=\"https:\/\/www1.kkl.si\/wp-content\/uploads\/2023\/09\/urska_boljkovac_pikec_jezek2-150x150.jpg\" class=\"attachment-thumbnail size-thumbnail\" alt=\"\" \/><\/a>\n\t\t\t<\/dt><\/dl><dl class='gallery-item'>\n\t\t\t<dt class='gallery-icon landscape'>\n\t\t\t\t<a href='https:\/\/www1.kkl.si\/wp-content\/uploads\/2023\/09\/urska_boljkovac_pikec_jezek3.jpg'><img loading=\"lazy\" decoding=\"async\" width=\"150\" height=\"150\" src=\"https:\/\/www1.kkl.si\/wp-content\/uploads\/2023\/09\/urska_boljkovac_pikec_jezek3-150x150.jpg\" class=\"attachment-thumbnail size-thumbnail\" alt=\"\" \/><\/a>\n\t\t\t<\/dt><\/dl><dl class='gallery-item'>\n\t\t\t<dt class='gallery-icon landscape'>\n\t\t\t\t<a href='https:\/\/www1.kkl.si\/wp-content\/uploads\/2023\/09\/urska_boljkovac_pikec_jezek4.jpg'><img loading=\"lazy\" decoding=\"async\" width=\"150\" height=\"150\" src=\"https:\/\/www1.kkl.si\/wp-content\/uploads\/2023\/09\/urska_boljkovac_pikec_jezek4-150x150.jpg\" class=\"attachment-thumbnail size-thumbnail\" alt=\"\" \/><\/a>\n\t\t\t<\/dt><\/dl><dl class='gallery-item'>\n\t\t\t<dt class='gallery-icon landscape'>\n\t\t\t\t<a href='https:\/\/www1.kkl.si\/wp-content\/uploads\/2023\/09\/urska_boljkovac_pikec_jezek5.jpg'><img loading=\"lazy\" decoding=\"async\" width=\"150\" height=\"150\" src=\"https:\/\/www1.kkl.si\/wp-content\/uploads\/2023\/09\/urska_boljkovac_pikec_jezek5-150x150.jpg\" class=\"attachment-thumbnail size-thumbnail\" alt=\"\" \/><\/a>\n\t\t\t<\/dt><\/dl><dl class='gallery-item'>\n\t\t\t<dt class='gallery-icon landscape'>\n\t\t\t\t<a href='https:\/\/www1.kkl.si\/wp-content\/uploads\/2023\/09\/urska_boljkovac_pikec_jezek6.jpg'><img loading=\"lazy\" decoding=\"async\" width=\"150\" height=\"150\" src=\"https:\/\/www1.kkl.si\/wp-content\/uploads\/2023\/09\/urska_boljkovac_pikec_jezek6-150x150.jpg\" class=\"attachment-thumbnail size-thumbnail\" alt=\"\" \/><\/a>\n\t\t\t<\/dt><\/dl><br style=\"clear: both\" \/><dl class='gallery-item'>\n\t\t\t<dt class='gallery-icon landscape'>\n\t\t\t\t<a href='https:\/\/www1.kkl.si\/wp-content\/uploads\/2023\/09\/urska_boljkovac_pikec_jezek7.jpg'><img loading=\"lazy\" decoding=\"async\" width=\"150\" height=\"150\" src=\"https:\/\/www1.kkl.si\/wp-content\/uploads\/2023\/09\/urska_boljkovac_pikec_jezek7-150x150.jpg\" class=\"attachment-thumbnail size-thumbnail\" alt=\"\" \/><\/a>\n\t\t\t<\/dt><\/dl><dl class='gallery-item'>\n\t\t\t<dt class='gallery-icon landscape'>\n\t\t\t\t<a href='https:\/\/www1.kkl.si\/wp-content\/uploads\/2023\/09\/urska_boljkovac_pikec_jezek8.jpg'><img loading=\"lazy\" decoding=\"async\" width=\"150\" height=\"150\" src=\"https:\/\/www1.kkl.si\/wp-content\/uploads\/2023\/09\/urska_boljkovac_pikec_jezek8-150x150.jpg\" class=\"attachment-thumbnail size-thumbnail\" alt=\"\" \/><\/a>\n\t\t\t<\/dt><\/dl><dl class='gallery-item'>\n\t\t\t<dt class='gallery-icon landscape'>\n\t\t\t\t<a href='https:\/\/www1.kkl.si\/wp-content\/uploads\/2023\/09\/urska_boljkovac_pikec_jezek9.jpg'><img loading=\"lazy\" decoding=\"async\" width=\"150\" height=\"150\" src=\"https:\/\/www1.kkl.si\/wp-content\/uploads\/2023\/09\/urska_boljkovac_pikec_jezek9-150x150.jpg\" class=\"attachment-thumbnail size-thumbnail\" alt=\"\" \/><\/a>\n\t\t\t<\/dt><\/dl><dl class='gallery-item'>\n\t\t\t<dt class='gallery-icon landscape'>\n\t\t\t\t<a href='https:\/\/www1.kkl.si\/wp-content\/uploads\/2023\/09\/urska_boljkovac_pikec_jezek10.jpg'><img loading=\"lazy\" decoding=\"async\" width=\"150\" height=\"150\" src=\"https:\/\/www1.kkl.si\/wp-content\/uploads\/2023\/09\/urska_boljkovac_pikec_jezek10-150x150.jpg\" class=\"attachment-thumbnail size-thumbnail\" alt=\"\" \/><\/a>\n\t\t\t<\/dt><\/dl>\n\t\t\t<br style='clear: both' \/>\n\t\t<\/div>\n\n<p><span style=\"font-size: 10pt;\">Fotografije: Ur\u0161ka Boljkovac<\/span><\/p>\n<p><iframe loading=\"lazy\" src=\"\/\/www.youtube.com\/embed\/ciOmB6pJi7c?si=5sFPfWIa1y2k0Y9y\" width=\"560\" height=\"314\" allowfullscreen=\"allowfullscreen\" data-mce-fragment=\"1\"><\/iframe><\/p>\n","protected":false},"excerpt":{"rendered":"<p>2023. okt\u00f3ber 3., kedd, 17.00 | Lendvai Sz\u00ednh\u00e1z- \u00e9s Hangversenyterem szlov\u00e9n b\u00e1bel\u0151ad\u00e1s 4+ Bel\u00e9p\u0151: 3 \u20ac Szervez\u0151: Knji\u017enica \u2013 Kulturni center Lendava \u2013 Lendvai K\u00f6nyvt\u00e1r \u00e9s Kultur\u00e1lis K\u00f6zpont Szlov\u00e9n le\u00edr\u00e1s: Lutkovno gledali\u0161\u010de FRU \u2013 FRU Pikec Je\u017eek in gasilko Je\u017e Besedilo: ANDREJ ROZMAN ROZA Re\u017eija: MARJAN KUNAVER in IRENA RAJH Likovna podoba: ADRIANO JANE\u017dI\u010c Tehnologija [&hellip;]<\/p>\n","protected":false},"author":2,"featured_media":0,"parent":0,"menu_order":0,"comment_status":"closed","ping_status":"closed","template":"","meta":{"footnotes":""},"class_list":["post-14651","page","type-page","status-publish","hentry","post"],"_links":{"self":[{"href":"https:\/\/www1.kkl.si\/hu\/wp-json\/wp\/v2\/pages\/14651","targetHints":{"allow":["GET"]}}],"collection":[{"href":"https:\/\/www1.kkl.si\/hu\/wp-json\/wp\/v2\/pages"}],"about":[{"href":"https:\/\/www1.kkl.si\/hu\/wp-json\/wp\/v2\/types\/page"}],"author":[{"embeddable":true,"href":"https:\/\/www1.kkl.si\/hu\/wp-json\/wp\/v2\/users\/2"}],"replies":[{"embeddable":true,"href":"https:\/\/www1.kkl.si\/hu\/wp-json\/wp\/v2\/comments?post=14651"}],"version-history":[{"count":2,"href":"https:\/\/www1.kkl.si\/hu\/wp-json\/wp\/v2\/pages\/14651\/revisions"}],"predecessor-version":[{"id":14656,"href":"https:\/\/www1.kkl.si\/hu\/wp-json\/wp\/v2\/pages\/14651\/revisions\/14656"}],"wp:attachment":[{"href":"https:\/\/www1.kkl.si\/hu\/wp-json\/wp\/v2\/media?parent=14651"}],"curies":[{"name":"wp","href":"https:\/\/api.w.org\/{rel}","templated":true}]}}