{"id":14909,"date":"2023-10-20T18:56:47","date_gmt":"2023-10-20T16:56:47","guid":{"rendered":"https:\/\/www1.kkl.si\/?page_id=14909"},"modified":"2023-12-13T11:12:09","modified_gmt":"2023-12-13T10:12:09","slug":"ratonyi-robert-szinhaz-csardaskiralyno","status":"publish","type":"page","link":"https:\/\/www1.kkl.si\/hu\/ratonyi-robert-szinhaz-csardaskiralyno\/","title":{"rendered":"R\u00c1TONYI R\u00d3BERT SZ\u00cdNH\u00c1Z: Cs\u00e1rd\u00e1skir\u00e1lyn\u0151"},"content":{"rendered":"<div class=\"opis\"><i class=\"fas fa-clock\"><\/i> <strong>2023. november 23., kedd, 19.00<\/strong> | Lendvai Sz\u00ednh\u00e1z- \u00e9s Hangversenyterem<img loading=\"lazy\" decoding=\"async\" class=\"wp-image-1592 alignright\" title=\"Fizet\u0151s rendezv\u00e9ny\" src=\"https:\/\/www1.kkl.si\/wp-content\/uploads\/\/2020\/07\/spored_simb_placljiva-1.svg\" alt=\"placljiva\" width=\"30\" height=\"30\" srcset=\"https:\/\/www1.kkl.si\/wp-content\/uploads\/\/2020\/07\/spored_simb_placljiva-1.svg 150w, https:\/\/www1.kkl.si\/wp-content\/uploads\/\/2020\/07\/spored_simb_placljiva-1.svg 400w, https:\/\/www1.kkl.si\/wp-content\/uploads\/\/2020\/07\/spored_simb_placljiva-1.svg 1500w, https:\/\/www1.kkl.si\/wp-content\/uploads\/\/2020\/07\/spored_simb_placljiva-1.svg 100w\" sizes=\"auto, (max-width: 30px) 100vw, 30px\" \/><img loading=\"lazy\" decoding=\"async\" class=\"wp-image-1584 alignright\" title=\"Magyar b\u00e9rlet\" src=\"https:\/\/www1.kkl.si\/wp-content\/uploads\/\/2020\/07\/spored_simb_abonma_hu-1.svg\" alt=\"abonma_hu\" width=\"30\" height=\"30\" srcset=\"https:\/\/www1.kkl.si\/wp-content\/uploads\/\/2020\/07\/spored_simb_abonma_hu-1.svg 150w, https:\/\/www1.kkl.si\/wp-content\/uploads\/\/2020\/07\/spored_simb_abonma_hu-1.svg 400w, https:\/\/www1.kkl.si\/wp-content\/uploads\/\/2020\/07\/spored_simb_abonma_hu-1.svg 1500w, https:\/\/www1.kkl.si\/wp-content\/uploads\/\/2020\/07\/spored_simb_abonma_hu-1.svg 100w\" sizes=\"auto, (max-width: 30px) 100vw, 30px\" \/><br \/>\n<i class=\"fas fa-chevron-circle-right\"><\/i> <strong>nagyoperett<br \/>\n<\/strong><i class=\"fas fa-ticket-alt\"><\/i> Bel\u00e9p\u0151jegy \u00e1ra: <strong>20 \u20ac<\/strong>, di\u00e1koknak \u00e9s nyugd\u00edjasoknak <strong>15 \u20ac<br \/>\n<\/strong>Jegyek 2023. okt\u00f3ber 20-t\u00f3l a Lendvai Sz\u00ednh\u00e1z- \u00e9s Hangversenyterem p\u00e9nzt\u00e1r\u00e1n\u00e1l v\u00e1s\u00e1rolhat\u00f3k +386 (0)2 577 60 24<\/p>\n<div class=\"odpade\">\u00c9RTES\u00cdT\u00c9S: az el\u0151ad\u00e1sra minden jegy elkelt! K\u00f6sz\u00f6nj\u00fck meg\u00e9rt\u00e9s\u00fcket.<\/div>\n<p>Szervez\u0151: <a href=\"https:\/\/www.mnmi-zkmn.si\/\">MNMI Lendva \u2013 ZKMN Lendava<\/a><\/div>\n<p><a href=\"https:\/\/www1.kkl.si\/wp-content\/uploads\/2023\/10\/csardas_szoro.jpg\" data-lbwps-width=\"1772\" data-lbwps-height=\"1233\" data-lbwps-srcsmall=\"https:\/\/www1.kkl.si\/wp-content\/uploads\/2023\/10\/csardas_szoro-400x278.jpg\"><img loading=\"lazy\" decoding=\"async\" class=\"alignnone size-large wp-image-14912\" src=\"https:\/\/www1.kkl.si\/wp-content\/uploads\/2023\/10\/csardas_szoro-1500x1044.jpg\" alt=\"\" width=\"1500\" height=\"1044\" srcset=\"https:\/\/www1.kkl.si\/wp-content\/uploads\/2023\/10\/csardas_szoro-1500x1044.jpg 1500w, https:\/\/www1.kkl.si\/wp-content\/uploads\/2023\/10\/csardas_szoro-400x278.jpg 400w, https:\/\/www1.kkl.si\/wp-content\/uploads\/2023\/10\/csardas_szoro.jpg 1772w\" sizes=\"auto, (max-width: 1500px) 100vw, 1500px\" \/><\/a><\/p>\n<p><strong>Tartalom<\/strong><\/p>\n<p>Vereczky Szilvia ,a vil\u00e1gh\u00edr\u0171 cs\u00e1rd\u00e1skir\u00e1lyn\u0151 b\u00facs\u00fafell\u00e9p\u00e9s\u00e9t tartja az orfeum sz\u00ednpad\u00e1n. Miut\u00e1n az \u00fcnnepl\u0151 publikum elt\u00e1vozott, b\u00facs\u00favacsora k\u00f6vetkezik. Szilvia \u00e9rz\u00e9kenyen elb\u00facs\u00fazik szerelmes\u00e9t\u0151l, a fiatal Lippert- Weilersheim Edwin hercegt\u0151l, aki minden\u00e1ron k\u00f6vetni akarja \u0151t Amerik\u00e1ba. De a gr\u00f3fi csal\u00e1d r\u00e9sen van , mert Edwinnel St\u00e1zi gr\u00f3fn\u0151t akarj\u00e1k elvetetni. Megjelenik a sz\u00ednen Rohnsdorf f\u0151hadnagy, aki tartal\u00e9kos ul\u00e1nustiszt, katonai beh\u00edv\u00f3val, amelyet a csal\u00e1d \u00e9ppen ez\u00e9rt eszk\u00f6z\u00f6lt ki, hogy Edwint elszak\u00edtsa Szilvi\u00e1t\u00f3l. Edwin teh\u00e1t k\u00e9nytelen bevonulni. De Edwin visszav\u00e1g a csal\u00e1d fondorkod\u00e1s\u00e1ra: sebt\u00e9ben k\u00f6zjegyz\u0151t hozat \u00e9s k\u00f6telezi mag\u00e1t arra, hogy nyolc h\u00e9ten bel\u00fcl feles\u00e9g\u00fcl veszi Szilvi\u00e1t. De ekkor B\u00f3ni gr\u00f3f beavatkozik a jelenetbe \u00e9s prezent\u00e1l egy esk\u00fcv\u0151i megh\u00edv\u00f3t, amit az im\u00e9nt Rohnsdorft\u00f3l kapott\u2026<\/p>\n<p><iframe loading=\"lazy\" title=\"CS\u00c1RD\u00c1SKIR\u00c1LYN\u0150 - R\u00e1tonyi R\u00f3bert Sz\u00ednh\u00e1z\" width=\"720\" height=\"405\" src=\"https:\/\/www.youtube.com\/embed\/LYijupIXF4M?feature=oembed\" frameborder=\"0\" allow=\"accelerometer; autoplay; clipboard-write; encrypted-media; gyroscope; picture-in-picture; web-share\" allowfullscreen><\/iframe><\/p>\n<p><strong>Szerepl\u0151k<\/strong><\/p>\n<p><a href=\"https:\/\/www1.kkl.si\/wp-content\/uploads\/2023\/09\/Csardaskiralyno-RatonyiRobert-Szinhaz4.jpg\" data-lbwps-width=\"750\" data-lbwps-height=\"422\" data-lbwps-srcsmall=\"https:\/\/www1.kkl.si\/wp-content\/uploads\/2023\/09\/Csardaskiralyno-RatonyiRobert-Szinhaz4-400x225.jpg\"><img loading=\"lazy\" decoding=\"async\" class=\"slika alignright wp-image-14371 size-medium\" src=\"https:\/\/www1.kkl.si\/wp-content\/uploads\/2023\/09\/Csardaskiralyno-RatonyiRobert-Szinhaz4-400x225.jpg\" alt=\"\" width=\"400\" height=\"225\" srcset=\"https:\/\/www1.kkl.si\/wp-content\/uploads\/2023\/09\/Csardaskiralyno-RatonyiRobert-Szinhaz4-400x225.jpg 400w, https:\/\/www1.kkl.si\/wp-content\/uploads\/2023\/09\/Csardaskiralyno-RatonyiRobert-Szinhaz4.jpg 750w\" sizes=\"auto, (max-width: 400px) 100vw, 400px\" \/><\/a>Vereczky Szilvia: Luk\u00e1cs Anita, V\u00f6r\u00f6s Edit,<br \/>\nEdwin Ronald herceg: Vad\u00e1sz Zsolt, Domoszlai S\u00e1ndor, Bot G\u00e1bor<br \/>\nCec\u00edlia: K\u00e1llay Bori<br \/>\nLeopold Maria, Cec\u00edlia f\u00e9rje: Kokas L\u00e1szl\u00f3, Vir\u00e1gh J\u00f3zsef<br \/>\nKerekes Feri: Vir\u00e1gh J\u00f3zsef<br \/>\nKaucsi\u00e1n\u00f3 Bonif\u00e1c gr\u00f3f: Kiss Zolt\u00e1n, Kov\u00e1cs Szil\u00e1rd<br \/>\nStazi kontesz: Teremi Trixi, Haraszti Elvira<br \/>\nRohnsdorff t\u00e1bornok: Lendvai Zsolt, Altsach Gergely<br \/>\nMiska, f\u0151pinc\u00e9r: Szirtes G\u00e1bor, Farag\u00f3 Andr\u00e1s<br \/>\nLazarovics, f\u00f6ldbirtokos: Lendvai Zsolt, Altsach Gergely<\/p>\n<p><strong>K\u00f6zrem\u0171k\u00f6dik:<\/strong><br \/>\nR\u00e1tonyi R\u00f3bert Sz\u00ednh\u00e1z t\u00e1nckara, \u00e9nekkara \u00e9s zenekara, K\u00e9m\u00e9nczy Antal vezet\u00e9s\u00e9vel<\/p>\n\n\t\t<style type=\"text\/css\">\n\t\t\t#gallery-1 {\n\t\t\t\tmargin: auto;\n\t\t\t}\n\t\t\t#gallery-1 .gallery-item {\n\t\t\t\tfloat: left;\n\t\t\t\tmargin-top: 10px;\n\t\t\t\ttext-align: center;\n\t\t\t\twidth: 16%;\n\t\t\t}\n\t\t\t#gallery-1 img {\n\t\t\t\tborder: 2px solid #cfcfcf;\n\t\t\t}\n\t\t\t#gallery-1 .gallery-caption {\n\t\t\t\tmargin-left: 0;\n\t\t\t}\n\t\t\t\/* see gallery_shortcode() in wp-includes\/media.php *\/\n\t\t<\/style>\n\t\t<div id='gallery-1' class='gallery galleryid-14909 gallery-columns-6 gallery-size-thumbnail'><dl class='gallery-item'>\n\t\t\t<dt class='gallery-icon landscape'>\n\t\t\t\t<a href='https:\/\/www1.kkl.si\/wp-content\/uploads\/2023\/09\/Csardaskiralyno-RatonyiRobert-Szinhaz1.jpg'><img loading=\"lazy\" decoding=\"async\" width=\"150\" height=\"150\" src=\"https:\/\/www1.kkl.si\/wp-content\/uploads\/2023\/09\/Csardaskiralyno-RatonyiRobert-Szinhaz1-150x150.jpg\" class=\"attachment-thumbnail size-thumbnail\" alt=\"\" \/><\/a>\n\t\t\t<\/dt><\/dl><dl class='gallery-item'>\n\t\t\t<dt class='gallery-icon landscape'>\n\t\t\t\t<a href='https:\/\/www1.kkl.si\/wp-content\/uploads\/2023\/09\/Csardaskiralyno-RatonyiRobert-Szinhaz2.jpg'><img loading=\"lazy\" decoding=\"async\" width=\"150\" height=\"150\" src=\"https:\/\/www1.kkl.si\/wp-content\/uploads\/2023\/09\/Csardaskiralyno-RatonyiRobert-Szinhaz2-150x150.jpg\" class=\"attachment-thumbnail size-thumbnail\" alt=\"\" \/><\/a>\n\t\t\t<\/dt><\/dl><dl class='gallery-item'>\n\t\t\t<dt class='gallery-icon landscape'>\n\t\t\t\t<a href='https:\/\/www1.kkl.si\/wp-content\/uploads\/2023\/09\/Csardaskiralyno-RatonyiRobert-Szinhaz3.jpg'><img loading=\"lazy\" decoding=\"async\" width=\"150\" height=\"150\" src=\"https:\/\/www1.kkl.si\/wp-content\/uploads\/2023\/09\/Csardaskiralyno-RatonyiRobert-Szinhaz3-150x150.jpg\" class=\"attachment-thumbnail size-thumbnail\" alt=\"\" \/><\/a>\n\t\t\t<\/dt><\/dl><dl class='gallery-item'>\n\t\t\t<dt class='gallery-icon landscape'>\n\t\t\t\t<a href='https:\/\/www1.kkl.si\/wp-content\/uploads\/2023\/09\/Csardaskiralyno-RatonyiRobert-Szinhaz5.jpg'><img loading=\"lazy\" decoding=\"async\" width=\"150\" height=\"150\" src=\"https:\/\/www1.kkl.si\/wp-content\/uploads\/2023\/09\/Csardaskiralyno-RatonyiRobert-Szinhaz5-150x150.jpg\" class=\"attachment-thumbnail size-thumbnail\" alt=\"\" \/><\/a>\n\t\t\t<\/dt><\/dl><dl class='gallery-item'>\n\t\t\t<dt class='gallery-icon landscape'>\n\t\t\t\t<a href='https:\/\/www1.kkl.si\/wp-content\/uploads\/2023\/09\/Csardaskiralyno-RatonyiRobert-Szinhaz7.jpg'><img loading=\"lazy\" decoding=\"async\" width=\"150\" height=\"150\" src=\"https:\/\/www1.kkl.si\/wp-content\/uploads\/2023\/09\/Csardaskiralyno-RatonyiRobert-Szinhaz7-150x150.jpg\" class=\"attachment-thumbnail size-thumbnail\" alt=\"\" \/><\/a>\n\t\t\t<\/dt><\/dl><dl class='gallery-item'>\n\t\t\t<dt class='gallery-icon landscape'>\n\t\t\t\t<a href='https:\/\/www1.kkl.si\/wp-content\/uploads\/2023\/09\/Csardaskiralyno-RatonyiRobert-Szinhaz6.jpg'><img loading=\"lazy\" decoding=\"async\" width=\"150\" height=\"150\" src=\"https:\/\/www1.kkl.si\/wp-content\/uploads\/2023\/09\/Csardaskiralyno-RatonyiRobert-Szinhaz6-150x150.jpg\" class=\"attachment-thumbnail size-thumbnail\" alt=\"\" \/><\/a>\n\t\t\t<\/dt><\/dl><br style=\"clear: both\" \/>\n\t\t<\/div>\n\n<p><i class=\"fas fa-link\"><\/i> <a href=\"https:\/\/ratonyirobertszinhaz.hu\/project\/csardaskiralyno\/\">https:\/\/ratonyirobertszinhaz.hu\/project\/csardaskiralyno\/<\/a><br \/>\n<i class=\"fab fa-youtube\"><\/i> <a href=\"https:\/\/www.youtube.com\/@szabolcshetei-bako2127\">https:\/\/www.youtube.com\/@szabolcshetei-bako2127<\/a><br \/>\n<i class=\"fab fa-facebook-square\"><\/i> <a href=\"https:\/\/www.facebook.com\/profile.php?id=100057143482250\">https:\/\/www.facebook.com\/profile.php?id=100057143482250<\/a><\/p>\n<hr \/>\n<p>MNMI Magyar sz\u00ednh\u00e1zi b\u00e9rlet 2023\/24<\/p>\n<p><strong>Kapcsolat: <br \/>\n<\/strong><i class=\"fas fa-link\"><\/i> <a href=\"https:\/\/www1.kkl.si\/hu\/magyar-szinhazi-berlet-2023-24\/\">https:\/\/www1.kkl.si\/hu\/magyar-szinhazi-berlet-2023-24\/<\/a><\/p>\n<p><strong><a href=\"https:\/\/www1.kkl.si\/hu\/magyar-szinhazi-berlet-2023-24\/\"><img loading=\"lazy\" decoding=\"async\" class=\"alignnone wp-image-14186 size-large\" src=\"https:\/\/www1.kkl.si\/wp-content\/uploads\/2023\/08\/2023_08_31_magyar_berlet-1500x400.png\" alt=\"\" width=\"1500\" height=\"400\" srcset=\"https:\/\/www1.kkl.si\/wp-content\/uploads\/2023\/08\/2023_08_31_magyar_berlet.png 1500w, https:\/\/www1.kkl.si\/wp-content\/uploads\/2023\/08\/2023_08_31_magyar_berlet-400x107.png 400w\" sizes=\"auto, (max-width: 1500px) 100vw, 1500px\" \/><\/a><\/strong><\/p>\n","protected":false},"excerpt":{"rendered":"<p>2023. november 23., kedd, 19.00 | Lendvai Sz\u00ednh\u00e1z- \u00e9s Hangversenyterem nagyoperett Bel\u00e9p\u0151jegy \u00e1ra: 20 \u20ac, di\u00e1koknak \u00e9s nyugd\u00edjasoknak 15 \u20ac Jegyek 2023. okt\u00f3ber 20-t\u00f3l a Lendvai Sz\u00ednh\u00e1z- \u00e9s Hangversenyterem p\u00e9nzt\u00e1r\u00e1n\u00e1l v\u00e1s\u00e1rolhat\u00f3k +386 (0)2 577 60 24 \u00c9RTES\u00cdT\u00c9S: az el\u0151ad\u00e1sra minden jegy elkelt! K\u00f6sz\u00f6nj\u00fck meg\u00e9rt\u00e9s\u00fcket. Szervez\u0151: MNMI Lendva \u2013 ZKMN Lendava Tartalom Vereczky Szilvia ,a vil\u00e1gh\u00edr\u0171 [&hellip;]<\/p>\n","protected":false},"author":2,"featured_media":14912,"parent":0,"menu_order":0,"comment_status":"closed","ping_status":"closed","template":"","meta":{"footnotes":""},"class_list":["post-14909","page","type-page","status-publish","has-post-thumbnail","hentry","post","post-with-thumbnail","post-with-thumbnail-icon"],"_links":{"self":[{"href":"https:\/\/www1.kkl.si\/hu\/wp-json\/wp\/v2\/pages\/14909","targetHints":{"allow":["GET"]}}],"collection":[{"href":"https:\/\/www1.kkl.si\/hu\/wp-json\/wp\/v2\/pages"}],"about":[{"href":"https:\/\/www1.kkl.si\/hu\/wp-json\/wp\/v2\/types\/page"}],"author":[{"embeddable":true,"href":"https:\/\/www1.kkl.si\/hu\/wp-json\/wp\/v2\/users\/2"}],"replies":[{"embeddable":true,"href":"https:\/\/www1.kkl.si\/hu\/wp-json\/wp\/v2\/comments?post=14909"}],"version-history":[{"count":4,"href":"https:\/\/www1.kkl.si\/hu\/wp-json\/wp\/v2\/pages\/14909\/revisions"}],"predecessor-version":[{"id":15686,"href":"https:\/\/www1.kkl.si\/hu\/wp-json\/wp\/v2\/pages\/14909\/revisions\/15686"}],"wp:featuredmedia":[{"embeddable":true,"href":"https:\/\/www1.kkl.si\/hu\/wp-json\/wp\/v2\/media\/14912"}],"wp:attachment":[{"href":"https:\/\/www1.kkl.si\/hu\/wp-json\/wp\/v2\/media?parent=14909"}],"curies":[{"name":"wp","href":"https:\/\/api.w.org\/{rel}","templated":true}]}}