{"id":15167,"date":"2023-11-10T08:13:17","date_gmt":"2023-11-10T07:13:17","guid":{"rendered":"https:\/\/www1.kkl.si\/?page_id=15167"},"modified":"2023-11-10T08:13:17","modified_gmt":"2023-11-10T07:13:17","slug":"jozsef-attila-szinhaz-a-gyertyak-csonkig-egnek","status":"publish","type":"page","link":"https:\/\/www1.kkl.si\/hu\/jozsef-attila-szinhaz-a-gyertyak-csonkig-egnek\/","title":{"rendered":"J\u00d3ZSEF ATTILA SZ\u00cdNH\u00c1Z: A gyerty\u00e1k csonkig \u00e9gnek"},"content":{"rendered":"<div class=\"opis\"><i class=\"fas fa-clock\"><\/i> <strong>2023. november 27., h\u00e9tf\u0151, 19.00<\/strong> | Lendvai Sz\u00ednh\u00e1z- \u00e9s Hangversenyterem<img loading=\"lazy\" decoding=\"async\" class=\"wp-image-1592 alignright\" title=\"Fizet\u0151s rendezv\u00e9ny\" src=\"https:\/\/www1.kkl.si\/wp-content\/uploads\/\/2020\/07\/spored_simb_placljiva-1.svg\" alt=\"placljiva\" width=\"30\" height=\"30\" srcset=\"https:\/\/www1.kkl.si\/wp-content\/uploads\/\/2020\/07\/spored_simb_placljiva-1.svg 150w, https:\/\/www1.kkl.si\/wp-content\/uploads\/\/2020\/07\/spored_simb_placljiva-1.svg 400w, https:\/\/www1.kkl.si\/wp-content\/uploads\/\/2020\/07\/spored_simb_placljiva-1.svg 1500w, https:\/\/www1.kkl.si\/wp-content\/uploads\/\/2020\/07\/spored_simb_placljiva-1.svg 100w\" sizes=\"auto, (max-width: 30px) 100vw, 30px\" \/><img loading=\"lazy\" decoding=\"async\" class=\"wp-image-1584 alignright\" title=\"Magyar b\u00e9rlet\" src=\"https:\/\/www1.kkl.si\/wp-content\/uploads\/\/2020\/07\/spored_simb_abonma_hu-1.svg\" alt=\"abonma_hu\" width=\"30\" height=\"30\" srcset=\"https:\/\/www1.kkl.si\/wp-content\/uploads\/\/2020\/07\/spored_simb_abonma_hu-1.svg 150w, https:\/\/www1.kkl.si\/wp-content\/uploads\/\/2020\/07\/spored_simb_abonma_hu-1.svg 400w, https:\/\/www1.kkl.si\/wp-content\/uploads\/\/2020\/07\/spored_simb_abonma_hu-1.svg 1500w, https:\/\/www1.kkl.si\/wp-content\/uploads\/\/2020\/07\/spored_simb_abonma_hu-1.svg 100w\" sizes=\"auto, (max-width: 30px) 100vw, 30px\" \/><br \/>\n<i class=\"fas fa-chevron-circle-right\"><\/i> <strong>dr\u00e1ma<br \/>\n<\/strong><i class=\"fas fa-ticket-alt\"><\/i> Bel\u00e9p\u0151jegy \u00e1ra: <strong>17 \u20ac<\/strong>, di\u00e1koknak \u00e9s nyugd\u00edjasoknak <strong>14 \u20ac<br \/>\n<\/strong>Jegyek 2023. november 13-t\u00f3l a Lendvai Sz\u00ednh\u00e1z- \u00e9s Hangversenyterem p\u00e9nzt\u00e1r\u00e1n\u00e1l v\u00e1s\u00e1rolhat\u00f3k <i class=\"fas fa-phone-alt\"><\/i> +386 (0)2 577 60 24<br \/>\nSzervez\u0151: <a href=\"https:\/\/www.mnmi-zkmn.si\/\">MNMI Lendva \u2013 ZKMN Lendava<\/a><\/div>\n<p><a href=\"https:\/\/www1.kkl.si\/wp-content\/uploads\/2023\/11\/gyertycsonk_plakat.jpg\" data-lbwps-width=\"830\" data-lbwps-height=\"1181\" data-lbwps-srcsmall=\"https:\/\/www1.kkl.si\/wp-content\/uploads\/2023\/11\/gyertycsonk_plakat-281x400.jpg\"><img loading=\"lazy\" decoding=\"async\" class=\"alignright size-medium wp-image-15164\" src=\"https:\/\/www1.kkl.si\/wp-content\/uploads\/2023\/11\/gyertycsonk_plakat-281x400.jpg\" alt=\"\" width=\"281\" height=\"400\" srcset=\"https:\/\/www1.kkl.si\/wp-content\/uploads\/2023\/11\/gyertycsonk_plakat-281x400.jpg 281w, https:\/\/www1.kkl.si\/wp-content\/uploads\/2023\/11\/gyertycsonk_plakat.jpg 830w\" sizes=\"auto, (max-width: 281px) 100vw, 281px\" \/><\/a>J\u00d3ZSEF ATTILA SZ\u00cdNH\u00c1Z | M\u00e1rai S\u00e1ndor<br \/>\n<strong>A gyerty\u00e1k csonkig \u00e9gnek<\/strong><\/p>\n<p><em>dr\u00e1ma | Egy elk\u00e9pzelt tal\u00e1lkoz\u00e1s k\u00e9t r\u00e9szben<br \/>\n<\/em><\/p>\n<p>\nM\u00e1rai S\u00e1ndor azonos c\u00edm\u0171 reg\u00e9nye alapj\u00e1n sz\u00ednpadra alkalmazta Pozsgai Zsolt<\/p>\n<p><strong>Szerepl\u0151k<\/strong><br \/>\nHenrik, a t\u00e1bornok &#8211; Lux \u00c1d\u00e1m<br \/>\nKonr\u00e1d, valamikori bar\u00e1tja &#8211; Nemcs\u00e1k K\u00e1roly<br \/>\nNini, \u00f6reg dajka &#8211; Moln\u00e1r Zsuzsanna<br \/>\nKrisztina &#8211; Holczinger Szandra<br \/>\nVad\u00e1sz &#8211; Bot\u00e1r Endre<\/p>\n<p><strong>Alkot\u00f3k<\/strong><br \/>\nD\u00edszlet &#8211; Csisz\u00e1r Imre<br \/>\nJelmez &#8211; Feh\u00e9r Anna<br \/>\n\u00dcgyel\u0151 &#8211; Peth\u0151 D\u00e1vid<br \/>\nDramaturg- Szokolai Brigitta<br \/>\nRendez\u0151asszisztens &#8211; N\u00e9meth D\u00f3ra, J\u00e1mpa Kriszta<br \/>\nRendez\u0151 &#8211; Csisz\u00e1r Imre<\/p>\n<p><strong>T\u00f6rt\u00e9net<\/strong><\/p>\n<p>K\u00e9t r\u00e9gi bar\u00e1t \u00e9vtizedek ut\u00e1n \u00fajra tal\u00e1lkozik. Egyik\u00fck annak idej\u00e9n el\u00e1rulta a m\u00e1sikat. Bel\u0151le most egy k\u00fcl\u00f6n\u00f6s est\u00e9n v\u00e1dlott, a h\u00e1zigazd\u00e1b\u00f3l v\u00e1dl\u00f3 lesz. Egy \u00e1tbesz\u00e9lgetett \u00e9jszaka t\u00f6rt\u00e9nete vil\u00e1grendek sz\u00e9thull\u00e1s\u00e1r\u00f3l, bar\u00e1ts\u00e1gr\u00f3l, h\u0171s\u00e9gr\u0151l \u00e9s \u00e1rul\u00e1sr\u00f3l.<\/p>\n\n\t\t<style type=\"text\/css\">\n\t\t\t#gallery-1 {\n\t\t\t\tmargin: auto;\n\t\t\t}\n\t\t\t#gallery-1 .gallery-item {\n\t\t\t\tfloat: left;\n\t\t\t\tmargin-top: 10px;\n\t\t\t\ttext-align: center;\n\t\t\t\twidth: 16%;\n\t\t\t}\n\t\t\t#gallery-1 img {\n\t\t\t\tborder: 2px solid #cfcfcf;\n\t\t\t}\n\t\t\t#gallery-1 .gallery-caption {\n\t\t\t\tmargin-left: 0;\n\t\t\t}\n\t\t\t\/* see gallery_shortcode() in wp-includes\/media.php *\/\n\t\t<\/style>\n\t\t<div id='gallery-1' class='gallery galleryid-15167 gallery-columns-6 gallery-size-thumbnail'><dl class='gallery-item'>\n\t\t\t<dt class='gallery-icon landscape'>\n\t\t\t\t<a href='https:\/\/www1.kkl.si\/wp-content\/uploads\/2023\/09\/gyertyak_csonkig1.jpg'><img loading=\"lazy\" decoding=\"async\" width=\"150\" height=\"150\" src=\"https:\/\/www1.kkl.si\/wp-content\/uploads\/2023\/09\/gyertyak_csonkig1-150x150.jpg\" class=\"attachment-thumbnail size-thumbnail\" alt=\"\" \/><\/a>\n\t\t\t<\/dt><\/dl><dl class='gallery-item'>\n\t\t\t<dt class='gallery-icon landscape'>\n\t\t\t\t<a href='https:\/\/www1.kkl.si\/wp-content\/uploads\/2023\/09\/gyertyak_csonkig2.jpg'><img loading=\"lazy\" decoding=\"async\" width=\"150\" height=\"150\" src=\"https:\/\/www1.kkl.si\/wp-content\/uploads\/2023\/09\/gyertyak_csonkig2-150x150.jpg\" class=\"attachment-thumbnail size-thumbnail\" alt=\"\" \/><\/a>\n\t\t\t<\/dt><\/dl><dl class='gallery-item'>\n\t\t\t<dt class='gallery-icon portrait'>\n\t\t\t\t<a href='https:\/\/www1.kkl.si\/wp-content\/uploads\/2023\/09\/gyertyak_csonkig3.jpg'><img loading=\"lazy\" decoding=\"async\" width=\"150\" height=\"150\" src=\"https:\/\/www1.kkl.si\/wp-content\/uploads\/2023\/09\/gyertyak_csonkig3-150x150.jpg\" class=\"attachment-thumbnail size-thumbnail\" alt=\"\" \/><\/a>\n\t\t\t<\/dt><\/dl><dl class='gallery-item'>\n\t\t\t<dt class='gallery-icon landscape'>\n\t\t\t\t<a href='https:\/\/www1.kkl.si\/wp-content\/uploads\/2023\/09\/gyertyak_csonkig4.jpg'><img loading=\"lazy\" decoding=\"async\" width=\"150\" height=\"150\" src=\"https:\/\/www1.kkl.si\/wp-content\/uploads\/2023\/09\/gyertyak_csonkig4-150x150.jpg\" class=\"attachment-thumbnail size-thumbnail\" alt=\"\" \/><\/a>\n\t\t\t<\/dt><\/dl><dl class='gallery-item'>\n\t\t\t<dt class='gallery-icon landscape'>\n\t\t\t\t<a href='https:\/\/www1.kkl.si\/wp-content\/uploads\/2023\/09\/gyertyak_csonkig5.jpg'><img loading=\"lazy\" decoding=\"async\" width=\"150\" height=\"150\" src=\"https:\/\/www1.kkl.si\/wp-content\/uploads\/2023\/09\/gyertyak_csonkig5-150x150.jpg\" class=\"attachment-thumbnail size-thumbnail\" alt=\"\" \/><\/a>\n\t\t\t<\/dt><\/dl><dl class='gallery-item'>\n\t\t\t<dt class='gallery-icon landscape'>\n\t\t\t\t<a href='https:\/\/www1.kkl.si\/wp-content\/uploads\/2023\/09\/gyertyak_csonkig6.jpg'><img loading=\"lazy\" decoding=\"async\" width=\"150\" height=\"150\" src=\"https:\/\/www1.kkl.si\/wp-content\/uploads\/2023\/09\/gyertyak_csonkig6-150x150.jpg\" class=\"attachment-thumbnail size-thumbnail\" alt=\"\" \/><\/a>\n\t\t\t<\/dt><\/dl><br style=\"clear: both\" \/><dl class='gallery-item'>\n\t\t\t<dt class='gallery-icon landscape'>\n\t\t\t\t<a href='https:\/\/www1.kkl.si\/wp-content\/uploads\/2023\/09\/gyertyak_csonkig7.jpg'><img loading=\"lazy\" decoding=\"async\" width=\"150\" height=\"150\" src=\"https:\/\/www1.kkl.si\/wp-content\/uploads\/2023\/09\/gyertyak_csonkig7-150x150.jpg\" class=\"attachment-thumbnail size-thumbnail\" alt=\"\" \/><\/a>\n\t\t\t<\/dt><\/dl><dl class='gallery-item'>\n\t\t\t<dt class='gallery-icon landscape'>\n\t\t\t\t<a href='https:\/\/www1.kkl.si\/wp-content\/uploads\/2023\/09\/gyertyak_csonkig8.jpg'><img loading=\"lazy\" decoding=\"async\" width=\"150\" height=\"150\" src=\"https:\/\/www1.kkl.si\/wp-content\/uploads\/2023\/09\/gyertyak_csonkig8-150x150.jpg\" class=\"attachment-thumbnail size-thumbnail\" alt=\"\" \/><\/a>\n\t\t\t<\/dt><\/dl><dl class='gallery-item'>\n\t\t\t<dt class='gallery-icon portrait'>\n\t\t\t\t<a href='https:\/\/www1.kkl.si\/wp-content\/uploads\/2023\/09\/gyertyak_csonkig9.jpg'><img loading=\"lazy\" decoding=\"async\" width=\"150\" height=\"150\" src=\"https:\/\/www1.kkl.si\/wp-content\/uploads\/2023\/09\/gyertyak_csonkig9-150x150.jpg\" class=\"attachment-thumbnail size-thumbnail\" alt=\"\" \/><\/a>\n\t\t\t<\/dt><\/dl>\n\t\t\t<br style='clear: both' \/>\n\t\t<\/div>\n\n<p><i class=\"fas fa-link\"><\/i> <a href=\"https:\/\/jozsefattilaszinhaz.hu\/eloadas\/a-gyertyak-csonkig-egnek\/\">https:\/\/jozsefattilaszinhaz.hu\/eloadas\/a-gyertyak-csonkig-egnek\/<\/a><br \/>\n<i class=\"fab fa-facebook-square\"><\/i> <a href=\"https:\/\/www.facebook.com\/jozsefattilaszinhaz\/\">https:\/\/www.facebook.com\/jozsefattilaszinhaz\/<\/a><br \/>\n<i class=\"fab fa-instagram\"><\/i> <a href=\"https:\/\/www.instagram.com\/jozsefattilaszinhaz\/\">https:\/\/www.instagram.com\/jozsefattilaszinhaz\/<\/a><br \/>\n<i class=\"fab fa-tiktok\"><\/i> <a href=\"https:\/\/www.tiktok.com\/@jozsefattilaszinhaz\">https:\/\/www.tiktok.com\/@jozsefattilaszinhaz<\/a><\/p>\n<hr \/>\n<p>MNMI Magyar sz\u00ednh\u00e1zi b\u00e9rlet 2023\/24<\/p>\n<p><strong>Kapcsolat: <br \/>\n<\/strong><i class=\"fas fa-link\"><\/i> <a href=\"https:\/\/www1.kkl.si\/hu\/magyar-szinhazi-berlet-2023-24\/\">https:\/\/www1.kkl.si\/hu\/magyar-szinhazi-berlet-2023-24\/<\/a><\/p>\n<p><strong><a href=\"https:\/\/www1.kkl.si\/hu\/magyar-szinhazi-berlet-2023-24\/\"><img loading=\"lazy\" decoding=\"async\" class=\"alignnone wp-image-14186 size-large\" src=\"https:\/\/www1.kkl.si\/wp-content\/uploads\/2023\/08\/2023_08_31_magyar_berlet-1500x400.png\" alt=\"\" width=\"1500\" height=\"400\" srcset=\"https:\/\/www1.kkl.si\/wp-content\/uploads\/2023\/08\/2023_08_31_magyar_berlet.png 1500w, https:\/\/www1.kkl.si\/wp-content\/uploads\/2023\/08\/2023_08_31_magyar_berlet-400x107.png 400w\" sizes=\"auto, (max-width: 1500px) 100vw, 1500px\" \/><\/a><\/strong><\/p>\n","protected":false},"excerpt":{"rendered":"<p>2023. november 27., h\u00e9tf\u0151, 19.00 | Lendvai Sz\u00ednh\u00e1z- \u00e9s Hangversenyterem dr\u00e1ma Bel\u00e9p\u0151jegy \u00e1ra: 17 \u20ac, di\u00e1koknak \u00e9s nyugd\u00edjasoknak 14 \u20ac Jegyek 2023. november 13-t\u00f3l a Lendvai Sz\u00ednh\u00e1z- \u00e9s Hangversenyterem p\u00e9nzt\u00e1r\u00e1n\u00e1l v\u00e1s\u00e1rolhat\u00f3k +386 (0)2 577 60 24 Szervez\u0151: MNMI Lendva \u2013 ZKMN Lendava J\u00d3ZSEF ATTILA SZ\u00cdNH\u00c1Z | M\u00e1rai S\u00e1ndor A gyerty\u00e1k csonkig \u00e9gnek dr\u00e1ma | Egy [&hellip;]<\/p>\n","protected":false},"author":2,"featured_media":15164,"parent":0,"menu_order":0,"comment_status":"closed","ping_status":"closed","template":"","meta":{"footnotes":""},"class_list":["post-15167","page","type-page","status-publish","has-post-thumbnail","hentry","post","post-with-thumbnail","post-with-thumbnail-icon"],"_links":{"self":[{"href":"https:\/\/www1.kkl.si\/hu\/wp-json\/wp\/v2\/pages\/15167","targetHints":{"allow":["GET"]}}],"collection":[{"href":"https:\/\/www1.kkl.si\/hu\/wp-json\/wp\/v2\/pages"}],"about":[{"href":"https:\/\/www1.kkl.si\/hu\/wp-json\/wp\/v2\/types\/page"}],"author":[{"embeddable":true,"href":"https:\/\/www1.kkl.si\/hu\/wp-json\/wp\/v2\/users\/2"}],"replies":[{"embeddable":true,"href":"https:\/\/www1.kkl.si\/hu\/wp-json\/wp\/v2\/comments?post=15167"}],"version-history":[{"count":1,"href":"https:\/\/www1.kkl.si\/hu\/wp-json\/wp\/v2\/pages\/15167\/revisions"}],"predecessor-version":[{"id":15169,"href":"https:\/\/www1.kkl.si\/hu\/wp-json\/wp\/v2\/pages\/15167\/revisions\/15169"}],"wp:featuredmedia":[{"embeddable":true,"href":"https:\/\/www1.kkl.si\/hu\/wp-json\/wp\/v2\/media\/15164"}],"wp:attachment":[{"href":"https:\/\/www1.kkl.si\/hu\/wp-json\/wp\/v2\/media?parent=15167"}],"curies":[{"name":"wp","href":"https:\/\/api.w.org\/{rel}","templated":true}]}}