{"id":15574,"date":"2023-12-08T11:09:36","date_gmt":"2023-12-08T10:09:36","guid":{"rendered":"https:\/\/www1.kkl.si\/?page_id=15574"},"modified":"2023-12-28T12:10:09","modified_gmt":"2023-12-28T11:10:09","slug":"az-sng-maribor-szimfonikus-zenekara-karacsonyi-ujevi-koncert","status":"publish","type":"page","link":"https:\/\/www1.kkl.si\/hu\/az-sng-maribor-szimfonikus-zenekara-karacsonyi-ujevi-koncert\/","title":{"rendered":"Az SNG Maribor szimfonikus zenekara: Kar\u00e1csonyi \u2013 \u00faj\u00e9vi koncert"},"content":{"rendered":"<div class=\"opis\"><i class=\"fas fa-clock\"><\/i> <strong>2023. december 28. cs\u00fct\u00f6rt\u00f6k, 19.00<\/strong> | Lendvai Sz\u00ednh\u00e1z- \u00e9s Hangversenyterem<img loading=\"lazy\" decoding=\"async\" class=\"alignright\" title=\"Brezpla\u010dna prireditev\" src=\"https:\/\/www1.kkl.si\/wp-content\/uploads\/\/2020\/07\/spored_simb_brezplacna-1.svg\" alt=\"brezplacna\" width=\"30\" height=\"30\" \/><br \/>\n<i class=\"fas fa-chevron-circle-right\"><\/i> <strong>koncert<\/strong><br \/>\n<i class=\"fas fa-info-circle\"><\/i> A bel\u00e9p\u00e9s d\u00edjtalan. Az ingyenes jegyek \u00e1tvehet\u0151k a Lendavai Sz\u00ednh\u00e1z \u2013 \u00e9s Hangversenyterem p\u00e9nzt\u00e1r\u00e1n.<strong><br \/>\n<\/strong>Szervez\u0151: <a href=\"https:\/\/www.kkl.si\/\">Knji\u017enica \u2013 Kulturni center Lendava \u2013 Lendvai K\u00f6nyvt\u00e1r \u00e9s Kultur\u00e1lis K\u00f6zpont<\/a><\/p>\n<div class=\"odpade\"><span style=\"font-size: 18pt;\"><i class=\"fas fa-exclamation-circle\"><\/i><\/span>\u00a0 \u00c9RTES\u00cdT\u00c9S: Az SNG Maribor Szimfonikus Zenekar\u00e1nak Kar\u00e1csonyi \u2013 \u00faj\u00e9vi koncertj\u00e9re minden jegy elkelt!<\/div>\n<\/div>\n<p><a href=\"https:\/\/www1.kkl.si\/wp-content\/uploads\/2023\/12\/sng_MB_bozicni.jpg\" data-lbwps-width=\"2048\" data-lbwps-height=\"1376\" data-lbwps-srcsmall=\"https:\/\/www1.kkl.si\/wp-content\/uploads\/2023\/12\/sng_MB_bozicni-400x269.jpg\"><img loading=\"lazy\" decoding=\"async\" class=\"alignnone size-large wp-image-15563\" src=\"https:\/\/www1.kkl.si\/wp-content\/uploads\/2023\/12\/sng_MB_bozicni-1500x1008.jpg\" alt=\"\" width=\"1500\" height=\"1008\" srcset=\"https:\/\/www1.kkl.si\/wp-content\/uploads\/2023\/12\/sng_MB_bozicni-1500x1008.jpg 1500w, https:\/\/www1.kkl.si\/wp-content\/uploads\/2023\/12\/sng_MB_bozicni-400x269.jpg 400w, https:\/\/www1.kkl.si\/wp-content\/uploads\/2023\/12\/sng_MB_bozicni-768x516.jpg 768w, https:\/\/www1.kkl.si\/wp-content\/uploads\/2023\/12\/sng_MB_bozicni-1536x1032.jpg 1536w, https:\/\/www1.kkl.si\/wp-content\/uploads\/2023\/12\/sng_MB_bozicni-272x182.jpg 272w, https:\/\/www1.kkl.si\/wp-content\/uploads\/2023\/12\/sng_MB_bozicni.jpg 2048w\" sizes=\"auto, (max-width: 1500px) 100vw, 1500px\" \/><\/a><\/p>\n<p class=\"sppb-addon-title\"><span style=\"font-size: 18pt;\"><a href=\"https:\/\/www1.kkl.si\/wp-content\/uploads\/2023\/11\/plakat_B1_december_2023_DVOJ.jpg\" data-lbwps-width=\"2100\" data-lbwps-height=\"3000\" data-lbwps-srcsmall=\"https:\/\/www1.kkl.si\/wp-content\/uploads\/2023\/11\/plakat_B1_december_2023_DVOJ.jpg\"><img loading=\"lazy\" decoding=\"async\" class=\"slika alignright wp-image-15283 size-medium\" src=\"https:\/\/www1.kkl.si\/wp-content\/uploads\/2023\/11\/plakat_B1_december_2023_DVOJ-scaled-280x400.jpg\" alt=\"\" width=\"280\" height=\"400\" srcset=\"https:\/\/www1.kkl.si\/wp-content\/uploads\/2023\/11\/plakat_B1_december_2023_DVOJ-scaled-280x400.jpg 280w, https:\/\/www1.kkl.si\/wp-content\/uploads\/2023\/11\/plakat_B1_december_2023_DVOJ-scaled-1050x1500.jpg 1050w, https:\/\/www1.kkl.si\/wp-content\/uploads\/2023\/11\/plakat_B1_december_2023_DVOJ-scaled.jpg 1792w\" sizes=\"auto, (max-width: 280px) 100vw, 280px\" \/><\/a><\/span>Az idei kar\u00e1csonyi-\u00faj\u00e9vi koncert igazi zenei csemege lesz, Simon Kre\u010di\u010d maestro vez\u00e9nyli a zenekart \u00e9s a neves sz\u00f3list\u00e1kat: <strong>Martin Su\u0161nik<\/strong> tenort \u00e9s <strong>Oksana Pe\u010deny<\/strong> heged\u0171m\u0171v\u00e9szt.<\/p>\n<p><em>Szlov\u00e9n le\u00edr\u00e1s:<\/em><\/p>\n<p><span style=\"font-size: 18pt;\"><strong>Martin Su\u0161nik<\/strong><\/span>, slovenski tenorist (roj. 1981, Sydney, Avstralija).<\/p>\n<p><a href=\"https:\/\/www1.kkl.si\/wp-content\/uploads\/2023\/12\/martin-susnik.jpg\" data-lbwps-width=\"676\" data-lbwps-height=\"696\" data-lbwps-srcsmall=\"https:\/\/www1.kkl.si\/wp-content\/uploads\/2023\/12\/martin-susnik-389x400.jpg\"><img loading=\"lazy\" decoding=\"async\" class=\"alignleft size-thumbnail wp-image-15559\" src=\"https:\/\/www1.kkl.si\/wp-content\/uploads\/2023\/12\/martin-susnik-150x150.jpg\" alt=\"\" width=\"150\" height=\"150\" \/><\/a>Rodil se je v Avstraliji, vendar \u017ee od otro\u0161tva \u017eivi v Sloveniji. \u0160tudij solopetja je kon\u010dal z odliko na Akademiji za glasbo Univerze v Ljubljani v razredu prof. Pie Brodnik. Uspe\u0161no je sodeloval na razli\u010dnih tekmovanjih doma in v tujini, kjer je osvojil ve\u010d zlatih priznanj. Za svoje dose\u017eke je v \u010dasu \u0161tudija prejel \u0161tudentsko Pre\u0161ernovo nagrado in sve\u010dano listino za izredne \u0161tudijske dose\u017eke Univerze v Ljubljani. Na koncertih, tako doma kot v tujini, ve\u010dkrat nastopa z razli\u010dnimi zbori, komornimi zasedbami in orkestri. Udejstvuje se predvsem na opernih odrih, prav tako pa se posve\u010da tudi petju oratorijev, ma\u0161 in samospevov.<\/p>\n<p>Je akademski glasbenik solo pevec in profesor solo petja z diplomo &#8222;Suma cum laude&#8221;. Najve\u010d nastopa na opernih odrih, izvaja pa tudi sakralna dela, kot na primer <em>Requiem<\/em> (W. A. Mozart), <em>Janezov Pasion<\/em> (J. S. Bach) in mnoge ma\u0161e razli\u010dnih skladateljev.<\/p>\n<p>Deluje kot tenorist liri\u010dnega tenorskega opernega in koncertnega repertoarja in je poznan slovenski, hrva\u0161ki, italijanski in avstrijski publiki. Je \u010dlan solisti\u010dnega ansambla Opere in baleta SNG Maribor, redno nastopa tudi v HNK Zagreb, Split in Reka. Predstavil se je tudi na presti\u017enem festivalu Verdi v Bussetu leta 2018, ve\u010dkrat je \u017ee sodeloval tudi s Teatrom Verdi v Trstu.<\/p>\n<p>Viri: <a href=\"https:\/\/sl.wikipedia.org\/wiki\/Martin_Su\u0161nik\">https:\/\/sl.wikipedia.org\/wiki\/Martin_Su\u0161nik<\/a>, <a href=\"https:\/\/www.glasbenamatica.si\/koncerti\/koncert-samospevov-martin-susnik-in-irina-milivojevic\/\">https:\/\/www.glasbenamatica.si\/koncerti\/koncert-samospevov-martin-susnik-in-irina-milivojevic\/<\/a><br \/>\nDodatne informacije: <a href=\"https:\/\/www.sng-mb.si\/person\/martin-susnik-2\/\">https:\/\/www.sng-mb.si\/person\/martin-susnik-2\/<\/a><\/p>\n<p>&nbsp;<\/p>\n<p><span style=\"font-size: 18pt;\"><strong>Oksana Pe\u010deny<\/strong><\/span>, ukrajinska violinistka (roj. 1983, Kijev, Ukrajina)<\/p>\n<p><a href=\"https:\/\/www1.kkl.si\/wp-content\/uploads\/2023\/12\/Oksana_Peceny.jpg\" data-lbwps-width=\"667\" data-lbwps-height=\"1000\" data-lbwps-srcsmall=\"https:\/\/www1.kkl.si\/wp-content\/uploads\/2023\/12\/Oksana_Peceny-267x400.jpg\"><img loading=\"lazy\" decoding=\"async\" class=\"alignleft size-thumbnail wp-image-15561\" src=\"https:\/\/www1.kkl.si\/wp-content\/uploads\/2023\/12\/Oksana_Peceny-150x150.jpg\" alt=\"\" width=\"150\" height=\"150\" \/><\/a>Prvo glasbeno znanje je pridobila na <em>Specialni \u0161oli za nadarjene otroke<\/em> v Kijevu, \u0161olanje pa je nadaljevala na Srednji glasbeni \u0161oli v Mariboru v razredu svojega o\u010deta Tarasa Pe\u010denyja. \u0160tudij je nato tri semestre nadaljevala v Grazu pri prof. Borisu Ku\u0161nirju. Leta 2007 je z odliko diplomirala na Akademiji za glasbo v Ljubljani pri prof. Primo\u017eu Nov\u0161aku in prejela diplomo Summa cum laude za umetni\u0161ke dose\u017eke v \u010dasu \u0161tudija. Je ve\u010dkratna zmagovalka dr\u017eavnih in mednarodnih tekmovanj (Ljubljana, Italija, Nizozemska).<\/p>\n<p>Kot solistka je nastopila z Mariborsko filharmonijo, Simfoni\u010dnim orkestrom HRT, Simfoni\u010dnim orkestrom RTV Slovenija, Simfoni\u010dnim orkestrom Akademije za glasbo v Ljubljani, orkestrom Solisti Piranesi, Libanonskim komornim orkestrom, romunskim simfoni\u010dnim orkestrom ter ve\u010dkrat s Slovensko filharmonijo.<\/p>\n<p>Bila je \u010dlanica komornega orkestra <em>Solisti Piranesi<\/em>, godalnega damskega orkestra &#8222;Musidora&#8221;, <em>Komornega orkestra slovenskih solistov<\/em> ter kvinteta Astorpia, ki prete\u017eno izvaja glasbo Astorja Piazzolle. Od leta 2003 je zasedala mesto koncertne mojstrice Komornega in Simfoni\u010dnega orkestra Akademije za glasbo v Ljubljani. Leta 2004 je prejela \u0161tudentsko Pre\u0161ernovo nagrado. Kot solistka in \u010dlanica komornih zasedb je nastopala po Italiji, \u0160vici, Hrva\u0161ki, Sloveniji in Avstriji. Sodeluje s priznanimi glasbeniki po svetu in je 2. koncertna mojstrica mednarodnega orkestra &#8222;No Borders Orchestra&#8221;. Od sezone 2013\/14 je koncertna mojstrica SNG Maribor.<\/p>\n<p>Vir: <a href=\"https:\/\/sl.wikipedia.org\/wiki\/Oksana_Pe\u010deny\">https:\/\/sl.wikipedia.org\/wiki\/Oksana_Pe\u010deny<\/a><\/p>\n<hr \/>\n<p style=\"text-align: center;\">PROGRAM<\/p>\n<p style=\"text-align: center;\"><span style=\"font-size: 18pt;\"><strong>Bo\u017ei\u010dno-novoletni koncert<\/strong><\/span><\/p>\n<p style=\"text-align: center;\"><span style=\"font-size: 18pt;\"><strong>(Novoletni gala koncert opernih arij)<\/strong><\/span><\/p>\n<p style=\"text-align: center;\">28. december 2023, Lendava<\/p>\n<p style=\"text-align: center;\"><em>Nastopajo<\/em><\/p>\n<p style=\"text-align: center;\"><strong>Simfoni\u010dni orkester SNG Maribor<\/strong><\/p>\n<p style=\"text-align: center;\"><em>Dirigent<\/em> <strong>Simon Kre\u010di\u010d<\/strong><\/p>\n<p style=\"text-align: center;\"><em>Solista<\/em>\u00a0<strong>Martin Su\u0161nik<\/strong>, tenor, <strong>Oksana Pe\u010deny<\/strong>, violina<\/p>\n<p>&nbsp;<\/p>\n<ul>\n<li>Giuseppe Verdi: <em>Uvertura k operi Luisa Miller<\/em><\/li>\n<li>Giuseppe Verdi: <em>La donna \u00e8 mobile<\/em>, arija Vojvode iz opere <em>Rigoletto<\/em> (solist Martin Su\u0161nik)<\/li>\n<li>Peter Ilji\u010d \u010cajkovski: <em>Italijanski capriccio<\/em>, op. 45<\/li>\n<li>Giacomo Puccini: <em>Che gelida manina<\/em>, arija Rodolfa iz opere <em>La boh\u00e8me<\/em> (solist Martin Su\u0161nik)<\/li>\n<li>Georges Bizet: <em>Pastorale<\/em> iz druge suite <em>Arle\u017eanka<\/em><\/li>\n<li>Georges Bizet: <em>Menuet<\/em> iz druge suite <em>Arle\u017eanka<\/em><\/li>\n<li>Georges Bizet: <em>Farandole<\/em> iz druge suite <em>Arle\u017eanka<\/em><\/li>\n<\/ul>\n<p><iframe loading=\"lazy\" src=\"\/\/www.youtube.com\/embed\/Pr0VdhEIll0\" width=\"560\" height=\"314\" allowfullscreen=\"allowfullscreen\"><span style=\"display: inline-block; width: 0px; overflow: hidden; line-height: 0;\" data-mce-type=\"bookmark\" class=\"mce_SELRES_start\">\ufeff<\/span><\/iframe><\/p>\n<p style=\"text-align: left;\">* * *<\/p>\n<ul>\n<li>Georges Bizet: <em>Entr&#8217;acte<\/em> k \u010detrtemu dejanju opere<em> Carmen<\/em><\/li>\n<li>Georges Bizet: <em>La fleur que tu m&#8217;avais jet\u00e9e<\/em>, arija Don Jos\u00e9ja iz opere <em>Carmen<\/em> (solist Martin Su\u0161nik)<\/li>\n<li>Pablo Sarasate: <em>Ciganske melodije<\/em> za violino in orkester, op. 20 (solistka Oksana Pe\u010deny)<\/li>\n<li>Slavko Avsenik, prir. Bojan Adami\u010d: <em>Spomin<\/em><\/li>\n<li>Leroy Anderson: <em>A Christmas Festival<\/em><\/li>\n<\/ul>\n<p><strong>Dodatki:<\/strong><\/p>\n<ul>\n<li>Giacomo Puccini: <em>Nessun dorma<\/em>, arija Calafa iz opere <em>Turandot<\/em> (solist Martin Su\u0161nik)<\/li>\n<li>Johann Strauss st.: <em>Radetzky mar\u0161<\/em>, op. 228<\/li>\n<\/ul>\n<p><iframe loading=\"lazy\" title=\"SIMFONI\u010cNI ORKESTER SNG MARIBOR - AVSENIK : SPOMIN\" width=\"720\" height=\"540\" src=\"https:\/\/www.youtube.com\/embed\/aU-ka1Z5Koc?feature=oembed\" frameborder=\"0\" allow=\"accelerometer; autoplay; clipboard-write; encrypted-media; gyroscope; picture-in-picture; web-share\" allowfullscreen><\/iframe><\/p>\n<p><i class=\"fas fa-link\"><\/i> <a href=\"https:\/\/www.sng-mb.si\/\">https:\/\/www.sng-mb.si\/<\/a><\/p>\n<hr \/>\n<p><em>\u00a0A rendezv\u00e9nyt a <a href=\"https:\/\/www.gov.si\/drzavni-organi\/ministrstva\/ministrstvo-za-kulturo\/\">Szlov\u00e9n K\u00f6zt\u00e1rsas\u00e1g Kultur\u00e1lis Miniszt\u00e9riuma<\/a> t\u00e1mogatja.<\/em><\/p>\n","protected":false},"excerpt":{"rendered":"<p>2023. december 28. cs\u00fct\u00f6rt\u00f6k, 19.00 | Lendvai Sz\u00ednh\u00e1z- \u00e9s Hangversenyterem koncert A bel\u00e9p\u00e9s d\u00edjtalan. Az ingyenes jegyek \u00e1tvehet\u0151k a Lendavai Sz\u00ednh\u00e1z \u2013 \u00e9s Hangversenyterem p\u00e9nzt\u00e1r\u00e1n. Szervez\u0151: Knji\u017enica \u2013 Kulturni center Lendava \u2013 Lendvai K\u00f6nyvt\u00e1r \u00e9s Kultur\u00e1lis K\u00f6zpont \u00a0 \u00c9RTES\u00cdT\u00c9S: Az SNG Maribor Szimfonikus Zenekar\u00e1nak Kar\u00e1csonyi \u2013 \u00faj\u00e9vi koncertj\u00e9re minden jegy elkelt! Az idei kar\u00e1csonyi-\u00faj\u00e9vi koncert [&hellip;]<\/p>\n","protected":false},"author":2,"featured_media":15284,"parent":0,"menu_order":0,"comment_status":"closed","ping_status":"closed","template":"","meta":{"footnotes":""},"class_list":["post-15574","page","type-page","status-publish","has-post-thumbnail","hentry","post","post-with-thumbnail","post-with-thumbnail-icon"],"_links":{"self":[{"href":"https:\/\/www1.kkl.si\/hu\/wp-json\/wp\/v2\/pages\/15574","targetHints":{"allow":["GET"]}}],"collection":[{"href":"https:\/\/www1.kkl.si\/hu\/wp-json\/wp\/v2\/pages"}],"about":[{"href":"https:\/\/www1.kkl.si\/hu\/wp-json\/wp\/v2\/types\/page"}],"author":[{"embeddable":true,"href":"https:\/\/www1.kkl.si\/hu\/wp-json\/wp\/v2\/users\/2"}],"replies":[{"embeddable":true,"href":"https:\/\/www1.kkl.si\/hu\/wp-json\/wp\/v2\/comments?post=15574"}],"version-history":[{"count":7,"href":"https:\/\/www1.kkl.si\/hu\/wp-json\/wp\/v2\/pages\/15574\/revisions"}],"predecessor-version":[{"id":15932,"href":"https:\/\/www1.kkl.si\/hu\/wp-json\/wp\/v2\/pages\/15574\/revisions\/15932"}],"wp:featuredmedia":[{"embeddable":true,"href":"https:\/\/www1.kkl.si\/hu\/wp-json\/wp\/v2\/media\/15284"}],"wp:attachment":[{"href":"https:\/\/www1.kkl.si\/hu\/wp-json\/wp\/v2\/media?parent=15574"}],"curies":[{"name":"wp","href":"https:\/\/api.w.org\/{rel}","templated":true}]}}