{"id":15582,"date":"2023-12-10T15:10:58","date_gmt":"2023-12-10T14:10:58","guid":{"rendered":"https:\/\/www1.kkl.si\/?page_id=15582"},"modified":"2023-12-10T15:13:03","modified_gmt":"2023-12-10T14:13:03","slug":"ku-kuc-gledalisce-pravljica-za-skrate","status":"publish","type":"page","link":"https:\/\/www1.kkl.si\/hu\/ku-kuc-gledalisce-pravljica-za-skrate\/","title":{"rendered":"KU-KUC GLEDALI\u0160\u010cE: Pravljica za \u0161krate"},"content":{"rendered":"<div class=\"opis\"><i class=\"fas fa-clock\"><\/i> <strong>2023. december 13. szerda, 17.00<\/strong> | Lendvai Sz\u00ednh\u00e1z- \u00e9s Hangversenyterem<img loading=\"lazy\" decoding=\"async\" class=\"wp-image-1592 alignright\" title=\"Fizet\u0151s rendezv\u00e9ny\" src=\"https:\/\/www1.kkl.si\/wp-content\/uploads\/\/2020\/07\/spored_simb_placljiva-1.svg\" alt=\"placljiva\" width=\"30\" height=\"30\" srcset=\"https:\/\/www1.kkl.si\/wp-content\/uploads\/\/2020\/07\/spored_simb_placljiva-1.svg 150w, https:\/\/www1.kkl.si\/wp-content\/uploads\/\/2020\/07\/spored_simb_placljiva-1.svg 400w, https:\/\/www1.kkl.si\/wp-content\/uploads\/\/2020\/07\/spored_simb_placljiva-1.svg 1500w, https:\/\/www1.kkl.si\/wp-content\/uploads\/\/2020\/07\/spored_simb_placljiva-1.svg 100w\" sizes=\"auto, (max-width: 30px) 100vw, 30px\" \/><br \/>\n<i class=\"fas fa-chevron-circle-right\"><\/i> <strong>szlov\u00e9n nyelv\u0171 gyerekel\u0151ad\u00e1s<\/strong><br \/>\n<i class=\"fas fa-ticket-alt\"><\/i> Bel\u00e9p\u0151jegy \u00e1ra: <strong>3 \u20ac<\/strong><br \/>\nJegyek a Lendvai Sz\u00ednh\u00e1z- \u00e9s Hangversenyterem p\u00e9nzt\u00e1r\u00e1n\u00e1l v\u00e1s\u00e1rolhat\u00f3k. <i class=\"fas fa-phone-alt\"><\/i> Telefon: (0)2 577 60 24<strong><br \/>\n<\/strong>Szervez\u0151: <a href=\"https:\/\/www.kkl.si\/\">Knji\u017enica \u2013 Kulturni center Lendava \u2013 Lendvai K\u00f6nyvt\u00e1r \u00e9s Kultur\u00e1lis K\u00f6zpont<\/a><\/p>\n<blockquote>\n<p>A gyerekel\u0151ad\u00e1s ut\u00e1n a Lavina Kult\u00farklub, <strong>Sz\u00ednh\u00e1zi titkok &#8211; Kar\u00e1csonyi m\u0171helyek<\/strong> c\u00edm\u0171 ingyenes foglalkoztat\u00e1s lesz.<\/p>\n<\/blockquote>\n<\/div>\n<p><span style=\"font-size: 18pt;\"><a href=\"https:\/\/www1.kkl.si\/wp-content\/uploads\/2023\/11\/plakat_B2_pravljica_za_skrate_2023.jpg\" data-lbwps-width=\"2143\" data-lbwps-height=\"3000\" data-lbwps-srcsmall=\"https:\/\/www1.kkl.si\/wp-content\/uploads\/2023\/11\/plakat_B2_pravljica_za_skrate_2023.jpg\"><img loading=\"lazy\" decoding=\"async\" class=\"slika alignright wp-image-15485 size-medium\" src=\"https:\/\/www1.kkl.si\/wp-content\/uploads\/2023\/11\/plakat_B2_pravljica_za_skrate_2023-scaled-286x400.jpg\" alt=\"\" width=\"286\" height=\"400\" srcset=\"https:\/\/www1.kkl.si\/wp-content\/uploads\/2023\/11\/plakat_B2_pravljica_za_skrate_2023-scaled-286x400.jpg 286w, https:\/\/www1.kkl.si\/wp-content\/uploads\/2023\/11\/plakat_B2_pravljica_za_skrate_2023-scaled-1072x1500.jpg 1072w, https:\/\/www1.kkl.si\/wp-content\/uploads\/2023\/11\/plakat_B2_pravljica_za_skrate_2023-scaled.jpg 1829w\" sizes=\"auto, (max-width: 286px) 100vw, 286px\" \/><\/a><\/span><\/p>\n<p><em>Szlov\u00e9n le\u00edr\u00e1s:<\/em><\/p>\n<p><span style=\"font-size: 18pt;\">PRAVLJICA ZA \u0160KRATE<\/span><br \/>\nNepozabna prazni\u010dna pustolov\u0161\u010dina<\/p>\n<p>\u0160kratka Pripovedovalka prihaja iz de\u017eele \u0161kratov in potuje v pravljico. Svojo pot je za\u010drtala kot povabilo v svet, ki mu vlada otro\u0161ka domi\u0161ljija. Le kaj bi vse njene skrivnostne stvari, \u010de ne bi bilo \u010dudenja in smeha male publike? Le kako bi zmaj Bo\u017eo zbral pogum za bruhanje ognja? In kako bi princeska pre\u017eivela praznike \u010disto sama? Del najlep\u0161e pravljice na svetu postanejo kov\u010dki, pa igra\u010de in predmeti, celo otroci.<\/p>\n<p>Navdihujo\u010da avtorska predstava v sebi nosi pomembna sporo\u010dila o dobrem in zlem, o pomo\u010di drugim in pravem pomenu prazni\u010dnih dni. Pravljica za \u0161krate je zabavna pustolov\u0161\u010dina, stkana iz zgodb in pobud publike, ki navdu\u0161i razli\u010dno stare otroke, nasmeje njihove star\u0161e in se \u010dudovito zlije s prihodom in obdarovanjem dobrega mo\u017ea.<\/p>\n<p><strong>O PREDSTAVI<\/strong><\/p>\n<p>Najbolj primerna za:<br \/>\nVrtec 1-3, Vrtec 3-6, O\u0160 I. triada, O\u0160 II. triada, O\u0160 III. triada<\/p>\n<p>Obravnavane teme:<br \/>\nPRAZNIKI, DARILA, PRAVLJICE, SODELOVANJE, PRIJATELJSTVO, DOMI\u0160LJIJA<\/p>\n<p>Vloga gledalcev:<br \/>\nS pomo\u010djo svoje domi\u0161ljije pomagajo \u0160kratki Pripovedovalki ustvariti pravljico, ki i\u0161\u010de in na koncu najde sre\u010den in pravi\u010den konec.<\/p>\n<p>Trajanje: cca. 30 min<\/p>\n<p><strong>O AVTORJIH<\/strong><\/p>\n<p>Zgodba in idejna zasnova: Ur\u0161ka Ra\u0161\u010dan<br \/>\nSoustvarjalka: Petra Jauk<br \/>\nScenarij: Ur\u0161ka Ra\u0161\u010dan<br \/>\nRe\u017eija: Ur\u0161ka Ra\u0161\u010dan<br \/>\nIgra: Ur\u0161ka Ra\u0161\u010dan<br \/>\nLikovna podoba: Sandra Horvat, Tija Senjur<br \/>\nKostumografija: Sandra Horvat<br \/>\nScenografija: Drago Kop\u0161e, Jure Forjan, Sandra Horvat<br \/>\nKonstrukcija: Jure Forjan<br \/>\nScenski rekviziti: Sandra Horvat<br \/>\nGlasbene podlage: Nino Pe\u010dek<br \/>\nIzbor songov: Ur\u0161ka Ra\u0161\u010dan<\/p>\n<hr \/>\n<p>FOTOGALERIJA<\/p>\n\n\t\t<style type=\"text\/css\">\n\t\t\t#gallery-1 {\n\t\t\t\tmargin: auto;\n\t\t\t}\n\t\t\t#gallery-1 .gallery-item {\n\t\t\t\tfloat: left;\n\t\t\t\tmargin-top: 10px;\n\t\t\t\ttext-align: center;\n\t\t\t\twidth: 16%;\n\t\t\t}\n\t\t\t#gallery-1 img {\n\t\t\t\tborder: 2px solid #cfcfcf;\n\t\t\t}\n\t\t\t#gallery-1 .gallery-caption {\n\t\t\t\tmargin-left: 0;\n\t\t\t}\n\t\t\t\/* see gallery_shortcode() in wp-includes\/media.php *\/\n\t\t<\/style>\n\t\t<div id='gallery-1' class='gallery galleryid-15582 gallery-columns-6 gallery-size-thumbnail'><dl class='gallery-item'>\n\t\t\t<dt class='gallery-icon landscape'>\n\t\t\t\t<a href='https:\/\/www1.kkl.si\/wp-content\/uploads\/2023\/11\/kukuc_pzs_2023_1.jpg'><img loading=\"lazy\" decoding=\"async\" width=\"150\" height=\"150\" src=\"https:\/\/www1.kkl.si\/wp-content\/uploads\/2023\/11\/kukuc_pzs_2023_1-150x150.jpg\" class=\"attachment-thumbnail size-thumbnail\" alt=\"\" \/><\/a>\n\t\t\t<\/dt><\/dl><dl class='gallery-item'>\n\t\t\t<dt class='gallery-icon landscape'>\n\t\t\t\t<a href='https:\/\/www1.kkl.si\/wp-content\/uploads\/2023\/11\/kukuc_pzs_2023_2.jpg'><img loading=\"lazy\" decoding=\"async\" width=\"150\" height=\"150\" src=\"https:\/\/www1.kkl.si\/wp-content\/uploads\/2023\/11\/kukuc_pzs_2023_2-150x150.jpg\" class=\"attachment-thumbnail size-thumbnail\" alt=\"\" \/><\/a>\n\t\t\t<\/dt><\/dl><dl class='gallery-item'>\n\t\t\t<dt class='gallery-icon landscape'>\n\t\t\t\t<a href='https:\/\/www1.kkl.si\/wp-content\/uploads\/2023\/11\/kukuc_pzs_2023_3.jpg'><img loading=\"lazy\" decoding=\"async\" width=\"150\" height=\"150\" src=\"https:\/\/www1.kkl.si\/wp-content\/uploads\/2023\/11\/kukuc_pzs_2023_3-150x150.jpg\" class=\"attachment-thumbnail size-thumbnail\" alt=\"\" \/><\/a>\n\t\t\t<\/dt><\/dl><dl class='gallery-item'>\n\t\t\t<dt class='gallery-icon landscape'>\n\t\t\t\t<a href='https:\/\/www1.kkl.si\/wp-content\/uploads\/2023\/11\/kukuc_pzs_2023_4.jpg'><img loading=\"lazy\" decoding=\"async\" width=\"150\" height=\"150\" src=\"https:\/\/www1.kkl.si\/wp-content\/uploads\/2023\/11\/kukuc_pzs_2023_4-150x150.jpg\" class=\"attachment-thumbnail size-thumbnail\" alt=\"\" \/><\/a>\n\t\t\t<\/dt><\/dl><dl class='gallery-item'>\n\t\t\t<dt class='gallery-icon landscape'>\n\t\t\t\t<a href='https:\/\/www1.kkl.si\/wp-content\/uploads\/2023\/11\/kukuc_pzs_2023_5.jpg'><img loading=\"lazy\" decoding=\"async\" width=\"150\" height=\"150\" src=\"https:\/\/www1.kkl.si\/wp-content\/uploads\/2023\/11\/kukuc_pzs_2023_5-150x150.jpg\" class=\"attachment-thumbnail size-thumbnail\" alt=\"\" \/><\/a>\n\t\t\t<\/dt><\/dl><dl class='gallery-item'>\n\t\t\t<dt class='gallery-icon landscape'>\n\t\t\t\t<a href='https:\/\/www1.kkl.si\/wp-content\/uploads\/2023\/11\/kukuc_pzs_2023_6.jpg'><img loading=\"lazy\" decoding=\"async\" width=\"150\" height=\"150\" src=\"https:\/\/www1.kkl.si\/wp-content\/uploads\/2023\/11\/kukuc_pzs_2023_6-150x150.jpg\" class=\"attachment-thumbnail size-thumbnail\" alt=\"\" \/><\/a>\n\t\t\t<\/dt><\/dl><br style=\"clear: both\" \/>\n\t\t<\/div>\n\n<p><i class=\"fas fa-link\"><\/i> <a href=\"https:\/\/kukucpredstave.com\/portfolio-item\/pravljica-za-skrate\/\">https:\/\/kukucpredstave.com\/portfolio-item\/pravljica-za-skrate\/<\/a><\/p>\n","protected":false},"excerpt":{"rendered":"<p>2023. december 13. szerda, 17.00 | Lendvai Sz\u00ednh\u00e1z- \u00e9s Hangversenyterem szlov\u00e9n nyelv\u0171 gyerekel\u0151ad\u00e1s Bel\u00e9p\u0151jegy \u00e1ra: 3 \u20ac Jegyek a Lendvai Sz\u00ednh\u00e1z- \u00e9s Hangversenyterem p\u00e9nzt\u00e1r\u00e1n\u00e1l v\u00e1s\u00e1rolhat\u00f3k. Telefon: (0)2 577 60 24 Szervez\u0151: Knji\u017enica \u2013 Kulturni center Lendava \u2013 Lendvai K\u00f6nyvt\u00e1r \u00e9s Kultur\u00e1lis K\u00f6zpont A gyerekel\u0151ad\u00e1s ut\u00e1n a Lavina Kult\u00farklub, Sz\u00ednh\u00e1zi titkok &#8211; Kar\u00e1csonyi m\u0171helyek c\u00edm\u0171 ingyenes [&hellip;]<\/p>\n","protected":false},"author":2,"featured_media":0,"parent":0,"menu_order":0,"comment_status":"closed","ping_status":"closed","template":"","meta":{"footnotes":""},"class_list":["post-15582","page","type-page","status-publish","hentry","post"],"_links":{"self":[{"href":"https:\/\/www1.kkl.si\/hu\/wp-json\/wp\/v2\/pages\/15582","targetHints":{"allow":["GET"]}}],"collection":[{"href":"https:\/\/www1.kkl.si\/hu\/wp-json\/wp\/v2\/pages"}],"about":[{"href":"https:\/\/www1.kkl.si\/hu\/wp-json\/wp\/v2\/types\/page"}],"author":[{"embeddable":true,"href":"https:\/\/www1.kkl.si\/hu\/wp-json\/wp\/v2\/users\/2"}],"replies":[{"embeddable":true,"href":"https:\/\/www1.kkl.si\/hu\/wp-json\/wp\/v2\/comments?post=15582"}],"version-history":[{"count":4,"href":"https:\/\/www1.kkl.si\/hu\/wp-json\/wp\/v2\/pages\/15582\/revisions"}],"predecessor-version":[{"id":15589,"href":"https:\/\/www1.kkl.si\/hu\/wp-json\/wp\/v2\/pages\/15582\/revisions\/15589"}],"wp:attachment":[{"href":"https:\/\/www1.kkl.si\/hu\/wp-json\/wp\/v2\/media?parent=15582"}],"curies":[{"name":"wp","href":"https:\/\/api.w.org\/{rel}","templated":true}]}}