{"id":15625,"date":"2023-12-12T11:23:42","date_gmt":"2023-12-12T10:23:42","guid":{"rendered":"https:\/\/www1.kkl.si\/?page_id=15625"},"modified":"2023-12-14T14:03:42","modified_gmt":"2023-12-14T13:03:42","slug":"drustvo-baletnih-umetnikov-slovenije-dbus-svecani-baletni-koncert-2023","status":"publish","type":"page","link":"https:\/\/www1.kkl.si\/hu\/drustvo-baletnih-umetnikov-slovenije-dbus-svecani-baletni-koncert-2023\/","title":{"rendered":"Szlov\u00e9n Balettm\u0171v\u00e9szek Egyes\u00fclete (DBUS): \u00dcnnepi balettkoncert 2023-ban"},"content":{"rendered":"<div class=\"opis\"><i class=\"fas fa-clock\"><\/i> <strong>2023. december 17. vas\u00e1rnap, 19.00<\/strong> | Lendvai Sz\u00ednh\u00e1z- \u00e9s Hangversenyterem<img loading=\"lazy\" decoding=\"async\" class=\"alignright\" title=\"Ingyenes rendezv\u00e9ny\" src=\"https:\/\/www1.kkl.si\/wp-content\/uploads\/\/2020\/07\/spored_simb_brezplacna-1.svg\" alt=\"brezplacna\" width=\"30\" height=\"30\" \/><br \/>\n<i class=\"fas fa-chevron-circle-right\"><\/i> <strong>balett<\/strong><br \/>\nSzervez\u0151: <a href=\"https:\/\/www.kkl.si\/\">Knji\u017enica \u2013 Kulturni center Lendava \u2013 Lendvai K\u00f6nyvt\u00e1r \u00e9s Kultur\u00e1lis K\u00f6zpont<\/a>, <a href=\"https:\/\/www.dbus.si\/\">Dru\u0161tvo baletnih umetnikov Slovenije<\/a><\/p>\n<p><i class=\"fas fa-info-circle\"><\/i>\u00a0<strong>A bel\u00e9p\u00e9s d\u00edjtalan.<\/strong> Az ingyenes jegyek \u00e1tvehet\u0151k a Lendvai Sz\u00ednh\u00e1z- \u00e9s Hangversenyterem p\u00e9nzt\u00e1r\u00e1n.<\/p>\n<\/div>\n<div id=\"attachment_15621\" style=\"width: 410px\" class=\"wp-caption alignright\"><a href=\"https:\/\/www1.kkl.si\/wp-content\/uploads\/2023\/12\/baletni_koncert_GEO.jpg\" data-lbwps-width=\"2500\" data-lbwps-height=\"1669\" data-lbwps-srcsmall=\"https:\/\/www1.kkl.si\/wp-content\/uploads\/2023\/12\/baletni_koncert_GEO-400x267.jpg\" data-lbwps-caption=\"Foto: Toma\u017e Gali\u010d\"><img loading=\"lazy\" decoding=\"async\" aria-describedby=\"caption-attachment-15621\" class=\"wp-image-15621 size-medium\" src=\"https:\/\/www1.kkl.si\/wp-content\/uploads\/2023\/12\/baletni_koncert_GEO-400x267.jpg\" alt=\"\" width=\"400\" height=\"267\" srcset=\"https:\/\/www1.kkl.si\/wp-content\/uploads\/2023\/12\/baletni_koncert_GEO-400x267.jpg 400w, https:\/\/www1.kkl.si\/wp-content\/uploads\/2023\/12\/baletni_koncert_GEO-1500x1001.jpg 1500w\" sizes=\"auto, (max-width: 400px) 100vw, 400px\" \/><\/a><p id=\"caption-attachment-15621\" class=\"wp-caption-text\">Foto: Toma\u017e Gali\u010d<\/p><\/div>\n<p>Az \u00fcnnepek el\u0151tti g\u00e1la balettkoncert a legszebb \u00e9s legismertebb klasszikus balettek legszebb \u00e9s legcs\u00e1b\u00edt\u00f3bb vari\u00e1ci\u00f3it, valamint n\u00e9h\u00e1ny neoklasszikus \u00e9s kort\u00e1rs koreogr\u00e1fi\u00e1t mutat be, amelyek eredetis\u00e9g\u00fckben egyszer\u0171en l\u00e9legzetel\u00e1ll\u00edt\u00f3ak. Olyan h\u00edres balettekb\u0151l, mint A di\u00f3t\u00f6r\u0151, A kal\u00f3z \u00e9s m\u00e1sok, duetteket (pas de de deux) \u00e9s egy\u00e9ni bet\u00e9teket \u00e9lvezhetnek. Kiv\u00e1l\u00f3 szlov\u00e9n \u00e9s k\u00fclf\u00f6ldi balett-t\u00e1ncosok szerepelnek a sz\u00ednpadon.<\/p>\n<p><span style=\"font-size: 24pt;\"><strong>PROGRAM<\/strong><\/span><\/p>\n<p>\u00dcNNEPI BALETTKONCERT<br \/>\nLendva, 2023. 12. 17.<\/p>\n<p>\n<span style=\"color: #800000; font-size: 14pt;\"><strong>SATANELLA<\/strong><\/span><br \/>\nZene: Cesare Pugni<br \/>\nKoreogr\u00e1fia: Marius Petipa<br \/>\n<strong>Fell\u00e9p: TOMA\u017d GOLUB<\/strong><\/p>\n<p><span style=\"font-size: 14pt; color: #800000;\"><strong>AMOR\u010cEK (\u00c1mor)<\/strong><\/span><br \/>\nZene: Ludwig Minkus<br \/>\nKoreogr\u00e1fia: Marius Petipa<br \/>\n<strong>Fell\u00e9p: BRINA GEREBIC<\/strong><\/p>\n<p><span style=\"font-size: 14pt; color: #800000;\"><strong>A DI\u00d3T\u00d6R\u0150 \u2013 Nagy pas de deux<\/strong><\/span><br \/>\nZene: Pjotr Iljics Csajkovszkij<br \/>\nKoreogr\u00e1fia: Marius Petipa<br \/>\n<strong>Fell\u00e9pnek: ASAMI NAKASHIMA, YUYA OMAKI<\/strong><\/p>\n<p><span style=\"color: #800000; font-size: 14pt;\"><strong>NOT OUR TIME\u00a0<\/strong><\/span><br \/>\nZene: Frederic Chopin\u00a0<br \/>\nKoreogr\u00e1fia: Toma\u017e Golub\u00a0<br \/>\n<strong>Fell\u00e9pnek: LANA DRU\u0160KOVI\u010c, TOMA\u017d GOLUB<\/strong><\/p>\n<p><span style=\"font-size: 14pt; color: #800000;\"><strong>A KAL\u00d3Z \u2013 Nagy pas de deux<\/strong><\/span><br \/>\nZene: Adolph Adam<br \/>\nKoreogr\u00e1fia: Marius Petipa<br \/>\n<strong>Fell\u00e9pnek: NINA KRAMBERGER, FILIP JURI\u010c<\/strong><\/p>\n<p><span style=\"font-size: 14pt; color: #800000;\"><strong>VALCER (kering\u0151)<\/strong><\/span><br \/>\nZene: Hans Christian Lumbye<br \/>\nKoreogr\u00e1fia: Vanessa Kreslin<br \/>\n<strong>Fell\u00e9p: BRINA GEREBIC<\/strong><\/p>\n<p><span style=\"font-size: 14pt; color: #800000;\"><strong>RADIO AND JULIET<\/strong><\/span><br \/>\nZene: Radiohead<br \/>\nKoreogr\u00e1fia: Edward Clug<br \/>\n<strong>Fell\u00e9pnek: ASAMI NAKASHIMA, YUYA OMAKI<\/strong><\/p>\n<p><span style=\"font-size: 14pt; color: #800000;\"><strong>BRINA \/ BRINA<\/strong><\/span><br \/>\nZene: Camille Saint-Sa\u00ebns <br \/>\nKoreogr\u00e1fia: Lukas Zuschlag<br \/>\n<strong>Fell\u00e9p: LANA DRU\u0160KOVI\u010c<\/strong><\/p>\n<p><span style=\"font-size: 14pt; color: #800000;\"><strong>R\u00d3ME\u00d3 \u00c9S J\u00daLIA<\/strong><\/span><br \/>\nZene: Sergei Prokofiev<br \/>\nKoreogr\u00e1fia: Renato Zanella<br \/>\n<strong>Fell\u00e9pnek: NINA KRAMBERGER, FILIP JURI\u010c<\/strong><\/p>\n<p><span style=\"font-size: 14pt; color: #800000;\"><strong>GOPAK<\/strong><\/span><br \/>\nZene: Vasilii Soloviev-Sedoy <br \/>\nKoreogr\u00e1fia: Rostislav Zakharov<br \/>\n<strong>Fell\u00e9p: YUYA OMAKI<\/strong><\/p>\n<p><strong><span style=\"font-size: 14pt; color: #800000;\">CODA \u2013 A DI\u00d3T\u00d6R\u0150 FIN\u00c1L\u00c9JA<\/span><br \/>\nMinden balett-t\u00e1ncos<\/strong><\/p>\n<p>Szervez\u00e9s \u00e9s kivitelez\u00e9s: <a href=\"https:\/\/www.dbus.si\/\">Dru\u0161tvo baletnih umetnikov Slovenije\/Szlov\u00e9n Balettm\u0171v\u00e9szek Egyes\u00fclete<\/a><\/p>\n<p><a href=\"https:\/\/www1.kkl.si\/wp-content\/uploads\/2023\/11\/plakat_B1_december_2023_DVOJ.jpg\" data-lbwps-width=\"2100\" data-lbwps-height=\"3000\" data-lbwps-srcsmall=\"https:\/\/www1.kkl.si\/wp-content\/uploads\/2023\/11\/plakat_B1_december_2023_DVOJ.jpg\"><img loading=\"lazy\" decoding=\"async\" class=\"alignnone size-large wp-image-15283\" src=\"https:\/\/www1.kkl.si\/wp-content\/uploads\/2023\/11\/plakat_B1_december_2023_DVOJ-scaled-1050x1500.jpg\" alt=\"\" width=\"1050\" height=\"1500\" srcset=\"https:\/\/www1.kkl.si\/wp-content\/uploads\/2023\/11\/plakat_B1_december_2023_DVOJ-scaled-1050x1500.jpg 1050w, https:\/\/www1.kkl.si\/wp-content\/uploads\/2023\/11\/plakat_B1_december_2023_DVOJ-scaled-280x400.jpg 280w, https:\/\/www1.kkl.si\/wp-content\/uploads\/2023\/11\/plakat_B1_december_2023_DVOJ-scaled.jpg 1792w\" sizes=\"auto, (max-width: 1050px) 100vw, 1050px\" \/><\/a><\/p>\n<p><em>Dogodek v Gledali\u0161ki in koncertni dvorani Lendava je podprlo <a href=\"https:\/\/www.gov.si\/drzavni-organi\/ministrstva\/ministrstvo-za-kulturo\/\">Ministrstvo za kulturo Republike Slovenije<\/a>.\/A rendezv\u00e9nyt a Szlov\u00e9n Kultur\u00e1lis Miniszt\u00e9rium t\u00e1mogatja.<\/em><\/p>\n","protected":false},"excerpt":{"rendered":"<p>2023. december 17. vas\u00e1rnap, 19.00 | Lendvai Sz\u00ednh\u00e1z- \u00e9s Hangversenyterem balett Szervez\u0151: Knji\u017enica \u2013 Kulturni center Lendava \u2013 Lendvai K\u00f6nyvt\u00e1r \u00e9s Kultur\u00e1lis K\u00f6zpont, Dru\u0161tvo baletnih umetnikov Slovenije \u00a0A bel\u00e9p\u00e9s d\u00edjtalan. Az ingyenes jegyek \u00e1tvehet\u0151k a Lendvai Sz\u00ednh\u00e1z- \u00e9s Hangversenyterem p\u00e9nzt\u00e1r\u00e1n. Az \u00fcnnepek el\u0151tti g\u00e1la balettkoncert a legszebb \u00e9s legismertebb klasszikus balettek legszebb \u00e9s legcs\u00e1b\u00edt\u00f3bb vari\u00e1ci\u00f3it, [&hellip;]<\/p>\n","protected":false},"author":2,"featured_media":15284,"parent":0,"menu_order":0,"comment_status":"closed","ping_status":"closed","template":"","meta":{"footnotes":""},"class_list":["post-15625","page","type-page","status-publish","has-post-thumbnail","hentry","post","post-with-thumbnail","post-with-thumbnail-icon"],"_links":{"self":[{"href":"https:\/\/www1.kkl.si\/hu\/wp-json\/wp\/v2\/pages\/15625","targetHints":{"allow":["GET"]}}],"collection":[{"href":"https:\/\/www1.kkl.si\/hu\/wp-json\/wp\/v2\/pages"}],"about":[{"href":"https:\/\/www1.kkl.si\/hu\/wp-json\/wp\/v2\/types\/page"}],"author":[{"embeddable":true,"href":"https:\/\/www1.kkl.si\/hu\/wp-json\/wp\/v2\/users\/2"}],"replies":[{"embeddable":true,"href":"https:\/\/www1.kkl.si\/hu\/wp-json\/wp\/v2\/comments?post=15625"}],"version-history":[{"count":7,"href":"https:\/\/www1.kkl.si\/hu\/wp-json\/wp\/v2\/pages\/15625\/revisions"}],"predecessor-version":[{"id":15741,"href":"https:\/\/www1.kkl.si\/hu\/wp-json\/wp\/v2\/pages\/15625\/revisions\/15741"}],"wp:featuredmedia":[{"embeddable":true,"href":"https:\/\/www1.kkl.si\/hu\/wp-json\/wp\/v2\/media\/15284"}],"wp:attachment":[{"href":"https:\/\/www1.kkl.si\/hu\/wp-json\/wp\/v2\/media?parent=15625"}],"curies":[{"name":"wp","href":"https:\/\/api.w.org\/{rel}","templated":true}]}}