{"id":15672,"date":"2023-12-13T10:57:01","date_gmt":"2023-12-13T09:57:01","guid":{"rendered":"https:\/\/www1.kkl.si\/?page_id=15672"},"modified":"2023-12-13T11:07:14","modified_gmt":"2023-12-13T10:07:14","slug":"jan-plestenjak-koncertje","status":"publish","type":"page","link":"https:\/\/www1.kkl.si\/hu\/jan-plestenjak-koncertje\/","title":{"rendered":"Jan Plestenjak koncertje"},"content":{"rendered":"<div class=\"opis\"><i class=\"fas fa-clock\"><\/i> <strong>2023. december 16. szombat, 20.00<\/strong> | Lendvai Sz\u00ednh\u00e1z- \u00e9s Hangversenyterem<img loading=\"lazy\" decoding=\"async\" class=\"alignright\" title=\"Brezpla\u010dna prireditev\" src=\"https:\/\/www1.kkl.si\/wp-content\/uploads\/\/2020\/07\/spored_simb_brezplacna-1.svg\" alt=\"brezplacna\" width=\"30\" height=\"30\" \/><br \/>\n<i class=\"fas fa-chevron-circle-right\"><\/i> <strong>koncert<\/strong><br \/>\n<i class=\"fas fa-info-circle\"><\/i> A bel\u00e9p\u00e9s d\u00edjtalan. Az ingyenes jegyek \u00e1tvehet\u0151k a Lendavai Sz\u00ednh\u00e1z \u2013 \u00e9s Hangversenyterem p\u00e9nzt\u00e1r\u00e1n.<strong><br \/>\n<\/strong>Szervez\u0151: <a href=\"https:\/\/www.kkl.si\/\">Knji\u017enica \u2013 Kulturni center Lendava \u2013 Lendvai K\u00f6nyvt\u00e1r \u00e9s Kultur\u00e1lis K\u00f6zpont<\/a><\/p>\n<div class=\"odpade\"><span style=\"font-size: 18pt;\"><i class=\"fas fa-exclamation-circle\"><\/i><\/span> \u00c9RTES\u00cdT\u00c9S: A Jan Plestenjak koncertre minden jegy elkelt!<\/div>\n<\/div>\n<p><strong>Jan Plestenjak<\/strong> az egyik legkeresettebb, legn\u00e9pszer\u0171bb \u00e9s legterm\u00e9kenyebb szlov\u00e9n zen\u00e9sz. Mindig k\u00e9sz seg\u00edteni a k\u00fcl\u00f6nb\u00f6z\u0151 alkalmakra szervezett j\u00f3t\u00e9konys\u00e1gi koncerteken. Egy fel\u00fclm\u00falhatatlan maximalista, akinek vil\u00e1gos elk\u00e9pzel\u00e9se van, amelyet m\u00e1r huszonegy \u00e9ve k\u00f6vet zenei alkot\u00e1sa sor\u00e1n.<\/p>\n<p>&nbsp;<\/p>\n<p><em>Szlov\u00e9n le\u00edr\u00e1s:<\/em><\/p>\n<p class=\"sppb-addon-title\"><strong>Jan Plestenjak<\/strong> je eden najbolj za\u017eelenih, priljubljenih in plodovitih slovenskih glasbenikov. Vedno pripravljen pomagati z dobrodelnimi koncerti za razli\u010dne prilo\u017enosti. Neprekosljiv perfekcionist z jasno vizijo, ki ji sledi \u017ee enaindvajseto leto glasbenega ustvarjanja. Jan Plestenjak.\u017e<\/p>\n<p>&nbsp;<\/p>\n<p><span style=\"font-size: 18pt;\"><a href=\"https:\/\/www1.kkl.si\/wp-content\/uploads\/2023\/11\/plakat_B1_december_2023_DVOJ.jpg\" data-lbwps-width=\"2100\" data-lbwps-height=\"3000\" data-lbwps-srcsmall=\"https:\/\/www1.kkl.si\/wp-content\/uploads\/2023\/11\/plakat_B1_december_2023_DVOJ.jpg\"><img loading=\"lazy\" decoding=\"async\" class=\"slika alignright wp-image-15283 size-medium\" src=\"https:\/\/www1.kkl.si\/wp-content\/uploads\/2023\/11\/plakat_B1_december_2023_DVOJ-scaled-280x400.jpg\" alt=\"\" width=\"280\" height=\"400\" srcset=\"https:\/\/www1.kkl.si\/wp-content\/uploads\/2023\/11\/plakat_B1_december_2023_DVOJ-scaled-280x400.jpg 280w, https:\/\/www1.kkl.si\/wp-content\/uploads\/2023\/11\/plakat_B1_december_2023_DVOJ-scaled-1050x1500.jpg 1050w, https:\/\/www1.kkl.si\/wp-content\/uploads\/2023\/11\/plakat_B1_december_2023_DVOJ-scaled.jpg 1792w\" sizes=\"auto, (max-width: 280px) 100vw, 280px\" \/><\/a>Otro\u0161tvo &amp; \u0161tudij glasbe<\/span><\/p>\n<p>Rojen je bil 27. marca 1973 v Ljubljani, otro\u0161tvo pa pre\u017eivel v \u0160kofji Loki. Mama \u2013 slikarka Dora Plestenjak -, je imela velik vpliv na njegov umetni\u0161ki talent, ki se je razvijal v glasbeno smer. Kitaro je za\u010del igrati zaradi starej\u0161ega brata Domna in najprej mu ni \u0161lo najbolje od rok: \u00bbNikoli nisem dovolj vadil in moj u\u010ditelj Uro\u0161 Lov\u0161in je skoraj obupal nad mano, zato sem moral doma dajati star\u0161em v podpis bele\u017eko, kjer je bilo to\u010dno vpisano, koliko minut sem vadil. Pred prvimi nastopi sem imel tako tremo, da teden pred dogodkom nisem mogel niti jesti niti spati.\u00ab<\/p>\n<p>Z leti so pri\u0161li prvi uspeh in kar nekaj prvih in drugih nagrad iz jugoslovanskih tekmovanj v klasi\u010dni kitari. Po kon\u010dani ni\u017eji glasbeni \u0161oli v \u0160kofji Loki je bil sprejet na Srednjo glasbeno in baletno \u0161olo v Ljubljani, kjer je \u0161tudiral kitaro pri legendarnem profesorju Toma\u017eu \u0160eguli, s katerim sta \u0161e danes v prijateljskih stikih.<\/p>\n<p>\u017de v srednji \u0161oli se je v Janu za\u010dela prebujati \u017eelja po ustvarjanju. Naredil je prve korake v jazzovske vode. Imel je skupino Interaction jazz group, sodeloval s \u010dlani skupine Quatebriga in z Big bandom RTV Slovenija. Bolj za \u0161alo kot zares je gara\u017eni posnetek ene njegovih skladb poslal na znamenito ameri\u0161ko glasbeno \u0161olo Berklee College of Music v Bostonu. Odobrili so mu ameri\u0161ko \u0161tipendijo za talent in ga povabili na \u0161tudij v Boston. Pri osemnajstih se je odpravil v ZDA, kjer je v enem letu kon\u010dal dve leti \u0161tudija kitare, aran\u017eiranja, produciranja in petja. \u201cDoletela me je velika \u010dast, da sem lahko \u0161tudiral pri profesorju Jonu Damianu, ki je med ostalimi idejno navdihnil tudi Billa Frisella.\u201d Po vrnitvi v Slovenijo je nadaljeval \u0161tudij v Avstriji na Glasbenem konzervatoriju v Celovcu.<\/p>\n<p>&nbsp;<\/p>\n<p><span style=\"font-size: 18pt;\">Ustvarjanje<\/span><\/p>\n<p>Med letoma 1993 in 1995 je izdal prve tri albume: &#8216;Jan Plestenjak&#8217;, &#8216;Gremo v kino&#8217; in &#8216;Pogre\u0161al te bom&#8217;. Slednji je nastal ob izgubi o\u010deta in napovedal prepoznaven stil, ki je preveval tudi kasnej\u0161e albume.<\/p>\n<p>Z albumom &#8216;Morje&#8217; (1997) je izpovedal veliko ljubezen do morja in na\u010dina \u017eivljenja morskih ljudi. S pesmimi &#8216;Latino&#8217;, &#8216;Pozabljena&#8217;, &#8216;Morje&#8217;, je sku\u0161al vnesti to vzdu\u0161je tudi med slovensko publiko.<\/p>\n<p>Naslednji leti ustvarjanja sta prinesli album Amore mio (1999), za katerega je Jan \u017eelel, da zveni sve\u017ee, mladostno, ritmi\u010dno in seveda kitarsko. Z albuma so najbolj prepoznavne pesmi &#8216;Moja ljubica&#8217;, &#8216;7 let nazaj&#8217;, &#8216;Amore mio&#8217;, &#8216;Stari nono&#8217;, &#8216;Nima\u0161 pojma&#8217; in &#8216;Smeh in solze&#8217;.<\/p>\n<p>Leta 2001 izide album &#8216;Jan&#8217; s petnajstimi skladbami, med katerimi so postale najbolj prepoznavne &#8216;Bela no\u010d&#8217;, Tvoj song&#8217;, &#8216;Bolezen&#8217; in &#8216;Bodi gola&#8217;. Po nastopu v Slovenski filharmoniji istega leta, do\u017eivi preobrazbo celotna Janova koncertna dejavnost.<\/p>\n<p>Leta 2003 je iz\u0161el Janov avtorski album s pomenljivim naslovom &#8216;Solo&#8217;, ki ga je napovedala pesem &#8216;Iz drugega sveta&#8217;. Nastajal je v razli\u010dnih studijsko-ustvarjalnih okoljih (od studia FM s Sa\u0161om Fajonom, do AR Studios v Riu De Janeiru). Mastering plo\u0161\u010de je potekal v milanskem Nautilusu z nominirancem za glasbeno nagrado Grammy, Antoniem Bagliom. Poleg tega, da je plo\u0161\u010da tehni\u010dno zelo dovr\u0161ena, pa so poslu\u0161alci lahko med desetimi novimi skladbami na\u0161li veliko Janovih osebnih zgodb.<\/p>\n<p>Po dveh letih medijske ti\u0161ine se je Jan uspe\u0161no vrnil z albumom &#8216;Do raja&#8217;, katerega izid je napovedala temperamentna &#8216;Lolita&#8217;. Album prina\u0161a deset pesmi, med katerimi \u0161e posebej izstopajo &#8216;Jadra&#8217;, &#8216;Barka iz perja&#8217;, &#8216;Ro\u017ea sredi Sahare&#8217; in prva Janova mega uspe\u0161nica &#8216;Iz pekla do raja&#8217;, ki jo je odpel v duetu z \u2013 na resni\u010dnostnem \u0161ovu izbrano vokalistko \u2013 Evo Mo\u0161kon.<\/p>\n<p><iframe loading=\"lazy\" title=\"Jan Plestenjak - Sam da ti ma\u0161 mene rada (official music video)\" width=\"720\" height=\"405\" src=\"https:\/\/www.youtube.com\/embed\/cCY2BnxvlGg?feature=oembed\" frameborder=\"0\" allow=\"accelerometer; autoplay; clipboard-write; encrypted-media; gyroscope; picture-in-picture; web-share\" allowfullscreen><\/iframe><\/p>\n<p>Na za\u010detku leta 2007 so slovenske radijske postaje priele s predvajanjem pesmi &#8216;Sam da ti ma\u0161 mene rada&#8217;, ki je napovedala prihod novega albuma z naslovom &#8216;Soba 102&#8217;. Naslovna skladba, ki jo je Jan odpel z Laro Love, je postala izjemna uspe\u0161nica in ena najpogosteje predvajanih skladb. Sledili so koncerti \u2013 Kri\u017eanke, kjer je nastopil s simfoniki, nato pa \u0161e razprodani nastopi po ve\u010djih dvoranah. Poleg omenjenih pesmi je bila odli\u010dno sprejeta tudi balada &#8216;Lepa&#8217;, ki jo je kasneje priredil Massimo Savi\u0107, jo naslovil &#8216;Indija&#8217; in s tem samo potrdil Janove avtorske kvalitete.<\/p>\n<p>Po skoraj enoletnem koncertnem in medijskem zati\u0161ju, je Jan po petnajstih letih ustvarjanja, devetih studijskih albumih, preko 20 uspe\u0161nic ter razprodanih koncertih zaklju\u010dil snemanje dvojnega albuma z naslovom &#8216;Klasika&#8217; (2009). 25 prese\u017ekov tako v produkcijskem, kot ustvarjalnem smislu, je tokrat pripravil v sodelovanju s simfoniki in izbrano vrhunsko ekipo. Prese\u017eek tako v produkcijskem, kot osebnem smislu. Uspe\u0161nice, ki so to enkrat \u017ee bile, tokrat druga\u010dne in zopet nove. Sledila je turneja v 16ih dvoranah po celi Sloveniji.<\/p>\n<p>Leta 2011 izide album &#8216;Osebno&#8217; na katerem so, med enajstimi novimi pesmimi, uspe\u0161nice &#8216;Punca&#8217;, &#8216;Ona sanja o Ljubljani&#8217; in &#8216;Doma&#8217; . Pohvali se lahko s sve\u017eim, kitarskim rockovskim zvokom, za katerega je poleg Jana kot avtorja glasbe, besedil, aran\u017eerja in producenta, kot koproducent poskrbel legendarni Iztok Turk, svoj\u010das gonilna sila skupine Videosex, bli\u017enji sodelavec in producent Laibacha in Rotorja. Izid sta zaznamovala odli\u010dna prodaja (album je bil na prvem mestu lestvice najbolje prodajanih albumov &#8216;Slo Top 30&#8217; za leto 2011) in turneja, ki se je zaklju\u010dila z velikim razprodanim koncertom v v veliki dvorani Hale Tivoli.<\/p>\n<p>Kljub temu, da se je Jan ponovno odlo\u010dil za medijski molk, se konec leta 2012 odzove na stisko utrpelih v poplavah. V \u0160pas Teatru v Meng\u0161u je pripravil dva dobrodelna koncerta, denar od prodanih vstopnic pa namenil tistim poplavljencem, ki so bili pomo\u010di najbolj potrebni.<\/p>\n<p><iframe loading=\"lazy\" title=\"Jan Plestenjak - Ob tebi bom ostal (official video)\" width=\"720\" height=\"405\" src=\"https:\/\/www.youtube.com\/embed\/9yEAUpQvFHQ?feature=oembed\" frameborder=\"0\" allow=\"accelerometer; autoplay; clipboard-write; encrypted-media; gyroscope; picture-in-picture; web-share\" allowfullscreen><\/iframe><\/p>\n<p>Za Janov 40. rojstni dan (27. marca 2013) je iz\u0161el novi album &#8216;Ve\u010dja od neba&#8217; s katerega so poslu\u0161alci najprej sli\u0161ali pretresljivo balado &#8216;Ob tebi bom ostal&#8217;, za katero je posnel tudi videospot. 4. aprila 2013 je bila v ljubljanskem kinu Komuna premierna projekcija dokumentarne filmske pripovedi &#8216;Priznam&#8217;. Kamere so Jana spremljale od zadnjega koncerta v letu 2012, pa vse do nastanka nove plo\u0161e. Ljubitelji njegove glasbe so imeli tako prvi\u010d mo\u017enost videti zakulisje razprodanega koncerta v veliki dvorani Hale Tivoli ter \u0161tirih drugih koncertov po Sloveniji, ustvarjanje novih pesmi in snemanja v studiu.<\/p>\n<p>&nbsp;<\/p>\n<p><strong><a href=\"https:\/\/www1.kkl.si\/wp-content\/uploads\/2023\/02\/plakat_B1_jan_plestenjak_2023_DVOJ.jpg\" data-lbwps-width=\"2000\" data-lbwps-height=\"2857\" data-lbwps-srcsmall=\"https:\/\/www1.kkl.si\/wp-content\/uploads\/2023\/02\/plakat_B1_jan_plestenjak_2023_DVOJ.jpg\"><img loading=\"lazy\" decoding=\"async\" class=\"slika alignright wp-image-15503 size-medium\" src=\"https:\/\/www1.kkl.si\/wp-content\/uploads\/2023\/02\/plakat_B1_jan_plestenjak_2023_DVOJ-scaled-280x400.jpg\" alt=\"\" width=\"280\" height=\"400\" srcset=\"https:\/\/www1.kkl.si\/wp-content\/uploads\/2023\/02\/plakat_B1_jan_plestenjak_2023_DVOJ-scaled-280x400.jpg 280w, https:\/\/www1.kkl.si\/wp-content\/uploads\/2023\/02\/plakat_B1_jan_plestenjak_2023_DVOJ-scaled-1050x1500.jpg 1050w, https:\/\/www1.kkl.si\/wp-content\/uploads\/2023\/02\/plakat_B1_jan_plestenjak_2023_DVOJ-scaled.jpg 1792w\" sizes=\"auto, (max-width: 280px) 100vw, 280px\" \/><\/a>Albumi:<\/strong><\/p>\n<p>&#8211; Jan Plestenjak (1993)<br \/>\n&#8211; Gremo v kino (1994)<br \/>\n&#8211; Pogre\u0161al te bom (1995)<br \/>\n&#8211; Morje (1997)<br \/>\n&#8211; Amore mio (1999) \/ zlata plo\u0161\u010da<br \/>\n&#8211; Jan (2001) &amp; ponatis (2002) \/ platinasta plo\u0161\u010da<br \/>\n&#8211; Solo (2003) \/ zlata plo\u0161\u010da<br \/>\n&#8211; Do raja (2005) \/ platinasta plo\u0161\u010da<br \/>\n&#8211; Soba 102 (2007) \/ platinasta plo\u0161\u010da<br \/>\n&#8211; Klasika (2009) \/ platinasta plo\u0161\u010da<br \/>\n&#8211; Osebno (2011) \/ zlata plo\u0161\u010da<br \/>\n&#8211; Ve\u010dja od neba (2013)<\/p>\n<p><strong>Film:<\/strong><\/p>\n<p>&#8211; Dokumentarec Jerce Legan Cvikl (2003)<br \/>\n&#8211; Dokumentarna filmska pripoved &#8216;Priznam&#8217; (2013)<\/p>\n<p><strong>Knjiga:<\/strong><\/p>\n<p>&#8211; Smeh in solze: Jan Plestenjak &#8211; Jaka Lucu (2005)<\/p>\n<p>&nbsp;<\/p>\n<p><span style=\"font-size: 18pt;\">Sodelovanja<\/span><\/p>\n<p>Dueti: Lado Leskovar (&#8216;Ne verjamem&#8217;), Eva Boto (&#8216;To leto bo moje&#8217; \/ po podatkih IPF-a najpogosteje predvajana pesem leta 2012), Massimo (&#8216;Sam sebi dovolj&#8217;), Lara Love (&#8216;Soba 102&#8217;), Eva Mo\u0161kon (&#8216;Iz pekla do raja&#8217; \/ najpogosteje predvajana radijska pesem leta 2005), Nina Pu\u0161lar (&#8216;Punca&#8217;), Nata\u0161a Bekvalac (&#8216;Bela no\u010d&#8217;), Insieme (&#8216;Nisi moja&#8217;), Jernej \u0160ugman (&#8216;Bela&#8217;)<\/p>\n<p>Producent in\/ali avtor: Ma\u0161a Medik, Zdenko Coti\u010d &#8211; Coto, Modrijani, Massimo, Alya, Helena Blagne, Rebeka Dremelj, Nu\u0161a Derenda, Unique, Rudi Bu\u010dar &amp; Alya, Ivana Spagna<\/p>\n<p>&nbsp;<\/p>\n<p><span style=\"font-size: 18pt;\">Festivali, nagrade in priznanja<\/span><\/p>\n<p>&#8211; EMA 1995 &#8211; &#8216;Ker te ljubim&#8217;<br \/>\n&#8211; Melodije morja in sonca, nagrada za najbolj\u0161e besedilo za pesem &#8216;Stari nono&#8217; (1998)<br \/>\n&#8211; Festival Interfest v Skopju, dve bronasti priznanji (1998)<br \/>\n&#8211; Dvakrat (1997 &amp; 1998) gost festivala v Budvi, ki je takrat veljal za najpomembnej\u0161ega v Jugoslaviji<br \/>\n&#8211; Budva (1998) &#8211; nagrada strokovne \u017eirije za najbolj\u0161ega mo\u0161kega pevca<br \/>\n&#8211; Nagrada evropskega zdru\u017eenja FIDEF za najbolj\u0161o skladbo &#8211; &#8216;Morje&#8217; (1997)<br \/>\n&#8211; Posebni gost in \u010dlan \u017eirije ruskega festivala Slovanski bazar, kjer je nastopal pred 35.000 ljudmi (1999)<br \/>\n&#8211; EMA 1999 &#8211; &#8216;Moja de\u017eela&#8217;<br \/>\n&#8211; EMA 2001 &#8211; &#8216;Vse je OK&#8217;<br \/>\n&#8211; Viktor za najbolj priljubljenega glasbenega izvajalca (2011)<\/p>\n<p>&nbsp;<\/p>\n<p><span style=\"font-size: 18pt;\">Dobrodelni\u0161tvo<\/span><\/p>\n<p>&#8211; Dobrodelni koncert v Operi. Zbiranje sredstev za tri mobilne naprave za kemoterapijo za otroke (2006)<br \/>\n&#8211; Stekleni\u010dke upanja (2009)<br \/>\n&#8211; Koncert za Fundacijo Danila T\u00fcrka &#8216;Pustimo jim sanje&#8217; (2010 &amp; 2011)<br \/>\n&#8211; Dva dobrodelna koncerta za prizadete v poplavah (2012)<br \/>\n&#8211; In \u0161e \u0161tevilni drugi nastopi na razli\u010dnih dobrodelnih prireditvah<br \/>\n&#8211; Pomagal zbrati za ve\u010d kot 500.000 EUR donacij<\/p>\n<p>&nbsp;<\/p>\n<p><span style=\"font-size: 18pt;\">Zanimivosti<\/span><\/p>\n<p>&#8211; Spremljevalno zasedbo sestavljajo: Roman Ratej (bobni), An\u017ee Langus Petrovi\u0107 (bas), Martin \u0160tibernik (klaviature, kitara, mandolina), Zdenko Coti\u010d (kitare)<br \/>\n&#8211; Za pisanje skladb \u2013 od osnutka do oblike &#8211; porabi 2 dneva<br \/>\n&#8211; V studiu porabi za miks in mastering 5 dni za pesem<br \/>\n&#8211; Njegovo glasbeno znanje izhaja iz klasike, kjer sta pomembna predvsem vadba in natan\u010dnost<br \/>\n&#8211; \u010ce bi si lahko izbral glasbenike s katerimi bi sodeloval, bi bili od doma\u010dih Iztok Mlakar, Drago Mislej &#8211; Mef, Omar Naber; od tujih pa Eros Ramazzotti, Renato Zero in Charles Aznavour<br \/>\n&#8211; Pesem &#8216;Ker te ljubim&#8217; je bila prvi manj\u0161i uspeh, ki ga je opogumil, da vedno dela po ob\u010dutku in ne po trendu<br \/>\n&#8211; Je avtor \u0161tirih najpogosteje predvajanih slovenskih skladb: &#8216;Soba 102&#8217;, &#8216;Iz pekla do raja&#8217;, A ve\u0161&#8217; (Alya) in &#8216;To leto bo moje&#8217; (duet z Evo Boto)<br \/>\n&#8211; Preko 1000 nastopov in milijon obiskovalcev<br \/>\n&#8211; 6 koncertov v Kri\u017eankah<br \/>\n&#8211; 2 koncerta na Gospodarskem razstavi\u0161\u010du Ljubljana<br \/>\n&#8211; 2 koncerta v Hali Tivoli<br \/>\n&#8211; 25 uspe\u0161nic<br \/>\n&#8211; 200 skladb<br \/>\n&#8211; 27 videospotov<br \/>\n&#8211; 7 zlatih in 4 platinaste plo\u0161\u010de<i><\/i><\/p>\n<p>&nbsp;<\/p>\n<p>Vir besedila: <a href=\"https:\/\/www.janplestenjak.com\/bio\">https:\/\/www.janplestenjak.com\/bio<\/a><\/p>\n<hr \/>\n<p>POVEZAVE<\/p>\n<p><i class=\"fab fa-youtube\"><\/i> <span class=\"yt-core-attributed-string yt-channel-external-link-view-model-wiz__link yt-core-attributed-string--ellipsis-truncate yt-core-attributed-string--link-inherit-color\" dir=\"auto\"><a class=\"yt-core-attributed-string__link yt-core-attributed-string__link--display-type yt-core-attributed-string__link--call-to-action-color yt-core-attributed-string--link-inherit-color\" dir=\"auto\" tabindex=\"0\" href=\"https:\/\/www.youtube.com\/user\/JanPlestenjakMusic\" target=\"\" rel=\"nofollow noopener\">youtube.com\/user\/JanPlestenjakMusic<\/a><br \/>\n<i class=\"fab fa-facebook\"><\/i> <a href=\"https:\/\/www.facebook.com\/JanPlestenjak\/\">facebook.com\/janplestenjak<\/a><br \/>\n<i class=\"fab fa-instagram\"><\/i> <a href=\"https:\/\/www.instagram.com\/janplestenjak\/\">instagram.com\/janplestenjak\/<\/a><\/span><\/p>\n<p><span class=\"yt-core-attributed-string yt-channel-external-link-view-model-wiz__title yt-core-attributed-string--ellipsis-truncate\" dir=\"auto\" role=\"text\">Uradna spletna stran JP<\/span>: <a href=\"https:\/\/www.janplestenjak.com\/\">janplestenjak.com<\/a><\/p>\n<hr \/>\n<p>VIDEO<\/p>\n<p><iframe loading=\"lazy\" title=\"Jan Plestenjak - Ve\u010dja od neba (audio, radio edit)\" width=\"720\" height=\"405\" src=\"https:\/\/www.youtube.com\/embed\/gb4aEyf0JpE?feature=oembed\" frameborder=\"0\" allow=\"accelerometer; autoplay; clipboard-write; encrypted-media; gyroscope; picture-in-picture; web-share\" allowfullscreen><\/iframe><\/p>\n<p><iframe loading=\"lazy\" title=\"JAN PLESTENJAK - DO ZADNJE KAPLJE (Official Music Video) 2023\" width=\"720\" height=\"405\" src=\"https:\/\/www.youtube.com\/embed\/TnxX-jUh18A?feature=oembed\" frameborder=\"0\" allow=\"accelerometer; autoplay; clipboard-write; encrypted-media; gyroscope; picture-in-picture; web-share\" allowfullscreen><\/iframe><\/p>\n<hr \/>\n<p><em>Prireditev v Gledali\u0161ki in koncertni dvorani Lendava je podprlo <a href=\"https:\/\/www.gov.si\/drzavni-organi\/ministrstva\/ministrstvo-za-kulturo\/\">Ministrstvo za kulturo Republike Slovenije<\/a>.<\/em><\/p>\n","protected":false},"excerpt":{"rendered":"<p>2023. december 16. szombat, 20.00 | Lendvai Sz\u00ednh\u00e1z- \u00e9s Hangversenyterem koncert A bel\u00e9p\u00e9s d\u00edjtalan. Az ingyenes jegyek \u00e1tvehet\u0151k a Lendavai Sz\u00ednh\u00e1z \u2013 \u00e9s Hangversenyterem p\u00e9nzt\u00e1r\u00e1n. Szervez\u0151: Knji\u017enica \u2013 Kulturni center Lendava \u2013 Lendvai K\u00f6nyvt\u00e1r \u00e9s Kultur\u00e1lis K\u00f6zpont \u00c9RTES\u00cdT\u00c9S: A Jan Plestenjak koncertre minden jegy elkelt! Jan Plestenjak az egyik legkeresettebb, legn\u00e9pszer\u0171bb \u00e9s legterm\u00e9kenyebb szlov\u00e9n zen\u00e9sz. [&hellip;]<\/p>\n","protected":false},"author":2,"featured_media":15504,"parent":0,"menu_order":0,"comment_status":"closed","ping_status":"closed","template":"","meta":{"footnotes":""},"class_list":["post-15672","page","type-page","status-publish","has-post-thumbnail","hentry","post","post-with-thumbnail","post-with-thumbnail-icon"],"_links":{"self":[{"href":"https:\/\/www1.kkl.si\/hu\/wp-json\/wp\/v2\/pages\/15672","targetHints":{"allow":["GET"]}}],"collection":[{"href":"https:\/\/www1.kkl.si\/hu\/wp-json\/wp\/v2\/pages"}],"about":[{"href":"https:\/\/www1.kkl.si\/hu\/wp-json\/wp\/v2\/types\/page"}],"author":[{"embeddable":true,"href":"https:\/\/www1.kkl.si\/hu\/wp-json\/wp\/v2\/users\/2"}],"replies":[{"embeddable":true,"href":"https:\/\/www1.kkl.si\/hu\/wp-json\/wp\/v2\/comments?post=15672"}],"version-history":[{"count":3,"href":"https:\/\/www1.kkl.si\/hu\/wp-json\/wp\/v2\/pages\/15672\/revisions"}],"predecessor-version":[{"id":15678,"href":"https:\/\/www1.kkl.si\/hu\/wp-json\/wp\/v2\/pages\/15672\/revisions\/15678"}],"wp:featuredmedia":[{"embeddable":true,"href":"https:\/\/www1.kkl.si\/hu\/wp-json\/wp\/v2\/media\/15504"}],"wp:attachment":[{"href":"https:\/\/www1.kkl.si\/hu\/wp-json\/wp\/v2\/media?parent=15672"}],"curies":[{"name":"wp","href":"https:\/\/api.w.org\/{rel}","templated":true}]}}