{"id":15899,"date":"2023-12-21T12:03:11","date_gmt":"2023-12-21T11:03:11","guid":{"rendered":"https:\/\/www1.kkl.si\/?page_id=15899"},"modified":"2023-12-21T12:03:56","modified_gmt":"2023-12-21T11:03:56","slug":"presernovo-gledalisce-kranj-predsednice","status":"publish","type":"page","link":"https:\/\/www1.kkl.si\/hu\/presernovo-gledalisce-kranj-predsednice\/","title":{"rendered":"Pre\u0161ernovo gledali\u0161\u010de Kranj: PREDSEDNICE"},"content":{"rendered":"<div class=\"opis\"><i class=\"fas fa-clock\"><\/i> <strong>2024. janu\u00e1r 23. (kedd) 19.00<\/strong> | Lendvai Sz\u00ednh\u00e1z- \u00e9s Hangversenyterem<img loading=\"lazy\" decoding=\"async\" class=\"wp-image-1592 alignright\" title=\"Fizet\u0151s rendezv\u00e9ny\" src=\"https:\/\/www1.kkl.si\/wp-content\/uploads\/\/2020\/07\/spored_simb_placljiva-1.svg\" alt=\"placljiva\" width=\"30\" height=\"30\" srcset=\"https:\/\/www1.kkl.si\/wp-content\/uploads\/\/2020\/07\/spored_simb_placljiva-1.svg 150w, https:\/\/www1.kkl.si\/wp-content\/uploads\/\/2020\/07\/spored_simb_placljiva-1.svg 400w, https:\/\/www1.kkl.si\/wp-content\/uploads\/\/2020\/07\/spored_simb_placljiva-1.svg 1500w, https:\/\/www1.kkl.si\/wp-content\/uploads\/\/2020\/07\/spored_simb_placljiva-1.svg 100w\" sizes=\"auto, (max-width: 30px) 100vw, 30px\" \/><img loading=\"lazy\" decoding=\"async\" class=\"wp-image-1586 alignright\" title=\"Szlov\u00e9n b\u00e9rlet\" src=\"https:\/\/www1.kkl.si\/wp-content\/uploads\/\/2020\/07\/spored_simb_abonma_si-1.svg\" alt=\"abonma_si\" width=\"30\" height=\"30\" \/><br \/>\n<i class=\"fas fa-chevron-circle-right\"><\/i>\u00a0 <strong>fekete v\u00edgj\u00e1t\u00e9k szlov\u00e9n nyelven<\/strong> <br \/>\n<i class=\"fas fa-ticket-alt\"><\/i> Bel\u00e9p\u0151jegy \u00e1ra: <strong>15 \u20ac<\/strong> el\u0151v\u00e9telben , <strong>18 \u20ac<\/strong> az el\u0151ad\u00e1s napj\u00e1n<br \/>\nJegyek a \u00a0Lendvai Sz\u00ednh\u00e1z- \u00e9s Hangversenyterem p\u00e9nzt\u00e1r\u00e1n\u00e1l v\u00e1s\u00e1rolhat\u00f3k. <i class=\"fas fa-phone-alt\"><\/i> Telefon: (0)2 577 60 24<br \/>\nSzervez\u0151: <a href=\"https:\/\/www.kkl.si\/\">Knji\u017enica \u2013 Kulturni center Lendava \u2013 Lendvai K\u00f6nyvt\u00e1r \u00e9s Kultur\u00e1lis K\u00f6zpont<\/a><\/div>\n<p><a href=\"https:\/\/www1.kkl.si\/wp-content\/uploads\/2023\/12\/plakat_B1_ABONMA2023_Predsednice.jpg\" data-lbwps-width=\"2032\" data-lbwps-height=\"2882\" data-lbwps-srcsmall=\"https:\/\/www1.kkl.si\/wp-content\/uploads\/2023\/12\/plakat_B1_ABONMA2023_Predsednice.jpg\"><img loading=\"lazy\" decoding=\"async\" class=\"alignright size-medium wp-image-15823\" src=\"https:\/\/www1.kkl.si\/wp-content\/uploads\/2023\/12\/plakat_B1_ABONMA2023_Predsednice-scaled-282x400.jpg\" alt=\"\" width=\"282\" height=\"400\" \/><\/a><em>Szlov\u00e9n le\u00edr\u00e1s:<\/em><\/p>\n<p>Werner Schwab<br \/>\n<span style=\"font-size: 14pt;\"><strong>PREDSEDNICE<\/strong><\/span><\/p>\n<p><em><strong>Re\u017eiser:<\/strong> Jure Novak<\/em><br \/>\n<em><strong>Prevajalka:<\/strong> Mojca Kranjc<\/em><\/p>\n<p>Naslov izvirnika: Die Pr\u00e4sidentinnen<\/p>\n<p>Prevajalec pesmi \u201cKaj mora zame biti Bog\u201d: Jure Novak<br \/>\nDramaturginja: Marinka Po\u0161trak<br \/>\nScenograf: Leon Vidmar<br \/>\nKostumografinja: Dajana Ljubi\u010di\u0107<br \/>\nAvtor glasbe: Uro\u0161 Buh<br \/>\nKoreografinja: Lada Petrovski Ternov\u0161ek<br \/>\nLektorica: Barbara Rogelj<br \/>\nOblikovalec lu\u010di: Andrej Hajdinjak<br \/>\nOblikovalec maske: Matej Pajntar<\/p>\n<p><strong>Igrajo<\/strong><br \/>\nErna -Vesna Jevnikar<br \/>\nGreta &#8211;\u00a0Darja Reichman<br \/>\nMari\u010dka &#8211; Tina Resman k.g.<br \/>\nPozavnist &#8211; Branko Mrak k.g.<\/p>\n<p><em>Trajanje: 90 minut, brez odmora<\/em><\/p>\n<p><a href=\"https:\/\/www1.kkl.si\/wp-content\/uploads\/2023\/12\/predsednice00.jpg\" data-lbwps-width=\"1600\" data-lbwps-height=\"1200\" data-lbwps-srcsmall=\"https:\/\/www1.kkl.si\/wp-content\/uploads\/2023\/12\/predsednice00-400x300.jpg\"><img loading=\"lazy\" decoding=\"async\" class=\"alignnone wp-image-15828 size-large\" src=\"https:\/\/www1.kkl.si\/wp-content\/uploads\/2023\/12\/predsednice00-1500x1125.jpg\" alt=\"\" width=\"1500\" height=\"1125\" srcset=\"https:\/\/www1.kkl.si\/wp-content\/uploads\/2023\/12\/predsednice00-1500x1125.jpg 1500w, https:\/\/www1.kkl.si\/wp-content\/uploads\/2023\/12\/predsednice00-400x300.jpg 400w, https:\/\/www1.kkl.si\/wp-content\/uploads\/2023\/12\/predsednice00.jpg 1600w\" sizes=\"auto, (max-width: 1500px) 100vw, 1500px\" \/><\/a><\/p>\n<p>Ob Thomasu Bernhardu in Elfriede Jelinek je <strong>Werner Schwab<\/strong> gotovo eden najradikalnej\u0161ih kritikov avstrijske dru\u017ebe kot tudi dru\u017ebe nasploh. V avstrijsko in kasneje tudi v mednarodno gledali\u0161ko krajino je zarezal z neverjetno ostrino. Werner Schwab je dobesedno z golimi vrokami (tako kot njegova Mari\u010dka v <em>Predsednicah<\/em>) segel naravnost v smrdljivo kloako \u010dlove\u0161ke primitivnosti in izvlekel na plano vso banalnost in bizarnost \u010dlove\u0161kega blata. Kot \u00bbotrok ni\u017ejega sloja\u00ab, ki je odra\u0161\u010dal sam z materjo (hi\u0161nico in \u010distilko), brez o\u010deta (saj je zakon takoj po njegovem rojstvu razpadel), je seveda od blizu spoznal vso bedo in tudi sanje ljudi s \u00bbsocialnega dna\u00ab. In prav o tem govori njegova \u00bbljudska igra\u00ab v treh prizorih.<\/p>\n<p>&nbsp;<\/p>\n<p>O\u00a0 PREDSTAVI<\/p>\n<p>V <em>Predsednicah<\/em> Schwab skozi duhovite in iskrive dialoge dveh upokojenih \u010distilk Erne in Grete ter \u0161e \u00bbaktivne\u00ab Mari\u010dke mojstrsko razgrinja banalno in na kr\u0161\u010danskih stereotipih temelje\u010do plat dru\u017ebe. Poprepro\u0161\u010dena banalnost, primitivizem in tudi brutalnost Erne in Grete na eni strani in \u00bbidiotska\u00ab naivnost verske fanati\u010darke Mari\u010dke kulminirajo v njihovih eroti\u010dnih in sentimentalnih sanjarijah, da bi avtor pred o\u010dmi malome\u0161\u010danske publike brez olep\u0161evanj razgrnil vso bizarnost ljudi, ki jih na eni strani omejuje kli\u0161ejski in togi katolicizem, na drugi pa globoko zakoreninjeni nacizem. Predsednice so brez dvoma kot naro\u010deno besedilo za na\u0161 \u010das in na\u0161e igralke.<\/p>\n<p>&nbsp;<\/p>\n<p>RE\u017dISERJEVE MISLI<\/p>\n<p>Za direktorja in umetni\u0161kega vodjo <strong>Jureta Novaka<\/strong> bodo Schwabove <em>Predsednice<\/em> prva uprizoritev, ki jo bo re\u017eiral v Pre\u0161ernovem gledali\u0161\u010du. <em>\u00bbPredsednice\u00a0so \u010drna, skoraj groteskna komi\u010dna drama. Tri zrele \u017eenske z robov dru\u017ebe odprejo ve\u010dna vpra\u0161anja: kam nas vodi soo\u010denje s \u010dedalje kompleksnej\u0161im svetom, ki nas obkro\u017ea, kam se zatekamo v uteho, o \u010dem sanjarimo, medtem ko stvarstvo drvi naprej? V zgodbi protagonistke s so\u010dnim Schwabovim jezikom presegajo lastne meje in fantazije in \u017ee od nastanka navdu\u0161ujejo in \u0161kandalizirajo gledalce po vsem svetu. Erna, Greta in Mari\u010dka nas bodo popeljale v (\u010darobne) svetove (zavrte) seksualnosti in (osnovnih) (\u010dlove\u0161kih) potreb. Igralsko izjemno zahtevne vloge bodo \u010dlanicam na\u0161ega ansambla v izziv, nadejam pa se, da bomo skupaj odgrnili krinke vsakdana in se zazrli v lastne globine, v vsej njihovi mesenosti in organskosti,\u00ab<\/em> je strnil svoje misli o besedilu re\u017eiser Jure Novak.<\/p>\n<p><i class=\"fas fa-link\"><\/i> <a href=\"https:\/\/pgk.si\/repertoar\/predsednice\/752\">https:\/\/pgk.si\/repertoar\/predsednice\/752<\/a><\/p>\n<hr \/>\n<p>FOTOGALERIJA<\/p>\n\n\t\t<style type=\"text\/css\">\n\t\t\t#gallery-1 {\n\t\t\t\tmargin: auto;\n\t\t\t}\n\t\t\t#gallery-1 .gallery-item {\n\t\t\t\tfloat: left;\n\t\t\t\tmargin-top: 10px;\n\t\t\t\ttext-align: center;\n\t\t\t\twidth: 16%;\n\t\t\t}\n\t\t\t#gallery-1 img {\n\t\t\t\tborder: 2px solid #cfcfcf;\n\t\t\t}\n\t\t\t#gallery-1 .gallery-caption {\n\t\t\t\tmargin-left: 0;\n\t\t\t}\n\t\t\t\/* see gallery_shortcode() in wp-includes\/media.php *\/\n\t\t<\/style>\n\t\t<div id='gallery-1' class='gallery galleryid-15899 gallery-columns-6 gallery-size-thumbnail'><dl class='gallery-item'>\n\t\t\t<dt class='gallery-icon landscape'>\n\t\t\t\t<a href='https:\/\/www1.kkl.si\/wp-content\/uploads\/2023\/12\/predsednice01.jpg'><img loading=\"lazy\" decoding=\"async\" width=\"150\" height=\"150\" src=\"https:\/\/www1.kkl.si\/wp-content\/uploads\/2023\/12\/predsednice01-150x150.jpg\" class=\"attachment-thumbnail size-thumbnail\" alt=\"\" aria-describedby=\"gallery-1-15837\" \/><\/a>\n\t\t\t<\/dt>\n\t\t\t\t<dd class='wp-caption-text gallery-caption' id='gallery-1-15837'>\n\t\t\t\tPre\u0161ernovo gledali\u0161\u010de Kranj, oktober 2023: \rWerner Schwab \rPREDSEDNICE \rRe\u017eiser \rJure Novak\n\t\t\t\t<\/dd><\/dl><dl class='gallery-item'>\n\t\t\t<dt class='gallery-icon landscape'>\n\t\t\t\t<a href='https:\/\/www1.kkl.si\/wp-content\/uploads\/2023\/12\/predsednice02.jpg'><img loading=\"lazy\" decoding=\"async\" width=\"150\" height=\"150\" src=\"https:\/\/www1.kkl.si\/wp-content\/uploads\/2023\/12\/predsednice02-150x150.jpg\" class=\"attachment-thumbnail size-thumbnail\" alt=\"\" aria-describedby=\"gallery-1-15839\" \/><\/a>\n\t\t\t<\/dt>\n\t\t\t\t<dd class='wp-caption-text gallery-caption' id='gallery-1-15839'>\n\t\t\t\tPre\u0161ernovo gledali\u0161\u010de Kranj, oktober 2023: \rWerner Schwab \rPREDSEDNICE \rRe\u017eiser \rJure Novak\n\t\t\t\t<\/dd><\/dl><dl class='gallery-item'>\n\t\t\t<dt class='gallery-icon landscape'>\n\t\t\t\t<a href='https:\/\/www1.kkl.si\/wp-content\/uploads\/2023\/12\/predsednice03.jpg'><img loading=\"lazy\" decoding=\"async\" width=\"150\" height=\"150\" src=\"https:\/\/www1.kkl.si\/wp-content\/uploads\/2023\/12\/predsednice03-150x150.jpg\" class=\"attachment-thumbnail size-thumbnail\" alt=\"\" aria-describedby=\"gallery-1-15841\" \/><\/a>\n\t\t\t<\/dt>\n\t\t\t\t<dd class='wp-caption-text gallery-caption' id='gallery-1-15841'>\n\t\t\t\tPre\u0161ernovo gledali\u0161\u010de Kranj, oktober 2023: \rWerner Schwab \rPREDSEDNICE \rRe\u017eiser \rJure Novak\n\t\t\t\t<\/dd><\/dl><dl class='gallery-item'>\n\t\t\t<dt class='gallery-icon landscape'>\n\t\t\t\t<a href='https:\/\/www1.kkl.si\/wp-content\/uploads\/2023\/12\/predsednice04.jpg'><img loading=\"lazy\" decoding=\"async\" width=\"150\" height=\"150\" src=\"https:\/\/www1.kkl.si\/wp-content\/uploads\/2023\/12\/predsednice04-150x150.jpg\" class=\"attachment-thumbnail size-thumbnail\" alt=\"\" aria-describedby=\"gallery-1-15843\" \/><\/a>\n\t\t\t<\/dt>\n\t\t\t\t<dd class='wp-caption-text gallery-caption' id='gallery-1-15843'>\n\t\t\t\tPre\u0161ernovo gledali\u0161\u010de Kranj, oktober 2023: \rWerner Schwab \rPREDSEDNICE \rRe\u017eiser \rJure Novak\n\t\t\t\t<\/dd><\/dl><dl class='gallery-item'>\n\t\t\t<dt class='gallery-icon landscape'>\n\t\t\t\t<a href='https:\/\/www1.kkl.si\/wp-content\/uploads\/2023\/12\/predsednice05.jpg'><img loading=\"lazy\" decoding=\"async\" width=\"150\" height=\"150\" src=\"https:\/\/www1.kkl.si\/wp-content\/uploads\/2023\/12\/predsednice05-150x150.jpg\" class=\"attachment-thumbnail size-thumbnail\" alt=\"\" aria-describedby=\"gallery-1-15845\" \/><\/a>\n\t\t\t<\/dt>\n\t\t\t\t<dd class='wp-caption-text gallery-caption' id='gallery-1-15845'>\n\t\t\t\tPre\u0161ernovo gledali\u0161\u010de Kranj, oktober 2023: \rWerner Schwab \rPREDSEDNICE \rRe\u017eiser \rJure Novak\n\t\t\t\t<\/dd><\/dl><dl class='gallery-item'>\n\t\t\t<dt class='gallery-icon landscape'>\n\t\t\t\t<a href='https:\/\/www1.kkl.si\/wp-content\/uploads\/2023\/12\/predsednice06.jpg'><img loading=\"lazy\" decoding=\"async\" width=\"150\" height=\"150\" src=\"https:\/\/www1.kkl.si\/wp-content\/uploads\/2023\/12\/predsednice06-150x150.jpg\" class=\"attachment-thumbnail size-thumbnail\" alt=\"\" aria-describedby=\"gallery-1-15847\" \/><\/a>\n\t\t\t<\/dt>\n\t\t\t\t<dd class='wp-caption-text gallery-caption' id='gallery-1-15847'>\n\t\t\t\tPre\u0161ernovo gledali\u0161\u010de Kranj, oktober 2023: \rWerner Schwab \rPREDSEDNICE \rRe\u017eiser \rJure Novak\n\t\t\t\t<\/dd><\/dl><br style=\"clear: both\" \/>\n\t\t<\/div>\n\n<p><span class=\"x193iq5w xeuugli x13faqbe x1vvkbs x1xmvt09 x1lliihq x1s928wv xhkezso x1gmr53x x1cpjm7i x1fgarty x1943h6x xudqn12 x3x7a5m x6prxxf xvq8zen xo1l8bm xzsf02u\" dir=\"auto\" style=\"font-size: 10pt;\">Foto: Nada \u017dgank<\/span><\/p>\n<hr \/>\n<p>VIDEO<\/p>\n<p><iframe loading=\"lazy\" src=\"\/\/www.youtube.com\/embed\/ssZu7IHZ3Ss\" width=\"560\" height=\"314\" allowfullscreen=\"allowfullscreen\"><\/iframe><\/p>\n<hr \/>\n<p>KKCL Slovenski abonma 2023\/24<\/p>\n<p>Povezava: <a href=\"https:\/\/www1.kkl.si\/sl\/slovenski-abonma-2023-2024\/\">https:\/\/www1.kkl.si\/sl\/slovenski-abonma-2023-2024\/<\/a><\/p>\n<p><a href=\"https:\/\/www1.kkl.si\/sl\/slovenski-abonma-2023-2024\/\"><img loading=\"lazy\" decoding=\"async\" class=\"alignnone wp-image-13869 size-large\" src=\"https:\/\/www1.kkl.si\/wp-content\/uploads\/2023\/08\/2023_08_26_slo_abonma-1500x400.jpg\" alt=\"\" width=\"1500\" height=\"400\" srcset=\"https:\/\/www1.kkl.si\/wp-content\/uploads\/2023\/08\/2023_08_26_slo_abonma.jpg 1500w, https:\/\/www1.kkl.si\/wp-content\/uploads\/2023\/08\/2023_08_26_slo_abonma-400x107.jpg 400w\" sizes=\"auto, (max-width: 1500px) 100vw, 1500px\" \/><\/a><\/p>\n","protected":false},"excerpt":{"rendered":"<p>2024. janu\u00e1r 23. (kedd) 19.00 | Lendvai Sz\u00ednh\u00e1z- \u00e9s Hangversenyterem \u00a0 fekete v\u00edgj\u00e1t\u00e9k szlov\u00e9n nyelven Bel\u00e9p\u0151jegy \u00e1ra: 15 \u20ac el\u0151v\u00e9telben , 18 \u20ac az el\u0151ad\u00e1s napj\u00e1n Jegyek a \u00a0Lendvai Sz\u00ednh\u00e1z- \u00e9s Hangversenyterem p\u00e9nzt\u00e1r\u00e1n\u00e1l v\u00e1s\u00e1rolhat\u00f3k. Telefon: (0)2 577 60 24 Szervez\u0151: Knji\u017enica \u2013 Kulturni center Lendava \u2013 Lendvai K\u00f6nyvt\u00e1r \u00e9s Kultur\u00e1lis K\u00f6zpont Szlov\u00e9n le\u00edr\u00e1s: Werner Schwab [&hellip;]<\/p>\n","protected":false},"author":2,"featured_media":0,"parent":0,"menu_order":0,"comment_status":"closed","ping_status":"closed","template":"","meta":{"footnotes":""},"class_list":["post-15899","page","type-page","status-publish","hentry","post"],"_links":{"self":[{"href":"https:\/\/www1.kkl.si\/hu\/wp-json\/wp\/v2\/pages\/15899","targetHints":{"allow":["GET"]}}],"collection":[{"href":"https:\/\/www1.kkl.si\/hu\/wp-json\/wp\/v2\/pages"}],"about":[{"href":"https:\/\/www1.kkl.si\/hu\/wp-json\/wp\/v2\/types\/page"}],"author":[{"embeddable":true,"href":"https:\/\/www1.kkl.si\/hu\/wp-json\/wp\/v2\/users\/2"}],"replies":[{"embeddable":true,"href":"https:\/\/www1.kkl.si\/hu\/wp-json\/wp\/v2\/comments?post=15899"}],"version-history":[{"count":2,"href":"https:\/\/www1.kkl.si\/hu\/wp-json\/wp\/v2\/pages\/15899\/revisions"}],"predecessor-version":[{"id":15901,"href":"https:\/\/www1.kkl.si\/hu\/wp-json\/wp\/v2\/pages\/15899\/revisions\/15901"}],"wp:attachment":[{"href":"https:\/\/www1.kkl.si\/hu\/wp-json\/wp\/v2\/media?parent=15899"}],"curies":[{"name":"wp","href":"https:\/\/api.w.org\/{rel}","templated":true}]}}