{"id":16540,"date":"2024-03-07T21:07:29","date_gmt":"2024-03-07T20:07:29","guid":{"rendered":"https:\/\/www1.kkl.si\/?page_id=16540"},"modified":"2024-03-14T13:06:00","modified_gmt":"2024-03-14T12:06:00","slug":"pupilla-babszinhaz-ba-bu-2","status":"publish","type":"page","link":"https:\/\/www1.kkl.si\/hu\/pupilla-babszinhaz-ba-bu-2\/","title":{"rendered":"Pupilla B\u00e1bsz\u00ednh\u00e1z: BA BU"},"content":{"rendered":"<div class=\"opis\"><i class=\"fas fa-clock\"><\/i> <strong>2024. m\u00e1rcius 19. (kedd) 17.00<\/strong> | Lendvai Sz\u00ednh\u00e1z- \u00e9s Hangversenyterem<img loading=\"lazy\" decoding=\"async\" class=\"wp-image-1592 alignright\" title=\"Fizet\u0151s rendezv\u00e9ny\" src=\"https:\/\/www1.kkl.si\/wp-content\/uploads\/\/2020\/07\/spored_simb_placljiva-1.svg\" alt=\"placljiva\" width=\"30\" height=\"30\" srcset=\"https:\/\/www1.kkl.si\/wp-content\/uploads\/\/2020\/07\/spored_simb_placljiva-1.svg 150w, https:\/\/www1.kkl.si\/wp-content\/uploads\/\/2020\/07\/spored_simb_placljiva-1.svg 400w, https:\/\/www1.kkl.si\/wp-content\/uploads\/\/2020\/07\/spored_simb_placljiva-1.svg 1500w, https:\/\/www1.kkl.si\/wp-content\/uploads\/\/2020\/07\/spored_simb_placljiva-1.svg 100w\" sizes=\"auto, (max-width: 30px) 100vw, 30px\" \/><br \/>\n<i class=\"fas fa-chevron-circle-right\"><\/i> <strong>gyerekel\u0151ad\u00e1s <span class=\"starost\">1+<\/span><\/strong> <br \/>\n<i class=\"fas fa-ticket-alt\"><\/i> Bel\u00e9p\u0151jegy \u00e1ra: <strong>3 \u20ac | <span style=\"color: #ff0000;\">\u00c9RTES\u00cdT\u00c9S: A jegyek korl\u00e1tozott sz\u00e1mban kaphat\u00f3k!<\/span><\/strong><br \/>\nSzervez\u0151: <a href=\"https:\/\/www.kkl.si\/\">Knji\u017enica \u2013 Kulturni center Lendava \u2013 Lendvai K\u00f6nyvt\u00e1r \u00e9s Kultur\u00e1lis K\u00f6zpont<\/a><\/div>\n<p><a href=\"https:\/\/www1.kkl.si\/wp-content\/uploads\/2024\/03\/plakat_B2_pupilla_ba_bu_2024.jpg\" data-lbwps-width=\"2143\" data-lbwps-height=\"3000\" data-lbwps-srcsmall=\"https:\/\/www1.kkl.si\/wp-content\/uploads\/2024\/03\/plakat_B2_pupilla_ba_bu_2024.jpg\"><img loading=\"lazy\" decoding=\"async\" class=\"alignright size-medium wp-image-16490\" src=\"https:\/\/www1.kkl.si\/wp-content\/uploads\/2024\/03\/plakat_B2_pupilla_ba_bu_2024-scaled-286x400.jpg\" alt=\"\" width=\"286\" height=\"400\" srcset=\"https:\/\/www1.kkl.si\/wp-content\/uploads\/2024\/03\/plakat_B2_pupilla_ba_bu_2024-scaled-286x400.jpg 286w, https:\/\/www1.kkl.si\/wp-content\/uploads\/2024\/03\/plakat_B2_pupilla_ba_bu_2024-scaled-1072x1500.jpg 1072w, https:\/\/www1.kkl.si\/wp-content\/uploads\/2024\/03\/plakat_B2_pupilla_ba_bu_2024-scaled.jpg 1829w\" sizes=\"auto, (max-width: 286px) 100vw, 286px\" \/><\/a>A Pupilla B\u00e1bsz\u00ednh\u00e1z bemutatja:<br \/>\n<span style=\"font-size: 18pt;\"><strong>BA BU<\/strong><\/span><\/p>\n<p>K\u00e9t sz\u00edn\u00e9szn\u0151-zen\u00e9szn\u0151 egy var\u00e1zslatos vil\u00e1gba kalauzolja a legfiatalabb n\u00e9z\u0151ket, ahol hangok, zene, ritmus, f\u00e9ny, sz\u00ednek \u00e9s form\u00e1k fon\u00f3dnak \u00f6ssze. Finoman, egyszer\u0171 mozdulatokkal \u00e9s j\u00e1t\u00e9kokkal keresik a kicsik \u00e9rz\u00e9keit \u00e9s figyelm\u00e9t. A sz\u00ednpadon egy egyszer\u0171, de var\u00e1zslatos hang- \u00e9s t\u00e9rinstall\u00e1ci\u00f3t \u00e9p\u00edtenek, amely kicsiket \u00e9s nagyokat egyar\u00e1nt \u00e9rz\u00e9kszervi \u00e9lm\u00e9nyre h\u00edv. \u00c9rz\u00e9keny vizu\u00e1lis k\u00e9pekkel teszik egyed\u00fcl\u00e1ll\u00f3 \u00e9s felejthetetlen \u00e9lm\u00e9nny\u00e9 a kicsik els\u0151 sz\u00ednh\u00e1zl\u00e1togat\u00e1s\u00e1t. A kicsiknek sz\u00f3l\u00f3 sz\u00ednh\u00e1z egyed\u00fcl\u00e1ll\u00f3 eszt\u00e9tik\u00e1ja a kisgyermek mint n\u00e9z\u0151 felfedez\u00e9s\u00e9n \u00e9s eszt\u00e9tikai \u00e9lm\u00e9ny\u00e9n alapul, azzal a c\u00e9llal, hogy a gyerekek felfedezz\u00e9k a vil\u00e1got annak elemi \u00e9s k\u00f6lt\u0151i form\u00e1j\u00e1ban.<\/p>\n<p>Rendez\u0151 \u00e9s l\u00e1tv\u00e1ny:<br \/>\n<strong>Sabina \u0160inko<\/strong><\/p>\n<p>Szerepl\u0151k \u00e9s zene: <br \/>\n<strong>Petra Kava\u0161<\/strong> \u00e9s <strong>Natalija Tumpej<br \/>\n<\/strong><\/p>\n<p>D\u00edszlet: <br \/>\n<strong>Milan Gal<\/strong><\/p>\n<hr \/>\n<p>1 \u00e9s 4 \u00e9v k\u00f6z\u00f6tti gyermekek sz\u00e1m\u00e1ra alkalmas<\/p>\n<hr \/>\n<p><strong>T\u00e9mak\u00f6r\u00f6k:<\/strong><br \/>\nkontrasztok &#8211; j\u00e1t\u00e9k a f\u00e9nnyel &#8211; hangok \u00f6sszefon\u00f3d\u00e1sa<\/p>\n<hr \/>\n<p>FOT\u00d3GAL\u00c9RIA<\/p>\n\n\t\t<style type=\"text\/css\">\n\t\t\t#gallery-1 {\n\t\t\t\tmargin: auto;\n\t\t\t}\n\t\t\t#gallery-1 .gallery-item {\n\t\t\t\tfloat: left;\n\t\t\t\tmargin-top: 10px;\n\t\t\t\ttext-align: center;\n\t\t\t\twidth: 16%;\n\t\t\t}\n\t\t\t#gallery-1 img {\n\t\t\t\tborder: 2px solid #cfcfcf;\n\t\t\t}\n\t\t\t#gallery-1 .gallery-caption {\n\t\t\t\tmargin-left: 0;\n\t\t\t}\n\t\t\t\/* see gallery_shortcode() in wp-includes\/media.php *\/\n\t\t<\/style>\n\t\t<div id='gallery-1' class='gallery galleryid-16540 gallery-columns-6 gallery-size-thumbnail'><dl class='gallery-item'>\n\t\t\t<dt class='gallery-icon landscape'>\n\t\t\t\t<a href='https:\/\/www1.kkl.si\/wp-content\/uploads\/2021\/12\/BaBu_2.jpg'><img loading=\"lazy\" decoding=\"async\" width=\"150\" height=\"150\" src=\"https:\/\/www1.kkl.si\/wp-content\/uploads\/2021\/12\/BaBu_2-150x150.jpg\" class=\"attachment-thumbnail size-thumbnail\" alt=\"\" \/><\/a>\n\t\t\t<\/dt><\/dl><dl class='gallery-item'>\n\t\t\t<dt class='gallery-icon landscape'>\n\t\t\t\t<a href='https:\/\/www1.kkl.si\/wp-content\/uploads\/2021\/12\/BaBu_3.jpg'><img loading=\"lazy\" decoding=\"async\" width=\"150\" height=\"150\" src=\"https:\/\/www1.kkl.si\/wp-content\/uploads\/2021\/12\/BaBu_3-150x150.jpg\" class=\"attachment-thumbnail size-thumbnail\" alt=\"\" \/><\/a>\n\t\t\t<\/dt><\/dl><dl class='gallery-item'>\n\t\t\t<dt class='gallery-icon portrait'>\n\t\t\t\t<a href='https:\/\/www1.kkl.si\/wp-content\/uploads\/2021\/12\/BaBu_4.jpg'><img loading=\"lazy\" decoding=\"async\" width=\"150\" height=\"150\" src=\"https:\/\/www1.kkl.si\/wp-content\/uploads\/2021\/12\/BaBu_4-150x150.jpg\" class=\"attachment-thumbnail size-thumbnail\" alt=\"\" \/><\/a>\n\t\t\t<\/dt><\/dl><dl class='gallery-item'>\n\t\t\t<dt class='gallery-icon landscape'>\n\t\t\t\t<a href='https:\/\/www1.kkl.si\/wp-content\/uploads\/2021\/12\/BaBu_5.jpg'><img loading=\"lazy\" decoding=\"async\" width=\"150\" height=\"150\" src=\"https:\/\/www1.kkl.si\/wp-content\/uploads\/2021\/12\/BaBu_5-150x150.jpg\" class=\"attachment-thumbnail size-thumbnail\" alt=\"\" \/><\/a>\n\t\t\t<\/dt><\/dl><dl class='gallery-item'>\n\t\t\t<dt class='gallery-icon landscape'>\n\t\t\t\t<a href='https:\/\/www1.kkl.si\/wp-content\/uploads\/2021\/12\/BaBu_6.jpg'><img loading=\"lazy\" decoding=\"async\" width=\"150\" height=\"150\" src=\"https:\/\/www1.kkl.si\/wp-content\/uploads\/2021\/12\/BaBu_6-150x150.jpg\" class=\"attachment-thumbnail size-thumbnail\" alt=\"\" \/><\/a>\n\t\t\t<\/dt><\/dl><dl class='gallery-item'>\n\t\t\t<dt class='gallery-icon landscape'>\n\t\t\t\t<a href='https:\/\/www1.kkl.si\/wp-content\/uploads\/2021\/12\/BaBu_7.jpg'><img loading=\"lazy\" decoding=\"async\" width=\"150\" height=\"150\" src=\"https:\/\/www1.kkl.si\/wp-content\/uploads\/2021\/12\/BaBu_7-150x150.jpg\" class=\"attachment-thumbnail size-thumbnail\" alt=\"\" \/><\/a>\n\t\t\t<\/dt><\/dl><br style=\"clear: both\" \/>\n\t\t<\/div>\n\n<hr \/>\n<p>VIDE\u00d3<\/p>\n<p><iframe loading=\"lazy\" src=\"\/\/www.youtube.com\/embed\/6LFOF0xKV8I\" width=\"1200\" height=\"673\" allowfullscreen=\"allowfullscreen\" data-mce-fragment=\"1\"><\/iframe><\/p>\n<hr \/>\n<p>KAPCSOLATOK<\/p>\n<p><i class=\"fas fa-link\"><\/i> <a href=\"http:\/\/www.lutkepupilla.si\/lutkovne-predstave\/ba-bu\/\">http:\/\/www.lutkepupilla.si\/lutkovne-predstave\/ba-bu\/<\/a><br \/>\n<i class=\"fas fa-link\"><\/i> <a href=\"https:\/\/www.zlatapalicica.si\/predstava\/ba-bu\/\">https:\/\/www.zlatapalicica.si\/predstava\/ba-bu\/<\/a><\/p>\n","protected":false},"excerpt":{"rendered":"<p>2024. m\u00e1rcius 19. (kedd) 17.00 | Lendvai Sz\u00ednh\u00e1z- \u00e9s Hangversenyterem gyerekel\u0151ad\u00e1s 1+ Bel\u00e9p\u0151jegy \u00e1ra: 3 \u20ac | \u00c9RTES\u00cdT\u00c9S: A jegyek korl\u00e1tozott sz\u00e1mban kaphat\u00f3k! Szervez\u0151: Knji\u017enica \u2013 Kulturni center Lendava \u2013 Lendvai K\u00f6nyvt\u00e1r \u00e9s Kultur\u00e1lis K\u00f6zpont A Pupilla B\u00e1bsz\u00ednh\u00e1z bemutatja: BA BU K\u00e9t sz\u00edn\u00e9szn\u0151-zen\u00e9szn\u0151 egy var\u00e1zslatos vil\u00e1gba kalauzolja a legfiatalabb n\u00e9z\u0151ket, ahol hangok, zene, ritmus, f\u00e9ny, [&hellip;]<\/p>\n","protected":false},"author":2,"featured_media":16491,"parent":0,"menu_order":0,"comment_status":"closed","ping_status":"closed","template":"","meta":{"footnotes":""},"class_list":["post-16540","page","type-page","status-publish","has-post-thumbnail","hentry","post","post-with-thumbnail","post-with-thumbnail-icon"],"_links":{"self":[{"href":"https:\/\/www1.kkl.si\/hu\/wp-json\/wp\/v2\/pages\/16540","targetHints":{"allow":["GET"]}}],"collection":[{"href":"https:\/\/www1.kkl.si\/hu\/wp-json\/wp\/v2\/pages"}],"about":[{"href":"https:\/\/www1.kkl.si\/hu\/wp-json\/wp\/v2\/types\/page"}],"author":[{"embeddable":true,"href":"https:\/\/www1.kkl.si\/hu\/wp-json\/wp\/v2\/users\/2"}],"replies":[{"embeddable":true,"href":"https:\/\/www1.kkl.si\/hu\/wp-json\/wp\/v2\/comments?post=16540"}],"version-history":[{"count":5,"href":"https:\/\/www1.kkl.si\/hu\/wp-json\/wp\/v2\/pages\/16540\/revisions"}],"predecessor-version":[{"id":16642,"href":"https:\/\/www1.kkl.si\/hu\/wp-json\/wp\/v2\/pages\/16540\/revisions\/16642"}],"wp:featuredmedia":[{"embeddable":true,"href":"https:\/\/www1.kkl.si\/hu\/wp-json\/wp\/v2\/media\/16491"}],"wp:attachment":[{"href":"https:\/\/www1.kkl.si\/hu\/wp-json\/wp\/v2\/media?parent=16540"}],"curies":[{"name":"wp","href":"https:\/\/api.w.org\/{rel}","templated":true}]}}