{"id":16835,"date":"2024-04-01T11:55:22","date_gmt":"2024-04-01T09:55:22","guid":{"rendered":"https:\/\/www1.kkl.si\/?page_id=16835"},"modified":"2024-05-10T12:30:27","modified_gmt":"2024-05-10T10:30:27","slug":"zaigrajmo-in-zapojmo-po-domace-osszekotve-a-bella-venezia-etterem-mukodesenek-10-evfordulojaval","status":"publish","type":"page","link":"https:\/\/www1.kkl.si\/hu\/zaigrajmo-in-zapojmo-po-domace-osszekotve-a-bella-venezia-etterem-mukodesenek-10-evfordulojaval\/","title":{"rendered":"ZAIGRAJMO IN ZAPOJMO PO DOMA\u010cE \u2013 \u00f6sszek\u00f6tve a BELLA VENEZIA \u00e9tterem m\u0171k\u00f6d\u00e9s\u00e9nek 10. \u00e9vford\u00fal\u00f3j\u00e1val"},"content":{"rendered":"<div class=\"opis\"><span style=\"font-size: 18pt; color: #ff0000;\"><strong><i class=\"fas fa-exclamation-triangle\"><\/i> \u00c9RTES\u00cdT\u00c9S: MINDEN JEGY ELKELT!<\/strong><\/span><\/p>\n<p><i class=\"fas fa-clock\"><\/i> <strong>2024. m\u00e1jus 11. (szombat), 19.30<\/strong> | Lendvai Sz\u00ednh\u00e1z- \u00e9s Hangversenyterem<img loading=\"lazy\" decoding=\"async\" class=\"wp-image-1592 alignright\" title=\"Fizet\u0151s rendezv\u00e9ny\" src=\"https:\/\/www1.kkl.si\/wp-content\/uploads\/\/2020\/07\/spored_simb_placljiva-1.svg\" alt=\"placljiva\" width=\"30\" height=\"30\" srcset=\"https:\/\/www1.kkl.si\/wp-content\/uploads\/\/2020\/07\/spored_simb_placljiva-1.svg 150w, https:\/\/www1.kkl.si\/wp-content\/uploads\/\/2020\/07\/spored_simb_placljiva-1.svg 400w, https:\/\/www1.kkl.si\/wp-content\/uploads\/\/2020\/07\/spored_simb_placljiva-1.svg 1500w, https:\/\/www1.kkl.si\/wp-content\/uploads\/\/2020\/07\/spored_simb_placljiva-1.svg 100w\" sizes=\"auto, (max-width: 30px) 100vw, 30px\" \/><br \/>\n<i class=\"fas fa-chevron-circle-right\"><\/i> <strong>koncert, zenei \u00e9s sz\u00f3rakoztat\u00f3 rendezv\u00e9ny<\/strong><br \/>\n<i class=\"fas fa-ticket-alt\"><\/i> Bel\u00e9p\u0151jegy \u00e1ra el\u0151v\u00e9telben:<strong> 19 \u20ac<\/strong><br \/>\n<i class=\"fas fa-ticket-alt\"><\/i> A bel\u00e9p\u0151jegy \u00e1ra a rendezv\u00e9ny napj\u00e1n:<strong> 22 \u20ac<\/strong><\/p>\n<p>Ez egy j\u00f3t\u00e9konys\u00e1gi rendezv\u00e9ny, ahol minden l\u00e1togat\u00f3nak friss\u00edt\u0151ket \u00e9s aj\u00e1nd\u00e9kokat k\u00edn\u00e1lunk, ez\u00e9rt k\u00e9rj\u00fck, hogy a koncert kezdete el\u0151tt 30-45 perccel \u00e9rkezzenek a helysz\u00ednre.<\/p>\n<hr \/>\n<p>A bel\u00e9p\u0151jegyek el\u0151v\u00e9telben a sz\u00ednh\u00e1zterem p\u00e9nzt\u00e1r\u00e1n\u00e1l v\u00e1s\u00e1rolhat\u00f3k 2024. m\u00e1rcius 15-t\u0151l (<i class=\"fas fa-phone-alt\"><\/i> telefon: (0)2 577 60 24), valamint a <a href=\"https:\/\/gezasezeza.com\/kontaktirajte-nas\/\">belatinci Geza pub<\/a>ban.<\/p>\n<hr \/>\n<p>Szervez\u0151: <a href=\"https:\/\/gezasezeza.com\/\">Grega Farka\u0161 s.p., Mladinska ulica 6, 9231 Beltinci<\/a><\/p>\n<\/div>\n<p><a href=\"https:\/\/www1.kkl.si\/wp-content\/uploads\/2024\/04\/Lendava2024_zaigrajmo_hu.jpg\" data-lbwps-width=\"2048\" data-lbwps-height=\"1152\" data-lbwps-srcsmall=\"https:\/\/www1.kkl.si\/wp-content\/uploads\/2024\/04\/Lendava2024_zaigrajmo_hu-400x225.jpg\"><img loading=\"lazy\" decoding=\"async\" class=\"slika alignnone wp-image-16838 size-large\" src=\"https:\/\/www1.kkl.si\/wp-content\/uploads\/2024\/04\/Lendava2024_zaigrajmo_hu.jpg\" alt=\"\" width=\"1500\" height=\"844\" srcset=\"https:\/\/www1.kkl.si\/wp-content\/uploads\/2024\/04\/Lendava2024_zaigrajmo_hu.jpg 2048w, https:\/\/www1.kkl.si\/wp-content\/uploads\/2024\/04\/Lendava2024_zaigrajmo_hu-400x225.jpg 400w, https:\/\/www1.kkl.si\/wp-content\/uploads\/2024\/04\/Lendava2024_zaigrajmo_hu-1500x844.jpg 1500w\" sizes=\"auto, (max-width: 1500px) 100vw, 1500px\" \/><\/a><\/p>\n<p><em>Szlov\u00e9n le\u00edr\u00e1s:<\/em><\/p>\n<p><a href=\"https:\/\/www1.kkl.si\/wp-content\/uploads\/2023\/02\/geza2.jpg\" data-lbwps-width=\"1000\" data-lbwps-height=\"1544\" data-lbwps-srcsmall=\"https:\/\/www1.kkl.si\/wp-content\/uploads\/2023\/02\/geza2-259x400.jpg\"><img loading=\"lazy\" decoding=\"async\" class=\"slika alignright wp-image-11375 size-medium\" src=\"https:\/\/www1.kkl.si\/wp-content\/uploads\/2023\/02\/geza2-259x400.jpg\" alt=\"\" width=\"259\" height=\"400\" srcset=\"https:\/\/www1.kkl.si\/wp-content\/uploads\/2023\/02\/geza2-259x400.jpg 259w, https:\/\/www1.kkl.si\/wp-content\/uploads\/2023\/02\/geza2-972x1500.jpg 972w, https:\/\/www1.kkl.si\/wp-content\/uploads\/2023\/02\/geza2.jpg 1000w\" sizes=\"auto, (max-width: 259px) 100vw, 259px\" \/><\/a>ZGODOVINA<\/p>\n<p class=\"qodef-m-text\">Prireditev &#8221;Zaigrajmo in zapojmo po doma\u010de&#8221; se je za\u010dela leta 1989 v Murski Soboti, sprva kot oddaja na radiu, \u017ee novembra istega leta pa se je prelevila v veliko javno sre\u010danje. Prireditev je vodil <strong>Geza Farka\u0161<\/strong>, znan po sloganu &#8222;Geza se zeza&#8221;.<\/p>\n<blockquote>\n<p class=\"qodef-m-text\">\u00bbLeta 1989 mi je takratni urednik tukaj\u0161nje radijske postaje predlagal, da bi na radiu vodil kontaktno humoristi\u010dno oddajo in ob tem vrtel glasbo po \u017eeljah. Tej vsebini sem dal naslov &#8221;Zaigrajmo in zapojmo po doma\u010de&#8221;. Odziv poslu\u0161alcev je bil takoj velikanski.\u00ab<\/p>\n<p style=\"text-align: center;\">Geza Farka\u0161<\/p>\n<\/blockquote>\n<p>&nbsp;<\/p>\n<p class=\"qodef-m-text\">Na prireditvi vsakokrat nastopijo najbolj znani doma\u010di ansambli, tudi humoristi in drugi priljubljeni izvajalci. Obi\u010dajno se ga udele\u017ei pribli\u017eno tri tiso\u010d obiskovalcev.<\/p>\n<p>&nbsp;<\/p>\n<blockquote>\n<p class=\"qodef-m-text\">\u00bbTo je bil prvi koncert v Sloveniji, na katerem so obiskovalci prejeli nagrado \u2013 kaseto. Med letom se zvrsti od tri do pet prireditev v Prekmurju, Prlekiji in na \u0160tajerskem, sklepni koncert pa kot vrhunec in sklepni dogodek sezone pripravimo v Murski Soboti.\u00ab<\/p>\n<\/blockquote>\n<p><i class=\"fas fa-link\"><\/i> <a href=\"https:\/\/gezasezeza.com\/prireditve\/\">https:\/\/gezasezeza.com\/prireditve\/<\/a><br \/>\n<i class=\"fab fa-facebook-square\"><\/i> <a href=\"https:\/\/www.facebook.com\/GezaPub\">https:\/\/www.facebook.com\/GezaPub<\/a><\/p>\n<p>&nbsp;<\/p>\n<p><strong><span style=\"font-size: 24pt;\">Zaigrajmo in zapojmo po doma\u010de v Lendavi<\/span><br \/>\n<\/strong>sobota, 11. maj 2024, ob 19.30 v Gledali\u0161ki in koncertni dvorani Lendava<\/p>\n<p><strong>Nastopajo:<\/strong> Ivana Kova\u010d, Janez Lotri\u010d, Vlado Kalember, Ansambel Spev, Primorski fantje, Skupina Metulj, Branko Petek, Geza se zeza, Aleksander Pozvek<\/p>\n<hr \/>\n<p>VIDEO<\/p>\n<p><iframe loading=\"lazy\" title=\"IVANA KOVAC - OVISAN (OFFICIAL VIDEO 2023) HD\" width=\"720\" height=\"405\" src=\"https:\/\/www.youtube.com\/embed\/J3wtv0polA8?feature=oembed\" frameborder=\"0\" allow=\"accelerometer; autoplay; clipboard-write; encrypted-media; gyroscope; picture-in-picture; web-share\" referrerpolicy=\"strict-origin-when-cross-origin\" allowfullscreen><\/iframe><\/p>\n<p><iframe loading=\"lazy\" title=\"Puccini: NESSUN DORMA,  Janez Lotri\u010d &amp; Simfoni\u010dni orkester Cantabile\" width=\"720\" height=\"405\" src=\"https:\/\/www.youtube.com\/embed\/2PbRofleg78?feature=oembed\" frameborder=\"0\" allow=\"accelerometer; autoplay; clipboard-write; encrypted-media; gyroscope; picture-in-picture; web-share\" referrerpolicy=\"strict-origin-when-cross-origin\" allowfullscreen><\/iframe><\/p>\n<p><iframe loading=\"lazy\" title=\"Vlado Kalember - Vino na usnama (Official video)\" width=\"720\" height=\"540\" src=\"https:\/\/www.youtube.com\/embed\/z52qBEchpvI?feature=oembed\" frameborder=\"0\" allow=\"accelerometer; autoplay; clipboard-write; encrypted-media; gyroscope; picture-in-picture; web-share\" referrerpolicy=\"strict-origin-when-cross-origin\" allowfullscreen><\/iframe><\/p>\n<p><iframe loading=\"lazy\" title=\"Ona Di\u0161i Po Pomladi\" width=\"720\" height=\"540\" src=\"https:\/\/www.youtube.com\/embed\/9_iBAqczfp4?feature=oembed\" frameborder=\"0\" allow=\"accelerometer; autoplay; clipboard-write; encrypted-media; gyroscope; picture-in-picture; web-share\" referrerpolicy=\"strict-origin-when-cross-origin\" allowfullscreen><\/iframe><\/p>\n","protected":false},"excerpt":{"rendered":"<p>\u00c9RTES\u00cdT\u00c9S: MINDEN JEGY ELKELT! 2024. m\u00e1jus 11. (szombat), 19.30 | Lendvai Sz\u00ednh\u00e1z- \u00e9s Hangversenyterem koncert, zenei \u00e9s sz\u00f3rakoztat\u00f3 rendezv\u00e9ny Bel\u00e9p\u0151jegy \u00e1ra el\u0151v\u00e9telben: 19 \u20ac A bel\u00e9p\u0151jegy \u00e1ra a rendezv\u00e9ny napj\u00e1n: 22 \u20ac Ez egy j\u00f3t\u00e9konys\u00e1gi rendezv\u00e9ny, ahol minden l\u00e1togat\u00f3nak friss\u00edt\u0151ket \u00e9s aj\u00e1nd\u00e9kokat k\u00edn\u00e1lunk, ez\u00e9rt k\u00e9rj\u00fck, hogy a koncert kezdete el\u0151tt 30-45 perccel \u00e9rkezzenek a helysz\u00ednre. [&hellip;]<\/p>\n","protected":false},"author":2,"featured_media":16838,"parent":0,"menu_order":0,"comment_status":"closed","ping_status":"closed","template":"","meta":{"footnotes":""},"class_list":["post-16835","page","type-page","status-publish","has-post-thumbnail","hentry","post","post-with-thumbnail","post-with-thumbnail-icon"],"_links":{"self":[{"href":"https:\/\/www1.kkl.si\/hu\/wp-json\/wp\/v2\/pages\/16835","targetHints":{"allow":["GET"]}}],"collection":[{"href":"https:\/\/www1.kkl.si\/hu\/wp-json\/wp\/v2\/pages"}],"about":[{"href":"https:\/\/www1.kkl.si\/hu\/wp-json\/wp\/v2\/types\/page"}],"author":[{"embeddable":true,"href":"https:\/\/www1.kkl.si\/hu\/wp-json\/wp\/v2\/users\/2"}],"replies":[{"embeddable":true,"href":"https:\/\/www1.kkl.si\/hu\/wp-json\/wp\/v2\/comments?post=16835"}],"version-history":[{"count":8,"href":"https:\/\/www1.kkl.si\/hu\/wp-json\/wp\/v2\/pages\/16835\/revisions"}],"predecessor-version":[{"id":17604,"href":"https:\/\/www1.kkl.si\/hu\/wp-json\/wp\/v2\/pages\/16835\/revisions\/17604"}],"wp:featuredmedia":[{"embeddable":true,"href":"https:\/\/www1.kkl.si\/hu\/wp-json\/wp\/v2\/media\/16838"}],"wp:attachment":[{"href":"https:\/\/www1.kkl.si\/hu\/wp-json\/wp\/v2\/media?parent=16835"}],"curies":[{"name":"wp","href":"https:\/\/api.w.org\/{rel}","templated":true}]}}