{"id":17498,"date":"2024-04-30T09:40:38","date_gmt":"2024-04-30T07:40:38","guid":{"rendered":"https:\/\/www1.kkl.si\/?page_id=17498"},"modified":"2024-04-30T09:42:41","modified_gmt":"2024-04-30T07:42:41","slug":"szabadkai-nepszinhaz-nem-elhetek-muzsikaszo-nelkul","status":"publish","type":"page","link":"https:\/\/www1.kkl.si\/hu\/szabadkai-nepszinhaz-nem-elhetek-muzsikaszo-nelkul\/","title":{"rendered":"Szabadkai N\u00e9psz\u00ednh\u00e1z: Nem \u00e9lhetek muzsikasz\u00f3 n\u00e9lk\u00fcl"},"content":{"rendered":"<div class=\"opis\"><i class=\"fas fa-clock\"><\/i> <strong>szombat, 2024. m\u00e1jus 25-\u00e9n, 19.00 \u00f3rakor<\/strong> | Lendvai Sz\u00ednh\u00e1z- \u00e9s Hangversenyterem<br \/>\n<i class=\"fas fa-chevron-circle-right\"><\/i>\u00a0 <strong>magyar zen\u00e9s v\u00edgj\u00e1t\u00e9k<\/strong> <br \/>\n<i class=\"fas fa-ticket-alt\"><\/i> Bel\u00e9p\u0151jegy \u00e1ra: <strong>20 \u20ac<\/strong>, di\u00e1koknak \u00e9s nyugd\u00edjasoknak <strong>17 \u20ac<\/strong><br \/>\nJegyek a Lendvai Sz\u00ednh\u00e1z- \u00e9s Hangversenyterem p\u00e9nzt\u00e1r\u00e1n\u00e1l v\u00e1s\u00e1rolhat\u00f3k 2024. m\u00e1jus 20-t\u00f3l. <i class=\"fas fa-phone-alt\"><\/i> Telefon: (0)2 577 60 24<br \/>\nSzervez\u0151: <a href=\"https:\/\/www.kkl.si\/\">Knji\u017enica \u2013 Kulturni center Lendava \u2013 Lendvai K\u00f6nyvt\u00e1r \u00e9s Kultur\u00e1lis K\u00f6zpont<\/a><\/div>\n<p>SZABADKAI N\u00c9PSZ\u00cdNH\u00c1Z |\u00a0M\u00f3ricz Zsigmond<a href=\"https:\/\/www1.kkl.si\/wp-content\/uploads\/2024\/04\/muzsikaszo_plakat.jpg\" data-lbwps-width=\"2100\" data-lbwps-height=\"3000\" data-lbwps-srcsmall=\"https:\/\/www1.kkl.si\/wp-content\/uploads\/2024\/04\/muzsikaszo_plakat.jpg\"><img loading=\"lazy\" decoding=\"async\" class=\"slika alignright wp-image-17482 size-medium\" src=\"https:\/\/www1.kkl.si\/wp-content\/uploads\/2024\/04\/muzsikaszo_plakat-scaled-280x400.jpg\" alt=\"\" width=\"280\" height=\"400\" srcset=\"https:\/\/www1.kkl.si\/wp-content\/uploads\/2024\/04\/muzsikaszo_plakat-scaled-280x400.jpg 280w, https:\/\/www1.kkl.si\/wp-content\/uploads\/2024\/04\/muzsikaszo_plakat-scaled-1050x1500.jpg 1050w, https:\/\/www1.kkl.si\/wp-content\/uploads\/2024\/04\/muzsikaszo_plakat-scaled.jpg 1792w\" sizes=\"auto, (max-width: 280px) 100vw, 280px\" \/><\/a><br \/>\n<span style=\"font-size: 14pt;\"><strong>Nem \u00e9lhetek muzsikasz\u00f3 n\u00e9lk\u00fcl<\/strong><\/span><\/p>\n<p><em>zen\u00e9s v\u00edgj\u00e1t\u00e9k<\/em><\/p>\n<p>Rendez\u0151: L\u00e1szl\u00f3 S\u00e1ndor m. v.<\/p>\n<p><strong>SZEREPOSZT\u00c1S:<\/strong><\/p>\n<p>BAL\u00c1ZS: Hajd\u00fa Tam\u00e1s<br \/>\nP\u00d3LIKA: Dedovity Tomity Dina<br \/>\nZSANI N\u00c9NI: Vicei Nat\u00e1lia<br \/>\nPEPI N\u00c9NI: K\u00f6rm\u00f6ci Petronella<br \/>\nMINA N\u00c9NI: G. Erd\u00e9lyi Hermina<br \/>\nLAJOS B\u00c1CSI: Ralbovszki Csaba<br \/>\nBIRI: Magyar Zs\u00f3fia<br \/>\nVERONIKA: Kalm\u00e1r Zsuzsa<br \/>\nVIKTOR: Kov\u00e1cs Nemes Andor<br \/>\nCSORBA: Bar\u00e1th Attila<br \/>\nKISVIC\u00c1KN\u00c9: Pesitz M\u00f3nika \/ Grgi\u0107 Nikoletta m. v.<br \/>\nELS\u0150 URAS\u00c1G, GERG\u0150: Budin\u010devi\u0107 Kriszti\u00e1n<br \/>\nM\u00c1SODIK URAS\u00c1G, SUHANC: Ny\u00e1ri \u00c1kos<br \/>\nHARMADIK URAS\u00c1G, PET\u00c1K: R\u00f3kus Zolt\u00e1n<br \/>\nCIG\u00c1NYOK: ifj. Kucsera G\u00e9za B\u00edr\u00f3 M\u00e1t\u00e9 m. v. Cindel Norbert m. v. Csonka Ferenc m. v.<\/p>\n<p><strong>ST\u00c1B:<\/strong><\/p>\n<p>DRAMATURG: Bresty\u00e1nszki Boros Rozi<br \/>\nZENEI VEZET\u0150: ifj. Kucsera G\u00e9za<br \/>\nKOREOGR\u00c1FUS \u00e9s ZENEI V\u00c1LOGAT\u00c1S: Vir\u00e1g Gy\u00f6rgy m. v.<br \/>\nD\u00cdSZLET- \u00c9S JELMEZTERV: Cs\u00edk Gy\u00f6rgy m. v.<br \/>\nF\u00c9NYTERV: Mezei Zolt\u00e1n m.v.<br \/>\nRENDEZ\u0150ASSZISZTENS: Kulhanek Edina<br \/>\nS\u00daG\u00d3\/\u00dcGYEL\u0150: Kocsis Val\u00e9ria<\/p>\n<p>IGAZGAT\u00d3: Milo\u0161 Nikoli\u0107<\/p>\n<p>Sz\u00ednpadmester: Goran Ma\u010dkovi\u0107; f\u00e9nymester: Szvitlik Szebaszti\u00e1n; kell\u00e9kes: Darko \u010covi\u0107; \u00fcgyeletes d\u00edsz\u00edt\u0151: Sabuhan Bunjaku; \u00f6lt\u00f6ztet\u0151k: Palkovi\u0107 Anik\u00f3 \u00e9s G\u00f3li\u00e1t Magdal\u00e9na; sminkes\/fodr\u00e1sz: Miroslava Bulatovi\u0107; a d\u00edszletet \u00e9s a kell\u00e9keket k\u00e9sz\u00edtett\u00e9k: Du\u0161an Pilipovi\u0107, Szebenyi R\u00f3bert, Tak\u00e1cs Tibor \u2013 Faki; a jelmezeket k\u00e9sz\u00edtett\u00e9k: Cs\u00e1ki Magdolna, Gordana Milunovi\u0107, Farkas Andr\u00e1s.<\/p>\n<p>Az el\u0151ad\u00e1s l\u00e9trej\u00f6tt\u00e9t a Gy\u0151ri Nemzeti Sz\u00ednh\u00e1z is seg\u00edtette.<\/p>\n<h2>Ismertet\u0151<\/h2>\n<p>Bal\u00e1zs, a fiatal kisbitrokos k\u00fari\u00e1j\u00e1n m\u00e1r h\u00e1rom napja tart a f\u00e9ktelen mulatoz\u00e1s. Cig\u00e1nyok h\u00fazz\u00e1k talpal\u00e1val\u00f3t, d\u0151l a bor, s m\u00e1r a kisborny\u00fa lev\u00e1g\u00e1s\u00e1ra ker\u00fclne a sor&#8230; de a fiatal asszonyka, P\u00f3lika megel\u00e9geli f\u00e9rje t\u00e9kozl\u00e1s\u00e1t, \u00e9s dacosan visszak\u00f6lt\u00f6zik nevel\u0151any\u00e1ihoz, Zsani, Pepi \u00e9s Mina n\u00e9nihez. A l\u00e9ha Bal\u00e1zs megb\u00e9k\u00edten\u00e9 makacs feles\u00e9g\u00e9t, azonban ez nem oly k\u00f6nny\u0171 feladat&#8230;<br \/>\nM\u00f3ricz Zsigmond e k\u00f6nnyed \u00e9s gond\u0171z\u0151 t\u00f6rt\u00e9nettel a dzsentrik idilli vil\u00e1g\u00e1t id\u00e9zi meg, amelynek sz\u00ednpadi v\u00e1ltozat\u00e1ban b\u0151s\u00e9ggel akad \u00e9l\u0151 zene, t\u00e1nc \u00e9s kacaj \u2013 valamint finom, habk\u00f6nny\u0171 sz\u00e1llal \u00e1tsz\u00f6vi a szerelem.<\/p>\n<p><em>Az el\u0151ad\u00e1s hossza 140 perc k\u00e9t felvon\u00e1sban.<\/em><\/p>\n\n\t\t<style type=\"text\/css\">\n\t\t\t#gallery-1 {\n\t\t\t\tmargin: auto;\n\t\t\t}\n\t\t\t#gallery-1 .gallery-item {\n\t\t\t\tfloat: left;\n\t\t\t\tmargin-top: 10px;\n\t\t\t\ttext-align: center;\n\t\t\t\twidth: 16%;\n\t\t\t}\n\t\t\t#gallery-1 img {\n\t\t\t\tborder: 2px solid #cfcfcf;\n\t\t\t}\n\t\t\t#gallery-1 .gallery-caption {\n\t\t\t\tmargin-left: 0;\n\t\t\t}\n\t\t\t\/* see gallery_shortcode() in wp-includes\/media.php *\/\n\t\t<\/style>\n\t\t<div id='gallery-1' class='gallery galleryid-17498 gallery-columns-6 gallery-size-thumbnail'><dl class='gallery-item'>\n\t\t\t<dt class='gallery-icon landscape'>\n\t\t\t\t<a href='https:\/\/www1.kkl.si\/wp-content\/uploads\/2024\/04\/nem_elhetek01.jpg'><img loading=\"lazy\" decoding=\"async\" width=\"150\" height=\"150\" src=\"https:\/\/www1.kkl.si\/wp-content\/uploads\/2024\/04\/nem_elhetek01-150x150.jpg\" class=\"attachment-thumbnail size-thumbnail\" alt=\"\" \/><\/a>\n\t\t\t<\/dt><\/dl><dl class='gallery-item'>\n\t\t\t<dt class='gallery-icon landscape'>\n\t\t\t\t<a href='https:\/\/www1.kkl.si\/wp-content\/uploads\/2024\/04\/nem_elhetek02.jpg'><img loading=\"lazy\" decoding=\"async\" width=\"150\" height=\"150\" src=\"https:\/\/www1.kkl.si\/wp-content\/uploads\/2024\/04\/nem_elhetek02-150x150.jpg\" class=\"attachment-thumbnail size-thumbnail\" alt=\"\" \/><\/a>\n\t\t\t<\/dt><\/dl><dl class='gallery-item'>\n\t\t\t<dt class='gallery-icon landscape'>\n\t\t\t\t<a href='https:\/\/www1.kkl.si\/wp-content\/uploads\/2024\/04\/nem_elhetek03.jpg'><img loading=\"lazy\" decoding=\"async\" width=\"150\" height=\"150\" src=\"https:\/\/www1.kkl.si\/wp-content\/uploads\/2024\/04\/nem_elhetek03-150x150.jpg\" class=\"attachment-thumbnail size-thumbnail\" alt=\"\" \/><\/a>\n\t\t\t<\/dt><\/dl><dl class='gallery-item'>\n\t\t\t<dt class='gallery-icon landscape'>\n\t\t\t\t<a href='https:\/\/www1.kkl.si\/wp-content\/uploads\/2024\/04\/nem_elhetek04.jpg'><img loading=\"lazy\" decoding=\"async\" width=\"150\" height=\"150\" src=\"https:\/\/www1.kkl.si\/wp-content\/uploads\/2024\/04\/nem_elhetek04-150x150.jpg\" class=\"attachment-thumbnail size-thumbnail\" alt=\"\" \/><\/a>\n\t\t\t<\/dt><\/dl><dl class='gallery-item'>\n\t\t\t<dt class='gallery-icon landscape'>\n\t\t\t\t<a href='https:\/\/www1.kkl.si\/wp-content\/uploads\/2024\/04\/nem_elhetek05.jpg'><img loading=\"lazy\" decoding=\"async\" width=\"150\" height=\"150\" src=\"https:\/\/www1.kkl.si\/wp-content\/uploads\/2024\/04\/nem_elhetek05-150x150.jpg\" class=\"attachment-thumbnail size-thumbnail\" alt=\"\" \/><\/a>\n\t\t\t<\/dt><\/dl><dl class='gallery-item'>\n\t\t\t<dt class='gallery-icon landscape'>\n\t\t\t\t<a href='https:\/\/www1.kkl.si\/wp-content\/uploads\/2024\/04\/nem_elhetek06.jpg'><img loading=\"lazy\" decoding=\"async\" width=\"150\" height=\"150\" src=\"https:\/\/www1.kkl.si\/wp-content\/uploads\/2024\/04\/nem_elhetek06-150x150.jpg\" class=\"attachment-thumbnail size-thumbnail\" alt=\"\" \/><\/a>\n\t\t\t<\/dt><\/dl><br style=\"clear: both\" \/><dl class='gallery-item'>\n\t\t\t<dt class='gallery-icon landscape'>\n\t\t\t\t<a href='https:\/\/www1.kkl.si\/wp-content\/uploads\/2024\/04\/nem_elhetek07.jpg'><img loading=\"lazy\" decoding=\"async\" width=\"150\" height=\"150\" src=\"https:\/\/www1.kkl.si\/wp-content\/uploads\/2024\/04\/nem_elhetek07-150x150.jpg\" class=\"attachment-thumbnail size-thumbnail\" alt=\"\" \/><\/a>\n\t\t\t<\/dt><\/dl><dl class='gallery-item'>\n\t\t\t<dt class='gallery-icon landscape'>\n\t\t\t\t<a href='https:\/\/www1.kkl.si\/wp-content\/uploads\/2024\/04\/nem_elhetek08.jpg'><img loading=\"lazy\" decoding=\"async\" width=\"150\" height=\"150\" src=\"https:\/\/www1.kkl.si\/wp-content\/uploads\/2024\/04\/nem_elhetek08-150x150.jpg\" class=\"attachment-thumbnail size-thumbnail\" alt=\"\" \/><\/a>\n\t\t\t<\/dt><\/dl><dl class='gallery-item'>\n\t\t\t<dt class='gallery-icon landscape'>\n\t\t\t\t<a href='https:\/\/www1.kkl.si\/wp-content\/uploads\/2024\/04\/nem_elhetek09.jpg'><img loading=\"lazy\" decoding=\"async\" width=\"150\" height=\"150\" src=\"https:\/\/www1.kkl.si\/wp-content\/uploads\/2024\/04\/nem_elhetek09-150x150.jpg\" class=\"attachment-thumbnail size-thumbnail\" alt=\"\" \/><\/a>\n\t\t\t<\/dt><\/dl><dl class='gallery-item'>\n\t\t\t<dt class='gallery-icon landscape'>\n\t\t\t\t<a href='https:\/\/www1.kkl.si\/wp-content\/uploads\/2024\/04\/nem_elhetek10.jpg'><img loading=\"lazy\" decoding=\"async\" width=\"150\" height=\"150\" src=\"https:\/\/www1.kkl.si\/wp-content\/uploads\/2024\/04\/nem_elhetek10-150x150.jpg\" class=\"attachment-thumbnail size-thumbnail\" alt=\"\" \/><\/a>\n\t\t\t<\/dt><\/dl><dl class='gallery-item'>\n\t\t\t<dt class='gallery-icon landscape'>\n\t\t\t\t<a href='https:\/\/www1.kkl.si\/wp-content\/uploads\/2024\/04\/nem_elhetek11.jpg'><img loading=\"lazy\" decoding=\"async\" width=\"150\" height=\"150\" src=\"https:\/\/www1.kkl.si\/wp-content\/uploads\/2024\/04\/nem_elhetek11-150x150.jpg\" class=\"attachment-thumbnail size-thumbnail\" alt=\"\" \/><\/a>\n\t\t\t<\/dt><\/dl><dl class='gallery-item'>\n\t\t\t<dt class='gallery-icon landscape'>\n\t\t\t\t<a href='https:\/\/www1.kkl.si\/wp-content\/uploads\/2024\/04\/nem_elhetek12.jpg'><img loading=\"lazy\" decoding=\"async\" width=\"150\" height=\"150\" src=\"https:\/\/www1.kkl.si\/wp-content\/uploads\/2024\/04\/nem_elhetek12-150x150.jpg\" class=\"attachment-thumbnail size-thumbnail\" alt=\"\" \/><\/a>\n\t\t\t<\/dt><\/dl><br style=\"clear: both\" \/>\n\t\t<\/div>\n\n<hr \/>\n<p><i class=\"fas fa-link\"><\/i> <a href=\"https:\/\/suteatar.org\/hun\/plays\/nem-elhetek-muzsikaszo-nelkul\">https:\/\/suteatar.org\/hun\/plays\/nem-elhetek-muzsikaszo-nelkul<\/a><\/p>\n<hr \/>\n<p>MNMI Magyar sz\u00ednh\u00e1zi b\u00e9rlet 2023\/24<\/p>\n<p><strong>Kapcsolat: <br \/>\n<\/strong><i class=\"fas fa-link\"><\/i> <a href=\"https:\/\/www1.kkl.si\/hu\/magyar-szinhazi-berlet-2023-24\/\">https:\/\/www1.kkl.si\/hu\/magyar-szinhazi-berlet-2023-24\/<\/a><\/p>\n<p><strong><a href=\"https:\/\/www1.kkl.si\/hu\/magyar-szinhazi-berlet-2023-24\/\"><img loading=\"lazy\" decoding=\"async\" class=\"alignnone wp-image-14186 size-large\" src=\"https:\/\/www1.kkl.si\/wp-content\/uploads\/2023\/08\/2023_08_31_magyar_berlet-1500x400.png\" alt=\"\" width=\"1500\" height=\"400\" srcset=\"https:\/\/www1.kkl.si\/wp-content\/uploads\/2023\/08\/2023_08_31_magyar_berlet.png 1500w, https:\/\/www1.kkl.si\/wp-content\/uploads\/2023\/08\/2023_08_31_magyar_berlet-400x107.png 400w\" sizes=\"auto, (max-width: 1500px) 100vw, 1500px\" \/><\/a><\/strong><\/p>\n","protected":false},"excerpt":{"rendered":"<p>szombat, 2024. m\u00e1jus 25-\u00e9n, 19.00 \u00f3rakor | Lendvai Sz\u00ednh\u00e1z- \u00e9s Hangversenyterem \u00a0 magyar zen\u00e9s v\u00edgj\u00e1t\u00e9k Bel\u00e9p\u0151jegy \u00e1ra: 20 \u20ac, di\u00e1koknak \u00e9s nyugd\u00edjasoknak 17 \u20ac Jegyek a Lendvai Sz\u00ednh\u00e1z- \u00e9s Hangversenyterem p\u00e9nzt\u00e1r\u00e1n\u00e1l v\u00e1s\u00e1rolhat\u00f3k 2024. m\u00e1jus 20-t\u00f3l. Telefon: (0)2 577 60 24 Szervez\u0151: Knji\u017enica \u2013 Kulturni center Lendava \u2013 Lendvai K\u00f6nyvt\u00e1r \u00e9s Kultur\u00e1lis K\u00f6zpont SZABADKAI N\u00c9PSZ\u00cdNH\u00c1Z |\u00a0M\u00f3ricz [&hellip;]<\/p>\n","protected":false},"author":2,"featured_media":17474,"parent":0,"menu_order":0,"comment_status":"closed","ping_status":"closed","template":"","meta":{"footnotes":""},"class_list":["post-17498","page","type-page","status-publish","has-post-thumbnail","hentry","post","post-with-thumbnail","post-with-thumbnail-icon"],"_links":{"self":[{"href":"https:\/\/www1.kkl.si\/hu\/wp-json\/wp\/v2\/pages\/17498","targetHints":{"allow":["GET"]}}],"collection":[{"href":"https:\/\/www1.kkl.si\/hu\/wp-json\/wp\/v2\/pages"}],"about":[{"href":"https:\/\/www1.kkl.si\/hu\/wp-json\/wp\/v2\/types\/page"}],"author":[{"embeddable":true,"href":"https:\/\/www1.kkl.si\/hu\/wp-json\/wp\/v2\/users\/2"}],"replies":[{"embeddable":true,"href":"https:\/\/www1.kkl.si\/hu\/wp-json\/wp\/v2\/comments?post=17498"}],"version-history":[{"count":4,"href":"https:\/\/www1.kkl.si\/hu\/wp-json\/wp\/v2\/pages\/17498\/revisions"}],"predecessor-version":[{"id":17500,"href":"https:\/\/www1.kkl.si\/hu\/wp-json\/wp\/v2\/pages\/17498\/revisions\/17500"}],"wp:featuredmedia":[{"embeddable":true,"href":"https:\/\/www1.kkl.si\/hu\/wp-json\/wp\/v2\/media\/17474"}],"wp:attachment":[{"href":"https:\/\/www1.kkl.si\/hu\/wp-json\/wp\/v2\/media?parent=17498"}],"curies":[{"name":"wp","href":"https:\/\/api.w.org\/{rel}","templated":true}]}}