{"id":18201,"date":"2024-06-28T15:39:30","date_gmt":"2024-06-28T13:39:30","guid":{"rendered":"https:\/\/www1.kkl.si\/?page_id=18201"},"modified":"2024-12-20T13:36:22","modified_gmt":"2024-12-20T12:36:22","slug":"musor-2024-09","status":"publish","type":"page","link":"https:\/\/www1.kkl.si\/hu\/musor-2024-09\/","title":{"rendered":"M\u0170SOR: 2024. szeptember"},"content":{"rendered":"<p><strong>2024.<\/strong> <a href=\"https:\/\/www1.kkl.si\/hu\/musor-2024-01\/\">janu\u00e1r<\/a> | <a href=\"https:\/\/www1.kkl.si\/hu\/musor-2024-02\/\">febru\u00e1r<\/a> | <a href=\"https:\/\/www1.kkl.si\/hu\/musor-2024-03\/\">m\u00e1rcius<\/a> | <a href=\"https:\/\/www1.kkl.si\/hu\/musor-2024-04\/\">\u00e1prilis<\/a> | <a href=\"https:\/\/www1.kkl.si\/hu\/musor-2024-05\/\">m\u00e1jus<\/a> | <a href=\"https:\/\/www1.kkl.si\/hu\/musor-2024-06\/\">j\u00fanius<\/a> | <a href=\"https:\/\/www1.kkl.si\/hu\/musor-2024-07\/\">j\u00falius<\/a> | <a href=\"https:\/\/www1.kkl.si\/hu\/musor-2024-08\/\">augusztus<\/a> | <a href=\"https:\/\/www1.kkl.si\/hu\/musor-2024-09\/\">szeptember<\/a> | <a href=\"https:\/\/www1.kkl.si\/hu\/musor-2024-10\/\">okt\u00f3ber<\/a> | <a href=\"https:\/\/www1.kkl.si\/hu\/musor-2024-11\/\">november<\/a> | <a href=\"https:\/\/www1.kkl.si\/hu\/musor-2024-12\/\">december<\/a> | <a href=\"https:\/\/www1.kkl.si\/hu\/a-musor-archivuma\/\">ARCH\u00cdVUM<\/a><\/p>\n<div style=\"overflow-x: auto;\">\n<table id=\"spored-legenda\" cellspacing=\"0\" cellpadding=\"5\">\n<tbody>\n<tr>\n<td><strong>JELMAGYAR\u00c1ZAT<br \/>\n<\/strong><\/td>\n<td style=\"vertical-align: middle;\"><img loading=\"lazy\" decoding=\"async\" class=\"alignnone wp-image-1586\" title=\"Szlov\u00e9n b\u00e9rlet\" src=\"https:\/\/www1.kkl.si\/wp-content\/uploads\/\/2020\/07\/spored_simb_abonma_si-1.svg\" alt=\"abonma_si\" width=\"30\" height=\"30\" \/><\/td>\n<td>Szlov\u00e9n<br \/>\nb\u00e9rlet<\/td>\n<td style=\"vertical-align: middle;\"><img loading=\"lazy\" decoding=\"async\" class=\"alignnone wp-image-1584\" title=\"Magyar b\u00e9rlet\" src=\"https:\/\/www1.kkl.si\/wp-content\/uploads\/\/2020\/07\/spored_simb_abonma_hu-1.svg\" alt=\"abonma_hu\" width=\"30\" height=\"30\" srcset=\"https:\/\/www1.kkl.si\/wp-content\/uploads\/\/2020\/07\/spored_simb_abonma_hu-1.svg 150w, https:\/\/www1.kkl.si\/wp-content\/uploads\/\/2020\/07\/spored_simb_abonma_hu-1.svg 400w, https:\/\/www1.kkl.si\/wp-content\/uploads\/\/2020\/07\/spored_simb_abonma_hu-1.svg 1500w, https:\/\/www1.kkl.si\/wp-content\/uploads\/\/2020\/07\/spored_simb_abonma_hu-1.svg 100w\" sizes=\"auto, (max-width: 30px) 100vw, 30px\" \/><\/td>\n<td>Magyar<br \/>\nb\u00e9rlet<\/td>\n<td style=\"vertical-align: middle;\"><img loading=\"lazy\" decoding=\"async\" class=\"alignnone wp-image-1594\" title=\"Z\u00e1rtk\u00f6r\u0171 rendezv\u00e9ny\" src=\"https:\/\/www1.kkl.si\/wp-content\/uploads\/\/2020\/07\/spored_simb_zakljucena-1.svg\" alt=\"zakljucena\" width=\"30\" height=\"30\" srcset=\"https:\/\/www1.kkl.si\/wp-content\/uploads\/\/2020\/07\/spored_simb_zakljucena-1.svg 150w, https:\/\/www1.kkl.si\/wp-content\/uploads\/\/2020\/07\/spored_simb_zakljucena-1.svg 400w, https:\/\/www1.kkl.si\/wp-content\/uploads\/\/2020\/07\/spored_simb_zakljucena-1.svg 1500w, https:\/\/www1.kkl.si\/wp-content\/uploads\/\/2020\/07\/spored_simb_zakljucena-1.svg 100w\" sizes=\"auto, (max-width: 30px) 100vw, 30px\" \/><\/td>\n<td>Z\u00e1rtk\u00f6r\u0171<br \/>\nrendezv\u00e9ny<\/td>\n<td style=\"vertical-align: middle;\"><img loading=\"lazy\" decoding=\"async\" class=\"alignnone wp-image-1588\" title=\"Ingyenes rendezv\u00e9ny\" src=\"https:\/\/www1.kkl.si\/wp-content\/uploads\/\/2020\/07\/spored_simb_brezplacna-1.svg\" alt=\"brezplacna\" width=\"30\" height=\"30\" srcset=\"https:\/\/www1.kkl.si\/wp-content\/uploads\/\/2020\/07\/spored_simb_brezplacna-1.svg 150w, https:\/\/www1.kkl.si\/wp-content\/uploads\/\/2020\/07\/spored_simb_brezplacna-1.svg 400w, https:\/\/www1.kkl.si\/wp-content\/uploads\/\/2020\/07\/spored_simb_brezplacna-1.svg 1500w, https:\/\/www1.kkl.si\/wp-content\/uploads\/\/2020\/07\/spored_simb_brezplacna-1.svg 100w\" sizes=\"auto, (max-width: 30px) 100vw, 30px\" \/><\/td>\n<td>Ingyenes<br \/>\nrendezv\u00e9ny<\/td>\n<td style=\"vertical-align: middle;\"><img loading=\"lazy\" decoding=\"async\" class=\"wp-image-1592 alignnone\" title=\"Fizet\u0151s rendezv\u00e9ny\" src=\"https:\/\/www1.kkl.si\/wp-content\/uploads\/\/2020\/07\/spored_simb_placljiva-1.svg\" alt=\"placljiva\" width=\"30\" height=\"30\" srcset=\"https:\/\/www1.kkl.si\/wp-content\/uploads\/\/2020\/07\/spored_simb_placljiva-1.svg 150w, https:\/\/www1.kkl.si\/wp-content\/uploads\/\/2020\/07\/spored_simb_placljiva-1.svg 400w, https:\/\/www1.kkl.si\/wp-content\/uploads\/\/2020\/07\/spored_simb_placljiva-1.svg 1500w, https:\/\/www1.kkl.si\/wp-content\/uploads\/\/2020\/07\/spored_simb_placljiva-1.svg 100w\" sizes=\"auto, (max-width: 30px) 100vw, 30px\" \/><\/td>\n<td>Fizet\u0151s<br \/>\nrendezv\u00e9ny<\/td>\n<td style=\"vertical-align: middle;\"><img loading=\"lazy\" decoding=\"async\" class=\"alignnone wp-image-1590\" title=\"\u00dajdons\u00e1g, v\u00e1ltoz\u00e1s\" src=\"https:\/\/www1.kkl.si\/wp-content\/uploads\/\/2020\/07\/spored_simb_novost-1.svg\" alt=\"novost\" width=\"30\" height=\"30\" srcset=\"https:\/\/www1.kkl.si\/wp-content\/uploads\/\/2020\/07\/spored_simb_novost-1.svg 150w, https:\/\/www1.kkl.si\/wp-content\/uploads\/\/2020\/07\/spored_simb_novost-1.svg 400w, https:\/\/www1.kkl.si\/wp-content\/uploads\/\/2020\/07\/spored_simb_novost-1.svg 1500w, https:\/\/www1.kkl.si\/wp-content\/uploads\/\/2020\/07\/spored_simb_novost-1.svg 100w\" sizes=\"auto, (max-width: 30px) 100vw, 30px\" \/><\/td>\n<td>\u00dajdons\u00e1g,<br \/>\nv\u00e1ltoz\u00e1s<\/td>\n<\/tr>\n<\/tbody>\n<\/table>\n<\/div>\n<table id=\"sporedtabela\" style=\"width: 100%;\">\n<tbody>\n<tr>\n<td style=\"width: 14.9245%;\">\n<p style=\"text-align: center;\"><span style=\"font-size: 24pt;\"><strong>8.<br \/>\n<\/strong><\/span><\/p>\n<p style=\"text-align: center;\">vas\u00e1rnap<\/p>\n<p><img loading=\"lazy\" decoding=\"async\" class=\"wp-image-1592 alignnone aligncenter\" title=\"Fizet\u0151s rendezv\u00e9ny\" src=\"https:\/\/www1.kkl.si\/wp-content\/uploads\/\/2020\/07\/spored_simb_placljiva-1.svg\" alt=\"placljiva\" width=\"30\" height=\"30\" srcset=\"https:\/\/www1.kkl.si\/wp-content\/uploads\/\/2020\/07\/spored_simb_placljiva-1.svg 150w, https:\/\/www1.kkl.si\/wp-content\/uploads\/\/2020\/07\/spored_simb_placljiva-1.svg 400w, https:\/\/www1.kkl.si\/wp-content\/uploads\/\/2020\/07\/spored_simb_placljiva-1.svg 1500w, https:\/\/www1.kkl.si\/wp-content\/uploads\/\/2020\/07\/spored_simb_placljiva-1.svg 100w\" sizes=\"auto, (max-width: 30px) 100vw, 30px\" \/><\/p>\n<p>&nbsp;<\/p>\n<\/td>\n<td style=\"width: 84.5922%;\">\n<p><i class=\"fas fa-clock\"><\/i> <strong>19.30<\/strong> | a lendvai Sz\u00ednh\u00e1z- \u00e9s hangversenyteremben <span class=\"odpade\">ELMARAD!<\/span> <a href=\"https:\/\/www1.kkl.si\/wp-content\/uploads\/2024\/06\/plakat_BSA_SMO-KlasicniArtac_Lendava.jpg\" data-lbwps-width=\"2122\" data-lbwps-height=\"3000\" data-lbwps-srcsmall=\"https:\/\/www1.kkl.si\/wp-content\/uploads\/2024\/06\/plakat_BSA_SMO-KlasicniArtac_Lendava.jpg\"><img loading=\"lazy\" decoding=\"async\" class=\"alignright size-thumbnail wp-image-17955\" src=\"https:\/\/www1.kkl.si\/wp-content\/uploads\/2024\/06\/plakat_BSA_SMO-KlasicniArtac_Lendava-scaled-e1719592792356-150x150.jpg\" alt=\"\" width=\"150\" height=\"150\" \/><\/a><br \/>\n<strong>koncert, hangverseny<br \/>\n<\/strong><\/p>\n<p><strong><span style=\"font-size: 24pt;\"><a href=\"https:\/\/www1.kkl.si\/sl\/klasicni-artac-in-slovenski-mladinski-orkester\/\">Klasi\u010dni Arta\u010d! \u00e9s a Slovenski mladinski orkester<\/a><\/span><br \/>\n<\/strong><strong>Z violon\u010delom in humorjem med glasbene klasike (Csell\u00f3val \u00e9s humorral a klasszikusok k\u00f6zt)<br \/>\n<\/strong><\/p>\n<p>Bel\u00e9p\u0151jegyek az <a href=\"https:\/\/www.eventim.si\/si\/vstopnice\/slo-mladinski-orkester-klasicni-artac-lendava-gledaliska-in-koncertna-dvorana-641948\/event.html\">Eventim.si<\/a> oldalon v\u00e1s\u00e1rolhat\u00f3k.<\/p>\n<p><span style=\"color: #ff0000;\"><strong><i class=\"fas fa-exclamation-circle\"><\/i> \u00c9RTES\u00cdT\u00c9S: A rendezv\u00e9ny elmarad! <\/strong><a style=\"color: #ff0000;\" href=\"https:\/\/www1.kkl.si\/hu\/klasicni-artac-in-slovenski-mladinski-orkester\/\"><strong>A r\u00e9szletek\u00e9rt kattintsanak ide.<\/strong><\/a><\/span><\/p>\n<p><span style=\"font-size: 10pt;\">Szervez\u0151: <a href=\"https:\/\/www.art-bsa.eu\/\">Kulturno dru\u0161tvo BSA<\/a><\/span><\/p>\n<\/td>\n<\/tr>\n<tr>\n<td style=\"width: 14.9245%;\">\n<p style=\"text-align: center;\"><span style=\"font-size: 24pt;\"><strong>11.<br \/>\n<\/strong><\/span><\/p>\n<p style=\"text-align: center;\">szerda<\/p>\n<p><img loading=\"lazy\" decoding=\"async\" class=\"wp-image-1588 aligncenter\" title=\"Ingyenes rendezv\u00e9ny\" src=\"https:\/\/www1.kkl.si\/wp-content\/uploads\/\/2020\/07\/spored_simb_brezplacna-1.svg\" alt=\"brezplacna\" width=\"30\" height=\"30\" srcset=\"https:\/\/www1.kkl.si\/wp-content\/uploads\/\/2020\/07\/spored_simb_brezplacna-1.svg 150w, https:\/\/www1.kkl.si\/wp-content\/uploads\/\/2020\/07\/spored_simb_brezplacna-1.svg 400w, https:\/\/www1.kkl.si\/wp-content\/uploads\/\/2020\/07\/spored_simb_brezplacna-1.svg 1500w, https:\/\/www1.kkl.si\/wp-content\/uploads\/\/2020\/07\/spored_simb_brezplacna-1.svg 100w\" sizes=\"auto, (max-width: 30px) 100vw, 30px\" \/><\/p>\n<p>&nbsp;<\/p>\n<\/td>\n<td style=\"width: 84.5922%;\">\n<p><i class=\"fas fa-clock\"><\/i> <strong>18.00<\/strong> | a lendvai Sz\u00ednh\u00e1z- \u00e9s hangversenyteremben<a href=\"https:\/\/www1.kkl.si\/wp-content\/uploads\/2024\/09\/vabilo-Pot_Medimurske_nose.jpg\" data-lbwps-width=\"2999\" data-lbwps-height=\"1251\" data-lbwps-srcsmall=\"https:\/\/www1.kkl.si\/wp-content\/uploads\/2024\/09\/vabilo-Pot_Medimurske_nose.jpg\"><img loading=\"lazy\" decoding=\"async\" class=\"alignright size-thumbnail wp-image-18980\" src=\"https:\/\/www1.kkl.si\/wp-content\/uploads\/2024\/09\/vabilo-Pot_Medimurske_nose-scaled.jpg\" alt=\"\" width=\"150\" height=\"150\" \/><\/a><br \/>\n<strong>ki\u00e1ll\u00edt\u00e1s \u00e9s k\u00f6nyvbemutat\u00f3<br \/>\n<\/strong><\/p>\n<p><strong><span style=\"font-size: 24pt;\"><a href=\"https:\/\/www1.kkl.si\/sl\/vabilo-pot-medimurske-nose\/\">Pot me\u0111imurske no\u0161e<\/a><\/span><\/strong><strong><br \/>\n<\/strong><\/p>\n<p><span style=\"font-size: 10pt;\">Szervez\u0151: <a href=\"https:\/\/hkd-pomurje.si\/\">Hrva\u0161ko kulturno dru\u0161tvo Pomurje\/Pomurje Horv\u00e1t M\u0171vel\u0151d\u00e9si Egyes\u00fclet<\/a><\/span><\/p>\n<\/td>\n<\/tr>\n<tr>\n<td style=\"width: 14.9245%;\">\n<p style=\"text-align: center;\"><strong><span style=\"font-size: 24pt;\">18.<\/span><br \/>\n<\/strong><\/p>\n<p style=\"text-align: center;\">szerda<\/p>\n<p><img loading=\"lazy\" decoding=\"async\" class=\"wp-image-1588 aligncenter\" title=\"Ingyenes rendezv\u00e9ny\" src=\"https:\/\/www1.kkl.si\/wp-content\/uploads\/\/2020\/07\/spored_simb_brezplacna-1.svg\" alt=\"brezplacna\" width=\"30\" height=\"30\" srcset=\"https:\/\/www1.kkl.si\/wp-content\/uploads\/\/2020\/07\/spored_simb_brezplacna-1.svg 150w, https:\/\/www1.kkl.si\/wp-content\/uploads\/\/2020\/07\/spored_simb_brezplacna-1.svg 400w, https:\/\/www1.kkl.si\/wp-content\/uploads\/\/2020\/07\/spored_simb_brezplacna-1.svg 1500w, https:\/\/www1.kkl.si\/wp-content\/uploads\/\/2020\/07\/spored_simb_brezplacna-1.svg 100w\" sizes=\"auto, (max-width: 30px) 100vw, 30px\" \/><\/p>\n<p>&nbsp;<\/p>\n<\/td>\n<td style=\"width: 84.5922%;\">\n<p><i class=\"fas fa-clock\"><\/i> <strong>19.00<\/strong> | a lendvai Sz\u00ednh\u00e1z- \u00e9s hangversenyteremben<a href=\"https:\/\/www1.kkl.si\/wp-content\/uploads\/2024\/09\/plakat_20let_GKDLendava_B1.png\" data-lbwps-width=\"2100\" data-lbwps-height=\"3000\" data-lbwps-srcsmall=\"https:\/\/www1.kkl.si\/wp-content\/uploads\/2024\/09\/plakat_20let_GKDLendava_B1-280x400.png\"><img loading=\"lazy\" decoding=\"async\" class=\"slika alignright wp-image-19026 size-thumbnail\" src=\"https:\/\/www1.kkl.si\/wp-content\/uploads\/2024\/09\/plakat_20let_GKDLendava_B1-e1725613387802-150x150.png\" alt=\"\" width=\"150\" height=\"150\" \/><\/a><br \/>\n<strong>kultur\u00e1lis rendezv\u00e9ny, koncert, ki\u00e1ll\u00edt\u00e1s<br \/>\n<\/strong><\/p>\n<p><strong><span style=\"font-size: 24pt;\"><a href=\"https:\/\/www1.kkl.si\/sl\/slovesnost-ob-20-obletnici-delovanja-gledaliske-in-koncertne-dvorane-lendava\/\">\u00dcnnep\u00e9ly a lendvai Sz\u00ednh\u00e1z- \u00e9s hangversenyterem m\u0171k\u00f6d\u00e9s\u00e9nek 20. \u00e9vfordul\u00f3ja alkalm\u00e1b\u00f3l<\/a><\/span><br \/>\n<\/strong><\/p>\n<p>A kult\u00farm\u0171sorban k\u00f6zrem\u0171k\u00f6dik a <em>Budapest Jazz Orchestra<\/em> zenekar.<\/p>\n<p><span style=\"font-size: 10pt;\">Szervez\u0151: <a href=\"https:\/\/www.kkl.si\/\">Knji\u017enica \u2013 Kulturni center Lendava \u2013 Lendvai K\u00f6nyvt\u00e1r \u00e9s Kultur\u00e1lis K\u00f6zpont<\/a> \u00e9s <a href=\"https:\/\/www.lendava.si\/\">Ob\u010dina Lendava-Lendva K\u00f6zs\u00e9g<\/a><\/span><\/p>\n<\/td>\n<\/tr>\n<tr>\n<td style=\"width: 14.9245%;\">\n<p style=\"text-align: center;\"><strong><span style=\"font-size: 24pt;\">23.<\/span><br \/>\n<\/strong><\/p>\n<p style=\"text-align: center;\">h\u00e9tf\u0151<\/p>\n<p style=\"text-align: center;\"><img loading=\"lazy\" decoding=\"async\" class=\"alignnone wp-image-1584\" title=\"Magyar b\u00e9rlet\" src=\"https:\/\/www1.kkl.si\/wp-content\/uploads\/\/2020\/07\/spored_simb_abonma_hu-1.svg\" alt=\"abonma_hu\" width=\"30\" height=\"30\" srcset=\"https:\/\/www1.kkl.si\/wp-content\/uploads\/\/2020\/07\/spored_simb_abonma_hu-1.svg 150w, https:\/\/www1.kkl.si\/wp-content\/uploads\/\/2020\/07\/spored_simb_abonma_hu-1.svg 400w, https:\/\/www1.kkl.si\/wp-content\/uploads\/\/2020\/07\/spored_simb_abonma_hu-1.svg 1500w, https:\/\/www1.kkl.si\/wp-content\/uploads\/\/2020\/07\/spored_simb_abonma_hu-1.svg 100w\" sizes=\"auto, (max-width: 30px) 100vw, 30px\" \/>\u00a0 <img loading=\"lazy\" decoding=\"async\" class=\"wp-image-1592 alignnone\" title=\"Fizet\u0151s rendezv\u00e9ny\" src=\"https:\/\/www1.kkl.si\/wp-content\/uploads\/\/2020\/07\/spored_simb_placljiva-1.svg\" alt=\"placljiva\" width=\"30\" height=\"30\" srcset=\"https:\/\/www1.kkl.si\/wp-content\/uploads\/\/2020\/07\/spored_simb_placljiva-1.svg 150w, https:\/\/www1.kkl.si\/wp-content\/uploads\/\/2020\/07\/spored_simb_placljiva-1.svg 400w, https:\/\/www1.kkl.si\/wp-content\/uploads\/\/2020\/07\/spored_simb_placljiva-1.svg 1500w, https:\/\/www1.kkl.si\/wp-content\/uploads\/\/2020\/07\/spored_simb_placljiva-1.svg 100w\" sizes=\"auto, (max-width: 30px) 100vw, 30px\" \/><\/p>\n<\/td>\n<td style=\"width: 84.5922%;\">\n<p><i class=\"fas fa-clock\"><\/i> <strong>19.00<\/strong> | a lendvai Sz\u00ednh\u00e1z- \u00e9s hangversenyteremben<a href=\"https:\/\/www1.kkl.si\/wp-content\/uploads\/2024\/09\/funymunyEL.jpg\" data-lbwps-width=\"1252\" data-lbwps-height=\"1772\" data-lbwps-srcsmall=\"https:\/\/www1.kkl.si\/wp-content\/uploads\/2024\/09\/funymunyEL-283x400.jpg\"><img loading=\"lazy\" decoding=\"async\" class=\"slika alignright wp-image-19087 size-thumbnail\" src=\"https:\/\/www1.kkl.si\/wp-content\/uploads\/2024\/09\/funymunyEL-e1726234850487-150x150.jpg\" alt=\"\" width=\"150\" height=\"150\" \/><\/a> <span class=\"premiera\">MINDEN JEGY ELKELT!<\/span><br \/>\n<strong>v\u00edgj\u00e1t\u00e9k<br \/>\n<\/strong><\/p>\n<p>B\u00c1NFALVY ST\u00daDI\u00d3 | Ray Cooney<\/p>\n<p><a href=\"https:\/\/www1.kkl.si\/hu\/banfalvy-studio-funny-money\/\"><span style=\"font-size: 24pt;\"><strong>Funny Money \u2013 Rossz p\u00e9nz nem v\u00e9sz el<\/strong><\/span><\/a><\/p>\n<p><i class=\"fas fa-ticket-alt\"><\/i> Bel\u00e9p\u0151jegy \u00e1ra: <strong>17 \u20ac<\/strong> | di\u00e1koknak, egyetemist\u00e1knak, nyugd\u00edjasoknak <strong>14 \u20ac<\/strong><strong><br \/>\n<\/strong><\/p>\n<p><span style=\"font-size: 10pt;\">Szervez\u0151: <a href=\"https:\/\/www.mnmi-zkmn.si\/\">MNMI Lendva \u2013 ZKMN Lendava<\/a><\/span><\/p>\n<\/td>\n<\/tr>\n<tr>\n<td style=\"width: 14.9245%;\">\n<p style=\"text-align: center;\"><strong><span style=\"font-size: 24pt;\">27.<\/span><br \/>\n<\/strong><\/p>\n<p style=\"text-align: center;\">p\u00e9ntek<\/p>\n<p><img loading=\"lazy\" decoding=\"async\" class=\"alignnone wp-image-1594 aligncenter\" title=\"Z\u00e1rtk\u00f6r\u0171 rendezv\u00e9ny\" src=\"https:\/\/www1.kkl.si\/wp-content\/uploads\/\/2020\/07\/spored_simb_zakljucena-1.svg\" alt=\"zakljucena\" width=\"30\" height=\"30\" srcset=\"https:\/\/www1.kkl.si\/wp-content\/uploads\/\/2020\/07\/spored_simb_zakljucena-1.svg 150w, https:\/\/www1.kkl.si\/wp-content\/uploads\/\/2020\/07\/spored_simb_zakljucena-1.svg 400w, https:\/\/www1.kkl.si\/wp-content\/uploads\/\/2020\/07\/spored_simb_zakljucena-1.svg 1500w, https:\/\/www1.kkl.si\/wp-content\/uploads\/\/2020\/07\/spored_simb_zakljucena-1.svg 100w\" sizes=\"auto, (max-width: 30px) 100vw, 30px\" \/><\/p>\n<p>&nbsp;<\/p>\n<\/td>\n<td style=\"width: 84.5922%;\">\n<p><i class=\"fas fa-clock\"><\/i> <strong>10.00<\/strong> | a lendvai Sz\u00ednh\u00e1z- \u00e9s hangversenyteremben<a href=\"https:\/\/www1.kkl.si\/wp-content\/uploads\/2024\/09\/plakat_A3_kaveszunet_2024.jpg\" data-lbwps-width=\"2121\" data-lbwps-height=\"3000\" data-lbwps-srcsmall=\"https:\/\/www1.kkl.si\/wp-content\/uploads\/2024\/09\/plakat_A3_kaveszunet_2024.jpg\"><img loading=\"lazy\" decoding=\"async\" class=\"slika alignright wp-image-19144 size-thumbnail\" src=\"https:\/\/www1.kkl.si\/wp-content\/uploads\/2024\/09\/plakat_A3_kaveszunet_2024-scaled-e1726732287509-150x150.jpg\" alt=\"\" width=\"150\" height=\"150\" \/><\/a><br \/>\n<strong>koncert<br \/>\n<\/strong><\/p>\n<p><span style=\"font-size: 24pt;\"><strong>K\u00e1v\u00e9sz\u00fcnet<br \/>\n<\/strong><\/span><\/p>\n<p>Z\u00e1rtk\u00f6r\u0171 rendezv\u00e9ny a muravid\u00e9ki k\u00e9tnyelv\u0171 oktat\u00e1si int\u00e9zm\u00e9nyek tanul\u00f3i r\u00e9sz\u00e9re.<\/p>\n<p><span style=\"font-size: 10pt;\">Szervez\u0151k: Dru\u0161tvo pedago\u0161kih delavcev dvojezi\u010dnih \u0161ol in vrtcev Prekmurja\/Muravid\u00e9ki Pedag\u00f3gusok Egyes\u00fclete, <a href=\"https:\/\/www.kkl.si\/\">Knji\u017enica \u2013 Kulturni center Lendava \u2013 Lendvai K\u00f6nyvt\u00e1r \u00e9s Kultur\u00e1lis K\u00f6zpont<\/a><\/span><\/p>\n<\/td>\n<\/tr>\n<tr>\n<td style=\"width: 14.9245%;\">\n<p style=\"text-align: center;\"><strong><span style=\"font-size: 24pt;\">28.<\/span><br \/>\n<\/strong><\/p>\n<p style=\"text-align: center;\">szombat<\/p>\n<p><img loading=\"lazy\" decoding=\"async\" class=\"wp-image-1592 alignnone aligncenter\" title=\"Fizet\u0151s rendezv\u00e9ny\" src=\"https:\/\/www1.kkl.si\/wp-content\/uploads\/\/2020\/07\/spored_simb_placljiva-1.svg\" alt=\"placljiva\" width=\"30\" height=\"30\" srcset=\"https:\/\/www1.kkl.si\/wp-content\/uploads\/\/2020\/07\/spored_simb_placljiva-1.svg 150w, https:\/\/www1.kkl.si\/wp-content\/uploads\/\/2020\/07\/spored_simb_placljiva-1.svg 400w, https:\/\/www1.kkl.si\/wp-content\/uploads\/\/2020\/07\/spored_simb_placljiva-1.svg 1500w, https:\/\/www1.kkl.si\/wp-content\/uploads\/\/2020\/07\/spored_simb_placljiva-1.svg 100w\" sizes=\"auto, (max-width: 30px) 100vw, 30px\" \/><\/p>\n<p>&nbsp;<\/p>\n<\/td>\n<td style=\"width: 84.5922%;\">\n<p><i class=\"fas fa-clock\"><\/i> <strong>17.00<\/strong> | a lendvai Sz\u00ednh\u00e1z- \u00e9s hangversenyteremben<a href=\"https:\/\/www1.kkl.si\/wp-content\/uploads\/2024\/09\/plakat_B2_tinko_celinko_2024.jpg\" data-lbwps-width=\"2143\" data-lbwps-height=\"3000\" data-lbwps-srcsmall=\"https:\/\/www1.kkl.si\/wp-content\/uploads\/2024\/09\/plakat_B2_tinko_celinko_2024.jpg\"><img loading=\"lazy\" decoding=\"async\" class=\"alignright size-thumbnail wp-image-19132\" src=\"https:\/\/www1.kkl.si\/wp-content\/uploads\/2024\/09\/plakat_B2_tinko_celinko_2024-scaled-150x150.jpg\" alt=\"\" width=\"150\" height=\"150\" \/><\/a><br \/>\n<strong>szlov\u00e9n gyerekel\u0151ad\u00e1s <span class=\"starost\">3+<\/span><br \/>\n<\/strong><\/p>\n<p>Kulturni zavod Velik up | Jernej \u010campelj<\/p>\n<p><span style=\"font-size: 24pt;\"><a href=\"https:\/\/www1.kkl.si\/sl\/tinko-celinko\/\"><strong>Tinko Celinko<\/strong><\/a><\/span><\/p>\n<p><i class=\"fas fa-ticket-alt\"><\/i> Bel\u00e9p\u0151jegy \u00e1ra: <strong>3 \u20ac<\/strong><strong><br \/>\n<\/strong><\/p>\n<p><span style=\"font-size: 10pt;\">Szervez\u0151: <a href=\"https:\/\/www.kkl.si\/\">Knji\u017enica \u2013 Kulturni center Lendava \u2013 Lendvai K\u00f6nyvt\u00e1r \u00e9s Kultur\u00e1lis K\u00f6zpont<\/a><\/span><\/p>\n<\/td>\n<\/tr>\n<\/tbody>\n<\/table>\n<p style=\"text-align: center;\"><span style=\"font-size: 10pt;\">A szervez\u0151k fenntartj\u00e1k a m\u0171sorv\u00e1ltoz\u00e1s jog\u00e1t.<\/span><\/p>\n","protected":false},"excerpt":{"rendered":"<p>2024. janu\u00e1r | febru\u00e1r | m\u00e1rcius | \u00e1prilis | m\u00e1jus | j\u00fanius | j\u00falius | augusztus | szeptember | okt\u00f3ber | november | december | ARCH\u00cdVUM JELMAGYAR\u00c1ZAT Szlov\u00e9n b\u00e9rlet Magyar b\u00e9rlet Z\u00e1rtk\u00f6r\u0171 rendezv\u00e9ny Ingyenes rendezv\u00e9ny Fizet\u0151s rendezv\u00e9ny \u00dajdons\u00e1g, v\u00e1ltoz\u00e1s 8. vas\u00e1rnap &nbsp; 19.30 | a lendvai Sz\u00ednh\u00e1z- \u00e9s hangversenyteremben ELMARAD! koncert, hangverseny Klasi\u010dni Arta\u010d! \u00e9s [&hellip;]<\/p>\n","protected":false},"author":2,"featured_media":0,"parent":0,"menu_order":0,"comment_status":"closed","ping_status":"closed","template":"","meta":{"footnotes":""},"class_list":["post-18201","page","type-page","status-publish","hentry","post"],"_links":{"self":[{"href":"https:\/\/www1.kkl.si\/hu\/wp-json\/wp\/v2\/pages\/18201","targetHints":{"allow":["GET"]}}],"collection":[{"href":"https:\/\/www1.kkl.si\/hu\/wp-json\/wp\/v2\/pages"}],"about":[{"href":"https:\/\/www1.kkl.si\/hu\/wp-json\/wp\/v2\/types\/page"}],"author":[{"embeddable":true,"href":"https:\/\/www1.kkl.si\/hu\/wp-json\/wp\/v2\/users\/2"}],"replies":[{"embeddable":true,"href":"https:\/\/www1.kkl.si\/hu\/wp-json\/wp\/v2\/comments?post=18201"}],"version-history":[{"count":32,"href":"https:\/\/www1.kkl.si\/hu\/wp-json\/wp\/v2\/pages\/18201\/revisions"}],"predecessor-version":[{"id":20463,"href":"https:\/\/www1.kkl.si\/hu\/wp-json\/wp\/v2\/pages\/18201\/revisions\/20463"}],"wp:attachment":[{"href":"https:\/\/www1.kkl.si\/hu\/wp-json\/wp\/v2\/media?parent=18201"}],"curies":[{"name":"wp","href":"https:\/\/api.w.org\/{rel}","templated":true}]}}