{"id":18214,"date":"2024-07-18T14:32:14","date_gmt":"2024-07-18T12:32:14","guid":{"rendered":"https:\/\/www1.kkl.si\/?page_id=18214"},"modified":"2024-08-01T11:16:13","modified_gmt":"2024-08-01T09:16:13","slug":"miskino-gledalisce-szlovenia-kako-je-zebra-posodila-svoje-crte","status":"publish","type":"page","link":"https:\/\/www1.kkl.si\/hu\/miskino-gledalisce-szlovenia-kako-je-zebra-posodila-svoje-crte\/","title":{"rendered":"Mi\u0161kino gledali\u0161\u010de (Szlov\u00e9nia): Kako je zebra posodila svoje \u010drte"},"content":{"rendered":"<div class=\"opis\"><i class=\"fas fa-clock\"><\/i> <strong>2024. augusztus 7. (szerda), 18.30<\/strong> | a Lendvai Sz\u00ednh\u00e1z- \u00e9s Hangversenyterem ny\u00e1ri sz\u00ednpad\u00e1n<img loading=\"lazy\" decoding=\"async\" class=\"wp-image-1588 alignright\" title=\"Ingyenes rendezv\u00e9ny\" src=\"https:\/\/www1.kkl.si\/wp-content\/uploads\/\/2020\/07\/spored_simb_brezplacna-1.svg\" alt=\"brezplacna\" width=\"30\" height=\"30\" srcset=\"https:\/\/www1.kkl.si\/wp-content\/uploads\/\/2020\/07\/spored_simb_brezplacna-1.svg 150w, https:\/\/www1.kkl.si\/wp-content\/uploads\/\/2020\/07\/spored_simb_brezplacna-1.svg 400w, https:\/\/www1.kkl.si\/wp-content\/uploads\/\/2020\/07\/spored_simb_brezplacna-1.svg 1500w, https:\/\/www1.kkl.si\/wp-content\/uploads\/\/2020\/07\/spored_simb_brezplacna-1.svg 100w\" sizes=\"auto, (max-width: 30px) 100vw, 30px\" \/><br \/>\n<i class=\"fas fa-chevron-circle-right\"><\/i> <strong>gyerekel\u0151ad\u00e1s szlov\u00e9n nyelven <span class=\"starost\">3+<\/span><\/strong> <br \/>\nAz esem\u00e9nyen val\u00f3 r\u00e9szv\u00e9tel ingyenes. Rossz id\u0151 eset\u00e9n a rendezv\u00e9nyt a teremben tartjuk.<br \/>\nSzervez\u0151: <a href=\"https:\/\/www.kkl.si\/\">Knji\u017enica \u2013 Kulturni center Lendava \u2013 Lendvai K\u00f6nyvt\u00e1r \u00e9s Kultur\u00e1lis K\u00f6zpont<\/a><\/div>\n<div class=\"et_pb_module et_pb_text et_pb_text_2_tb_body  et_pb_text_align_left et_pb_bg_layout_light\">\n<div class=\"et_pb_text_inner\">\n<p><a href=\"https:\/\/www1.kkl.si\/wp-content\/uploads\/2024\/07\/plakat_B2_KKCL_poletni_program_2024_popr20jul.jpg\" data-lbwps-width=\"2143\" data-lbwps-height=\"3000\" data-lbwps-srcsmall=\"https:\/\/www1.kkl.si\/wp-content\/uploads\/2024\/07\/plakat_B2_KKCL_poletni_program_2024_popr20jul.jpg\"><img loading=\"lazy\" decoding=\"async\" class=\"slika alignright wp-image-18170 size-medium\" src=\"https:\/\/www1.kkl.si\/wp-content\/uploads\/2024\/07\/plakat_B2_KKCL_poletni_program_2024_popr20jul-scaled-286x400.jpg\" alt=\"\" width=\"286\" height=\"400\" srcset=\"https:\/\/www1.kkl.si\/wp-content\/uploads\/2024\/07\/plakat_B2_KKCL_poletni_program_2024_popr20jul-scaled-286x400.jpg 286w, https:\/\/www1.kkl.si\/wp-content\/uploads\/2024\/07\/plakat_B2_KKCL_poletni_program_2024_popr20jul-scaled-1072x1500.jpg 1072w, https:\/\/www1.kkl.si\/wp-content\/uploads\/2024\/07\/plakat_B2_KKCL_poletni_program_2024_popr20jul-scaled.jpg 1829w\" sizes=\"auto, (max-width: 286px) 100vw, 286px\" \/><\/a>NY\u00c1RI B\u00c1BKIK\u00d6T\u0150 LENDVA, 2024 &#8211; Nemzetk\u00f6zi B\u00e1bfesztiv\u00e1l<br \/>\nMi\u0161kino gledali\u0161\u010de (Szlov\u00e9nia):<\/p>\n<div class=\"overflow-hidden\">\n<p class=\"text-color-dark font-weight-bold text-12 mb-2 pt-2 mt-0 appear-animation animated maskUp appear-animation-visible\" data-appear-animation=\"maskUp\" data-appear-animation-delay=\"300\"><strong><span style=\"font-size: 18pt;\">Kako je zebra posodila svoje \u010drte (Hogyan k\u00f6lcs\u00f6n\u00f6zte a zebra a cs\u00edkjait)<\/span><br \/>\n<\/strong><\/p>\n<p><strong>Egy kicsit m\u00e1s elk\u00e9pzel\u00e9s a k\u00f6zleked\u00e9sbiztons\u00e1gr\u00f3l!<\/strong><\/p>\n<p>A v\u00e1rosban, ahol Jaka \u00e9l, mindig nagy a forgalom. Jaka el akar menni a bar\u00e1tai j\u00e1tsz\u00f3ter\u00e9re, hogy megmutassa nekik az \u00faj rajz\u00e1t. De sajnos nem tud \u00e1tmenni az \u00faton, mert nincs k\u00f6zleked\u00e9si l\u00e1mpa \u00e9s nincs rend\u0151r, aki meg\u00e1ll\u00edtan\u00e1 az aut\u00f3kat. Szomor\u00faan megsz\u00e1llottan azt k\u00edv\u00e1nja, hogy a zebra a rajz\u00e1r\u00f3l t\u00e9rjen vissza az \u00e9letbe. \u00c9s a k\u00edv\u00e1ns\u00e1ga val\u00f3ra is v\u00e1lik. Egy nagyon is val\u00f3s\u00e1gos zebra jelenik meg el\u0151tte.<\/p>\n<p>N\u00e9zd meg, hogyan adta k\u00f6lcs\u00f6n a zebra a cs\u00edkjait Jakinak, hogy biztons\u00e1gosan \u00e1tkelhessen az \u00faton, \u00e9s \u00faj cs\u00edkokat vehessen leg\u00fajabb, a k\u00f6zleked\u00e9sbiztons\u00e1gr\u00f3l sz\u00f3l\u00f3 sz\u00f3rakoztat\u00f3 \u00e9s tanuls\u00e1gos m\u0171sorunkban.<\/p>\n<\/div>\n<\/div>\n<\/div>\n<div id=\"dogodekDynInfo\" class=\"et_pb_module et_pb_text et_pb_text_3_tb_body acfDynField et_pb_text_align_left et_pb_bg_layout_light\">\n<div class=\"et_pb_text_inner\">\n<div class=\"overflow-hidden mb-3\">Aj\u00e1nlott kor: 3+<\/div>\n<p class=\"appear-animation p-0 m-0 animated fadeInUpShorter appear-animation-visible\" data-appear-animation=\"fadeInUpShorter\" data-appear-animation-delay=\"300\"><strong>Az el\u0151ad\u00e1s hossza:<\/strong>\u00a035 perc<br \/>\n<strong>A n\u00e9z\u0151k szerepe:<\/strong> Megtanulj\u00e1k a k\u00f6zleked\u00e9sben val\u00f3 viselked\u00e9s szab\u00e1lyait, a zebracs\u00edkok jelent\u00e9s\u00e9t, \u00e9s seg\u00edtenek Jakanak biztons\u00e1gosan \u00e1tkelni az \u00faton.<br \/>\n<strong>Szerepl\u0151k:<\/strong> Mi\u0161a Geri\u010d \u0160pacapan, Ana Ra\u0161\u010dan, Zarja Pavlin, Martin Gerbec.<br \/>\n<strong>Szerz\u0151 \u00e9s rendez\u0151:<\/strong> Mi\u0161a Geri\u010d \u0160pacapan<\/p>\n\n\t\t<style type=\"text\/css\">\n\t\t\t#gallery-1 {\n\t\t\t\tmargin: auto;\n\t\t\t}\n\t\t\t#gallery-1 .gallery-item {\n\t\t\t\tfloat: left;\n\t\t\t\tmargin-top: 10px;\n\t\t\t\ttext-align: center;\n\t\t\t\twidth: 16%;\n\t\t\t}\n\t\t\t#gallery-1 img {\n\t\t\t\tborder: 2px solid #cfcfcf;\n\t\t\t}\n\t\t\t#gallery-1 .gallery-caption {\n\t\t\t\tmargin-left: 0;\n\t\t\t}\n\t\t\t\/* see gallery_shortcode() in wp-includes\/media.php *\/\n\t\t<\/style>\n\t\t<div id='gallery-1' class='gallery galleryid-18214 gallery-columns-6 gallery-size-thumbnail'><dl class='gallery-item'>\n\t\t\t<dt class='gallery-icon landscape'>\n\t\t\t\t<a href='https:\/\/www1.kkl.si\/wp-content\/uploads\/2024\/07\/zebra0.jpg'><img loading=\"lazy\" decoding=\"async\" width=\"150\" height=\"150\" src=\"https:\/\/www1.kkl.si\/wp-content\/uploads\/2024\/07\/zebra0-150x150.jpg\" class=\"attachment-thumbnail size-thumbnail\" alt=\"\" srcset=\"https:\/\/www1.kkl.si\/wp-content\/uploads\/2024\/07\/zebra0-150x150.jpg 150w, https:\/\/www1.kkl.si\/wp-content\/uploads\/2024\/07\/zebra0-400x400.jpg 400w, https:\/\/www1.kkl.si\/wp-content\/uploads\/2024\/07\/zebra0.jpg 1000w\" sizes=\"auto, (max-width: 150px) 100vw, 150px\" \/><\/a>\n\t\t\t<\/dt><\/dl><dl class='gallery-item'>\n\t\t\t<dt class='gallery-icon landscape'>\n\t\t\t\t<a href='https:\/\/www1.kkl.si\/wp-content\/uploads\/2024\/07\/zebra1.jpg'><img loading=\"lazy\" decoding=\"async\" width=\"150\" height=\"150\" src=\"https:\/\/www1.kkl.si\/wp-content\/uploads\/2024\/07\/zebra1-150x150.jpg\" class=\"attachment-thumbnail size-thumbnail\" alt=\"\" srcset=\"https:\/\/www1.kkl.si\/wp-content\/uploads\/2024\/07\/zebra1-150x150.jpg 150w, https:\/\/www1.kkl.si\/wp-content\/uploads\/2024\/07\/zebra1-400x400.jpg 400w, https:\/\/www1.kkl.si\/wp-content\/uploads\/2024\/07\/zebra1.jpg 1000w\" sizes=\"auto, (max-width: 150px) 100vw, 150px\" \/><\/a>\n\t\t\t<\/dt><\/dl><dl class='gallery-item'>\n\t\t\t<dt class='gallery-icon landscape'>\n\t\t\t\t<a href='https:\/\/www1.kkl.si\/wp-content\/uploads\/2024\/07\/zebra2.jpg'><img loading=\"lazy\" decoding=\"async\" width=\"150\" height=\"150\" src=\"https:\/\/www1.kkl.si\/wp-content\/uploads\/2024\/07\/zebra2-150x150.jpg\" class=\"attachment-thumbnail size-thumbnail\" alt=\"\" srcset=\"https:\/\/www1.kkl.si\/wp-content\/uploads\/2024\/07\/zebra2-150x150.jpg 150w, https:\/\/www1.kkl.si\/wp-content\/uploads\/2024\/07\/zebra2-400x400.jpg 400w, https:\/\/www1.kkl.si\/wp-content\/uploads\/2024\/07\/zebra2.jpg 1000w\" sizes=\"auto, (max-width: 150px) 100vw, 150px\" \/><\/a>\n\t\t\t<\/dt><\/dl><dl class='gallery-item'>\n\t\t\t<dt class='gallery-icon landscape'>\n\t\t\t\t<a href='https:\/\/www1.kkl.si\/wp-content\/uploads\/2024\/07\/zebra3.jpg'><img loading=\"lazy\" decoding=\"async\" width=\"150\" height=\"150\" src=\"https:\/\/www1.kkl.si\/wp-content\/uploads\/2024\/07\/zebra3-150x150.jpg\" class=\"attachment-thumbnail size-thumbnail\" alt=\"\" srcset=\"https:\/\/www1.kkl.si\/wp-content\/uploads\/2024\/07\/zebra3-150x150.jpg 150w, https:\/\/www1.kkl.si\/wp-content\/uploads\/2024\/07\/zebra3-400x400.jpg 400w, https:\/\/www1.kkl.si\/wp-content\/uploads\/2024\/07\/zebra3.jpg 1000w\" sizes=\"auto, (max-width: 150px) 100vw, 150px\" \/><\/a>\n\t\t\t<\/dt><\/dl><dl class='gallery-item'>\n\t\t\t<dt class='gallery-icon landscape'>\n\t\t\t\t<a href='https:\/\/www1.kkl.si\/wp-content\/uploads\/2024\/07\/zebra4.jpg'><img loading=\"lazy\" decoding=\"async\" width=\"150\" height=\"150\" src=\"https:\/\/www1.kkl.si\/wp-content\/uploads\/2024\/07\/zebra4-150x150.jpg\" class=\"attachment-thumbnail size-thumbnail\" alt=\"\" srcset=\"https:\/\/www1.kkl.si\/wp-content\/uploads\/2024\/07\/zebra4-150x150.jpg 150w, https:\/\/www1.kkl.si\/wp-content\/uploads\/2024\/07\/zebra4-400x400.jpg 400w, https:\/\/www1.kkl.si\/wp-content\/uploads\/2024\/07\/zebra4.jpg 1000w\" sizes=\"auto, (max-width: 150px) 100vw, 150px\" \/><\/a>\n\t\t\t<\/dt><\/dl>\n\t\t\t<br style='clear: both' \/>\n\t\t<\/div>\n\n<\/div>\n<\/div>\n<hr \/>\n<p><i class=\"fas fa-link\"><\/i> <a href=\"https:\/\/www.miskinogledalisce.com\">https:\/\/www.miskinogledalisce.com<\/a><br \/>\n<i class=\"fas fa-link\"><\/i> <a href=\"https:\/\/miskinogledalisce.com\/zebra.html\">https:\/\/miskinogledalisce.com\/zebra.html<\/a><\/p>\n<hr \/>\n<p><span style=\"font-size: 10pt;\">A Ny\u00e1ri program 2024 minden esem\u00e9nye ingyenes.<\/span><br \/>\n<span style=\"font-size: 10pt;\">A programv\u00e1ltoztat\u00e1s jog\u00e1t fenntartjuk.<\/span><\/p>\n","protected":false},"excerpt":{"rendered":"<p>2024. augusztus 7. (szerda), 18.30 | a Lendvai Sz\u00ednh\u00e1z- \u00e9s Hangversenyterem ny\u00e1ri sz\u00ednpad\u00e1n gyerekel\u0151ad\u00e1s szlov\u00e9n nyelven 3+ Az esem\u00e9nyen val\u00f3 r\u00e9szv\u00e9tel ingyenes. Rossz id\u0151 eset\u00e9n a rendezv\u00e9nyt a teremben tartjuk. Szervez\u0151: Knji\u017enica \u2013 Kulturni center Lendava \u2013 Lendvai K\u00f6nyvt\u00e1r \u00e9s Kultur\u00e1lis K\u00f6zpont NY\u00c1RI B\u00c1BKIK\u00d6T\u0150 LENDVA, 2024 &#8211; Nemzetk\u00f6zi B\u00e1bfesztiv\u00e1l Mi\u0161kino gledali\u0161\u010de (Szlov\u00e9nia): Kako je zebra [&hellip;]<\/p>\n","protected":false},"author":2,"featured_media":18172,"parent":0,"menu_order":0,"comment_status":"closed","ping_status":"closed","template":"","meta":{"footnotes":""},"class_list":["post-18214","page","type-page","status-publish","has-post-thumbnail","hentry","post","post-with-thumbnail","post-with-thumbnail-icon"],"_links":{"self":[{"href":"https:\/\/www1.kkl.si\/hu\/wp-json\/wp\/v2\/pages\/18214","targetHints":{"allow":["GET"]}}],"collection":[{"href":"https:\/\/www1.kkl.si\/hu\/wp-json\/wp\/v2\/pages"}],"about":[{"href":"https:\/\/www1.kkl.si\/hu\/wp-json\/wp\/v2\/types\/page"}],"author":[{"embeddable":true,"href":"https:\/\/www1.kkl.si\/hu\/wp-json\/wp\/v2\/users\/2"}],"replies":[{"embeddable":true,"href":"https:\/\/www1.kkl.si\/hu\/wp-json\/wp\/v2\/comments?post=18214"}],"version-history":[{"count":3,"href":"https:\/\/www1.kkl.si\/hu\/wp-json\/wp\/v2\/pages\/18214\/revisions"}],"predecessor-version":[{"id":18227,"href":"https:\/\/www1.kkl.si\/hu\/wp-json\/wp\/v2\/pages\/18214\/revisions\/18227"}],"wp:featuredmedia":[{"embeddable":true,"href":"https:\/\/www1.kkl.si\/hu\/wp-json\/wp\/v2\/media\/18172"}],"wp:attachment":[{"href":"https:\/\/www1.kkl.si\/hu\/wp-json\/wp\/v2\/media?parent=18214"}],"curies":[{"name":"wp","href":"https:\/\/api.w.org\/{rel}","templated":true}]}}